{"id":3623,"date":"2023-09-12T07:47:11","date_gmt":"2023-09-12T05:47:11","guid":{"rendered":"https:\/\/olalon.com\/olalon\/"},"modified":"2025-09-11T17:55:59","modified_gmt":"2025-09-11T15:55:59","slug":"home","status":"publish","type":"page","link":"https:\/\/olalon.com\/ca\/","title":{"rendered":"Olalon"},"content":{"rendered":"\n<div class=\"wp-block-manifesto-gutenberg-container content-row dark-section normal fadeout-element\" data-bgcolor=\"#0c0c0c\" style=\"text-align:left\">\n<div class=\"wp-block-manifesto-gutenberg-clipped-image clipped-image-wrapper\"><div class=\"clipped-image-pin\"><div class=\"clipped-image\"><img decoding=\"async\" src=\"https:\/\/olalon.com\/wp-content\/uploads\/2024\/11\/Captura-de-Pantalla-2024-11-21-a-les-13.51.49-scaled.webp\" alt=\"olalon | banner red\"\/><div class=\"content-video-wrapper\"><video class=\"bgvid\" loop muted playsinline><source src=\"https:\/\/olalon.com\/wp-content\/uploads\/2024\/11\/OLA-Manifesto-Banner-3-Branding.webm\" type=\"video\/mp4\"\/><\/video><\/div><div class=\"clipped-image-gradient\"><\/div><\/div><\/div><div class=\"clipped-image-content content-full-width\">\n<h2 class=\"wp-block-heading has-text-align-center has-mask-fill\">  En un m\u00f3n on tot comunica cal saber molt b\u00e9 qu\u00e8 dir per no ser un m\u00e9s. Creativitat en m\u00faltiples formats per impactar, connectar i convertir.   <\/h2>\n<\/div><\/div>\n<\/div>\n\n<div class=\"wp-block-manifesto-gutenberg-container content-row dark-section full row_padding_top row_padding_bottom fadeout-element\" data-bgcolor=\"#171717\" style=\"text-align:left\">\n<h2 class=\"wp-block-heading has-text-align-center has-white-color has-text-color has-link-color wp-elements-c75bd0fe991ef51a8607c0cc1c99d50e\">Cosetes que hem fet<\/h2>\n\n\n\n<!-- Showcase List Holder --><div id=\"itemsWrapperLinks\"><!-- Showcase List --><div id=\"itemsWrapper\" class=\"webgl-fitthumbs fx-one\"><!-- ClaPat Portfolio --><div class=\"showcase-portfolio layout-three\"><div class=\"clapat-item marqueting-en-linia publicitat proyectos-web web \"><div class=\"slide-inner trigger-item\" data-centerLine=\"ABRIR\"><div class=\"img-mask\"><a class=\"slide-link\" data-type=\"page-transition\" href=\"https:\/\/olalon.com\/ca\/manifesto_portfolio\/pronautic-2\/\"><\/a><div class=\"section-image trigger-item-link\"><img decoding=\"async\" src=\"https:\/\/olalon.com\/wp-content\/uploads\/2025\/09\/NATU-Branding-2-42_resultat-scaled.webp\" class=\"item-image grid__item-img\" alt=\"\"><\/div><img decoding=\"async\" class=\"grid__item-img grid__item-img--large\" src=\"https:\/\/olalon.com\/wp-content\/uploads\/2025\/09\/NATU-Branding-2-42_resultat-scaled.webp\" alt=\"\" \/><\/div><div class=\"slide-caption trigger-item-link-secondary\"><div class=\"slide-title\"><span><em>Pronautic<\/em><\/span><\/div><div class=\"slide-date\"><span>2023<\/span><\/div><div class=\"slide-cat\"><span>M\u00e0rqueting en l\u00ednia, Publicitat, Web, web<\/span><\/div><div class=\"slide-icon\"><i class=\"arrow-icon-down\"><\/i><\/div><\/div><\/div><\/div><div class=\"clapat-item disseny web \"><div class=\"slide-inner trigger-item\" data-centerLine=\"ABRIR\"><div class=\"img-mask\"><a class=\"slide-link\" data-type=\"page-transition\" href=\"https:\/\/olalon.com\/ca\/manifesto_portfolio\/grafiques-beyco-3\/\"><\/a><div class=\"section-image trigger-item-link\"><img decoding=\"async\" src=\"https:\/\/olalon.com\/wp-content\/uploads\/2025\/09\/OLA-Branding-web-3.jpg\" class=\"item-image grid__item-img\" alt=\"\"><\/div><img decoding=\"async\" class=\"grid__item-img grid__item-img--large\" src=\"https:\/\/olalon.com\/wp-content\/uploads\/2025\/09\/OLA-Branding-web-3.jpg\" alt=\"\" \/><\/div><div class=\"slide-caption trigger-item-link-secondary\"><div class=\"slide-title\"><span>Gr\u00e0fiques <em>Beyco<\/em> <\/span><\/div><div class=\"slide-date\"><span>2024<\/span><\/div><div class=\"slide-cat\"><span>Disseny, web<\/span><\/div><div class=\"slide-icon\"><i class=\"arrow-icon-down\"><\/i><\/div><\/div><\/div><\/div><div class=\"clapat-item web \"><div class=\"slide-inner trigger-item\" data-centerLine=\"ABRIR\"><div class=\"img-mask\"><a class=\"slide-link\" data-type=\"page-transition\" href=\"https:\/\/olalon.com\/ca\/manifesto_portfolio\/laura-strada-web-i-video-2\/\"><\/a><div class=\"section-image trigger-item-link\"><img decoding=\"async\" src=\"https:\/\/olalon.com\/wp-content\/uploads\/2025\/09\/BALANA16_resultat.webp\" class=\"item-image grid__item-img\" alt=\"\"><\/div><img decoding=\"async\" class=\"grid__item-img grid__item-img--large\" src=\"https:\/\/olalon.com\/wp-content\/uploads\/2025\/09\/BALANA16_resultat.webp\" alt=\"\" \/><\/div><div class=\"slide-caption trigger-item-link-secondary\"><div class=\"slide-title\"><span>Laura <em>Strada<\/em> <\/span><\/div><div class=\"slide-date\"><span>2023<\/span><\/div><div class=\"slide-cat\"><span>web<\/span><\/div><div class=\"slide-icon\"><i class=\"arrow-icon-down\"><\/i><\/div><\/div><\/div><\/div><div class=\"clapat-item marqueting-en-linia web \"><div class=\"slide-inner trigger-item\" data-centerLine=\"ABRIR\"><div class=\"img-mask\"><a class=\"slide-link\" data-type=\"page-transition\" href=\"https:\/\/olalon.com\/ca\/manifesto_portfolio\/grafiques-beyco-2\/\"><\/a><div class=\"section-image trigger-item-link\"><img decoding=\"async\" src=\"https:\/\/olalon.com\/wp-content\/uploads\/2025\/08\/OLA-GRAFISMES-WEB-OLALON_resultat.webp\" class=\"item-image grid__item-img\" alt=\"finques segarra marketing de contenidos inmobiliaria\"><\/div><img decoding=\"async\" class=\"grid__item-img grid__item-img--large\" src=\"https:\/\/olalon.com\/wp-content\/uploads\/2025\/08\/OLA-GRAFISMES-WEB-OLALON_resultat.webp\" alt=\"finques segarra marketing de contenidos inmobiliaria\" \/><\/div><div class=\"slide-caption trigger-item-link-secondary\"><div class=\"slide-title\"><span>Gr\u00e0fiques <em>Beyco<\/em> <\/span><\/div><div class=\"slide-date\"><span>2024<\/span><\/div><div class=\"slide-cat\"><span>M\u00e0rqueting en l\u00ednia, web<\/span><\/div><div class=\"slide-icon\"><i class=\"arrow-icon-down\"><\/i><\/div><\/div><\/div><\/div><\/div><!--\/Clapat Portfolio--><\/div><!--\/Showcase List--><\/div><!--\/Showcase List Holder-->\n\n\n\n<div class=\"button-box has-animation text-align-center\" data-delay=\"0\"><div class=\"clapat-button-wrap parallax-wrap hide-ball\"><div class=\"clapat-button parallax-element\"><div class=\"button-border parallax-element-second outline rounded  text-align-center\"><a class=\" ajax-link animation-link\" href=\"\/proyectos\/\" data-type=\"page-transition\" target=\"_self\"><span data-hover=\"Veure Tots Els Projectes\">Veure Tots Els Projectes<\/span><\/a><\/div><\/div><\/div><\/div>\n<\/div>\n\n<div class=\"wp-block-manifesto-gutenberg-container content-row light-section full row_padding_top row_padding_left row_padding_right change-header-color has-clip-path fadeout-element\" data-bgcolor=\"#ffffff\" style=\"text-align:left\">\n<div class=\"wp-block-manifesto-gutenberg-list-rotator list-rotator-wrapper\"><div class=\"list-rotator-title has-mask-fill\">\u00bfEn qu\u00e9 te ayudamos?<\/div><div class=\"list-rotator-height\"><div class=\"list-rotator-pin\"><ul class=\"list-rotator\">\n<li class=\"wp-block-manifesto-gutenberg-list-rotator-item\">\n<a href=\"https:\/\/olalon.com\/ca\/serveis\/marqueting-en-linia\/\"><em>M\u00e0rqueting<\/em> en l\u00ednia<\/a>\n<\/li>\n\n\n\n<li class=\"wp-block-manifesto-gutenberg-list-rotator-item\">\n<a href=\"https:\/\/olalon.com\/ca\/serveis\/agencia-de-publicitat\/\"><em>Publicitat<\/em><\/a>\n<\/li>\n\n\n\n<li class=\"wp-block-manifesto-gutenberg-list-rotator-item\">\n<a href=\"https:\/\/olalon.com\/ca\/serveis\/agencia-de-disseny-grafic-i-branding-a-tarragona\/\"><em>Branding<\/em> i disseny<\/a>\n<\/li>\n\n\n\n<li class=\"wp-block-manifesto-gutenberg-list-rotator-item\">\n<a href=\"https:\/\/olalon.com\/ca\/serveis\/disseny-i-desenvolupament-web\/\"><em>Desenvolupament<\/em> web<\/a>\n<\/li>\n\n\n\n<li class=\"wp-block-manifesto-gutenberg-list-rotator-item\">\n<a href=\"https:\/\/olalon.com\/ca\/serveis\/productora-audiovisual\/\"><em>Continguts<\/em> multim\u00e8dia<\/a>\n<\/li>\n\n\n\n<li class=\"wp-block-manifesto-gutenberg-list-rotator-item\">\n<a href=\"https:\/\/olalon.com\/ca\/serveis\/outsourcing-de-marketing\/\"><em>Outsourcing<\/em><\/a>\n<\/li>\n\n\n\n<li class=\"wp-block-manifesto-gutenberg-list-rotator-item\">\n<a href=\"https:\/\/olalon.com\/ca\/kit-digital\/\"><em>Kit<\/em> digital<\/a>\n<\/li>\n<\/ul><\/div><\/div><\/div>\n<\/div>\n\n<div class=\"wp-block-manifesto-gutenberg-container content-row dark-section full row_padding_top row_padding_left row_padding_right fadeout-element\" data-bgcolor=\"#0c0c0c\" style=\"text-align:left\">\n<h2 class=\"wp-block-heading has-text-align-center\">Ja han confiat en Olalon<\/h2>\n\n\n\n<ul class=\"wp-block-manifesto-gutenberg-clients clients-table\" data-delay=\"0\">\n<li class=\"link\"><img decoding=\"async\" src=\"https:\/\/olalon.com\/wp-content\/uploads\/2024\/11\/2_resultat.webp\" alt=\"client image\" \/><div class=\"overlay\"><\/div><\/li>\n\n\n\n<li class=\"link\"><img decoding=\"async\" src=\"https:\/\/olalon.com\/wp-content\/uploads\/2024\/11\/5_resultat.webp\" alt=\"client image\" \/><div class=\"overlay\"><\/div><\/li>\n\n\n\n<li class=\"link\"><img decoding=\"async\" src=\"https:\/\/olalon.com\/wp-content\/uploads\/2024\/11\/1_resultat.webp\" alt=\"client image\" \/><div class=\"overlay\"><\/div><\/li>\n\n\n\n<li class=\"link\"><img decoding=\"async\" src=\"https:\/\/olalon.com\/wp-content\/uploads\/2024\/11\/3_resultat.webp\" alt=\"client image\" \/><div class=\"overlay\"><\/div><\/li>\n\n\n\n<li class=\"link\"><img decoding=\"async\" src=\"https:\/\/olalon.com\/wp-content\/uploads\/2024\/11\/4_resultat.webp\" alt=\"client image\" \/><div class=\"overlay\"><\/div><\/li>\n\n\n\n<li class=\"link\"><img decoding=\"async\" src=\"https:\/\/olalon.com\/wp-content\/uploads\/2024\/11\/6_resultat.webp\" alt=\"client image\" \/><div class=\"overlay\"><\/div><\/li>\n\n\n\n<li class=\"link\"><img decoding=\"async\" src=\"https:\/\/olalon.com\/wp-content\/uploads\/2024\/11\/7_resultat.webp\" alt=\"client image\" \/><div class=\"overlay\"><\/div><\/li>\n\n\n\n<li class=\"link\"><img decoding=\"async\" src=\"https:\/\/olalon.com\/wp-content\/uploads\/2024\/11\/8_resultat.webp\" alt=\"client image\" \/><div class=\"overlay\"><\/div><\/li>\n\n\n\n<li class=\"link\"><img decoding=\"async\" src=\"https:\/\/olalon.com\/wp-content\/uploads\/2024\/11\/9_resultat.webp\" alt=\"client image\" \/><div class=\"overlay\"><\/div><\/li>\n\n\n\n<li class=\"link\"><img decoding=\"async\" src=\"https:\/\/olalon.com\/wp-content\/uploads\/2024\/11\/10_resultat.webp\" alt=\"client image\" \/><div class=\"overlay\"><\/div><\/li>\n\n\n\n<li class=\"link\"><img decoding=\"async\" src=\"https:\/\/olalon.com\/wp-content\/uploads\/2024\/11\/11_resultat.webp\" alt=\"client image\" \/><div class=\"overlay\"><\/div><\/li>\n\n\n\n<li class=\"link\"><img decoding=\"async\" src=\"https:\/\/olalon.com\/wp-content\/uploads\/2024\/11\/12_resultat.webp\" alt=\"client image\" \/><div class=\"overlay\"><\/div><\/li>\n<\/ul>\n<\/div>\n\n<div class=\"wp-block-manifesto-gutenberg-container content-row light-section full row_padding_top row_padding_bottom row_padding_left row_padding_right change-header-color\" data-bgcolor=\"#ffffff\" style=\"text-align:left\">\n<div class=\"wp-block-manifesto-gutenberg-marquee-content marquee-text-wrapper\"><h2 class=\"marquee-text no-margins fw big-title\">\n<em>Aporta o aparta<\/em> Podcast <em>i mogudes Aporta o aparta<\/em> Podcast i mogudes\n<\/h2><\/div>\n\n\n\n<div class=\"button-box has-animation text-align-center\" data-delay=\"0\"><div class=\"clapat-button-wrap parallax-wrap hide-ball\"><div class=\"clapat-button parallax-element\"><div class=\"button-border parallax-element-second outline rounded  text-align-center\" data-btncolor=\"#000000\" data-btntextcolor=\"#ffffff\"><a class=\" ajax-link animation-link\" href=\"https:\/\/olalon.com\/blog-tips-novedades-marketing-diseno\/\" data-type=\"page-transition\" target=\"_self\"><span data-hover=\"Canal del podcast\">Canal del podcast<\/span><\/a><\/div><\/div><\/div><\/div>\n<\/div>\n\n<p><\/p>\n","protected":false},"excerpt":{"rendered":"","protected":false},"author":1,"featured_media":0,"parent":0,"menu_order":0,"comment_status":"closed","ping_status":"closed","template":"","meta":{"_acf_changed":false,"_joinchat":[],"footnotes":""},"class_list":["post-3623","page","type-page","status-publish","hentry"],"acf":[],"yoast_head":"<!-- This site is optimized with the Yoast SEO plugin v25.4 - https:\/\/yoast.com\/wordpress\/plugins\/seo\/ -->\n<title>Olalon | Ag\u00e8ncia creativa de m\u00e0rqueting, publicitat i disseny<\/title>\n<meta name=\"description\" content=\"Ag\u00e8ncia creativa i consultoria digital. M\u00e0rqueting, publicitat i disseny. Estrat\u00e8gies precises que impacten, connecten i converteixen.\" \/>\n<meta name=\"robots\" content=\"index, follow, max-snippet:-1, max-image-preview:large, max-video-preview:-1\" \/>\n<link rel=\"canonical\" href=\"https:\/\/olalon.com\/ca\/\" \/>\n<meta property=\"og:locale\" content=\"ca_ES\" \/>\n<meta property=\"og:type\" content=\"article\" \/>\n<meta property=\"og:title\" content=\"Olalon | Ag\u00e8ncia creativa de m\u00e0rqueting, publicitat i disseny\" \/>\n<meta property=\"og:description\" content=\"Ag\u00e8ncia creativa i consultoria digital. M\u00e0rqueting, publicitat i disseny. Estrat\u00e8gies precises que impacten, connecten i converteixen.\" \/>\n<meta property=\"og:url\" content=\"https:\/\/olalon.com\/ca\/\" \/>\n<meta property=\"og:site_name\" content=\"Olalon\" \/>\n<meta property=\"article:modified_time\" content=\"2025-09-11T15:55:59+00:00\" \/>\n<meta property=\"og:image\" content=\"https:\/\/olalon.com\/wp-content\/uploads\/2024\/11\/Captura-de-Pantalla-2024-11-21-a-les-13.51.49-scaled.webp\" \/>\n<meta name=\"twitter:card\" content=\"summary_large_image\" \/>\n<meta name=\"twitter:label1\" content=\"Temps estimat de lectura\" \/>\n\t<meta name=\"twitter:data1\" content=\"1 minut\" \/>\n<script type=\"application\/ld+json\" class=\"yoast-schema-graph\">{\"@context\":\"https:\/\/schema.org\",\"@graph\":[{\"@type\":\"WebPage\",\"@id\":\"https:\/\/olalon.com\/ca\/\",\"url\":\"https:\/\/olalon.com\/ca\/\",\"name\":\"Olalon | Ag\u00e8ncia creativa de m\u00e0rqueting, publicitat i disseny\",\"isPartOf\":{\"@id\":\"https:\/\/olalon.com\/ca\/#website\"},\"primaryImageOfPage\":{\"@id\":\"https:\/\/olalon.com\/ca\/#primaryimage\"},\"image\":{\"@id\":\"https:\/\/olalon.com\/ca\/#primaryimage\"},\"thumbnailUrl\":\"https:\/\/olalon.com\/wp-content\/uploads\/2024\/11\/Captura-de-Pantalla-2024-11-21-a-les-13.51.49-scaled.webp\",\"datePublished\":\"2023-09-12T05:47:11+00:00\",\"dateModified\":\"2025-09-11T15:55:59+00:00\",\"description\":\"Ag\u00e8ncia creativa i consultoria digital. M\u00e0rqueting, publicitat i disseny. Estrat\u00e8gies precises que impacten, connecten i converteixen.\",\"breadcrumb\":{\"@id\":\"https:\/\/olalon.com\/ca\/#breadcrumb\"},\"inLanguage\":\"ca\",\"potentialAction\":[{\"@type\":\"ReadAction\",\"target\":[\"https:\/\/olalon.com\/ca\/\"]}]},{\"@type\":\"ImageObject\",\"inLanguage\":\"ca\",\"@id\":\"https:\/\/olalon.com\/ca\/#primaryimage\",\"url\":\"https:\/\/olalon.com\/wp-content\/uploads\/2024\/11\/Captura-de-Pantalla-2024-11-21-a-les-13.51.49-scaled.webp\",\"contentUrl\":\"https:\/\/olalon.com\/wp-content\/uploads\/2024\/11\/Captura-de-Pantalla-2024-11-21-a-les-13.51.49-scaled.webp\"},{\"@type\":\"BreadcrumbList\",\"@id\":\"https:\/\/olalon.com\/ca\/#breadcrumb\",\"itemListElement\":[{\"@type\":\"ListItem\",\"position\":1,\"name\":\"Portada\",\"item\":\"https:\/\/olalon.com\/ca\/servicios\/diseno-y-desarrollo-web\/desarrollo-software-a-medida\/\"},{\"@type\":\"ListItem\",\"position\":2,\"name\":\"Olalon\"}]},{\"@type\":\"WebSite\",\"@id\":\"https:\/\/olalon.com\/ca\/#website\",\"url\":\"https:\/\/olalon.com\/ca\/\",\"name\":\"Olalon\",\"description\":\"Agencia de Publicidad, Dise\u00f1o y Marketing Online\",\"publisher\":{\"@id\":\"https:\/\/olalon.com\/ca\/#organization\"},\"potentialAction\":[{\"@type\":\"SearchAction\",\"target\":{\"@type\":\"EntryPoint\",\"urlTemplate\":\"https:\/\/olalon.com\/ca\/?s={search_term_string}\"},\"query-input\":{\"@type\":\"PropertyValueSpecification\",\"valueRequired\":true,\"valueName\":\"search_term_string\"}}],\"inLanguage\":\"ca\"},{\"@type\":\"Organization\",\"@id\":\"https:\/\/olalon.com\/ca\/#organization\",\"name\":\"Olalon\",\"url\":\"https:\/\/olalon.com\/ca\/\",\"logo\":{\"@type\":\"ImageObject\",\"inLanguage\":\"ca\",\"@id\":\"https:\/\/olalon.com\/ca\/#\/schema\/logo\/image\/\",\"url\":\"https:\/\/olalon.com\/wp-content\/uploads\/2025\/02\/Logo_Olalon-01.png\",\"contentUrl\":\"https:\/\/olalon.com\/wp-content\/uploads\/2025\/02\/Logo_Olalon-01.png\",\"width\":2249,\"height\":989,\"caption\":\"Olalon\"},\"image\":{\"@id\":\"https:\/\/olalon.com\/ca\/#\/schema\/logo\/image\/\"},\"sameAs\":[\"https:\/\/www.instagram.com\/olalonstudio\/\",\"https:\/\/www.youtube.com\/c\/olalonstudio\",\"https:\/\/www.tiktok.com\/@olalonstudio\"]}]}<\/script>\n<!-- \/ Yoast SEO plugin. -->","yoast_head_json":{"title":"Olalon | Ag\u00e8ncia creativa de m\u00e0rqueting, publicitat i disseny","description":"Ag\u00e8ncia creativa i consultoria digital. M\u00e0rqueting, publicitat i disseny. Estrat\u00e8gies precises que impacten, connecten i converteixen.","robots":{"index":"index","follow":"follow","max-snippet":"max-snippet:-1","max-image-preview":"max-image-preview:large","max-video-preview":"max-video-preview:-1"},"canonical":"https:\/\/olalon.com\/ca\/","og_locale":"ca_ES","og_type":"article","og_title":"Olalon | Ag\u00e8ncia creativa de m\u00e0rqueting, publicitat i disseny","og_description":"Ag\u00e8ncia creativa i consultoria digital. M\u00e0rqueting, publicitat i disseny. Estrat\u00e8gies precises que impacten, connecten i converteixen.","og_url":"https:\/\/olalon.com\/ca\/","og_site_name":"Olalon","article_modified_time":"2025-09-11T15:55:59+00:00","og_image":[{"url":"https:\/\/olalon.com\/wp-content\/uploads\/2024\/11\/Captura-de-Pantalla-2024-11-21-a-les-13.51.49-scaled.webp","type":"","width":"","height":""}],"twitter_card":"summary_large_image","twitter_misc":{"Temps estimat de lectura":"1 minut"},"schema":{"@context":"https:\/\/schema.org","@graph":[{"@type":"WebPage","@id":"https:\/\/olalon.com\/ca\/","url":"https:\/\/olalon.com\/ca\/","name":"Olalon | Ag\u00e8ncia creativa de m\u00e0rqueting, publicitat i disseny","isPartOf":{"@id":"https:\/\/olalon.com\/ca\/#website"},"primaryImageOfPage":{"@id":"https:\/\/olalon.com\/ca\/#primaryimage"},"image":{"@id":"https:\/\/olalon.com\/ca\/#primaryimage"},"thumbnailUrl":"https:\/\/olalon.com\/wp-content\/uploads\/2024\/11\/Captura-de-Pantalla-2024-11-21-a-les-13.51.49-scaled.webp","datePublished":"2023-09-12T05:47:11+00:00","dateModified":"2025-09-11T15:55:59+00:00","description":"Ag\u00e8ncia creativa i consultoria digital. M\u00e0rqueting, publicitat i disseny. Estrat\u00e8gies precises que impacten, connecten i converteixen.","breadcrumb":{"@id":"https:\/\/olalon.com\/ca\/#breadcrumb"},"inLanguage":"ca","potentialAction":[{"@type":"ReadAction","target":["https:\/\/olalon.com\/ca\/"]}]},{"@type":"ImageObject","inLanguage":"ca","@id":"https:\/\/olalon.com\/ca\/#primaryimage","url":"https:\/\/olalon.com\/wp-content\/uploads\/2024\/11\/Captura-de-Pantalla-2024-11-21-a-les-13.51.49-scaled.webp","contentUrl":"https:\/\/olalon.com\/wp-content\/uploads\/2024\/11\/Captura-de-Pantalla-2024-11-21-a-les-13.51.49-scaled.webp"},{"@type":"BreadcrumbList","@id":"https:\/\/olalon.com\/ca\/#breadcrumb","itemListElement":[{"@type":"ListItem","position":1,"name":"Portada","item":"https:\/\/olalon.com\/ca\/servicios\/diseno-y-desarrollo-web\/desarrollo-software-a-medida\/"},{"@type":"ListItem","position":2,"name":"Olalon"}]},{"@type":"WebSite","@id":"https:\/\/olalon.com\/ca\/#website","url":"https:\/\/olalon.com\/ca\/","name":"Olalon","description":"Agencia de Publicidad, Dise\u00f1o y Marketing Online","publisher":{"@id":"https:\/\/olalon.com\/ca\/#organization"},"potentialAction":[{"@type":"SearchAction","target":{"@type":"EntryPoint","urlTemplate":"https:\/\/olalon.com\/ca\/?s={search_term_string}"},"query-input":{"@type":"PropertyValueSpecification","valueRequired":true,"valueName":"search_term_string"}}],"inLanguage":"ca"},{"@type":"Organization","@id":"https:\/\/olalon.com\/ca\/#organization","name":"Olalon","url":"https:\/\/olalon.com\/ca\/","logo":{"@type":"ImageObject","inLanguage":"ca","@id":"https:\/\/olalon.com\/ca\/#\/schema\/logo\/image\/","url":"https:\/\/olalon.com\/wp-content\/uploads\/2025\/02\/Logo_Olalon-01.png","contentUrl":"https:\/\/olalon.com\/wp-content\/uploads\/2025\/02\/Logo_Olalon-01.png","width":2249,"height":989,"caption":"Olalon"},"image":{"@id":"https:\/\/olalon.com\/ca\/#\/schema\/logo\/image\/"},"sameAs":["https:\/\/www.instagram.com\/olalonstudio\/","https:\/\/www.youtube.com\/c\/olalonstudio","https:\/\/www.tiktok.com\/@olalonstudio"]}]}},"_links":{"self":[{"href":"https:\/\/olalon.com\/ca\/wp-json\/wp\/v2\/pages\/3623","targetHints":{"allow":["GET"]}}],"collection":[{"href":"https:\/\/olalon.com\/ca\/wp-json\/wp\/v2\/pages"}],"about":[{"href":"https:\/\/olalon.com\/ca\/wp-json\/wp\/v2\/types\/page"}],"author":[{"embeddable":true,"href":"https:\/\/olalon.com\/ca\/wp-json\/wp\/v2\/users\/1"}],"replies":[{"embeddable":true,"href":"https:\/\/olalon.com\/ca\/wp-json\/wp\/v2\/comments?post=3623"}],"version-history":[{"count":14,"href":"https:\/\/olalon.com\/ca\/wp-json\/wp\/v2\/pages\/3623\/revisions"}],"predecessor-version":[{"id":4377,"href":"https:\/\/olalon.com\/ca\/wp-json\/wp\/v2\/pages\/3623\/revisions\/4377"}],"wp:attachment":[{"href":"https:\/\/olalon.com\/ca\/wp-json\/wp\/v2\/media?parent=3623"}],"curies":[{"name":"wp","href":"https:\/\/api.w.org\/{rel}","templated":true}]}}