{"id":3639,"date":"2023-09-12T07:30:13","date_gmt":"2023-09-12T05:30:13","guid":{"rendered":"https:\/\/olalon.com\/nosaltres\/"},"modified":"2025-09-06T09:13:33","modified_gmt":"2025-09-06T07:13:33","slug":"nosaltres","status":"publish","type":"page","link":"https:\/\/olalon.com\/ca\/nosaltres\/","title":{"rendered":"Nosaltres"},"content":{"rendered":"\n<div class=\"wp-block-manifesto-gutenberg-container content-row dark-section normal\" data-bgcolor=\"#0c0c0c\" style=\"text-align:left\">\n<div class=\"wp-block-manifesto-gutenberg-clipped-image clipped-image-wrapper\"><div class=\"clipped-image-pin\"><div class=\"clipped-image\"><img decoding=\"async\" src=\"https:\/\/olalon.com\/wp-content\/uploads\/2024\/10\/Diseno-sin-titulo-4_resultat-scaled.webp\" alt=\"\"\/><div class=\"content-video-wrapper\"><video class=\"bgvid\" loop muted playsinline><source src=\"http:\/\/manifesto.clapat.com\/images\/about.mp4\" type=\"video\/mp4\"\/><\/video><\/div><div class=\"clipped-image-gradient\"><\/div><\/div><\/div><div class=\"clipped-image-content content-full-width\">\n<div class=\"wp-block-manifesto-gutenberg-marquee-content marquee-text-wrapper\"><h2 class=\"marquee-text no-margins fw big-title\">\n<em>10 anys<\/em> de creativitat.\n<\/h2><\/div>\n\n\n\n<div class=\"wp-block-manifesto-gutenberg-marquee-content marquee-text-wrapper\"><h2 class=\"marquee-text no-margins bw big-title\">\n<em>Comunicaci\u00f3 bipolar<\/em> des del 2014.\n<\/h2><\/div>\n<\/div><\/div>\n<\/div>\n\n<div class=\"wp-block-manifesto-gutenberg-container content-row light-section normal row_padding_top row_padding_bottom change-header-color\" data-bgcolor=\"#ffffff\" style=\"text-align:left\">\n<h2 class=\"wp-block-heading\" style=\"text-transform:uppercase\">\u00bf Per qu\u00e8 Olalon?<\/h2>\n\n\n\n<dl class=\"wp-block-manifesto-gutenberg-accordion accordion bigger-acc\">\n<dt><span class=\"link\"><em>01<\/em> Per a un trencat i un descosit<\/span><div class=\"acc-icon-wrap parallax-wrap\"><div class=\"acc-button-icon parallax-element\"><i class=\"fa fa-arrow-right\"><\/i><\/div><\/div><\/dt><dd class=\"accordion-content\">Ag\u00e8ncia petita amb beneficis de gran. Som pocs, per\u00f2 tenim un equip pluridisciplinar compensat que ens permet abastar in house totes les branques de la comunicaci\u00f3 en l\u00ednia. <\/dd>\n\n\n\n<dt><span class=\"link\"><em>02<\/em> Eco-friendly<\/span><div class=\"acc-icon-wrap parallax-wrap\"><div class=\"acc-button-icon parallax-element\"><i class=\"fa fa-arrow-right\"><\/i><\/div><\/div><\/dt><dd class=\"accordion-content\">Comunicaci\u00f3 sostenible. Campanyes c\u00edcliques i aprofitament de recursos per espr\u00e9mer al m\u00e0xim els pressupostos, sempre amb una mirada posada al medi ambient. <\/dd>\n\n\n\n<dt><span class=\"link\"><em>03<\/em> Tot en 1<\/span><div class=\"acc-icon-wrap parallax-wrap\"><div class=\"acc-button-icon parallax-element\"><i class=\"fa fa-arrow-right\"><\/i><\/div><\/div><\/dt><dd class=\"accordion-content\">Gestionem tota la comunicaci\u00f3 de la teva marca per evitar llargues cadenes de comissionistes que incrementin el preu final amb un resultat que a m\u00e9s poc t\u00e9 a veure amb el teu briefing.<\/dd>\n\n\n\n<dt><span class=\"link\"><em>04<\/em> \u00a1 Fium!<\/span><div class=\"acc-icon-wrap parallax-wrap\"><div class=\"acc-button-icon parallax-element\"><i class=\"fa fa-arrow-right\"><\/i><\/div><\/div><\/dt><dd class=\"accordion-content\">La rapidesa comunicativa que els nous temps exigeixen. La planificaci\u00f3 \u00e9s clau, per\u00f2 la resoluci\u00f3 de crisi requereix immediatesa.  <\/dd>\n<\/dl>\n<\/div>\n\n<div class=\"wp-block-manifesto-gutenberg-container content-row light-section full\" data-bgcolor=\"#171717\" style=\"text-align:left\">\n<figure class=\"has-animation \" data-delay=\"0\"><a class=\"video-link\" href=\"https:\/\/www.youtube.com\/watch?v=zeiTT_U6320\"><img decoding=\"async\" src=\"https:\/\/olalon.com\/wp-content\/uploads\/2024\/12\/Manifesto-2.jpg\" alt=\"\" \/><\/a><\/figure>\n<\/div>\n\n<div class=\"wp-block-manifesto-gutenberg-container content-row dark-section full row_padding_top row_padding_bottom\" data-bgcolor=\"#0c0c0c\" style=\"text-align:left\">\n<h2 class=\"wp-block-heading has-text-align-center\" style=\"text-transform:uppercase\">aix\u00ed som<\/h2>\n\n\n\n<ul class=\"wp-block-manifesto-gutenberg-team-members team-members-list\" data-fx=\"1\">\n<li class=\"link has-hover-image\" data-img=\"https:\/\/olalon.com\/wp-content\/uploads\/2024\/10\/NUT-Choco-184_resultat.webp\"><div class=\"team-member has-animation\"><span>Since 2015<\/span><div><em>Albert<\/em> Dalmau<\/div><span>Co-founder Partner &amp; Creative Director<\/span><\/div><\/li>\n\n\n\n<li class=\"link has-hover-image\" data-img=\"https:\/\/olalon.com\/wp-content\/uploads\/2024\/10\/NUT-Choco-179_resultat.webp\"><div class=\"team-member has-animation\"><span>Since 2015<\/span><div><em>Dani<\/em> Fern\u00e1ndez<\/div><span>Co-founder Partner &amp; Multimedia manager<\/span><\/div><\/li>\n\n\n\n<li class=\"link has-hover-image\" data-img=\"https:\/\/olalon.com\/wp-content\/uploads\/2024\/10\/NUT-Choco-180_resultat.webp\"><div class=\"team-member has-animation\"><span>Since 2018<\/span><div><em>Jos\u00e9<\/em> Mendoza<\/div><span>Full Stack Developer<\/span><\/div><\/li>\n\n\n\n<li class=\"link has-hover-image\" data-img=\"https:\/\/olalon.com\/wp-content\/uploads\/2024\/10\/NUT-Choco-181_resultat.webp\"><div class=\"team-member has-animation\"><span>Since 2022<\/span><div><em>Ariadna<\/em> Belmonte<\/div><span>Project &amp; Media manager<\/span><\/div><\/li>\n\n\n\n<li class=\"link has-hover-image\" data-img=\"https:\/\/olalon.com\/wp-content\/uploads\/2024\/10\/NUT-Choco-186_resultat.webp\"><div class=\"team-member has-animation\"><span>Since 2022<\/span><div><em>Irene<\/em> Roig\u00e9<\/div><span>Content manager<\/span><\/div><\/li>\n\n\n\n<li class=\"link has-hover-image\" data-img=\"https:\/\/olalon.com\/wp-content\/uploads\/2024\/10\/NUT-Choco-183_resultat.webp\"><div class=\"team-member has-animation\"><span>Since 2023<\/span><div><em>Mar<\/em> Rib\u00e9<\/div><span>Community Manager<\/span><\/div><\/li>\n\n\n\n<li class=\"link has-hover-image\" data-img=\"https:\/\/olalon.com\/wp-content\/uploads\/2024\/10\/NUT-Choco-182_resultat.webp\"><div class=\"team-member has-animation\"><span>Since 2024<\/span><div><em>X\u00e8nia<\/em> Oliver<\/div><span>Graphic Designer<\/span><\/div><\/li>\n<\/ul>\n<\/div>\n","protected":false},"excerpt":{"rendered":"","protected":false},"author":1,"featured_media":0,"parent":0,"menu_order":0,"comment_status":"closed","ping_status":"closed","template":"","meta":{"_acf_changed":false,"_joinchat":[],"footnotes":""},"class_list":["post-3639","page","type-page","status-publish","hentry"],"acf":[],"yoast_head":"<!-- This site is optimized with the Yoast SEO plugin v25.4 - https:\/\/yoast.com\/wordpress\/plugins\/seo\/ -->\n<title>Sobre nosaltres | Olalon<\/title>\n<meta name=\"description\" content=\"Si vols bescanviar una mica els qui som i d&#039;on venim pots entrar-hi.\" \/>\n<meta name=\"robots\" content=\"index, follow, max-snippet:-1, max-image-preview:large, max-video-preview:-1\" \/>\n<link rel=\"canonical\" href=\"https:\/\/olalon.com\/ca\/nosaltres\/\" \/>\n<meta property=\"og:locale\" content=\"ca_ES\" \/>\n<meta property=\"og:type\" content=\"article\" \/>\n<meta property=\"og:title\" content=\"Sobre nosaltres | Olalon\" \/>\n<meta property=\"og:description\" content=\"Si vols bescanviar una mica els qui som i d&#039;on venim pots entrar-hi.\" \/>\n<meta property=\"og:url\" content=\"https:\/\/olalon.com\/ca\/nosaltres\/\" \/>\n<meta property=\"og:site_name\" content=\"Olalon\" \/>\n<meta property=\"article:modified_time\" content=\"2025-09-06T07:13:33+00:00\" \/>\n<meta property=\"og:image\" content=\"https:\/\/olalon.com\/wp-content\/uploads\/2024\/10\/Diseno-sin-titulo-4_resultat-scaled.webp\" \/>\n<meta name=\"twitter:card\" content=\"summary_large_image\" \/>\n<meta name=\"twitter:label1\" content=\"Temps estimat de lectura\" \/>\n\t<meta name=\"twitter:data1\" content=\"2 minuts\" \/>\n<script type=\"application\/ld+json\" class=\"yoast-schema-graph\">{\"@context\":\"https:\/\/schema.org\",\"@graph\":[{\"@type\":\"WebPage\",\"@id\":\"https:\/\/olalon.com\/ca\/nosaltres\/\",\"url\":\"https:\/\/olalon.com\/ca\/nosaltres\/\",\"name\":\"Sobre nosaltres | Olalon\",\"isPartOf\":{\"@id\":\"https:\/\/olalon.com\/ca\/#website\"},\"primaryImageOfPage\":{\"@id\":\"https:\/\/olalon.com\/ca\/nosaltres\/#primaryimage\"},\"image\":{\"@id\":\"https:\/\/olalon.com\/ca\/nosaltres\/#primaryimage\"},\"thumbnailUrl\":\"https:\/\/olalon.com\/wp-content\/uploads\/2024\/10\/Diseno-sin-titulo-4_resultat-scaled.webp\",\"datePublished\":\"2023-09-12T05:30:13+00:00\",\"dateModified\":\"2025-09-06T07:13:33+00:00\",\"description\":\"Si vols bescanviar una mica els qui som i d'on venim pots entrar-hi.\",\"breadcrumb\":{\"@id\":\"https:\/\/olalon.com\/ca\/nosaltres\/#breadcrumb\"},\"inLanguage\":\"ca\",\"potentialAction\":[{\"@type\":\"ReadAction\",\"target\":[\"https:\/\/olalon.com\/ca\/nosaltres\/\"]}]},{\"@type\":\"ImageObject\",\"inLanguage\":\"ca\",\"@id\":\"https:\/\/olalon.com\/ca\/nosaltres\/#primaryimage\",\"url\":\"https:\/\/olalon.com\/wp-content\/uploads\/2024\/10\/Diseno-sin-titulo-4_resultat-scaled.webp\",\"contentUrl\":\"https:\/\/olalon.com\/wp-content\/uploads\/2024\/10\/Diseno-sin-titulo-4_resultat-scaled.webp\"},{\"@type\":\"BreadcrumbList\",\"@id\":\"https:\/\/olalon.com\/ca\/nosaltres\/#breadcrumb\",\"itemListElement\":[{\"@type\":\"ListItem\",\"position\":1,\"name\":\"Portada\",\"item\":\"https:\/\/olalon.com\/ca\/servicios\/diseno-y-desarrollo-web\/desarrollo-software-a-medida\/\"},{\"@type\":\"ListItem\",\"position\":2,\"name\":\"Nosaltres\"}]},{\"@type\":\"WebSite\",\"@id\":\"https:\/\/olalon.com\/ca\/#website\",\"url\":\"https:\/\/olalon.com\/ca\/\",\"name\":\"Olalon\",\"description\":\"Agencia de Publicidad, Dise\u00f1o y Marketing Online\",\"publisher\":{\"@id\":\"https:\/\/olalon.com\/ca\/#organization\"},\"potentialAction\":[{\"@type\":\"SearchAction\",\"target\":{\"@type\":\"EntryPoint\",\"urlTemplate\":\"https:\/\/olalon.com\/ca\/?s={search_term_string}\"},\"query-input\":{\"@type\":\"PropertyValueSpecification\",\"valueRequired\":true,\"valueName\":\"search_term_string\"}}],\"inLanguage\":\"ca\"},{\"@type\":\"Organization\",\"@id\":\"https:\/\/olalon.com\/ca\/#organization\",\"name\":\"Olalon\",\"url\":\"https:\/\/olalon.com\/ca\/\",\"logo\":{\"@type\":\"ImageObject\",\"inLanguage\":\"ca\",\"@id\":\"https:\/\/olalon.com\/ca\/#\/schema\/logo\/image\/\",\"url\":\"https:\/\/olalon.com\/wp-content\/uploads\/2025\/02\/Logo_Olalon-01.png\",\"contentUrl\":\"https:\/\/olalon.com\/wp-content\/uploads\/2025\/02\/Logo_Olalon-01.png\",\"width\":2249,\"height\":989,\"caption\":\"Olalon\"},\"image\":{\"@id\":\"https:\/\/olalon.com\/ca\/#\/schema\/logo\/image\/\"},\"sameAs\":[\"https:\/\/www.instagram.com\/olalonstudio\/\",\"https:\/\/www.youtube.com\/c\/olalonstudio\",\"https:\/\/www.tiktok.com\/@olalonstudio\"]}]}<\/script>\n<!-- \/ Yoast SEO plugin. -->","yoast_head_json":{"title":"Sobre nosaltres | Olalon","description":"Si vols bescanviar una mica els qui som i d'on venim pots entrar-hi.","robots":{"index":"index","follow":"follow","max-snippet":"max-snippet:-1","max-image-preview":"max-image-preview:large","max-video-preview":"max-video-preview:-1"},"canonical":"https:\/\/olalon.com\/ca\/nosaltres\/","og_locale":"ca_ES","og_type":"article","og_title":"Sobre nosaltres | Olalon","og_description":"Si vols bescanviar una mica els qui som i d'on venim pots entrar-hi.","og_url":"https:\/\/olalon.com\/ca\/nosaltres\/","og_site_name":"Olalon","article_modified_time":"2025-09-06T07:13:33+00:00","og_image":[{"url":"https:\/\/olalon.com\/wp-content\/uploads\/2024\/10\/Diseno-sin-titulo-4_resultat-scaled.webp","type":"","width":"","height":""}],"twitter_card":"summary_large_image","twitter_misc":{"Temps estimat de lectura":"2 minuts"},"schema":{"@context":"https:\/\/schema.org","@graph":[{"@type":"WebPage","@id":"https:\/\/olalon.com\/ca\/nosaltres\/","url":"https:\/\/olalon.com\/ca\/nosaltres\/","name":"Sobre nosaltres | Olalon","isPartOf":{"@id":"https:\/\/olalon.com\/ca\/#website"},"primaryImageOfPage":{"@id":"https:\/\/olalon.com\/ca\/nosaltres\/#primaryimage"},"image":{"@id":"https:\/\/olalon.com\/ca\/nosaltres\/#primaryimage"},"thumbnailUrl":"https:\/\/olalon.com\/wp-content\/uploads\/2024\/10\/Diseno-sin-titulo-4_resultat-scaled.webp","datePublished":"2023-09-12T05:30:13+00:00","dateModified":"2025-09-06T07:13:33+00:00","description":"Si vols bescanviar una mica els qui som i d'on venim pots entrar-hi.","breadcrumb":{"@id":"https:\/\/olalon.com\/ca\/nosaltres\/#breadcrumb"},"inLanguage":"ca","potentialAction":[{"@type":"ReadAction","target":["https:\/\/olalon.com\/ca\/nosaltres\/"]}]},{"@type":"ImageObject","inLanguage":"ca","@id":"https:\/\/olalon.com\/ca\/nosaltres\/#primaryimage","url":"https:\/\/olalon.com\/wp-content\/uploads\/2024\/10\/Diseno-sin-titulo-4_resultat-scaled.webp","contentUrl":"https:\/\/olalon.com\/wp-content\/uploads\/2024\/10\/Diseno-sin-titulo-4_resultat-scaled.webp"},{"@type":"BreadcrumbList","@id":"https:\/\/olalon.com\/ca\/nosaltres\/#breadcrumb","itemListElement":[{"@type":"ListItem","position":1,"name":"Portada","item":"https:\/\/olalon.com\/ca\/servicios\/diseno-y-desarrollo-web\/desarrollo-software-a-medida\/"},{"@type":"ListItem","position":2,"name":"Nosaltres"}]},{"@type":"WebSite","@id":"https:\/\/olalon.com\/ca\/#website","url":"https:\/\/olalon.com\/ca\/","name":"Olalon","description":"Agencia de Publicidad, Dise\u00f1o y Marketing Online","publisher":{"@id":"https:\/\/olalon.com\/ca\/#organization"},"potentialAction":[{"@type":"SearchAction","target":{"@type":"EntryPoint","urlTemplate":"https:\/\/olalon.com\/ca\/?s={search_term_string}"},"query-input":{"@type":"PropertyValueSpecification","valueRequired":true,"valueName":"search_term_string"}}],"inLanguage":"ca"},{"@type":"Organization","@id":"https:\/\/olalon.com\/ca\/#organization","name":"Olalon","url":"https:\/\/olalon.com\/ca\/","logo":{"@type":"ImageObject","inLanguage":"ca","@id":"https:\/\/olalon.com\/ca\/#\/schema\/logo\/image\/","url":"https:\/\/olalon.com\/wp-content\/uploads\/2025\/02\/Logo_Olalon-01.png","contentUrl":"https:\/\/olalon.com\/wp-content\/uploads\/2025\/02\/Logo_Olalon-01.png","width":2249,"height":989,"caption":"Olalon"},"image":{"@id":"https:\/\/olalon.com\/ca\/#\/schema\/logo\/image\/"},"sameAs":["https:\/\/www.instagram.com\/olalonstudio\/","https:\/\/www.youtube.com\/c\/olalonstudio","https:\/\/www.tiktok.com\/@olalonstudio"]}]}},"_links":{"self":[{"href":"https:\/\/olalon.com\/ca\/wp-json\/wp\/v2\/pages\/3639","targetHints":{"allow":["GET"]}}],"collection":[{"href":"https:\/\/olalon.com\/ca\/wp-json\/wp\/v2\/pages"}],"about":[{"href":"https:\/\/olalon.com\/ca\/wp-json\/wp\/v2\/types\/page"}],"author":[{"embeddable":true,"href":"https:\/\/olalon.com\/ca\/wp-json\/wp\/v2\/users\/1"}],"replies":[{"embeddable":true,"href":"https:\/\/olalon.com\/ca\/wp-json\/wp\/v2\/comments?post=3639"}],"version-history":[{"count":7,"href":"https:\/\/olalon.com\/ca\/wp-json\/wp\/v2\/pages\/3639\/revisions"}],"predecessor-version":[{"id":3648,"href":"https:\/\/olalon.com\/ca\/wp-json\/wp\/v2\/pages\/3639\/revisions\/3648"}],"wp:attachment":[{"href":"https:\/\/olalon.com\/ca\/wp-json\/wp\/v2\/media?parent=3639"}],"curies":[{"name":"wp","href":"https:\/\/api.w.org\/{rel}","templated":true}]}}