{"id":3649,"date":"2024-09-12T12:11:38","date_gmt":"2024-09-12T10:11:38","guid":{"rendered":"https:\/\/olalon.com\/agencia-de-disseny-grafic-i-branding-a-tarragona\/"},"modified":"2025-07-19T08:11:14","modified_gmt":"2025-07-19T06:11:14","slug":"agencia-de-disseny-grafic-i-branding-a-tarragona","status":"publish","type":"page","link":"https:\/\/olalon.com\/ca\/serveis\/agencia-de-disseny-grafic-i-branding-a-tarragona\/","title":{"rendered":"Ag\u00e8ncia de Disseny Gr\u00e0fic i Branding a Tarragona"},"content":{"rendered":"\n<div class=\"wp-block-manifesto-gutenberg-container content-row dark-section normal\" data-bgcolor=\"#000000\" style=\"text-align:left\">\n<div class=\"wp-block-manifesto-gutenberg-clipped-image clipped-image-wrapper\"><div class=\"clipped-image-pin\"><div class=\"clipped-image\"><img decoding=\"async\" src=\"https:\/\/olalon.com\/wp-content\/uploads\/2024\/12\/Diseno-sin-titulo-9.jpg\" alt=\"\"\/><div class=\"clipped-image-gradient\"><\/div><\/div><\/div><div class=\"clipped-image-content content-full-width\">\n<div class=\"wp-block-manifesto-gutenberg-marquee-content marquee-text-wrapper\"><h2 class=\"marquee-text no-margins fw big-title\">\nAG\u00c8NCIA DE DISSENY <em>GR\u00c0FIC<\/em> I <em>BRANDING<\/em> A TARRAGONA\n<\/h2><\/div>\n<\/div><\/div>\n<\/div>\n\n\n\n<div class=\"wp-block-manifesto-gutenberg-container content-row dark-section normal row_padding_top\" data-bgcolor=\"#000000\" style=\"text-align:left\">\n<div class=\"wp-block-columns pinned-section is-layout-flex wp-container-core-columns-is-layout-1 wp-block-columns-is-layout-flex\">\n<div class=\"wp-block-column scrolling-element left is-layout-flow wp-block-column-is-layout-flow\">\n<iframe loading=\"lazy\" width=\"100%\" height=\"748\" src=\"https:\/\/www.youtube.com\/embed\/O8Ug7gsOQ7o\" title=\"Branding o Identitat Visual? | Olalon\" frameborder=\"0\" allow=\"accelerometer; autoplay; clipboard-write; encrypted-media; gyroscope; picture-in-picture; web-share\" referrerpolicy=\"strict-origin-when-cross-origin\" allowfullscreen=\"\"><\/iframe>\n<\/div>\n\n\n\n<div class=\"wp-block-column pinned-element right is-layout-flow wp-block-column-is-layout-flow\">\n<h4 class=\"wp-block-heading\">Molt m\u00e9s que un logo<\/h4>\n\n\n\n<p>El branding no \u00e9s nom\u00e9s fer un logo &#8220;xulito&#8221;, \u00e9s donar vida a la marca. \u00c9s crear un univers que connecti, emocioni i ens expliqui una hist\u00f2ria.   <\/p>\n\n\n\n<p>Abans de pensar en colors, formes o s\u00edmbols, cal pensar en personalitat. La personalitat enganxa, hipnotitza i sedueix. No pots agradar tothom, per\u00f2 aix\u00f2 \u00e9s bo. Una marca ha de ser una ins\u00edgnia que el teu p\u00fablic estigui orgull\u00f3s de mostrar. El logo \u00e9s la cara visible, la representaci\u00f3 visual gr\u00e0fica, la foto de carnet, per\u00f2 una simple fa\u00e7ana si no consolidem abans uns valors que la sostinguin.    <\/p>\n<\/div>\n<\/div>\n<\/div>\n\n\n\n<div class=\"wp-block-manifesto-gutenberg-container content-row dark-section full row_padding_top row_padding_bottom\" data-bgcolor=\"transparent\" style=\"text-align:left\">\n<h2 class=\"wp-block-heading has-text-align-center\">Alguns projectes de branding<\/h2>\n\n\n\n<!-- Showcase List Holder --><div id=\"itemsWrapperLinks\"><!-- Showcase List --><div id=\"itemsWrapper\" class=\"webgl-fitthumbs fx-one\"><!-- ClaPat Portfolio --><div class=\"showcase-portfolio layout-three\"><div class=\"clapat-item disseny web \"><div class=\"slide-inner trigger-item\" data-centerLine=\"ABRIR\"><div class=\"img-mask\"><a class=\"slide-link\" data-type=\"page-transition\" href=\"https:\/\/olalon.com\/ca\/manifesto_portfolio\/grafiques-beyco-3\/\"><\/a><div class=\"section-image trigger-item-link\"><img decoding=\"async\" src=\"https:\/\/olalon.com\/wp-content\/uploads\/2025\/09\/OLA-Branding-web-3.jpg\" class=\"item-image grid__item-img\" alt=\"\"><\/div><img decoding=\"async\" class=\"grid__item-img grid__item-img--large\" src=\"https:\/\/olalon.com\/wp-content\/uploads\/2025\/09\/OLA-Branding-web-3.jpg\" alt=\"\" \/><\/div><div class=\"slide-caption trigger-item-link-secondary\"><div class=\"slide-title\"><span>Gr\u00e0fiques <em>Beyco<\/em> <\/span><\/div><div class=\"slide-date\"><span>2024<\/span><\/div><div class=\"slide-cat\"><span>Disseny, web<\/span><\/div><div class=\"slide-icon\"><i class=\"arrow-icon-down\"><\/i><\/div><\/div><\/div><\/div><div class=\"clapat-item disseny productora-audiovisual web \"><div class=\"slide-inner trigger-item\" data-centerLine=\"ABRIR\"><div class=\"img-mask\"><a class=\"slide-link\" data-type=\"page-transition\" href=\"https:\/\/olalon.com\/ca\/manifesto_portfolio\/mas-carpi\/\"><\/a><div class=\"section-image trigger-item-link\"><img decoding=\"async\" src=\"https:\/\/olalon.com\/wp-content\/uploads\/2025\/05\/MASCARPI_Revelades-74_resultat.webp\" class=\"item-image grid__item-img\" alt=\"\"><\/div><img decoding=\"async\" class=\"grid__item-img grid__item-img--large\" src=\"https:\/\/olalon.com\/wp-content\/uploads\/2025\/05\/MASCARPI_Revelades-74_resultat.webp\" alt=\"\" \/><\/div><div class=\"slide-caption trigger-item-link-secondary\"><div class=\"slide-title\"><span>Mas<em> Carpi<\/em> <\/span><\/div><div class=\"slide-date\"><span>2024<\/span><\/div><div class=\"slide-cat\"><span>Disseny, Productora audiovisual, web<\/span><\/div><div class=\"slide-icon\"><i class=\"arrow-icon-down\"><\/i><\/div><\/div><\/div><\/div><div class=\"clapat-item disseny \"><div class=\"slide-inner trigger-item\" data-centerLine=\"ABRIR\"><div class=\"img-mask\"><a class=\"slide-link\" data-type=\"page-transition\" href=\"https:\/\/olalon.com\/ca\/manifesto_portfolio\/marebens\/\"><\/a><div class=\"section-image trigger-item-link\"><img decoding=\"async\" src=\"https:\/\/olalon.com\/wp-content\/uploads\/2025\/04\/Sin-titulo-2-05-1-scaled.webp\" class=\"item-image grid__item-img\" alt=\"\"><\/div><img decoding=\"async\" class=\"grid__item-img grid__item-img--large\" src=\"https:\/\/olalon.com\/wp-content\/uploads\/2025\/04\/Sin-titulo-2-05-1-scaled.webp\" alt=\"\" \/><\/div><div class=\"slide-caption trigger-item-link-secondary\"><div class=\"slide-title\"><span>Marebens<\/span><\/div><div class=\"slide-date\"><span>2022<\/span><\/div><div class=\"slide-cat\"><span>Disseny<\/span><\/div><div class=\"slide-icon\"><i class=\"arrow-icon-down\"><\/i><\/div><\/div><\/div><\/div><div class=\"clapat-item disseny web \"><div class=\"slide-inner trigger-item\" data-centerLine=\"ABRIR\"><div class=\"img-mask\"><a class=\"slide-link\" data-type=\"page-transition\" href=\"https:\/\/olalon.com\/ca\/manifesto_portfolio\/grafiques-beyco\/\"><\/a><div class=\"section-image trigger-item-link\"><img decoding=\"async\" src=\"https:\/\/olalon.com\/wp-content\/uploads\/2025\/03\/BEYCO-Ecomerce-110_resultat.webp\" class=\"item-image grid__item-img\" alt=\"foto de producto packaging\"><\/div><img decoding=\"async\" class=\"grid__item-img grid__item-img--large\" src=\"https:\/\/olalon.com\/wp-content\/uploads\/2025\/03\/BEYCO-Ecomerce-110_resultat.webp\" alt=\"foto de producto packaging\" \/><\/div><div class=\"slide-caption trigger-item-link-secondary\"><div class=\"slide-title\"><span>Gr\u00e0fiques <em>Beyco<\/em> <\/span><\/div><div class=\"slide-date\"><span>2024<\/span><\/div><div class=\"slide-cat\"><span>Disseny, web<\/span><\/div><div class=\"slide-icon\"><i class=\"arrow-icon-down\"><\/i><\/div><\/div><\/div><\/div><\/div><!--\/Clapat Portfolio--><\/div><!--\/Showcase List--><\/div><!--\/Showcase List Holder-->\n<\/div>\n\n\n\n<div class=\"wp-block-manifesto-gutenberg-container content-row light-section normal row_padding_top row_padding_bottom change-header-color\" data-bgcolor=\"#ffffff\" style=\"text-align:left\">\n<div class=\"wp-block-columns pinned-section is-layout-flex wp-container-core-columns-is-layout-2 wp-block-columns-is-layout-flex\">\n<div class=\"wp-block-column scrolling-element left is-layout-flow wp-block-column-is-layout-flow\">\n<figure class=\" \"><a class=\"image-link\" href=\"https:\/\/olalon.com\/wp-content\/uploads\/2024\/10\/infgrafia-disseny-web_resultat.webp\"><img decoding=\"async\" src=\"https:\/\/olalon.com\/wp-content\/uploads\/2024\/10\/infgrafia-disseny-web_resultat.webp\" alt=\"\" \/><\/a><figcaption><\/figcaption><\/figure>\n<\/div>\n\n\n\n<div class=\"wp-block-column pinned-element right is-layout-flow wp-block-column-is-layout-flow\">\n<h4 class=\"wp-block-heading\">EL NOSTRE PROC\u00c9S CREATIU<\/h4>\n\n\n\n<p class=\"has-opacity\">Com treballem al nostre departament de disseny gr\u00e0fic?  <\/p>\n\n\n\n<p class=\"has-opacity\">Primer, llancem idees a l&#8217;aire. Despr\u00e9s, les barregem amb una bona dosi de creativitat, un toc de bogeria i una mica de genialitat. Aquest c\u00f2ctel d&#8217;elements donen lloc a una pe\u00e7a gr\u00e0fica que no sols destaca, sin\u00f3 que tamb\u00e9 explica una hist\u00f2ria.    <\/p>\n\n\n\n<p class=\"has-opacity\">Cada pas del proc\u00e9s est\u00e0 degudament cuidat pels nostres creatius, des del primer gargot a la llibreta fins al disseny final a l&#8217;ordinador.<\/p>\n\n\n\n<p class=\"has-opacity\">Ens encarreguem de convertir les teves idees, valors i missatges en un element gr\u00e0fic que no deixa indiferent ning\u00fa.<\/p>\n<\/div>\n<\/div>\n<\/div>\n\n\n\n<div class=\"wp-block-manifesto-gutenberg-container content-row light-section normal\" data-bgcolor=\"#ffffff\" style=\"text-align:left\">\n<div class=\"wp-block-manifesto-gutenberg-container content-row light-section full\" data-bgcolor=\"#ffffff\" style=\"text-align:left\">\n<div class=\"wp-block-manifesto-gutenberg-moving-gallery moving-gallery fw-gallery\"><ul class=\"wrapper-gallery\">\n<li><img decoding=\"async\" src=\"https:\/\/olalon.com\/wp-content\/uploads\/2024\/11\/3-1.jpg\" alt=\"\" \/><\/li>\n\n\n\n<li><img decoding=\"async\" src=\"https:\/\/olalon.com\/wp-content\/uploads\/2024\/11\/4-1.jpg\" alt=\"\" \/><\/li>\n\n\n\n<li><img decoding=\"async\" src=\"https:\/\/olalon.com\/wp-content\/uploads\/2024\/11\/5-1.jpg\" alt=\"\" \/><\/li>\n\n\n\n<li><img decoding=\"async\" src=\"https:\/\/olalon.com\/wp-content\/uploads\/2024\/11\/2.jpg\" alt=\"\" \/><\/li>\n<\/ul><\/div>\n\n\n\n<div style=\"height:107px\" aria-hidden=\"true\" class=\"wp-block-spacer\"><\/div>\n\n\n\n<div class=\"wp-block-group is-nowrap is-layout-flex wp-container-core-group-is-layout-1 wp-block-group-is-layout-flex\">\n<div style=\"height:58px;width:233px\" aria-hidden=\"true\" class=\"wp-block-spacer wp-container-content-1\"><\/div>\n\n\n\n<p class=\"wp-container-content-2\">Crear una identitat corporativa \u00e9s com donar personalitat a la teva marca. Tot comen\u00e7a coneixent la seva ess\u00e8ncia: com es vol veure i sentir? Despr\u00e9s, passem al disseny de logotip, colors i tipografia, l&#8217;outfit perfecte que far\u00e0 servir en totes les comunicacions. Despr\u00e9s, definim el to de veu, \u00e9s a dir, com parlar\u00e0 i connectar\u00e0 amb el seu p\u00fablic. Finalment, ho unifiquem tot en un manual que guiar\u00e0 cada pas de la seva imatge. \u00c9s com crear un personatge \u00fanic que sortir\u00e0 al m\u00f3n a conquerir cors!     <\/p>\n\n\n\n<div style=\"height:58px;width:56px\" aria-hidden=\"true\" class=\"wp-block-spacer wp-container-content-3\"><\/div>\n<\/div>\n\n\n\n<div style=\"height:107px\" aria-hidden=\"true\" class=\"wp-block-spacer\"><\/div>\n\n\n\n<div class=\"wp-block-manifesto-gutenberg-moving-gallery moving-gallery bw-gallery\"><ul class=\"wrapper-gallery\">\n<li><img decoding=\"async\" src=\"https:\/\/olalon.com\/wp-content\/uploads\/2024\/11\/6.jpg\" alt=\"\" \/><\/li>\n\n\n\n<li><img decoding=\"async\" src=\"https:\/\/olalon.com\/wp-content\/uploads\/2024\/11\/1.jpg\" alt=\"\" \/><\/li>\n\n\n\n<li><img decoding=\"async\" src=\"https:\/\/olalon.com\/wp-content\/uploads\/2024\/11\/3-1.jpg\" alt=\"\" \/><\/li>\n\n\n\n<li><img decoding=\"async\" src=\"https:\/\/olalon.com\/wp-content\/uploads\/2024\/11\/pexels-canvastudio-3194519-1.jpg\" alt=\"\" \/><\/li>\n<\/ul><\/div>\n<\/div>\n<\/div>\n\n\n\n<div class=\"wp-block-manifesto-gutenberg-container content-row light-section normal\" data-bgcolor=\"#ffffff\" style=\"text-align:left\">\n<div class=\"wp-block-manifesto-gutenberg-list-rotator list-rotator-wrapper\"><div class=\"list-rotator-title has-mask-fill\">Serveis de disseny gr\u00e0fic<\/div><div class=\"list-rotator-height\"><div class=\"list-rotator-pin\"><ul class=\"list-rotator\">\n<li class=\"wp-block-manifesto-gutenberg-list-rotator-item\">\n<a href=\"\/ca\/serveis\/agencia-de-disseny-grafic-i-branding-a-tarragona\/identitat-corporativa\/\">Identitat<em>Corporativa<\/em><\/a>\n<\/li>\n\n\n\n<li class=\"wp-block-manifesto-gutenberg-list-rotator-item\">\n<a href=\"\/ca\/serveis\/agencia-de-disseny-grafic-i-branding-a-tarragona\/disseny-de-packaging\/\">Disseny de <em>packaging<\/em><\/a>\n<\/li>\n\n\n\n<li class=\"wp-block-manifesto-gutenberg-list-rotator-item\">\n<a href=\"\/ca\/serveis\/agencia-de-disseny-grafic-i-branding-a-tarragona\/publicitat-exterior\/\">Disseny de <em> cartelleria<\/em\n<\/a>\n<\/li>\n\n\n\n<li class=\"wp-block-manifesto-gutenberg-list-rotator-item\">\n<a href=\"\/servicios\/agencia-de-diseno-grafico-y-branding-en-tarragona\/diseno-de-folletos-y-flyers\/\">Disseny de <em>Fullets i flyers<\/em><\/a>\n<\/li>\n\n\n\n<li class=\"wp-block-manifesto-gutenberg-list-rotator-item\">\n<a href=\"\/ca\/serveis\/agencia-de-disseny-grafic-i-branding-a-tarragona\/disseny-editorial\/\">Disseny <em>Editorial<\/em><\/a>\n<\/li>\n\n\n\n<li class=\"wp-block-manifesto-gutenberg-list-rotator-item\">\n<a href=\"\/ca\/serveis\/agencia-de-disseny-grafic-i-branding-a-tarragona\/estrategia-de-branding\/\">Estrat\u00e8gia de <em>branding<\/em><\/a>\n<\/li>\n<\/ul><\/div><\/div><\/div>\n<\/div>\n","protected":false},"excerpt":{"rendered":"","protected":false},"author":3,"featured_media":0,"parent":3767,"menu_order":0,"comment_status":"closed","ping_status":"closed","template":"","meta":{"_acf_changed":false,"_joinchat":[],"footnotes":""},"class_list":["post-3649","page","type-page","status-publish","hentry"],"acf":[],"yoast_head":"<!-- This site is optimized with the Yoast SEO plugin v25.4 - https:\/\/yoast.com\/wordpress\/plugins\/seo\/ -->\n<title>Ag\u00e8ncia de disseny gr\u00e0fic i branding. Conceptualitzaci\u00f3 estrat\u00e8gica i creativitat al servei de marques amb personalitat magn\u00e8tica.<\/title>\n<meta name=\"description\" content=\"Ag\u00e8ncia de disseny gr\u00e0fic i branding amb gesti\u00f3 integral de projectes. Creem marques amb personalitat magn\u00e8tica.\" \/>\n<meta name=\"robots\" content=\"index, follow, max-snippet:-1, max-image-preview:large, max-video-preview:-1\" \/>\n<link rel=\"canonical\" href=\"https:\/\/olalon.com\/ca\/serveis\/agencia-de-disseny-grafic-i-branding-a-tarragona\/\" \/>\n<meta property=\"og:locale\" content=\"ca_ES\" \/>\n<meta property=\"og:type\" content=\"article\" \/>\n<meta property=\"og:title\" content=\"Ag\u00e8ncia de disseny gr\u00e0fic i branding. Conceptualitzaci\u00f3 estrat\u00e8gica i creativitat al servei de marques amb personalitat magn\u00e8tica.\" \/>\n<meta property=\"og:description\" content=\"Ag\u00e8ncia de disseny gr\u00e0fic i branding amb gesti\u00f3 integral de projectes. Creem marques amb personalitat magn\u00e8tica.\" \/>\n<meta property=\"og:url\" content=\"https:\/\/olalon.com\/ca\/serveis\/agencia-de-disseny-grafic-i-branding-a-tarragona\/\" \/>\n<meta property=\"og:site_name\" content=\"Olalon\" \/>\n<meta property=\"article:modified_time\" content=\"2025-07-19T06:11:14+00:00\" \/>\n<meta property=\"og:image\" content=\"https:\/\/olalon.com\/wp-content\/uploads\/2024\/12\/Diseno-sin-titulo-9.jpg\" \/>\n<meta name=\"twitter:card\" content=\"summary_large_image\" \/>\n<meta name=\"twitter:label1\" content=\"Temps estimat de lectura\" \/>\n\t<meta name=\"twitter:data1\" content=\"4 minuts\" \/>\n<script type=\"application\/ld+json\" class=\"yoast-schema-graph\">{\"@context\":\"https:\/\/schema.org\",\"@graph\":[{\"@type\":\"WebPage\",\"@id\":\"https:\/\/olalon.com\/ca\/serveis\/agencia-de-disseny-grafic-i-branding-a-tarragona\/\",\"url\":\"https:\/\/olalon.com\/ca\/serveis\/agencia-de-disseny-grafic-i-branding-a-tarragona\/\",\"name\":\"Ag\u00e8ncia de disseny gr\u00e0fic i branding. Conceptualitzaci\u00f3 estrat\u00e8gica i creativitat al servei de marques amb personalitat magn\u00e8tica.\",\"isPartOf\":{\"@id\":\"https:\/\/olalon.com\/ca\/#website\"},\"primaryImageOfPage\":{\"@id\":\"https:\/\/olalon.com\/ca\/serveis\/agencia-de-disseny-grafic-i-branding-a-tarragona\/#primaryimage\"},\"image\":{\"@id\":\"https:\/\/olalon.com\/ca\/serveis\/agencia-de-disseny-grafic-i-branding-a-tarragona\/#primaryimage\"},\"thumbnailUrl\":\"https:\/\/olalon.com\/wp-content\/uploads\/2024\/12\/Diseno-sin-titulo-9.jpg\",\"datePublished\":\"2024-09-12T10:11:38+00:00\",\"dateModified\":\"2025-07-19T06:11:14+00:00\",\"description\":\"Ag\u00e8ncia de disseny gr\u00e0fic i branding amb gesti\u00f3 integral de projectes. Creem marques amb personalitat magn\u00e8tica.\",\"breadcrumb\":{\"@id\":\"https:\/\/olalon.com\/ca\/serveis\/agencia-de-disseny-grafic-i-branding-a-tarragona\/#breadcrumb\"},\"inLanguage\":\"ca\",\"potentialAction\":[{\"@type\":\"ReadAction\",\"target\":[\"https:\/\/olalon.com\/ca\/serveis\/agencia-de-disseny-grafic-i-branding-a-tarragona\/\"]}]},{\"@type\":\"ImageObject\",\"inLanguage\":\"ca\",\"@id\":\"https:\/\/olalon.com\/ca\/serveis\/agencia-de-disseny-grafic-i-branding-a-tarragona\/#primaryimage\",\"url\":\"https:\/\/olalon.com\/wp-content\/uploads\/2024\/12\/Diseno-sin-titulo-9.jpg\",\"contentUrl\":\"https:\/\/olalon.com\/wp-content\/uploads\/2024\/12\/Diseno-sin-titulo-9.jpg\"},{\"@type\":\"BreadcrumbList\",\"@id\":\"https:\/\/olalon.com\/ca\/serveis\/agencia-de-disseny-grafic-i-branding-a-tarragona\/#breadcrumb\",\"itemListElement\":[{\"@type\":\"ListItem\",\"position\":1,\"name\":\"Portada\",\"item\":\"https:\/\/olalon.com\/ca\/servicios\/diseno-y-desarrollo-web\/desarrollo-software-a-medida\/\"},{\"@type\":\"ListItem\",\"position\":2,\"name\":\"Serveis\",\"item\":\"https:\/\/olalon.com\/ca\/servicios\/diseno-y-desarrollo-web\/desarrollo-software-a-medida\/\"},{\"@type\":\"ListItem\",\"position\":3,\"name\":\"Ag\u00e8ncia de Disseny Gr\u00e0fic i Branding a Tarragona\"}]},{\"@type\":\"WebSite\",\"@id\":\"https:\/\/olalon.com\/ca\/#website\",\"url\":\"https:\/\/olalon.com\/ca\/\",\"name\":\"Olalon\",\"description\":\"Agencia de Publicidad, Dise\u00f1o y Marketing Online\",\"publisher\":{\"@id\":\"https:\/\/olalon.com\/ca\/#organization\"},\"potentialAction\":[{\"@type\":\"SearchAction\",\"target\":{\"@type\":\"EntryPoint\",\"urlTemplate\":\"https:\/\/olalon.com\/ca\/?s={search_term_string}\"},\"query-input\":{\"@type\":\"PropertyValueSpecification\",\"valueRequired\":true,\"valueName\":\"search_term_string\"}}],\"inLanguage\":\"ca\"},{\"@type\":\"Organization\",\"@id\":\"https:\/\/olalon.com\/ca\/#organization\",\"name\":\"Olalon\",\"url\":\"https:\/\/olalon.com\/ca\/\",\"logo\":{\"@type\":\"ImageObject\",\"inLanguage\":\"ca\",\"@id\":\"https:\/\/olalon.com\/ca\/#\/schema\/logo\/image\/\",\"url\":\"https:\/\/olalon.com\/wp-content\/uploads\/2025\/02\/Logo_Olalon-01.png\",\"contentUrl\":\"https:\/\/olalon.com\/wp-content\/uploads\/2025\/02\/Logo_Olalon-01.png\",\"width\":2249,\"height\":989,\"caption\":\"Olalon\"},\"image\":{\"@id\":\"https:\/\/olalon.com\/ca\/#\/schema\/logo\/image\/\"},\"sameAs\":[\"https:\/\/www.instagram.com\/olalonstudio\/\",\"https:\/\/www.youtube.com\/c\/olalonstudio\",\"https:\/\/www.tiktok.com\/@olalonstudio\"]}]}<\/script>\n<!-- \/ Yoast SEO plugin. -->","yoast_head_json":{"title":"Ag\u00e8ncia de disseny gr\u00e0fic i branding. Conceptualitzaci\u00f3 estrat\u00e8gica i creativitat al servei de marques amb personalitat magn\u00e8tica.","description":"Ag\u00e8ncia de disseny gr\u00e0fic i branding amb gesti\u00f3 integral de projectes. Creem marques amb personalitat magn\u00e8tica.","robots":{"index":"index","follow":"follow","max-snippet":"max-snippet:-1","max-image-preview":"max-image-preview:large","max-video-preview":"max-video-preview:-1"},"canonical":"https:\/\/olalon.com\/ca\/serveis\/agencia-de-disseny-grafic-i-branding-a-tarragona\/","og_locale":"ca_ES","og_type":"article","og_title":"Ag\u00e8ncia de disseny gr\u00e0fic i branding. Conceptualitzaci\u00f3 estrat\u00e8gica i creativitat al servei de marques amb personalitat magn\u00e8tica.","og_description":"Ag\u00e8ncia de disseny gr\u00e0fic i branding amb gesti\u00f3 integral de projectes. Creem marques amb personalitat magn\u00e8tica.","og_url":"https:\/\/olalon.com\/ca\/serveis\/agencia-de-disseny-grafic-i-branding-a-tarragona\/","og_site_name":"Olalon","article_modified_time":"2025-07-19T06:11:14+00:00","og_image":[{"url":"https:\/\/olalon.com\/wp-content\/uploads\/2024\/12\/Diseno-sin-titulo-9.jpg","type":"","width":"","height":""}],"twitter_card":"summary_large_image","twitter_misc":{"Temps estimat de lectura":"4 minuts"},"schema":{"@context":"https:\/\/schema.org","@graph":[{"@type":"WebPage","@id":"https:\/\/olalon.com\/ca\/serveis\/agencia-de-disseny-grafic-i-branding-a-tarragona\/","url":"https:\/\/olalon.com\/ca\/serveis\/agencia-de-disseny-grafic-i-branding-a-tarragona\/","name":"Ag\u00e8ncia de disseny gr\u00e0fic i branding. Conceptualitzaci\u00f3 estrat\u00e8gica i creativitat al servei de marques amb personalitat magn\u00e8tica.","isPartOf":{"@id":"https:\/\/olalon.com\/ca\/#website"},"primaryImageOfPage":{"@id":"https:\/\/olalon.com\/ca\/serveis\/agencia-de-disseny-grafic-i-branding-a-tarragona\/#primaryimage"},"image":{"@id":"https:\/\/olalon.com\/ca\/serveis\/agencia-de-disseny-grafic-i-branding-a-tarragona\/#primaryimage"},"thumbnailUrl":"https:\/\/olalon.com\/wp-content\/uploads\/2024\/12\/Diseno-sin-titulo-9.jpg","datePublished":"2024-09-12T10:11:38+00:00","dateModified":"2025-07-19T06:11:14+00:00","description":"Ag\u00e8ncia de disseny gr\u00e0fic i branding amb gesti\u00f3 integral de projectes. Creem marques amb personalitat magn\u00e8tica.","breadcrumb":{"@id":"https:\/\/olalon.com\/ca\/serveis\/agencia-de-disseny-grafic-i-branding-a-tarragona\/#breadcrumb"},"inLanguage":"ca","potentialAction":[{"@type":"ReadAction","target":["https:\/\/olalon.com\/ca\/serveis\/agencia-de-disseny-grafic-i-branding-a-tarragona\/"]}]},{"@type":"ImageObject","inLanguage":"ca","@id":"https:\/\/olalon.com\/ca\/serveis\/agencia-de-disseny-grafic-i-branding-a-tarragona\/#primaryimage","url":"https:\/\/olalon.com\/wp-content\/uploads\/2024\/12\/Diseno-sin-titulo-9.jpg","contentUrl":"https:\/\/olalon.com\/wp-content\/uploads\/2024\/12\/Diseno-sin-titulo-9.jpg"},{"@type":"BreadcrumbList","@id":"https:\/\/olalon.com\/ca\/serveis\/agencia-de-disseny-grafic-i-branding-a-tarragona\/#breadcrumb","itemListElement":[{"@type":"ListItem","position":1,"name":"Portada","item":"https:\/\/olalon.com\/ca\/servicios\/diseno-y-desarrollo-web\/desarrollo-software-a-medida\/"},{"@type":"ListItem","position":2,"name":"Serveis","item":"https:\/\/olalon.com\/ca\/servicios\/diseno-y-desarrollo-web\/desarrollo-software-a-medida\/"},{"@type":"ListItem","position":3,"name":"Ag\u00e8ncia de Disseny Gr\u00e0fic i Branding a Tarragona"}]},{"@type":"WebSite","@id":"https:\/\/olalon.com\/ca\/#website","url":"https:\/\/olalon.com\/ca\/","name":"Olalon","description":"Agencia de Publicidad, Dise\u00f1o y Marketing Online","publisher":{"@id":"https:\/\/olalon.com\/ca\/#organization"},"potentialAction":[{"@type":"SearchAction","target":{"@type":"EntryPoint","urlTemplate":"https:\/\/olalon.com\/ca\/?s={search_term_string}"},"query-input":{"@type":"PropertyValueSpecification","valueRequired":true,"valueName":"search_term_string"}}],"inLanguage":"ca"},{"@type":"Organization","@id":"https:\/\/olalon.com\/ca\/#organization","name":"Olalon","url":"https:\/\/olalon.com\/ca\/","logo":{"@type":"ImageObject","inLanguage":"ca","@id":"https:\/\/olalon.com\/ca\/#\/schema\/logo\/image\/","url":"https:\/\/olalon.com\/wp-content\/uploads\/2025\/02\/Logo_Olalon-01.png","contentUrl":"https:\/\/olalon.com\/wp-content\/uploads\/2025\/02\/Logo_Olalon-01.png","width":2249,"height":989,"caption":"Olalon"},"image":{"@id":"https:\/\/olalon.com\/ca\/#\/schema\/logo\/image\/"},"sameAs":["https:\/\/www.instagram.com\/olalonstudio\/","https:\/\/www.youtube.com\/c\/olalonstudio","https:\/\/www.tiktok.com\/@olalonstudio"]}]}},"_links":{"self":[{"href":"https:\/\/olalon.com\/ca\/wp-json\/wp\/v2\/pages\/3649","targetHints":{"allow":["GET"]}}],"collection":[{"href":"https:\/\/olalon.com\/ca\/wp-json\/wp\/v2\/pages"}],"about":[{"href":"https:\/\/olalon.com\/ca\/wp-json\/wp\/v2\/types\/page"}],"author":[{"embeddable":true,"href":"https:\/\/olalon.com\/ca\/wp-json\/wp\/v2\/users\/3"}],"replies":[{"embeddable":true,"href":"https:\/\/olalon.com\/ca\/wp-json\/wp\/v2\/comments?post=3649"}],"version-history":[{"count":6,"href":"https:\/\/olalon.com\/ca\/wp-json\/wp\/v2\/pages\/3649\/revisions"}],"predecessor-version":[{"id":3898,"href":"https:\/\/olalon.com\/ca\/wp-json\/wp\/v2\/pages\/3649\/revisions\/3898"}],"up":[{"embeddable":true,"href":"https:\/\/olalon.com\/ca\/wp-json\/wp\/v2\/pages\/3767"}],"wp:attachment":[{"href":"https:\/\/olalon.com\/ca\/wp-json\/wp\/v2\/media?parent=3649"}],"curies":[{"name":"wp","href":"https:\/\/api.w.org\/{rel}","templated":true}]}}