{"id":3659,"date":"2024-09-06T05:07:02","date_gmt":"2024-09-06T03:07:02","guid":{"rendered":"https:\/\/olalon.com\/marqueting-en-linia\/"},"modified":"2025-07-19T07:28:38","modified_gmt":"2025-07-19T05:28:38","slug":"marqueting-en-linia","status":"publish","type":"page","link":"https:\/\/olalon.com\/ca\/serveis\/marqueting-en-linia\/","title":{"rendered":"M\u00e0rqueting en l\u00ednia"},"content":{"rendered":"\n<div class=\"wp-block-manifesto-gutenberg-container content-row dark-section normal\" data-bgcolor=\"#000000\" style=\"text-align:left\">\n<div class=\"wp-block-manifesto-gutenberg-clipped-image clipped-image-wrapper\"><div class=\"clipped-image-pin\"><div class=\"clipped-image\"><img decoding=\"async\" src=\"https:\/\/olalon.com\/wp-content\/uploads\/\" alt=\"\"\/><div class=\"content-video-wrapper\"><video class=\"bgvid\" loop muted playsinline><source src=\"https:\/\/olalon.com\/wp-content\/uploads\/2024\/11\/OLA-Manifesto-Banner-2-Marketing.webm\" type=\"video\/mp4\"\/><\/video><\/div><div class=\"clipped-image-gradient\"><\/div><\/div><\/div><div class=\"clipped-image-content content-full-width\">\n<div class=\"wp-block-manifesto-gutenberg-marquee-content marquee-text-wrapper\"><h2 class=\"marquee-text no-margins fw big-title\">\nESTRAT\u00c8GIA, <em>XARXES SOCIALS,<\/em> EMAIL M\u00c0RQUETING, <em>SEU<\/em>, &#8230;\n<\/h2><\/div>\n<\/div><\/div>\n<\/div>\n\n\n\n<div class=\"wp-block-manifesto-gutenberg-container content-row light-section normal row_padding_top row_padding_bottom change-header-color\" data-bgcolor=\"#ffffff\" style=\"text-align:left\">\n<div class=\"wp-block-columns is-layout-flex wp-container-core-columns-is-layout-1 wp-block-columns-is-layout-flex\">\n<div class=\"wp-block-column is-layout-flow wp-block-column-is-layout-flow\" style=\"flex-basis:100%\">\n<h2 class=\"wp-block-heading\">QU\u00c8 \u00c9S EXACTAMENT EL M\u00c0RQUETING EN L\u00cdNIA?<\/h2>\n\n\n\n<p>Encara que el <strong>M\u00e0rqueting en l\u00ednia<\/strong> \u00e9s tan vell com la pr\u00f2pia internet, la seva gran expansi\u00f3 va ser arran de l&#8217;adopci\u00f3 massiva de les xarxes socials i els tel\u00e8fons intel\u00b7ligents. Internet \u00e9s nom\u00e9s un canal m\u00e9s, per\u00f2 per la seva pr\u00f2pia naturalesa presenta unes gegantesques possibilitats i molts m\u00e9s matisos que la publicitat cl\u00e0ssica, amb algunes grans difer\u00e8ncies que podem aprofitar: <\/p>\n<\/div>\n<\/div>\n\n\n\n<ul class=\"wp-block-list\">\n<li> <mark>Campanyes molt m\u00e9s segmentades<\/mark> amb resultats molt m\u00e9s precisos gr\u00e0cies al big data.<\/li>\n\n\n\n<li><mark>Comunicaci\u00f3 \u00e9s bidireccional<\/mark>. Els clients tamb\u00e9 parlen a les marques i entre ells, i la conversa \u00e9s p\u00fablica. <\/li>\n\n\n\n<li> <mark>Multiformat<\/mark> (v\u00eddeo, foto, gif, grafismes, memes) i <mark>omnicanal<\/mark> (una campanya comen\u00e7a en un email, et persegueix en un b\u00e0ner llegint el peri\u00f2dic i finalment la veus en *Youtube).<\/li>\n\n\n\n<li><mark>M\u00e9s vers\u00e0til<\/mark>. Existeix un ventall infinit de t\u00e8cniques que podem aplicar segons l\u2019objectiu de les nostres campanyes. <\/li>\n\n\n\n<li><mark>M\u00e9s accessible<\/mark>. La fragmentaci\u00f3 i segmentaci\u00f3 del mitj\u00e0 redueix el cost dels impactes, fent-lo m\u00e9s accessible a marques m\u00e9s petites. <\/li>\n\n\n\n<li><mark>Trenca la barrera de la dist\u00e0ncia.<\/mark> La limitaci\u00f3 geogr\u00e0fica deixa d\u2019existir amb el comer\u00e7 electr\u00f2nic.  <\/li>\n<\/ul>\n\n\n\n<p>Malgrat aquestes possibilitats, la democratitzaci\u00f3 del sector fa cada vegada sigui m\u00e9s dif\u00edcil destacar. M\u00e9s opcions, m\u00e9s t\u00e8cniques, m\u00e9s canals, m\u00e9s continguts, m\u00e9s formats&#8230; Com gestionar tanta quantitat d&#8217;informaci\u00f3? Continua llegint, que et donem una idea.  <\/p>\n<\/div>\n\n\n\n<div class=\"wp-block-columns is-layout-flex wp-container-core-columns-is-layout-3 wp-block-columns-is-layout-flex\">\n<div class=\"wp-block-column is-layout-flow wp-block-column-is-layout-flow\" style=\"flex-basis:100%\">\n<div class=\"wp-block-manifesto-gutenberg-container content-row light-section normal row_padding_top row_padding_bottom change-header-color\" data-bgcolor=\"#eeeeee\" style=\"text-align:left\">\n<div class=\"wp-block-columns pinned-section is-layout-flex wp-container-core-columns-is-layout-2 wp-block-columns-is-layout-flex\">\n<div class=\"wp-block-column scrolling-element left is-layout-flow wp-block-column-is-layout-flow\">\n<iframe loading=\"lazy\" width=\"100%\" height=\"748\" src=\"https:\/\/www.youtube.com\/embed\/45nIvJRhgWk\" title=\"Per a qu\u00e8 serveix una ag\u00e8ncia de M\u00e0rqueting Online? | Olalon\" frameborder=\"0\" allow=\"accelerometer; autoplay; clipboard-write; encrypted-media; gyroscope; picture-in-picture; web-share\" referrerpolicy=\"strict-origin-when-cross-origin\" allowfullscreen=\"\"><\/iframe>\n<\/div>\n\n\n\n<div class=\"wp-block-column pinned-element right is-layout-flow wp-block-column-is-layout-flow\">\n<h2 class=\"wp-block-heading\">AG\u00c8NCIA DE M\u00c0RQUETING ONLINE INTEGRAL<\/h2>\n\n\n\n<p class=\"has-opacity\">El <mark>m\u00e0rqueting online<\/mark> \u00e9s tan vers\u00e0til com aclaparador, i per fer-lo b\u00e9 es requereixen professionals en m\u00faltiples disciplines (dissenyadors gr\u00e0fics, programadors, filmmakers, analistes, redactors, etc.).<\/p>\n\n\n\n<p class=\"has-opacity\">Una ag\u00e8ncia de m\u00e0rqueting online (com nosaltres, per exemple\u2026 \ud83d\ude0f) sol tenir tots aquests perfils, cosa que permet controlar tota l\u2019estrat\u00e8gia de m\u00e0rqueting de la teva empresa, des de l\u2019elaboraci\u00f3 de la mateixa fins a l\u2019an\u00e0lisi dels resultats, passant per la creativitat, el disseny, la gesti\u00f3 de perfils socials, etc.<\/p>\n\n\n\n<p class=\"has-opacity\">El potencial del m\u00e0rqueting online \u00e9s indiscutible, aix\u00ed que si la teva marca encara no t\u00e9 pres\u00e8ncia a les xarxes o creus que hauria d\u2019aprofitar-les m\u00e9s, pots comen\u00e7ar <a href=\"https:\/\/olalon.com\/ca\/contact\/\" data-type=\"page\" data-id=\"644\">clicant aqu\u00ed.<\/a><\/p>\n<\/div>\n<\/div>\n<\/div>\n<\/div>\n<\/div>\n\n\n\n<div class=\"wp-block-manifesto-gutenberg-container content-row dark-section full row_padding_top row_padding_bottom\" data-bgcolor=\"transparent\" style=\"text-align:left\">\n<h2 class=\"wp-block-heading has-text-align-center\">Alguns projectes de m\u00e0rqueting digital<\/h2>\n\n\n\n<!-- Showcase List Holder --><div id=\"itemsWrapperLinks\"><!-- Showcase List --><div id=\"itemsWrapper\" class=\"webgl-fitthumbs fx-seven\"><!-- ClaPat Portfolio --><div class=\"showcase-portfolio layout-three\"><div class=\"clapat-item marqueting-en-linia publicitat web proyectos-web \"><div class=\"slide-inner trigger-item\" data-centerLine=\"ABRIR\"><div class=\"img-mask\"><a class=\"slide-link\" data-type=\"page-transition\" href=\"https:\/\/olalon.com\/ca\/manifesto_portfolio\/pronautic-2\/\"><\/a><div class=\"section-image trigger-item-link\"><img decoding=\"async\" src=\"https:\/\/olalon.com\/wp-content\/uploads\/2025\/09\/NATU-Branding-2-42_resultat-scaled.webp\" class=\"item-image grid__item-img\" alt=\"\"><\/div><img decoding=\"async\" class=\"grid__item-img grid__item-img--large\" src=\"https:\/\/olalon.com\/wp-content\/uploads\/2025\/09\/NATU-Branding-2-42_resultat-scaled.webp\" alt=\"\" \/><\/div><div class=\"slide-caption trigger-item-link-secondary\"><div class=\"slide-title\"><span><em>Pronautic<\/em><\/span><\/div><div class=\"slide-date\"><span>2023<\/span><\/div><div class=\"slide-cat\"><span>M\u00e0rqueting en l\u00ednia, Publicitat, web, Web<\/span><\/div><div class=\"slide-icon\"><i class=\"arrow-icon-down\"><\/i><\/div><\/div><\/div><\/div><div class=\"clapat-item marqueting-en-linia web \"><div class=\"slide-inner trigger-item\" data-centerLine=\"ABRIR\"><div class=\"img-mask\"><a class=\"slide-link\" data-type=\"page-transition\" href=\"https:\/\/olalon.com\/ca\/manifesto_portfolio\/grafiques-beyco-2\/\"><\/a><div class=\"section-image trigger-item-link\"><img decoding=\"async\" src=\"https:\/\/olalon.com\/wp-content\/uploads\/2025\/08\/OLA-GRAFISMES-WEB-OLALON_resultat.webp\" class=\"item-image grid__item-img\" alt=\"finques segarra marketing de contenidos inmobiliaria\"><\/div><img decoding=\"async\" class=\"grid__item-img grid__item-img--large\" src=\"https:\/\/olalon.com\/wp-content\/uploads\/2025\/08\/OLA-GRAFISMES-WEB-OLALON_resultat.webp\" alt=\"finques segarra marketing de contenidos inmobiliaria\" \/><\/div><div class=\"slide-caption trigger-item-link-secondary\"><div class=\"slide-title\"><span>Gr\u00e0fiques <em>Beyco<\/em> <\/span><\/div><div class=\"slide-date\"><span>2024<\/span><\/div><div class=\"slide-cat\"><span>M\u00e0rqueting en l\u00ednia, web<\/span><\/div><div class=\"slide-icon\"><i class=\"arrow-icon-down\"><\/i><\/div><\/div><\/div><\/div><div class=\"clapat-item marqueting-en-linia web \"><div class=\"slide-inner trigger-item\" data-centerLine=\"ABRIR\"><div class=\"img-mask\"><a class=\"slide-link\" data-type=\"page-transition\" href=\"https:\/\/olalon.com\/ca\/manifesto_portfolio\/continguts-xarxes-socials-clinica-estetica\/\"><\/a><div class=\"section-image trigger-item-link\"><img decoding=\"async\" src=\"https:\/\/olalon.com\/wp-content\/uploads\/2025\/08\/Post-2-41_resultat.webp\" class=\"item-image grid__item-img\" alt=\"Consulta cl\u00ednica Rigo | Olalon\"><\/div><img decoding=\"async\" class=\"grid__item-img grid__item-img--large\" src=\"https:\/\/olalon.com\/wp-content\/uploads\/2025\/08\/Post-2-41_resultat.webp\" alt=\"Consulta cl\u00ednica Rigo | Olalon\" \/><\/div><div class=\"slide-caption trigger-item-link-secondary\"><div class=\"slide-title\"><span><em>Cl\u00ednica<\/em> Rigo<\/span><\/div><div class=\"slide-date\"><span>2025<\/span><\/div><div class=\"slide-cat\"><span>M\u00e0rqueting en l\u00ednia, web<\/span><\/div><div class=\"slide-icon\"><i class=\"arrow-icon-down\"><\/i><\/div><\/div><\/div><\/div><div class=\"clapat-item marqueting-en-linia web \"><div class=\"slide-inner trigger-item\" data-centerLine=\"ABRIR\"><div class=\"img-mask\"><a class=\"slide-link\" data-type=\"page-transition\" href=\"https:\/\/olalon.com\/ca\/manifesto_portfolio\/delfa-seguretat\/\"><\/a><div class=\"section-image trigger-item-link\"><img decoding=\"async\" src=\"https:\/\/olalon.com\/wp-content\/uploads\/2025\/04\/web-olalon-delfa_resultat.webp\" class=\"item-image grid__item-img\" alt=\"\"><\/div><img decoding=\"async\" class=\"grid__item-img grid__item-img--large\" src=\"https:\/\/olalon.com\/wp-content\/uploads\/2025\/04\/web-olalon-delfa_resultat.webp\" alt=\"\" \/><\/div><div class=\"slide-caption trigger-item-link-secondary\"><div class=\"slide-title\"><span><em>DELFA<\/em> SEGURETAT<\/span><\/div><div class=\"slide-date\"><span>2024<\/span><\/div><div class=\"slide-cat\"><span>M\u00e0rqueting en l\u00ednia, web<\/span><\/div><div class=\"slide-icon\"><i class=\"arrow-icon-down\"><\/i><\/div><\/div><\/div><\/div><\/div><!--\/Clapat Portfolio--><\/div><!--\/Showcase List--><\/div><!--\/Showcase List Holder-->\n<\/div>\n\n\n\n<p><\/p>\n\n\n\n<div class=\"wp-block-manifesto-gutenberg-container content-row light-section normal\" data-bgcolor=\"#ffffff\" style=\"text-align:left\">\n<div class=\"wp-block-manifesto-gutenberg-list-rotator list-rotator-wrapper\"><div class=\"list-rotator-title has-mask-fill\">T\u2019AJUDEM EN&#8230;<\/div><div class=\"list-rotator-height\"><div class=\"list-rotator-pin\"><ul class=\"list-rotator\">\n<li class=\"wp-block-manifesto-gutenberg-list-rotator-item\">\n<a href=\"https:\/\/olalon.com\/ca\/serveis\/marqueting-en-linia\/estrategia-de-seo\/\">SEO<\/a>\n<\/li>\n\n\n\n<li class=\"wp-block-manifesto-gutenberg-list-rotator-item\">\n<a href=\"https:\/\/olalon.com\/ca\/serveis\/marqueting-en-linia\/estrategia-de-xarxes-socials\/\">Social media<\/a>\n<\/li>\n\n\n\n<li class=\"wp-block-manifesto-gutenberg-list-rotator-item\">\n<a href=\"https:\/\/olalon.com\/ca\/serveis\/marqueting-en-linia\/marketing-de-continguts\/\">M\u00e0rqueting de continguts<\/a>\n<\/li>\n\n\n\n<li class=\"wp-block-manifesto-gutenberg-list-rotator-item\">\n<a href=\"https:\/\/olalon.com\/ca\/serveis\/marqueting-en-linia\/campanya-demail-marketing\/\">Email <em>m\u00e0rqueting<\/em><\/a>\n<\/li>\n\n\n\n<li class=\"wp-block-manifesto-gutenberg-list-rotator-item\">\n<a href=\"https:\/\/olalon.com\/ca\/serveis\/marqueting-en-linia\/consultoria-de-marqueting\/\">Consultoria <em>de m\u00e0rqueting<\/em><\/a>\n<\/li>\n\n\n\n<li class=\"wp-block-manifesto-gutenberg-list-rotator-item\">\n<a href=\"https:\/\/olalon.com\/ca\/serveis\/marqueting-en-linia\/copywriting\/\">Copywriting<\/a>\n<\/li>\n\n\n\n<li class=\"wp-block-manifesto-gutenberg-list-rotator-item\">\n<a href=\"https:\/\/olalon.com\/ca\/serveis\/outsourcing-de-marketing\">Outsourcing <em>de m\u00e0rqueting<\/em><\/a>\n<\/li>\n\n\n\n<li class=\"wp-block-manifesto-gutenberg-list-rotator-item\">\n<a href=\"https:\/\/olalon.com\/ca\/serveis\/marqueting-en-linia\/estrategia-de-marqueting-digital\/\">Estrat\u00e8gia <em>de m\u00e0rqueting digital<\/em><\/a>\n<\/li>\n\n\n\n<li class=\"wp-block-manifesto-gutenberg-list-rotator-item\">\n<a href=\"https:\/\/olalon.com\/ca\/serveis\/marqueting-en-linia\/campanya-demail-marketing\">Campanyes <em>de publicitat<\/em><\/a>\n<\/li>\n\n\n\n<li class=\"wp-block-manifesto-gutenberg-list-rotator-item\">\n<a href=\"https:\/\/olalon.com\/ca\/serveis\/marqueting-en-linia\/campanyes-de-google-ads\/\">Paid media <em>(Google Ads, Social Ads, etc.)<\/em><\/a>\n<\/li>\n<\/ul><\/div><\/div><\/div>\n<\/div>\n","protected":false},"excerpt":{"rendered":"","protected":false},"author":1,"featured_media":0,"parent":3767,"menu_order":0,"comment_status":"closed","ping_status":"closed","template":"","meta":{"_acf_changed":false,"_joinchat":[],"footnotes":""},"class_list":["post-3659","page","type-page","status-publish","hentry"],"acf":[],"yoast_head":"<!-- This site is optimized with the Yoast SEO plugin v25.4 - https:\/\/yoast.com\/wordpress\/plugins\/seo\/ -->\n<title>Ag\u00e8ncia de m\u00e0rqueting online | Olalon<\/title>\n<meta name=\"description\" content=\"Ag\u00e8ncia de m\u00e0rqueting online integral. Acompanyem les marques per aconseguir els seus objectius i posicionar-se online en qualsevol canal o format.\" \/>\n<meta name=\"robots\" content=\"index, follow, max-snippet:-1, max-image-preview:large, max-video-preview:-1\" \/>\n<link rel=\"canonical\" href=\"https:\/\/olalon.com\/ca\/serveis\/marqueting-en-linia\/\" \/>\n<meta property=\"og:locale\" content=\"ca_ES\" \/>\n<meta property=\"og:type\" content=\"article\" \/>\n<meta property=\"og:title\" content=\"Ag\u00e8ncia de m\u00e0rqueting online | Olalon\" \/>\n<meta property=\"og:description\" content=\"Ag\u00e8ncia de m\u00e0rqueting online integral. Acompanyem les marques per aconseguir els seus objectius i posicionar-se online en qualsevol canal o format.\" \/>\n<meta property=\"og:url\" content=\"https:\/\/olalon.com\/ca\/serveis\/marqueting-en-linia\/\" \/>\n<meta property=\"og:site_name\" content=\"Olalon\" \/>\n<meta property=\"article:modified_time\" content=\"2025-07-19T05:28:38+00:00\" \/>\n<meta property=\"og:image\" content=\"https:\/\/olalon.com\/wp-content\/uploads\/\" \/>\n<meta name=\"twitter:card\" content=\"summary_large_image\" \/>\n<meta name=\"twitter:label1\" content=\"Temps estimat de lectura\" \/>\n\t<meta name=\"twitter:data1\" content=\"4 minuts\" \/>\n<script type=\"application\/ld+json\" class=\"yoast-schema-graph\">{\"@context\":\"https:\/\/schema.org\",\"@graph\":[{\"@type\":\"WebPage\",\"@id\":\"https:\/\/olalon.com\/ca\/serveis\/marqueting-en-linia\/\",\"url\":\"https:\/\/olalon.com\/ca\/serveis\/marqueting-en-linia\/\",\"name\":\"Ag\u00e8ncia de m\u00e0rqueting online | Olalon\",\"isPartOf\":{\"@id\":\"https:\/\/olalon.com\/ca\/#website\"},\"primaryImageOfPage\":{\"@id\":\"https:\/\/olalon.com\/ca\/serveis\/marqueting-en-linia\/#primaryimage\"},\"image\":{\"@id\":\"https:\/\/olalon.com\/ca\/serveis\/marqueting-en-linia\/#primaryimage\"},\"thumbnailUrl\":\"https:\/\/olalon.com\/wp-content\/uploads\/\",\"datePublished\":\"2024-09-06T03:07:02+00:00\",\"dateModified\":\"2025-07-19T05:28:38+00:00\",\"description\":\"Ag\u00e8ncia de m\u00e0rqueting online integral. Acompanyem les marques per aconseguir els seus objectius i posicionar-se online en qualsevol canal o format.\",\"breadcrumb\":{\"@id\":\"https:\/\/olalon.com\/ca\/serveis\/marqueting-en-linia\/#breadcrumb\"},\"inLanguage\":\"ca\",\"potentialAction\":[{\"@type\":\"ReadAction\",\"target\":[\"https:\/\/olalon.com\/ca\/serveis\/marqueting-en-linia\/\"]}]},{\"@type\":\"ImageObject\",\"inLanguage\":\"ca\",\"@id\":\"https:\/\/olalon.com\/ca\/serveis\/marqueting-en-linia\/#primaryimage\",\"url\":\"https:\/\/olalon.com\/wp-content\/uploads\/\",\"contentUrl\":\"https:\/\/olalon.com\/wp-content\/uploads\/\"},{\"@type\":\"BreadcrumbList\",\"@id\":\"https:\/\/olalon.com\/ca\/serveis\/marqueting-en-linia\/#breadcrumb\",\"itemListElement\":[{\"@type\":\"ListItem\",\"position\":1,\"name\":\"Portada\",\"item\":\"https:\/\/olalon.com\/ca\/servicios\/diseno-y-desarrollo-web\/desarrollo-software-a-medida\/\"},{\"@type\":\"ListItem\",\"position\":2,\"name\":\"Serveis\",\"item\":\"https:\/\/olalon.com\/ca\/servicios\/diseno-y-desarrollo-web\/desarrollo-software-a-medida\/\"},{\"@type\":\"ListItem\",\"position\":3,\"name\":\"M\u00e0rqueting en l\u00ednia\"}]},{\"@type\":\"WebSite\",\"@id\":\"https:\/\/olalon.com\/ca\/#website\",\"url\":\"https:\/\/olalon.com\/ca\/\",\"name\":\"Olalon\",\"description\":\"Agencia de Publicidad, Dise\u00f1o y Marketing Online\",\"publisher\":{\"@id\":\"https:\/\/olalon.com\/ca\/#organization\"},\"potentialAction\":[{\"@type\":\"SearchAction\",\"target\":{\"@type\":\"EntryPoint\",\"urlTemplate\":\"https:\/\/olalon.com\/ca\/?s={search_term_string}\"},\"query-input\":{\"@type\":\"PropertyValueSpecification\",\"valueRequired\":true,\"valueName\":\"search_term_string\"}}],\"inLanguage\":\"ca\"},{\"@type\":\"Organization\",\"@id\":\"https:\/\/olalon.com\/ca\/#organization\",\"name\":\"Olalon\",\"url\":\"https:\/\/olalon.com\/ca\/\",\"logo\":{\"@type\":\"ImageObject\",\"inLanguage\":\"ca\",\"@id\":\"https:\/\/olalon.com\/ca\/#\/schema\/logo\/image\/\",\"url\":\"https:\/\/olalon.com\/wp-content\/uploads\/2025\/02\/Logo_Olalon-01.png\",\"contentUrl\":\"https:\/\/olalon.com\/wp-content\/uploads\/2025\/02\/Logo_Olalon-01.png\",\"width\":2249,\"height\":989,\"caption\":\"Olalon\"},\"image\":{\"@id\":\"https:\/\/olalon.com\/ca\/#\/schema\/logo\/image\/\"},\"sameAs\":[\"https:\/\/www.instagram.com\/olalonstudio\/\",\"https:\/\/www.youtube.com\/c\/olalonstudio\",\"https:\/\/www.tiktok.com\/@olalonstudio\"]}]}<\/script>\n<!-- \/ Yoast SEO plugin. -->","yoast_head_json":{"title":"Ag\u00e8ncia de m\u00e0rqueting online | Olalon","description":"Ag\u00e8ncia de m\u00e0rqueting online integral. Acompanyem les marques per aconseguir els seus objectius i posicionar-se online en qualsevol canal o format.","robots":{"index":"index","follow":"follow","max-snippet":"max-snippet:-1","max-image-preview":"max-image-preview:large","max-video-preview":"max-video-preview:-1"},"canonical":"https:\/\/olalon.com\/ca\/serveis\/marqueting-en-linia\/","og_locale":"ca_ES","og_type":"article","og_title":"Ag\u00e8ncia de m\u00e0rqueting online | Olalon","og_description":"Ag\u00e8ncia de m\u00e0rqueting online integral. Acompanyem les marques per aconseguir els seus objectius i posicionar-se online en qualsevol canal o format.","og_url":"https:\/\/olalon.com\/ca\/serveis\/marqueting-en-linia\/","og_site_name":"Olalon","article_modified_time":"2025-07-19T05:28:38+00:00","og_image":[{"url":"https:\/\/olalon.com\/wp-content\/uploads\/","type":"","width":"","height":""}],"twitter_card":"summary_large_image","twitter_misc":{"Temps estimat de lectura":"4 minuts"},"schema":{"@context":"https:\/\/schema.org","@graph":[{"@type":"WebPage","@id":"https:\/\/olalon.com\/ca\/serveis\/marqueting-en-linia\/","url":"https:\/\/olalon.com\/ca\/serveis\/marqueting-en-linia\/","name":"Ag\u00e8ncia de m\u00e0rqueting online | Olalon","isPartOf":{"@id":"https:\/\/olalon.com\/ca\/#website"},"primaryImageOfPage":{"@id":"https:\/\/olalon.com\/ca\/serveis\/marqueting-en-linia\/#primaryimage"},"image":{"@id":"https:\/\/olalon.com\/ca\/serveis\/marqueting-en-linia\/#primaryimage"},"thumbnailUrl":"https:\/\/olalon.com\/wp-content\/uploads\/","datePublished":"2024-09-06T03:07:02+00:00","dateModified":"2025-07-19T05:28:38+00:00","description":"Ag\u00e8ncia de m\u00e0rqueting online integral. Acompanyem les marques per aconseguir els seus objectius i posicionar-se online en qualsevol canal o format.","breadcrumb":{"@id":"https:\/\/olalon.com\/ca\/serveis\/marqueting-en-linia\/#breadcrumb"},"inLanguage":"ca","potentialAction":[{"@type":"ReadAction","target":["https:\/\/olalon.com\/ca\/serveis\/marqueting-en-linia\/"]}]},{"@type":"ImageObject","inLanguage":"ca","@id":"https:\/\/olalon.com\/ca\/serveis\/marqueting-en-linia\/#primaryimage","url":"https:\/\/olalon.com\/wp-content\/uploads\/","contentUrl":"https:\/\/olalon.com\/wp-content\/uploads\/"},{"@type":"BreadcrumbList","@id":"https:\/\/olalon.com\/ca\/serveis\/marqueting-en-linia\/#breadcrumb","itemListElement":[{"@type":"ListItem","position":1,"name":"Portada","item":"https:\/\/olalon.com\/ca\/servicios\/diseno-y-desarrollo-web\/desarrollo-software-a-medida\/"},{"@type":"ListItem","position":2,"name":"Serveis","item":"https:\/\/olalon.com\/ca\/servicios\/diseno-y-desarrollo-web\/desarrollo-software-a-medida\/"},{"@type":"ListItem","position":3,"name":"M\u00e0rqueting en l\u00ednia"}]},{"@type":"WebSite","@id":"https:\/\/olalon.com\/ca\/#website","url":"https:\/\/olalon.com\/ca\/","name":"Olalon","description":"Agencia de Publicidad, Dise\u00f1o y Marketing Online","publisher":{"@id":"https:\/\/olalon.com\/ca\/#organization"},"potentialAction":[{"@type":"SearchAction","target":{"@type":"EntryPoint","urlTemplate":"https:\/\/olalon.com\/ca\/?s={search_term_string}"},"query-input":{"@type":"PropertyValueSpecification","valueRequired":true,"valueName":"search_term_string"}}],"inLanguage":"ca"},{"@type":"Organization","@id":"https:\/\/olalon.com\/ca\/#organization","name":"Olalon","url":"https:\/\/olalon.com\/ca\/","logo":{"@type":"ImageObject","inLanguage":"ca","@id":"https:\/\/olalon.com\/ca\/#\/schema\/logo\/image\/","url":"https:\/\/olalon.com\/wp-content\/uploads\/2025\/02\/Logo_Olalon-01.png","contentUrl":"https:\/\/olalon.com\/wp-content\/uploads\/2025\/02\/Logo_Olalon-01.png","width":2249,"height":989,"caption":"Olalon"},"image":{"@id":"https:\/\/olalon.com\/ca\/#\/schema\/logo\/image\/"},"sameAs":["https:\/\/www.instagram.com\/olalonstudio\/","https:\/\/www.youtube.com\/c\/olalonstudio","https:\/\/www.tiktok.com\/@olalonstudio"]}]}},"_links":{"self":[{"href":"https:\/\/olalon.com\/ca\/wp-json\/wp\/v2\/pages\/3659","targetHints":{"allow":["GET"]}}],"collection":[{"href":"https:\/\/olalon.com\/ca\/wp-json\/wp\/v2\/pages"}],"about":[{"href":"https:\/\/olalon.com\/ca\/wp-json\/wp\/v2\/types\/page"}],"author":[{"embeddable":true,"href":"https:\/\/olalon.com\/ca\/wp-json\/wp\/v2\/users\/1"}],"replies":[{"embeddable":true,"href":"https:\/\/olalon.com\/ca\/wp-json\/wp\/v2\/comments?post=3659"}],"version-history":[{"count":7,"href":"https:\/\/olalon.com\/ca\/wp-json\/wp\/v2\/pages\/3659\/revisions"}],"predecessor-version":[{"id":3919,"href":"https:\/\/olalon.com\/ca\/wp-json\/wp\/v2\/pages\/3659\/revisions\/3919"}],"up":[{"embeddable":true,"href":"https:\/\/olalon.com\/ca\/wp-json\/wp\/v2\/pages\/3767"}],"wp:attachment":[{"href":"https:\/\/olalon.com\/ca\/wp-json\/wp\/v2\/media?parent=3659"}],"curies":[{"name":"wp","href":"https:\/\/api.w.org\/{rel}","templated":true}]}}