{"id":3764,"date":"2024-09-20T03:23:44","date_gmt":"2024-09-20T01:23:44","guid":{"rendered":"https:\/\/olalon.com\/kit-digital\/"},"modified":"2025-09-06T09:05:53","modified_gmt":"2025-09-06T07:05:53","slug":"kit-digital","status":"publish","type":"page","link":"https:\/\/olalon.com\/ca\/kit-digital\/","title":{"rendered":"Kit Digital"},"content":{"rendered":"\n<div class=\"wp-block-manifesto-gutenberg-container content-row dark-section normal\" data-bgcolor=\"#000000\" style=\"text-align:left\">\n<div class=\"wp-block-manifesto-gutenberg-clipped-image clipped-image-wrapper\"><div class=\"clipped-image-pin\"><div class=\"clipped-image\"><img decoding=\"async\" src=\"https:\/\/olalon.com\/wp-content\/uploads\/2024\/09\/olalon-kit-digital.webp\" alt=\"\"\/><div class=\"clipped-image-gradient\"><\/div><\/div><\/div><div class=\"clipped-image-content content-full-width\">\n<div class=\"wp-block-manifesto-gutenberg-marquee-content marquee-text-wrapper\"><h2 class=\"marquee-text no-margins fw\">\n<em>KIT DIGITAL.<\/em> M\u00c0RQUETING PER AL TEU NEGOCI.\n<\/h2><\/div>\n<\/div><\/div>\n<\/div>\n\n<div class=\"wp-block-manifesto-gutenberg-container content-row dark-section normal row_padding_top change-header-color\" data-bgcolor=\"#ffffff\" style=\"text-align:left\">\n<p class=\"has-opacity\">Aprofita la convocat\u00f2ria d\u2019ajudes del <strong>programa Kit Digital<\/strong> gr\u00e0cies als fons europeus <em>Next Generation EU<\/em> dins del Pla de Recuperaci\u00f3, Transformaci\u00f3 i Resili\u00e8ncia. Segueix baixant per saber-ne m\u00e9s.<\/p>\n\n\n\n<h2 class=\"wp-block-heading big-title no-margins has-black-color has-text-color has-link-color has-large-font-size wp-elements-c95e864b5c6fe2228bb5829d5d8d2b75\">Fins a 12.000 \u20ac<\/h2>\n\n\n\n<p class=\"has-opacity\">Aconsegueix <strong>fins a 12.000 \u20ac per digitalitzar el teu negoci amb el programa Kit Digital<\/strong>. Si ets una pime o una microempresa, pots acollir-te a la subvenci\u00f3 i fer el salt digital de la m\u00e0 d\u2019Olalon.<\/p>\n\n\n\n<hr class=\"wp-block-manifesto-gutenberg-animated-line animated-line has-animation\">\n<\/div>\n\n<div class=\"wp-block-columns is-layout-flex wp-container-core-columns-is-layout-4 wp-block-columns-is-layout-flex\">\n<div class=\"wp-block-column is-layout-flow wp-block-column-is-layout-flow\" style=\"flex-basis:100%\">\n<div class=\"wp-block-manifesto-gutenberg-container content-row dark-section normal row_padding_top row_padding_bottom\" data-bgcolor=\"#000000\" style=\"text-align:left\">\n<h2 class=\"wp-block-heading\">Solucions i categories<\/h2>\n\n\n\n<div class=\"wp-block-columns is-layout-flex wp-container-core-columns-is-layout-1 wp-block-columns-is-layout-flex\">\n<div class=\"wp-block-column is-layout-flow wp-block-column-is-layout-flow\">\n<h5 class=\"wp-block-heading\">GESTI\u00d3 DE XARXES SOCIALS<\/h5>\n\n\n\n<p><em>Fins a 2.500 \u20ac subvencionables<\/em><\/p>\n\n\n\n<ul class=\"wp-block-list\">\n<li>Pla de xarxes socials.<\/li>\n\n\n\n<li>Monitoritzaci\u00f3 de xarxes socials.<\/li>\n\n\n\n<li>Optimitzaci\u00f3 de la xarxa\/Auditoria de Xarxes Socials.<\/li>\n\n\n\n<li>Gesti\u00f3 d&#8217;una xarxa social.<\/li>\n\n\n\n<li>Publicaci\u00f3 de publicacions setmanals.<\/li>\n<\/ul>\n<\/div>\n\n\n\n<div class=\"wp-block-column is-layout-flow wp-block-column-is-layout-flow\">\n<h5 class=\"wp-block-heading\">LLLOC WEB I PRES\u00c8NCIA B\u00c0SICA A INTERNET<\/h5>\n\n\n\n<p><em>Fins a 2.500 \u20ac subvencionables<\/em><\/p>\n\n\n\n<ul class=\"wp-block-list\">\n<li>Domini i allotjament.<\/li>\n\n\n\n<li>Disseny de la p\u00e0gina web responsive autogestionable.<\/li>\n\n\n\n<li>Optimitzaci\u00f3 SEO b\u00e0sica.<\/li>\n\n\n\n<li>Possibilitat d\u2019incorporaci\u00f3 d\u2019elements avan\u00e7ats o vinculaci\u00f3 amb eines digitals segons conveni\u00e8ncia.<\/li>\n\n\n\n<li>Multiidioma.<\/li>\n<\/ul>\n<\/div>\n<\/div>\n\n\n\n<div style=\"height:20px\" aria-hidden=\"true\" class=\"wp-block-spacer\"><\/div>\n\n\n\n<div class=\"wp-block-columns is-layout-flex wp-container-core-columns-is-layout-2 wp-block-columns-is-layout-flex\">\n<div class=\"wp-block-column is-layout-flow wp-block-column-is-layout-flow\">\n<h5 class=\"wp-block-heading\">PRES\u00c8NCIA AVAN\u00c7ADA A INTERNET<\/h5>\n\n\n\n<p><em>Fins a 2.000 \u20ac subvencionables<\/em><\/p>\n\n\n\n<ul class=\"wp-block-list\">\n<li>Posicionament i pres\u00e8ncia en l\u00ednia b\u00e0sica (Google My Business i directoris d\u2019empreses).<\/li>\n\n\n\n<li>Informe de paraules clau comparades amb la compet\u00e8ncia.<\/li>\n\n\n\n<li>Accions SEO on page i off page.<\/li>\n\n\n\n<li>Monitoritzaci\u00f3 i seguiment mensual.<\/li>\n<\/ul>\n<\/div>\n\n\n\n<div class=\"wp-block-column is-layout-flow wp-block-column-is-layout-flow\">\n<h5 class=\"wp-block-heading\">CREACI\u00d3 DE BOTIGA ONLINE (ECOMMERCE)<\/h5>\n\n\n\n<p><em>Fins a 2.000 \u20ac subvencionables<\/em><\/p>\n\n\n\n<ul class=\"wp-block-list\">\n<li>Creaci\u00f3 de botiga online o E-Commerce autogestionable.<\/li>\n\n\n\n<li>M\u00e8todes de pagament i quadres d\u2019enviament.<\/li>\n\n\n\n<li>Incorporaci\u00f3 de cat\u00e0leg de productes i categoritzaci\u00f3 dels mateixos.<\/li>\n\n\n\n<li>Incorporaci\u00f3 de m\u00e8todes de pagament i taules d\u2019enviament segons conveni\u00e8ncia.<\/li>\n\n\n\n<li>Optimitzaci\u00f3 SEO b\u00e0sica.<\/li>\n<\/ul>\n<\/div>\n<\/div>\n\n\n\n<div class=\"button-box has-animation \" data-delay=\"0\"><div class=\"clapat-button-wrap parallax-wrap hide-ball\"><div class=\"clapat-button parallax-element\"><div class=\"button-border parallax-element-second rounded\"><a class=\"\" href=\"\/contact\" target=\"_blank\"><span data-hover=\"M&#8217;interessa\">M&#8217;interessa<\/span><\/a><\/div><\/div><\/div><\/div>\n<\/div>\n\n\n\n<div class=\"wp-block-columns is-layout-flex wp-container-core-columns-is-layout-3 wp-block-columns-is-layout-flex\">\n<div class=\"wp-block-column is-layout-flow wp-block-column-is-layout-flow\" style=\"flex-basis:100%\"><\/div>\n<\/div>\n<\/div>\n<\/div>\n\n<div class=\"wp-block-manifesto-gutenberg-container content-row light-section normal row_padding_top row_padding_bottom change-header-color\" data-bgcolor=\"#ffffff\" style=\"text-align:left\">\n<figure class=\"wp-block-image size-full\"><img loading=\"lazy\" decoding=\"async\" width=\"2560\" height=\"239\" src=\"https:\/\/olalon.com\/wp-content\/uploads\/2024\/09\/CONBANDERA_KITDIGITAL-scaled.webp\" alt=\"\" class=\"wp-image-1281\" srcset=\"https:\/\/olalon.com\/wp-content\/uploads\/2024\/09\/CONBANDERA_KITDIGITAL-scaled.webp 2560w, https:\/\/olalon.com\/wp-content\/uploads\/2024\/09\/CONBANDERA_KITDIGITAL-300x28.webp 300w, https:\/\/olalon.com\/wp-content\/uploads\/2024\/09\/CONBANDERA_KITDIGITAL-1024x95.webp 1024w, https:\/\/olalon.com\/wp-content\/uploads\/2024\/09\/CONBANDERA_KITDIGITAL-768x72.webp 768w, https:\/\/olalon.com\/wp-content\/uploads\/2024\/09\/CONBANDERA_KITDIGITAL-1536x143.webp 1536w, https:\/\/olalon.com\/wp-content\/uploads\/2024\/09\/CONBANDERA_KITDIGITAL-2048x191.webp 2048w\" sizes=\"auto, (max-width: 2560px) 100vw, 2560px\" \/><\/figure>\n<\/div>\n","protected":false},"excerpt":{"rendered":"","protected":false},"author":2,"featured_media":0,"parent":0,"menu_order":0,"comment_status":"closed","ping_status":"closed","template":"","meta":{"_acf_changed":false,"_joinchat":[],"footnotes":""},"class_list":["post-3764","page","type-page","status-publish","hentry"],"acf":[],"yoast_head":"<!-- This site is optimized with the Yoast SEO plugin v25.4 - https:\/\/yoast.com\/wordpress\/plugins\/seo\/ -->\n<title>Servei Kit Digital | Olalon<\/title>\n<meta name=\"description\" content=\"Sol\u00b7licita amb nosaltres el Kit Digital per obtenir el bo destinat a la digitalitzaci\u00f3 de la teva empresa.\" \/>\n<meta name=\"robots\" content=\"index, follow, max-snippet:-1, max-image-preview:large, max-video-preview:-1\" \/>\n<link rel=\"canonical\" href=\"https:\/\/olalon.com\/ca\/kit-digital\/\" \/>\n<meta property=\"og:locale\" content=\"ca_ES\" \/>\n<meta property=\"og:type\" content=\"article\" \/>\n<meta property=\"og:title\" content=\"Servei Kit Digital | Olalon\" \/>\n<meta property=\"og:description\" content=\"Sol\u00b7licita amb nosaltres el Kit Digital per obtenir el bo destinat a la digitalitzaci\u00f3 de la teva empresa.\" \/>\n<meta property=\"og:url\" content=\"https:\/\/olalon.com\/ca\/kit-digital\/\" \/>\n<meta property=\"og:site_name\" content=\"Olalon\" \/>\n<meta property=\"article:modified_time\" content=\"2025-09-06T07:05:53+00:00\" \/>\n<meta property=\"og:image\" content=\"https:\/\/olalon.com\/wp-content\/uploads\/2024\/09\/olalon-kit-digital.webp\" \/>\n<meta name=\"twitter:card\" content=\"summary_large_image\" \/>\n<meta name=\"twitter:label1\" content=\"Temps estimat de lectura\" \/>\n\t<meta name=\"twitter:data1\" content=\"1 minut\" \/>\n<script type=\"application\/ld+json\" class=\"yoast-schema-graph\">{\"@context\":\"https:\/\/schema.org\",\"@graph\":[{\"@type\":\"WebPage\",\"@id\":\"https:\/\/olalon.com\/ca\/kit-digital\/\",\"url\":\"https:\/\/olalon.com\/ca\/kit-digital\/\",\"name\":\"Servei Kit Digital | Olalon\",\"isPartOf\":{\"@id\":\"https:\/\/olalon.com\/ca\/#website\"},\"primaryImageOfPage\":{\"@id\":\"https:\/\/olalon.com\/ca\/kit-digital\/#primaryimage\"},\"image\":{\"@id\":\"https:\/\/olalon.com\/ca\/kit-digital\/#primaryimage\"},\"thumbnailUrl\":\"https:\/\/olalon.com\/wp-content\/uploads\/2024\/09\/olalon-kit-digital.webp\",\"datePublished\":\"2024-09-20T01:23:44+00:00\",\"dateModified\":\"2025-09-06T07:05:53+00:00\",\"description\":\"Sol\u00b7licita amb nosaltres el Kit Digital per obtenir el bo destinat a la digitalitzaci\u00f3 de la teva empresa.\",\"breadcrumb\":{\"@id\":\"https:\/\/olalon.com\/ca\/kit-digital\/#breadcrumb\"},\"inLanguage\":\"ca\",\"potentialAction\":[{\"@type\":\"ReadAction\",\"target\":[\"https:\/\/olalon.com\/ca\/kit-digital\/\"]}]},{\"@type\":\"ImageObject\",\"inLanguage\":\"ca\",\"@id\":\"https:\/\/olalon.com\/ca\/kit-digital\/#primaryimage\",\"url\":\"https:\/\/olalon.com\/wp-content\/uploads\/2024\/09\/olalon-kit-digital.webp\",\"contentUrl\":\"https:\/\/olalon.com\/wp-content\/uploads\/2024\/09\/olalon-kit-digital.webp\"},{\"@type\":\"BreadcrumbList\",\"@id\":\"https:\/\/olalon.com\/ca\/kit-digital\/#breadcrumb\",\"itemListElement\":[{\"@type\":\"ListItem\",\"position\":1,\"name\":\"Portada\",\"item\":\"https:\/\/olalon.com\/ca\/servicios\/diseno-y-desarrollo-web\/desarrollo-software-a-medida\/\"},{\"@type\":\"ListItem\",\"position\":2,\"name\":\"Kit Digital\"}]},{\"@type\":\"WebSite\",\"@id\":\"https:\/\/olalon.com\/ca\/#website\",\"url\":\"https:\/\/olalon.com\/ca\/\",\"name\":\"Olalon\",\"description\":\"Agencia de Publicidad, Dise\u00f1o y Marketing Online\",\"publisher\":{\"@id\":\"https:\/\/olalon.com\/ca\/#organization\"},\"potentialAction\":[{\"@type\":\"SearchAction\",\"target\":{\"@type\":\"EntryPoint\",\"urlTemplate\":\"https:\/\/olalon.com\/ca\/?s={search_term_string}\"},\"query-input\":{\"@type\":\"PropertyValueSpecification\",\"valueRequired\":true,\"valueName\":\"search_term_string\"}}],\"inLanguage\":\"ca\"},{\"@type\":\"Organization\",\"@id\":\"https:\/\/olalon.com\/ca\/#organization\",\"name\":\"Olalon\",\"url\":\"https:\/\/olalon.com\/ca\/\",\"logo\":{\"@type\":\"ImageObject\",\"inLanguage\":\"ca\",\"@id\":\"https:\/\/olalon.com\/ca\/#\/schema\/logo\/image\/\",\"url\":\"https:\/\/olalon.com\/wp-content\/uploads\/2025\/02\/Logo_Olalon-01.png\",\"contentUrl\":\"https:\/\/olalon.com\/wp-content\/uploads\/2025\/02\/Logo_Olalon-01.png\",\"width\":2249,\"height\":989,\"caption\":\"Olalon\"},\"image\":{\"@id\":\"https:\/\/olalon.com\/ca\/#\/schema\/logo\/image\/\"},\"sameAs\":[\"https:\/\/www.instagram.com\/olalonstudio\/\",\"https:\/\/www.youtube.com\/c\/olalonstudio\",\"https:\/\/www.tiktok.com\/@olalonstudio\"]}]}<\/script>\n<!-- \/ Yoast SEO plugin. -->","yoast_head_json":{"title":"Servei Kit Digital | Olalon","description":"Sol\u00b7licita amb nosaltres el Kit Digital per obtenir el bo destinat a la digitalitzaci\u00f3 de la teva empresa.","robots":{"index":"index","follow":"follow","max-snippet":"max-snippet:-1","max-image-preview":"max-image-preview:large","max-video-preview":"max-video-preview:-1"},"canonical":"https:\/\/olalon.com\/ca\/kit-digital\/","og_locale":"ca_ES","og_type":"article","og_title":"Servei Kit Digital | Olalon","og_description":"Sol\u00b7licita amb nosaltres el Kit Digital per obtenir el bo destinat a la digitalitzaci\u00f3 de la teva empresa.","og_url":"https:\/\/olalon.com\/ca\/kit-digital\/","og_site_name":"Olalon","article_modified_time":"2025-09-06T07:05:53+00:00","og_image":[{"url":"https:\/\/olalon.com\/wp-content\/uploads\/2024\/09\/olalon-kit-digital.webp","type":"","width":"","height":""}],"twitter_card":"summary_large_image","twitter_misc":{"Temps estimat de lectura":"1 minut"},"schema":{"@context":"https:\/\/schema.org","@graph":[{"@type":"WebPage","@id":"https:\/\/olalon.com\/ca\/kit-digital\/","url":"https:\/\/olalon.com\/ca\/kit-digital\/","name":"Servei Kit Digital | Olalon","isPartOf":{"@id":"https:\/\/olalon.com\/ca\/#website"},"primaryImageOfPage":{"@id":"https:\/\/olalon.com\/ca\/kit-digital\/#primaryimage"},"image":{"@id":"https:\/\/olalon.com\/ca\/kit-digital\/#primaryimage"},"thumbnailUrl":"https:\/\/olalon.com\/wp-content\/uploads\/2024\/09\/olalon-kit-digital.webp","datePublished":"2024-09-20T01:23:44+00:00","dateModified":"2025-09-06T07:05:53+00:00","description":"Sol\u00b7licita amb nosaltres el Kit Digital per obtenir el bo destinat a la digitalitzaci\u00f3 de la teva empresa.","breadcrumb":{"@id":"https:\/\/olalon.com\/ca\/kit-digital\/#breadcrumb"},"inLanguage":"ca","potentialAction":[{"@type":"ReadAction","target":["https:\/\/olalon.com\/ca\/kit-digital\/"]}]},{"@type":"ImageObject","inLanguage":"ca","@id":"https:\/\/olalon.com\/ca\/kit-digital\/#primaryimage","url":"https:\/\/olalon.com\/wp-content\/uploads\/2024\/09\/olalon-kit-digital.webp","contentUrl":"https:\/\/olalon.com\/wp-content\/uploads\/2024\/09\/olalon-kit-digital.webp"},{"@type":"BreadcrumbList","@id":"https:\/\/olalon.com\/ca\/kit-digital\/#breadcrumb","itemListElement":[{"@type":"ListItem","position":1,"name":"Portada","item":"https:\/\/olalon.com\/ca\/servicios\/diseno-y-desarrollo-web\/desarrollo-software-a-medida\/"},{"@type":"ListItem","position":2,"name":"Kit Digital"}]},{"@type":"WebSite","@id":"https:\/\/olalon.com\/ca\/#website","url":"https:\/\/olalon.com\/ca\/","name":"Olalon","description":"Agencia de Publicidad, Dise\u00f1o y Marketing Online","publisher":{"@id":"https:\/\/olalon.com\/ca\/#organization"},"potentialAction":[{"@type":"SearchAction","target":{"@type":"EntryPoint","urlTemplate":"https:\/\/olalon.com\/ca\/?s={search_term_string}"},"query-input":{"@type":"PropertyValueSpecification","valueRequired":true,"valueName":"search_term_string"}}],"inLanguage":"ca"},{"@type":"Organization","@id":"https:\/\/olalon.com\/ca\/#organization","name":"Olalon","url":"https:\/\/olalon.com\/ca\/","logo":{"@type":"ImageObject","inLanguage":"ca","@id":"https:\/\/olalon.com\/ca\/#\/schema\/logo\/image\/","url":"https:\/\/olalon.com\/wp-content\/uploads\/2025\/02\/Logo_Olalon-01.png","contentUrl":"https:\/\/olalon.com\/wp-content\/uploads\/2025\/02\/Logo_Olalon-01.png","width":2249,"height":989,"caption":"Olalon"},"image":{"@id":"https:\/\/olalon.com\/ca\/#\/schema\/logo\/image\/"},"sameAs":["https:\/\/www.instagram.com\/olalonstudio\/","https:\/\/www.youtube.com\/c\/olalonstudio","https:\/\/www.tiktok.com\/@olalonstudio"]}]}},"_links":{"self":[{"href":"https:\/\/olalon.com\/ca\/wp-json\/wp\/v2\/pages\/3764","targetHints":{"allow":["GET"]}}],"collection":[{"href":"https:\/\/olalon.com\/ca\/wp-json\/wp\/v2\/pages"}],"about":[{"href":"https:\/\/olalon.com\/ca\/wp-json\/wp\/v2\/types\/page"}],"author":[{"embeddable":true,"href":"https:\/\/olalon.com\/ca\/wp-json\/wp\/v2\/users\/2"}],"replies":[{"embeddable":true,"href":"https:\/\/olalon.com\/ca\/wp-json\/wp\/v2\/comments?post=3764"}],"version-history":[{"count":3,"href":"https:\/\/olalon.com\/ca\/wp-json\/wp\/v2\/pages\/3764\/revisions"}],"predecessor-version":[{"id":4280,"href":"https:\/\/olalon.com\/ca\/wp-json\/wp\/v2\/pages\/3764\/revisions\/4280"}],"wp:attachment":[{"href":"https:\/\/olalon.com\/ca\/wp-json\/wp\/v2\/media?parent=3764"}],"curies":[{"name":"wp","href":"https:\/\/api.w.org\/{rel}","templated":true}]}}