{"id":3767,"date":"2024-09-03T05:47:08","date_gmt":"2024-09-03T03:47:08","guid":{"rendered":"https:\/\/olalon.com\/serveis\/"},"modified":"2025-09-06T09:27:20","modified_gmt":"2025-09-06T07:27:20","slug":"serveis","status":"publish","type":"page","link":"https:\/\/olalon.com\/ca\/serveis\/","title":{"rendered":"Serveis"},"content":{"rendered":"\n<div class=\"wp-block-manifesto-gutenberg-container content-row light-section full\" data-bgcolor=\"#ffffff\" style=\"text-align:left\">\n<div class=\"wp-block-manifesto-gutenberg-list-rotator list-rotator-wrapper\"><div class=\"list-rotator-title has-mask-fill\">En qu\u00e8 t&#8217;ajudem?<\/div><div class=\"list-rotator-height\"><div class=\"list-rotator-pin\"><ul class=\"list-rotator\">\n<li class=\"wp-block-manifesto-gutenberg-list-rotator-item\">\n<a href=\"https:\/\/olalon.com\/ca\/serveis\/marqueting-en-linia\/\">Marketing <em>Online<\/em><\/a>\n<\/li>\n\n\n\n<li class=\"wp-block-manifesto-gutenberg-list-rotator-item\">\n<a href=\"https:\/\/olalon.com\/ca\/serveis\/agencia-de-publicitat\/\">Publicitat<\/a>\n<\/li>\n\n\n\n<li class=\"wp-block-manifesto-gutenberg-list-rotator-item\">\n<a href=\"https:\/\/olalon.com\/ca\/serveis\/agencia-de-disseny-grafic-i-branding-a-tarragona\/\">Disseny Gr\u00e0fic <em>i Branding<\/em><\/a>\n<\/li>\n\n\n\n<li class=\"wp-block-manifesto-gutenberg-list-rotator-item\">\n<a href=\"https:\/\/olalon.com\/ca\/serveis\/disseny-i-desenvolupament-web\/\"><em>Disseny<\/em> Web<\/a>\n<\/li>\n\n\n\n<li class=\"wp-block-manifesto-gutenberg-list-rotator-item\">\n<a href=\"https:\/\/olalon.com\/ca\/serveis\/productora-audiovisual\/\">Productora <em>Audiovisual<\/em><\/a>\n<\/li>\n\n\n\n<li class=\"wp-block-manifesto-gutenberg-list-rotator-item\">\n<a href=\"https:\/\/olalon.com\/ca\/serveis\/outsourcing-de-marketing\/\">Outsourcing<\/a>\n<\/li>\n<\/ul><\/div><\/div><\/div>\n<\/div>\n","protected":false},"excerpt":{"rendered":"","protected":false},"author":1,"featured_media":0,"parent":0,"menu_order":0,"comment_status":"closed","ping_status":"closed","template":"","meta":{"_acf_changed":false,"_joinchat":[],"footnotes":""},"class_list":["post-3767","page","type-page","status-publish","hentry"],"acf":[],"yoast_head":"<!-- This site is optimized with the Yoast SEO plugin v25.4 - https:\/\/yoast.com\/wordpress\/plugins\/seo\/ -->\n<title>Serveis de m\u00e0rqueting, publicitat i disseny a Tarragona.<\/title>\n<meta name=\"description\" content=\"Oferim serveis complets de m\u00e0rqueting i publicitat: estrat\u00e8gia, disseny, contingut i pres\u00e8ncia en l\u00ednia per fer cr\u00e9ixer la teva marca.\" \/>\n<meta name=\"robots\" content=\"index, follow, max-snippet:-1, max-image-preview:large, max-video-preview:-1\" \/>\n<link rel=\"canonical\" href=\"https:\/\/olalon.com\/ca\/serveis\/\" \/>\n<meta property=\"og:locale\" content=\"ca_ES\" \/>\n<meta property=\"og:type\" content=\"article\" \/>\n<meta property=\"og:title\" content=\"Serveis de m\u00e0rqueting, publicitat i disseny a Tarragona.\" \/>\n<meta property=\"og:description\" content=\"Oferim serveis complets de m\u00e0rqueting i publicitat: estrat\u00e8gia, disseny, contingut i pres\u00e8ncia en l\u00ednia per fer cr\u00e9ixer la teva marca.\" \/>\n<meta property=\"og:url\" content=\"https:\/\/olalon.com\/ca\/serveis\/\" \/>\n<meta property=\"og:site_name\" content=\"Olalon\" \/>\n<meta property=\"article:modified_time\" content=\"2025-09-06T07:27:20+00:00\" \/>\n<meta property=\"og:image\" content=\"https:\/\/olalon.com\/wp-content\/uploads\/2024\/12\/OLA-WEB-copywriting.webp\" \/>\n\t<meta property=\"og:image:width\" content=\"1920\" \/>\n\t<meta property=\"og:image:height\" content=\"1080\" \/>\n\t<meta property=\"og:image:type\" content=\"image\/webp\" \/>\n<meta name=\"twitter:card\" content=\"summary_large_image\" \/>\n<meta name=\"twitter:label1\" content=\"Temps estimat de lectura\" \/>\n\t<meta name=\"twitter:data1\" content=\"1 minut\" \/>\n<script type=\"application\/ld+json\" class=\"yoast-schema-graph\">{\"@context\":\"https:\/\/schema.org\",\"@graph\":[{\"@type\":\"WebPage\",\"@id\":\"https:\/\/olalon.com\/ca\/serveis\/\",\"url\":\"https:\/\/olalon.com\/ca\/serveis\/\",\"name\":\"Serveis de m\u00e0rqueting, publicitat i disseny a Tarragona.\",\"isPartOf\":{\"@id\":\"https:\/\/olalon.com\/ca\/#website\"},\"datePublished\":\"2024-09-03T03:47:08+00:00\",\"dateModified\":\"2025-09-06T07:27:20+00:00\",\"description\":\"Oferim serveis complets de m\u00e0rqueting i publicitat: estrat\u00e8gia, disseny, contingut i pres\u00e8ncia en l\u00ednia per fer cr\u00e9ixer la teva marca.\",\"breadcrumb\":{\"@id\":\"https:\/\/olalon.com\/ca\/serveis\/#breadcrumb\"},\"inLanguage\":\"ca\",\"potentialAction\":[{\"@type\":\"ReadAction\",\"target\":[\"https:\/\/olalon.com\/ca\/serveis\/\"]}]},{\"@type\":\"BreadcrumbList\",\"@id\":\"https:\/\/olalon.com\/ca\/serveis\/#breadcrumb\",\"itemListElement\":[{\"@type\":\"ListItem\",\"position\":1,\"name\":\"Portada\",\"item\":\"https:\/\/olalon.com\/ca\/ugc-los-contenidos-reales-que-mejor-funcionan-en-redes\/\"},{\"@type\":\"ListItem\",\"position\":2,\"name\":\"Serveis\"}]},{\"@type\":\"WebSite\",\"@id\":\"https:\/\/olalon.com\/ca\/#website\",\"url\":\"https:\/\/olalon.com\/ca\/\",\"name\":\"Olalon\",\"description\":\"Agencia de Publicidad, Dise\u00f1o y Marketing Online\",\"publisher\":{\"@id\":\"https:\/\/olalon.com\/ca\/#organization\"},\"potentialAction\":[{\"@type\":\"SearchAction\",\"target\":{\"@type\":\"EntryPoint\",\"urlTemplate\":\"https:\/\/olalon.com\/ca\/?s={search_term_string}\"},\"query-input\":{\"@type\":\"PropertyValueSpecification\",\"valueRequired\":true,\"valueName\":\"search_term_string\"}}],\"inLanguage\":\"ca\"},{\"@type\":\"Organization\",\"@id\":\"https:\/\/olalon.com\/ca\/#organization\",\"name\":\"Olalon\",\"url\":\"https:\/\/olalon.com\/ca\/\",\"logo\":{\"@type\":\"ImageObject\",\"inLanguage\":\"ca\",\"@id\":\"https:\/\/olalon.com\/ca\/#\/schema\/logo\/image\/\",\"url\":\"https:\/\/olalon.com\/wp-content\/uploads\/2025\/02\/Logo_Olalon-01.png\",\"contentUrl\":\"https:\/\/olalon.com\/wp-content\/uploads\/2025\/02\/Logo_Olalon-01.png\",\"width\":2249,\"height\":989,\"caption\":\"Olalon\"},\"image\":{\"@id\":\"https:\/\/olalon.com\/ca\/#\/schema\/logo\/image\/\"},\"sameAs\":[\"https:\/\/www.instagram.com\/olalonstudio\/\",\"https:\/\/www.youtube.com\/c\/olalonstudio\",\"https:\/\/www.tiktok.com\/@olalonstudio\"]}]}<\/script>\n<!-- \/ Yoast SEO plugin. -->","yoast_head_json":{"title":"Serveis de m\u00e0rqueting, publicitat i disseny a Tarragona.","description":"Oferim serveis complets de m\u00e0rqueting i publicitat: estrat\u00e8gia, disseny, contingut i pres\u00e8ncia en l\u00ednia per fer cr\u00e9ixer la teva marca.","robots":{"index":"index","follow":"follow","max-snippet":"max-snippet:-1","max-image-preview":"max-image-preview:large","max-video-preview":"max-video-preview:-1"},"canonical":"https:\/\/olalon.com\/ca\/serveis\/","og_locale":"ca_ES","og_type":"article","og_title":"Serveis de m\u00e0rqueting, publicitat i disseny a Tarragona.","og_description":"Oferim serveis complets de m\u00e0rqueting i publicitat: estrat\u00e8gia, disseny, contingut i pres\u00e8ncia en l\u00ednia per fer cr\u00e9ixer la teva marca.","og_url":"https:\/\/olalon.com\/ca\/serveis\/","og_site_name":"Olalon","article_modified_time":"2025-09-06T07:27:20+00:00","og_image":[{"width":1920,"height":1080,"url":"https:\/\/olalon.com\/wp-content\/uploads\/2024\/12\/OLA-WEB-copywriting.webp","type":"image\/webp"}],"twitter_card":"summary_large_image","twitter_misc":{"Temps estimat de lectura":"1 minut"},"schema":{"@context":"https:\/\/schema.org","@graph":[{"@type":"WebPage","@id":"https:\/\/olalon.com\/ca\/serveis\/","url":"https:\/\/olalon.com\/ca\/serveis\/","name":"Serveis de m\u00e0rqueting, publicitat i disseny a Tarragona.","isPartOf":{"@id":"https:\/\/olalon.com\/ca\/#website"},"datePublished":"2024-09-03T03:47:08+00:00","dateModified":"2025-09-06T07:27:20+00:00","description":"Oferim serveis complets de m\u00e0rqueting i publicitat: estrat\u00e8gia, disseny, contingut i pres\u00e8ncia en l\u00ednia per fer cr\u00e9ixer la teva marca.","breadcrumb":{"@id":"https:\/\/olalon.com\/ca\/serveis\/#breadcrumb"},"inLanguage":"ca","potentialAction":[{"@type":"ReadAction","target":["https:\/\/olalon.com\/ca\/serveis\/"]}]},{"@type":"BreadcrumbList","@id":"https:\/\/olalon.com\/ca\/serveis\/#breadcrumb","itemListElement":[{"@type":"ListItem","position":1,"name":"Portada","item":"https:\/\/olalon.com\/ca\/ugc-los-contenidos-reales-que-mejor-funcionan-en-redes\/"},{"@type":"ListItem","position":2,"name":"Serveis"}]},{"@type":"WebSite","@id":"https:\/\/olalon.com\/ca\/#website","url":"https:\/\/olalon.com\/ca\/","name":"Olalon","description":"Agencia de Publicidad, Dise\u00f1o y Marketing Online","publisher":{"@id":"https:\/\/olalon.com\/ca\/#organization"},"potentialAction":[{"@type":"SearchAction","target":{"@type":"EntryPoint","urlTemplate":"https:\/\/olalon.com\/ca\/?s={search_term_string}"},"query-input":{"@type":"PropertyValueSpecification","valueRequired":true,"valueName":"search_term_string"}}],"inLanguage":"ca"},{"@type":"Organization","@id":"https:\/\/olalon.com\/ca\/#organization","name":"Olalon","url":"https:\/\/olalon.com\/ca\/","logo":{"@type":"ImageObject","inLanguage":"ca","@id":"https:\/\/olalon.com\/ca\/#\/schema\/logo\/image\/","url":"https:\/\/olalon.com\/wp-content\/uploads\/2025\/02\/Logo_Olalon-01.png","contentUrl":"https:\/\/olalon.com\/wp-content\/uploads\/2025\/02\/Logo_Olalon-01.png","width":2249,"height":989,"caption":"Olalon"},"image":{"@id":"https:\/\/olalon.com\/ca\/#\/schema\/logo\/image\/"},"sameAs":["https:\/\/www.instagram.com\/olalonstudio\/","https:\/\/www.youtube.com\/c\/olalonstudio","https:\/\/www.tiktok.com\/@olalonstudio"]}]}},"_links":{"self":[{"href":"https:\/\/olalon.com\/ca\/wp-json\/wp\/v2\/pages\/3767","targetHints":{"allow":["GET"]}}],"collection":[{"href":"https:\/\/olalon.com\/ca\/wp-json\/wp\/v2\/pages"}],"about":[{"href":"https:\/\/olalon.com\/ca\/wp-json\/wp\/v2\/types\/page"}],"author":[{"embeddable":true,"href":"https:\/\/olalon.com\/ca\/wp-json\/wp\/v2\/users\/1"}],"replies":[{"embeddable":true,"href":"https:\/\/olalon.com\/ca\/wp-json\/wp\/v2\/comments?post=3767"}],"version-history":[{"count":9,"href":"https:\/\/olalon.com\/ca\/wp-json\/wp\/v2\/pages\/3767\/revisions"}],"predecessor-version":[{"id":4285,"href":"https:\/\/olalon.com\/ca\/wp-json\/wp\/v2\/pages\/3767\/revisions\/4285"}],"wp:attachment":[{"href":"https:\/\/olalon.com\/ca\/wp-json\/wp\/v2\/media?parent=3767"}],"curies":[{"name":"wp","href":"https:\/\/api.w.org\/{rel}","templated":true}]}}