{"id":3774,"date":"2024-12-10T11:41:34","date_gmt":"2024-12-10T10:41:34","guid":{"rendered":"https:\/\/olalon.com\/serveis\/agencia-de-disseny-grafic-i-branding-a-tarragona\/disseny-editorial\/"},"modified":"2025-07-19T08:19:03","modified_gmt":"2025-07-19T06:19:03","slug":"disseny-editorial","status":"publish","type":"page","link":"https:\/\/olalon.com\/ca\/serveis\/agencia-de-disseny-grafic-i-branding-a-tarragona\/disseny-editorial\/","title":{"rendered":"Disseny editorial"},"content":{"rendered":"\n<div class=\"wp-block-manifesto-gutenberg-container content-row dark-section normal\" data-bgcolor=\"#000000\" style=\"text-align:left\">\n<div class=\"wp-block-manifesto-gutenberg-clipped-image clipped-image-wrapper\"><div class=\"clipped-image-pin\"><div class=\"clipped-image\"><img decoding=\"async\" src=\"https:\/\/olalon.com\/wp-content\/uploads\/2024\/12\/NUT-Choco-194_resultat.webp\" alt=\"\"\/><div class=\"clipped-image-gradient\"><\/div><\/div><\/div><div class=\"clipped-image-content content-full-width\">\n<div class=\"wp-block-manifesto-gutenberg-marquee-content marquee-text-wrapper\"><h2 class=\"marquee-text no-margins fw big-title\">\nDISSENY <em>EDITORIAL<\/em> DISSENY <em>EDITORIAL<\/em> DISSENY <em>EDITORIAL<\/em>\n<\/h2><\/div>\n<\/div><\/div>\n<\/div>\n\n\n\n<div class=\"wp-block-manifesto-gutenberg-container content-row light-section normal row_padding_top row_padding_bottom\" data-bgcolor=\"#ffffff\" style=\"text-align:left\">\n<h2 class=\"wp-block-heading\">Disseny editorial, la f\u00f3rmula perqu\u00e8 el contingut <\/h2>\n\n\n\n<p>El disseny editorial influ\u00e8ncia profundament en l\u2019experi\u00e8ncia del lector en combinar est\u00e8tica i funcionalitat per crear un recorregut visual que sigui tant atractiu com intu\u00eftiu.<\/p>\n\n\n\n<figure class=\"wp-block-image size-full\"><img loading=\"lazy\" decoding=\"async\" width=\"2456\" height=\"1736\" src=\"https:\/\/olalon.com\/wp-content\/uploads\/2024\/12\/Contingu_Mesa-de-trabajo-1_resultat.webp\" alt=\"\" class=\"wp-image-2417\" srcset=\"https:\/\/olalon.com\/wp-content\/uploads\/2024\/12\/Contingu_Mesa-de-trabajo-1_resultat.webp 2456w, https:\/\/olalon.com\/wp-content\/uploads\/2024\/12\/Contingu_Mesa-de-trabajo-1_resultat-300x212.webp 300w, https:\/\/olalon.com\/wp-content\/uploads\/2024\/12\/Contingu_Mesa-de-trabajo-1_resultat-1024x724.webp 1024w, https:\/\/olalon.com\/wp-content\/uploads\/2024\/12\/Contingu_Mesa-de-trabajo-1_resultat-768x543.webp 768w, https:\/\/olalon.com\/wp-content\/uploads\/2024\/12\/Contingu_Mesa-de-trabajo-1_resultat-1536x1086.webp 1536w, https:\/\/olalon.com\/wp-content\/uploads\/2024\/12\/Contingu_Mesa-de-trabajo-1_resultat-2048x1448.webp 2048w\" sizes=\"auto, (max-width: 2456px) 100vw, 2456px\" \/><\/figure>\n\n\n\n<div style=\"height:44px\" aria-hidden=\"true\" class=\"wp-block-spacer\"><\/div>\n\n\n\n<h4 class=\"wp-block-heading\">1. <strong>Primera impressi\u00f3 i atracci\u00f3 visual<\/strong><\/h4>\n\n\n\n<p>El disseny editorial defineix com una publicaci\u00f3 capta l\u2019atenci\u00f3 des del primer cop d\u2019ull. Una portada ben dissenyada, l\u2019\u00fas de colors, tipografia i gr\u00e0fics pot marcar la difer\u00e8ncia entre que alg\u00fa obri una revista o la passi per alt. <\/p>\n\n\n\n<h4 class=\"wp-block-heading\">2.<strong> Facilitat de lectura i comprensi\u00f3<\/strong><\/h4>\n\n\n\n<p>Un disseny editorial eficient organitza la informaci\u00f3 de manera clara i jer\u00e0rquica, ajudant el lector a prioritzar els missatges importants. Elements com cap\u00e7aleres, subt\u00edtols i espais en blanc fan que el contingut sigui m\u00e9s accessible i menys aclaparador. <\/p>\n\n\n\n<h4 class=\"wp-block-heading\">3. <strong>Flu\u00efdesa en la navegaci\u00f3<\/strong><\/h4>\n\n\n\n<p>El disseny editorial guia el lector a trav\u00e9s del contingut de manera l\u00f2gica i fluida. Per exemple, l\u2019\u00fas de columnes, marges i crides a l\u2019acci\u00f3 crea un ritme que en facilita el seguiment sense distraccions. <\/p>\n\n\n\n<h4 class=\"wp-block-heading\">4. <strong>Creaci\u00f3 d\u2019emocions i connexi\u00f3<\/strong><\/h4>\n\n\n\n<p>El disseny pot transmetre estats d\u2019\u00e0nim o emocions que reforcin el missatge. Una revista de luxe, per exemple, far\u00e0 servir tipografies sofisticades i molt d\u2019espai en blanc per comunicar exclusivitat, mentre que un fullet\u00f3 infantil utilitzar\u00e0 colors vius i formes din\u00e0miques per despertar inter\u00e8s i alegria. <\/p>\n\n\n\n<h4 class=\"wp-block-heading\">5. <strong>Enfortiment de la identitat de la publicaci\u00f3<\/strong><\/h4>\n\n\n\n<p>El disseny editorial ajuda a diferenciar una publicaci\u00f3 i a construir una marca coherent. Les decisions sobre estil, colors i formats reforcen la identitat visual, fent que els lectors recordin i reconeguin f\u00e0cilment el material. <\/p>\n\n\n\n<h4 class=\"wp-block-heading\">6. <strong>Major retenci\u00f3 de la informaci\u00f3<\/strong><\/h4>\n\n\n\n<p>Quan les idees es presenten de manera visual i ben organitzada, el lector no nom\u00e9s les ent\u00e9n m\u00e9s r\u00e0pidament, sin\u00f3 que tamb\u00e9 les recorda durant m\u00e9s temps. Aix\u00f2 \u00e9s clau en publicacions educatives o comercials. <\/p>\n<\/div>\n\n\n\n<div class=\"wp-block-manifesto-gutenberg-container content-row light-section normal\" data-bgcolor=\"#ffffff\" style=\"text-align:left\">\n<div class=\"wp-block-manifesto-gutenberg-list-rotator list-rotator-wrapper\"><div class=\"list-rotator-title has-mask-fill\">Serveis de disseny gr\u00e0fic<\/div><div class=\"list-rotator-height\"><div class=\"list-rotator-pin\"><ul class=\"list-rotator\">\n<li class=\"wp-block-manifesto-gutenberg-list-rotator-item\">\n<a href=\"\/ca\/serveis\/agencia-de-disseny-grafic-i-branding-a-tarragona\/identitat-corporativa\/\">Identitat<em>Corporativa<\/em><\/a>\n<\/li>\n\n\n\n<li class=\"wp-block-manifesto-gutenberg-list-rotator-item\">\n<a href=\"\/ca\/serveis\/agencia-de-disseny-grafic-i-branding-a-tarragona\/disseny-de-packaging\/\">Disseny de <em>packaging<\/em><\/a>\n<\/li>\n\n\n\n<li class=\"wp-block-manifesto-gutenberg-list-rotator-item\">\n<a href=\"\/ca\/serveis\/agencia-de-disseny-grafic-i-branding-a-tarragona\/publicitat-exterior\/\">Disseny de <em> cartelleria<\/em\n<\/a>\n<\/li>\n\n\n\n<li class=\"wp-block-manifesto-gutenberg-list-rotator-item\">\n<a href=\"\/servicios\/agencia-de-diseno-grafico-y-branding-en-tarragona\/diseno-de-folletos-y-flyers\/\">Disseny de <em>Fullets i flyers<\/em><\/a>\n<\/li>\n\n\n\n<li class=\"wp-block-manifesto-gutenberg-list-rotator-item\">\n<a href=\"\/ca\/serveis\/agencia-de-disseny-grafic-i-branding-a-tarragona\/disseny-editorial\/\">Disseny <em>Editorial<\/em><\/a>\n<\/li>\n\n\n\n<li class=\"wp-block-manifesto-gutenberg-list-rotator-item\">\n<a href=\"\/ca\/serveis\/agencia-de-disseny-grafic-i-branding-a-tarragona\/estrategia-de-branding\/\">Estrat\u00e8gia de <em>branding<\/em><\/a>\n<\/li>\n<\/ul><\/div><\/div><\/div>\n<\/div>\n","protected":false},"excerpt":{"rendered":"","protected":false},"author":3,"featured_media":0,"parent":3649,"menu_order":0,"comment_status":"closed","ping_status":"closed","template":"","meta":{"_acf_changed":false,"_joinchat":[],"footnotes":""},"class_list":["post-3774","page","type-page","status-publish","hentry"],"acf":[],"yoast_head":"<!-- This site is optimized with the Yoast SEO plugin v25.4 - https:\/\/yoast.com\/wordpress\/plugins\/seo\/ -->\n<title>Maquetaci\u00f3 o disseny editorial | Olalon<\/title>\n<meta name=\"description\" content=\"Fem disseny editorial integral, des de la maquetaci\u00f3, el disseny i la preparaci\u00f3 per a la posterior impressi\u00f3.\" \/>\n<meta name=\"robots\" content=\"index, follow, max-snippet:-1, max-image-preview:large, max-video-preview:-1\" \/>\n<link rel=\"canonical\" href=\"https:\/\/olalon.com\/ca\/serveis\/agencia-de-disseny-grafic-i-branding-a-tarragona\/disseny-editorial\/\" \/>\n<meta property=\"og:locale\" content=\"ca_ES\" \/>\n<meta property=\"og:type\" content=\"article\" \/>\n<meta property=\"og:title\" content=\"Maquetaci\u00f3 o disseny editorial | Olalon\" \/>\n<meta property=\"og:description\" content=\"Fem disseny editorial integral, des de la maquetaci\u00f3, el disseny i la preparaci\u00f3 per a la posterior impressi\u00f3.\" \/>\n<meta property=\"og:url\" content=\"https:\/\/olalon.com\/ca\/serveis\/agencia-de-disseny-grafic-i-branding-a-tarragona\/disseny-editorial\/\" \/>\n<meta property=\"og:site_name\" content=\"Olalon\" \/>\n<meta property=\"article:modified_time\" content=\"2025-07-19T06:19:03+00:00\" \/>\n<meta property=\"og:image\" content=\"https:\/\/olalon.com\/wp-content\/uploads\/2024\/12\/NUT-Choco-194_resultat.webp\" \/>\n<meta name=\"twitter:card\" content=\"summary_large_image\" \/>\n<meta name=\"twitter:label1\" content=\"Temps estimat de lectura\" \/>\n\t<meta name=\"twitter:data1\" content=\"2 minuts\" \/>\n<script type=\"application\/ld+json\" class=\"yoast-schema-graph\">{\"@context\":\"https:\/\/schema.org\",\"@graph\":[{\"@type\":\"WebPage\",\"@id\":\"https:\/\/olalon.com\/ca\/serveis\/agencia-de-disseny-grafic-i-branding-a-tarragona\/disseny-editorial\/\",\"url\":\"https:\/\/olalon.com\/ca\/serveis\/agencia-de-disseny-grafic-i-branding-a-tarragona\/disseny-editorial\/\",\"name\":\"Maquetaci\u00f3 o disseny editorial | Olalon\",\"isPartOf\":{\"@id\":\"https:\/\/olalon.com\/ca\/#website\"},\"primaryImageOfPage\":{\"@id\":\"https:\/\/olalon.com\/ca\/serveis\/agencia-de-disseny-grafic-i-branding-a-tarragona\/disseny-editorial\/#primaryimage\"},\"image\":{\"@id\":\"https:\/\/olalon.com\/ca\/serveis\/agencia-de-disseny-grafic-i-branding-a-tarragona\/disseny-editorial\/#primaryimage\"},\"thumbnailUrl\":\"https:\/\/olalon.com\/wp-content\/uploads\/2024\/12\/NUT-Choco-194_resultat.webp\",\"datePublished\":\"2024-12-10T10:41:34+00:00\",\"dateModified\":\"2025-07-19T06:19:03+00:00\",\"description\":\"Fem disseny editorial integral, des de la maquetaci\u00f3, el disseny i la preparaci\u00f3 per a la posterior impressi\u00f3.\",\"breadcrumb\":{\"@id\":\"https:\/\/olalon.com\/ca\/serveis\/agencia-de-disseny-grafic-i-branding-a-tarragona\/disseny-editorial\/#breadcrumb\"},\"inLanguage\":\"ca\",\"potentialAction\":[{\"@type\":\"ReadAction\",\"target\":[\"https:\/\/olalon.com\/ca\/serveis\/agencia-de-disseny-grafic-i-branding-a-tarragona\/disseny-editorial\/\"]}]},{\"@type\":\"ImageObject\",\"inLanguage\":\"ca\",\"@id\":\"https:\/\/olalon.com\/ca\/serveis\/agencia-de-disseny-grafic-i-branding-a-tarragona\/disseny-editorial\/#primaryimage\",\"url\":\"https:\/\/olalon.com\/wp-content\/uploads\/2024\/12\/NUT-Choco-194_resultat.webp\",\"contentUrl\":\"https:\/\/olalon.com\/wp-content\/uploads\/2024\/12\/NUT-Choco-194_resultat.webp\"},{\"@type\":\"BreadcrumbList\",\"@id\":\"https:\/\/olalon.com\/ca\/serveis\/agencia-de-disseny-grafic-i-branding-a-tarragona\/disseny-editorial\/#breadcrumb\",\"itemListElement\":[{\"@type\":\"ListItem\",\"position\":1,\"name\":\"Portada\",\"item\":\"https:\/\/olalon.com\/ca\/servicios\/diseno-y-desarrollo-web\/desarrollo-software-a-medida\/\"},{\"@type\":\"ListItem\",\"position\":2,\"name\":\"Serveis\",\"item\":\"https:\/\/olalon.com\/ca\/servicios\/diseno-y-desarrollo-web\/desarrollo-software-a-medida\/\"},{\"@type\":\"ListItem\",\"position\":3,\"name\":\"Ag\u00e8ncia de Disseny Gr\u00e0fic i Branding a Tarragona\",\"item\":\"https:\/\/olalon.com\/ca\/servicios\/diseno-y-desarrollo-web\/desarrollo-software-a-medida\/\"},{\"@type\":\"ListItem\",\"position\":4,\"name\":\"Disseny editorial\"}]},{\"@type\":\"WebSite\",\"@id\":\"https:\/\/olalon.com\/ca\/#website\",\"url\":\"https:\/\/olalon.com\/ca\/\",\"name\":\"Olalon\",\"description\":\"Agencia de Publicidad, Dise\u00f1o y Marketing Online\",\"publisher\":{\"@id\":\"https:\/\/olalon.com\/ca\/#organization\"},\"potentialAction\":[{\"@type\":\"SearchAction\",\"target\":{\"@type\":\"EntryPoint\",\"urlTemplate\":\"https:\/\/olalon.com\/ca\/?s={search_term_string}\"},\"query-input\":{\"@type\":\"PropertyValueSpecification\",\"valueRequired\":true,\"valueName\":\"search_term_string\"}}],\"inLanguage\":\"ca\"},{\"@type\":\"Organization\",\"@id\":\"https:\/\/olalon.com\/ca\/#organization\",\"name\":\"Olalon\",\"url\":\"https:\/\/olalon.com\/ca\/\",\"logo\":{\"@type\":\"ImageObject\",\"inLanguage\":\"ca\",\"@id\":\"https:\/\/olalon.com\/ca\/#\/schema\/logo\/image\/\",\"url\":\"https:\/\/olalon.com\/wp-content\/uploads\/2025\/02\/Logo_Olalon-01.png\",\"contentUrl\":\"https:\/\/olalon.com\/wp-content\/uploads\/2025\/02\/Logo_Olalon-01.png\",\"width\":2249,\"height\":989,\"caption\":\"Olalon\"},\"image\":{\"@id\":\"https:\/\/olalon.com\/ca\/#\/schema\/logo\/image\/\"},\"sameAs\":[\"https:\/\/www.instagram.com\/olalonstudio\/\",\"https:\/\/www.youtube.com\/c\/olalonstudio\",\"https:\/\/www.tiktok.com\/@olalonstudio\"]}]}<\/script>\n<!-- \/ Yoast SEO plugin. -->","yoast_head_json":{"title":"Maquetaci\u00f3 o disseny editorial | Olalon","description":"Fem disseny editorial integral, des de la maquetaci\u00f3, el disseny i la preparaci\u00f3 per a la posterior impressi\u00f3.","robots":{"index":"index","follow":"follow","max-snippet":"max-snippet:-1","max-image-preview":"max-image-preview:large","max-video-preview":"max-video-preview:-1"},"canonical":"https:\/\/olalon.com\/ca\/serveis\/agencia-de-disseny-grafic-i-branding-a-tarragona\/disseny-editorial\/","og_locale":"ca_ES","og_type":"article","og_title":"Maquetaci\u00f3 o disseny editorial | Olalon","og_description":"Fem disseny editorial integral, des de la maquetaci\u00f3, el disseny i la preparaci\u00f3 per a la posterior impressi\u00f3.","og_url":"https:\/\/olalon.com\/ca\/serveis\/agencia-de-disseny-grafic-i-branding-a-tarragona\/disseny-editorial\/","og_site_name":"Olalon","article_modified_time":"2025-07-19T06:19:03+00:00","og_image":[{"url":"https:\/\/olalon.com\/wp-content\/uploads\/2024\/12\/NUT-Choco-194_resultat.webp","type":"","width":"","height":""}],"twitter_card":"summary_large_image","twitter_misc":{"Temps estimat de lectura":"2 minuts"},"schema":{"@context":"https:\/\/schema.org","@graph":[{"@type":"WebPage","@id":"https:\/\/olalon.com\/ca\/serveis\/agencia-de-disseny-grafic-i-branding-a-tarragona\/disseny-editorial\/","url":"https:\/\/olalon.com\/ca\/serveis\/agencia-de-disseny-grafic-i-branding-a-tarragona\/disseny-editorial\/","name":"Maquetaci\u00f3 o disseny editorial | Olalon","isPartOf":{"@id":"https:\/\/olalon.com\/ca\/#website"},"primaryImageOfPage":{"@id":"https:\/\/olalon.com\/ca\/serveis\/agencia-de-disseny-grafic-i-branding-a-tarragona\/disseny-editorial\/#primaryimage"},"image":{"@id":"https:\/\/olalon.com\/ca\/serveis\/agencia-de-disseny-grafic-i-branding-a-tarragona\/disseny-editorial\/#primaryimage"},"thumbnailUrl":"https:\/\/olalon.com\/wp-content\/uploads\/2024\/12\/NUT-Choco-194_resultat.webp","datePublished":"2024-12-10T10:41:34+00:00","dateModified":"2025-07-19T06:19:03+00:00","description":"Fem disseny editorial integral, des de la maquetaci\u00f3, el disseny i la preparaci\u00f3 per a la posterior impressi\u00f3.","breadcrumb":{"@id":"https:\/\/olalon.com\/ca\/serveis\/agencia-de-disseny-grafic-i-branding-a-tarragona\/disseny-editorial\/#breadcrumb"},"inLanguage":"ca","potentialAction":[{"@type":"ReadAction","target":["https:\/\/olalon.com\/ca\/serveis\/agencia-de-disseny-grafic-i-branding-a-tarragona\/disseny-editorial\/"]}]},{"@type":"ImageObject","inLanguage":"ca","@id":"https:\/\/olalon.com\/ca\/serveis\/agencia-de-disseny-grafic-i-branding-a-tarragona\/disseny-editorial\/#primaryimage","url":"https:\/\/olalon.com\/wp-content\/uploads\/2024\/12\/NUT-Choco-194_resultat.webp","contentUrl":"https:\/\/olalon.com\/wp-content\/uploads\/2024\/12\/NUT-Choco-194_resultat.webp"},{"@type":"BreadcrumbList","@id":"https:\/\/olalon.com\/ca\/serveis\/agencia-de-disseny-grafic-i-branding-a-tarragona\/disseny-editorial\/#breadcrumb","itemListElement":[{"@type":"ListItem","position":1,"name":"Portada","item":"https:\/\/olalon.com\/ca\/servicios\/diseno-y-desarrollo-web\/desarrollo-software-a-medida\/"},{"@type":"ListItem","position":2,"name":"Serveis","item":"https:\/\/olalon.com\/ca\/servicios\/diseno-y-desarrollo-web\/desarrollo-software-a-medida\/"},{"@type":"ListItem","position":3,"name":"Ag\u00e8ncia de Disseny Gr\u00e0fic i Branding a Tarragona","item":"https:\/\/olalon.com\/ca\/servicios\/diseno-y-desarrollo-web\/desarrollo-software-a-medida\/"},{"@type":"ListItem","position":4,"name":"Disseny editorial"}]},{"@type":"WebSite","@id":"https:\/\/olalon.com\/ca\/#website","url":"https:\/\/olalon.com\/ca\/","name":"Olalon","description":"Agencia de Publicidad, Dise\u00f1o y Marketing Online","publisher":{"@id":"https:\/\/olalon.com\/ca\/#organization"},"potentialAction":[{"@type":"SearchAction","target":{"@type":"EntryPoint","urlTemplate":"https:\/\/olalon.com\/ca\/?s={search_term_string}"},"query-input":{"@type":"PropertyValueSpecification","valueRequired":true,"valueName":"search_term_string"}}],"inLanguage":"ca"},{"@type":"Organization","@id":"https:\/\/olalon.com\/ca\/#organization","name":"Olalon","url":"https:\/\/olalon.com\/ca\/","logo":{"@type":"ImageObject","inLanguage":"ca","@id":"https:\/\/olalon.com\/ca\/#\/schema\/logo\/image\/","url":"https:\/\/olalon.com\/wp-content\/uploads\/2025\/02\/Logo_Olalon-01.png","contentUrl":"https:\/\/olalon.com\/wp-content\/uploads\/2025\/02\/Logo_Olalon-01.png","width":2249,"height":989,"caption":"Olalon"},"image":{"@id":"https:\/\/olalon.com\/ca\/#\/schema\/logo\/image\/"},"sameAs":["https:\/\/www.instagram.com\/olalonstudio\/","https:\/\/www.youtube.com\/c\/olalonstudio","https:\/\/www.tiktok.com\/@olalonstudio"]}]}},"_links":{"self":[{"href":"https:\/\/olalon.com\/ca\/wp-json\/wp\/v2\/pages\/3774","targetHints":{"allow":["GET"]}}],"collection":[{"href":"https:\/\/olalon.com\/ca\/wp-json\/wp\/v2\/pages"}],"about":[{"href":"https:\/\/olalon.com\/ca\/wp-json\/wp\/v2\/types\/page"}],"author":[{"embeddable":true,"href":"https:\/\/olalon.com\/ca\/wp-json\/wp\/v2\/users\/3"}],"replies":[{"embeddable":true,"href":"https:\/\/olalon.com\/ca\/wp-json\/wp\/v2\/comments?post=3774"}],"version-history":[{"count":2,"href":"https:\/\/olalon.com\/ca\/wp-json\/wp\/v2\/pages\/3774\/revisions"}],"predecessor-version":[{"id":4022,"href":"https:\/\/olalon.com\/ca\/wp-json\/wp\/v2\/pages\/3774\/revisions\/4022"}],"up":[{"embeddable":true,"href":"https:\/\/olalon.com\/ca\/wp-json\/wp\/v2\/pages\/3649"}],"wp:attachment":[{"href":"https:\/\/olalon.com\/ca\/wp-json\/wp\/v2\/media?parent=3774"}],"curies":[{"name":"wp","href":"https:\/\/api.w.org\/{rel}","templated":true}]}}