{"id":3785,"date":"2024-12-02T18:03:35","date_gmt":"2024-12-02T17:03:35","guid":{"rendered":"https:\/\/olalon.com\/serveis\/agencia-de-disseny-grafic-i-branding-a-tarragona\/identitat-corporativa\/"},"modified":"2025-07-19T08:12:50","modified_gmt":"2025-07-19T06:12:50","slug":"identitat-corporativa","status":"publish","type":"page","link":"https:\/\/olalon.com\/ca\/serveis\/agencia-de-disseny-grafic-i-branding-a-tarragona\/identitat-corporativa\/","title":{"rendered":"Identitat corporativa"},"content":{"rendered":"\n<div class=\"wp-block-manifesto-gutenberg-container content-row dark-section normal\" data-bgcolor=\"#000000\" style=\"text-align:left\">\n<div class=\"wp-block-manifesto-gutenberg-clipped-image clipped-image-wrapper\"><div class=\"clipped-image-pin\"><div class=\"clipped-image\"><img decoding=\"async\" src=\"https:\/\/olalon.com\/wp-content\/uploads\/2024\/12\/Diseno-sin-titulo-6.jpg\" alt=\"\"\/><div class=\"clipped-image-gradient\"><\/div><\/div><\/div><div class=\"clipped-image-content content-full-width\">\n<div class=\"wp-block-manifesto-gutenberg-marquee-content marquee-text-wrapper\"><h1 class=\"marquee-text no-margins fw big-title\">\nIDENTITAT <em>CORPORATIVA<\/em>\n<\/h1><\/div>\n<\/div><\/div>\n<\/div>\n\n\n\n<div class=\"wp-block-manifesto-gutenberg-container content-row dark-section normal row_padding_top row_padding_bottom\" data-bgcolor=\"#000000\" style=\"text-align:left\">\n<div class=\"wp-block-columns pinned-section is-layout-flex wp-container-core-columns-is-layout-1 wp-block-columns-is-layout-flex\">\n<div class=\"wp-block-column scrolling-element left is-layout-flow wp-block-column-is-layout-flow\">\n<figure class=\"wp-block-image size-full\"><img loading=\"lazy\" decoding=\"async\" width=\"960\" height=\"1080\" src=\"https:\/\/olalon.com\/wp-content\/uploads\/2024\/12\/02-Gruas-Altes-Capcalera.jpg\" alt=\"\" class=\"wp-image-2440\" srcset=\"https:\/\/olalon.com\/wp-content\/uploads\/2024\/12\/02-Gruas-Altes-Capcalera.jpg 960w, https:\/\/olalon.com\/wp-content\/uploads\/2024\/12\/02-Gruas-Altes-Capcalera-267x300.jpg 267w, https:\/\/olalon.com\/wp-content\/uploads\/2024\/12\/02-Gruas-Altes-Capcalera-910x1024.jpg 910w, https:\/\/olalon.com\/wp-content\/uploads\/2024\/12\/02-Gruas-Altes-Capcalera-768x864.jpg 768w\" sizes=\"auto, (max-width: 960px) 100vw, 960px\" \/><\/figure>\n<\/div>\n\n\n\n<div class=\"wp-block-column pinned-element right is-layout-flow wp-block-column-is-layout-flow\">\n<h3 class=\"wp-block-heading\">La identitat corporativa: una personalitat que defineix una marca<\/h3>\n\n\n\n<p class=\"has-text-color has-link-color wp-elements-675c4b6eabdc4a5e8baf4abad72d47d6\" style=\"color:#ededed\">\nEl logotip, imagotip o el que anomenar\u00edem masterbrand, \u00e9s la representaci\u00f3 gr\u00e0fica m\u00e9s clara d\u2019una marca, per\u00f2 una identitat corporativa va molt m\u00e9s enll\u00e0.\n\nSi una marca fos una persona, el logotip seria el seu rostre. Un aspecte molt reconeixible per identificar-lo, per\u00f2 la seva personalitat i trets van molt m\u00e9s enll\u00e0. En una marca passa igual. Amb el logo la identifiquem, per\u00f2 si el logo \u00e9s tot el que tenim, ens semblar\u00e0 una marca buida, buit o, precisament, amb poca identitat.   \n\nUna identitat corporativa ben treballada ens ajudar\u00e0 a creure\u2019ns una marca, a donar-li profunditat i a fer que connecti amb la seva audi\u00e8ncia.\n<\/p>\n\n\n\n<p class=\"has-text-color has-link-color wp-elements-0eaf791aef4221fe6f8f3b906541c637\" style=\"color:#ededed\">Posem el nostre equip al servei dels teus objectius i fonem les idees per transformar-les en comunicaci\u00f3 visual potent, t\u00e8cnicament impecable i enfocada a connectar amb el teu p\u00fablic.<\/p>\n\n\n\n<p class=\"has-text-color has-link-color wp-elements-f1c79388bdd2d2ad22237dd5f31401ad\" style=\"color:#ededed\">S\u00ed, es pot traduir &#8220;branding&#8221; com a &#8220;fer marca&#8221; o &#8220;crear marca&#8221;. \u00c9s una manera molt clara i entenedora de transmetre el concepte en catal\u00e0. Vols que ho utilitzem aix\u00ed a les traduccions?<\/p>\n\n\n\n<p><\/p>\n<\/div>\n<\/div>\n<\/div>\n\n\n\n<div class=\"wp-block-manifesto-gutenberg-container content-row dark-section full change-header-color\" data-bgcolor=\"#171717\" style=\"text-align:left\">\n<figure class=\"wp-block-manifesto-gutenberg-parallax-image has-parallax has-parallax-content\" data-delay=\"0\"><img decoding=\"async\" src=\"https:\/\/olalon.com\/wp-content\/uploads\/2024\/12\/Captura-de-Pantalla-2024-12-18-a-las-16.44.02.png\" alt=\"\"\/><div class=\"parallax-image-content content-full-width text-align-left\"><div class=\"outer\"><div class=\"inner\">\n<div class=\"wp-block-columns is-layout-flex wp-container-core-columns-is-layout-2 wp-block-columns-is-layout-flex\">\n<div class=\"wp-block-column is-layout-flow wp-block-column-is-layout-flow\"><\/div>\n\n\n\n<div class=\"wp-block-column is-layout-flow wp-block-column-is-layout-flow\">\n<div style=\"height:100px\" aria-hidden=\"true\" class=\"wp-block-spacer\"><\/div>\n<\/div>\n<\/div>\n<\/div><\/div><\/div><\/figure>\n<\/div>\n\n\n\n<div class=\"wp-block-manifesto-gutenberg-container content-row light-section normal row_padding_top row_padding_bottom\" data-bgcolor=\"#171717\" style=\"text-align:left\">\n<div class=\"wp-block-columns pinned-section is-layout-flex wp-container-core-columns-is-layout-3 wp-block-columns-is-layout-flex\">\n<div class=\"wp-block-column scrolling-element left is-layout-flow wp-block-column-is-layout-flow\">\n<figure class=\"wp-block-image size-full\"><img loading=\"lazy\" decoding=\"async\" width=\"666\" height=\"466\" src=\"https:\/\/olalon.com\/wp-content\/uploads\/2024\/09\/HEDONIS.webp\" alt=\"IDENTIDAD VISUAL HEDONIA\" class=\"wp-image-1138\" srcset=\"https:\/\/olalon.com\/wp-content\/uploads\/2024\/09\/HEDONIS.webp 666w, https:\/\/olalon.com\/wp-content\/uploads\/2024\/09\/HEDONIS-300x210.webp 300w\" sizes=\"auto, (max-width: 666px) 100vw, 666px\" \/><\/figure>\n<\/div>\n\n\n\n<div class=\"wp-block-column pinned-element right is-layout-flow wp-block-column-is-layout-flow\">\n<h3 class=\"wp-block-heading has-white-color has-text-color has-link-color wp-elements-e5d01c8b6f92d9cb11cfe07ba426b690\">Elements d\u2019una identitat corporativa<\/h3>\n\n\n\n<p class=\"has-text-color has-link-color wp-elements-b78a53ba9225489494f9aaff3f68d7d0\" style=\"color:#ededed\">Una identitat corporativa \u00e9s definir com es representa la marca en totes les seves facetes. Els colors, tipografies, s\u00edmbols, la seva manera de parlar, de comunicar, el seu imaginari visual. Quan veiem que una empresa t\u00e9 una coher\u00e8ncia comunicativa total \u00e9s perqu\u00e8 t\u00e9 una identitat corporativa s\u00f2lida i ben constru\u00efda.  <\/p>\n\n\n\n<p><\/p>\n<\/div>\n<\/div>\n<\/div>\n\n\n\n<p><\/p>\n\n\n\n<div class=\"wp-block-manifesto-gutenberg-container content-row light-section normal\" data-bgcolor=\"#ffffff\" style=\"text-align:left\">\n<div class=\"wp-block-manifesto-gutenberg-list-rotator list-rotator-wrapper\"><div class=\"list-rotator-title has-mask-fill\">Serveis de disseny gr\u00e0fic<\/div><div class=\"list-rotator-height\"><div class=\"list-rotator-pin\"><ul class=\"list-rotator\">\n<li class=\"wp-block-manifesto-gutenberg-list-rotator-item\">\n<a href=\"\/ca\/serveis\/agencia-de-disseny-grafic-i-branding-a-tarragona\/identitat-corporativa\/\">Identitat<em>Corporativa<\/em><\/a>\n<\/li>\n\n\n\n<li class=\"wp-block-manifesto-gutenberg-list-rotator-item\">\n<a href=\"\/ca\/serveis\/agencia-de-disseny-grafic-i-branding-a-tarragona\/disseny-de-packaging\/\">Disseny de <em>packaging<\/em><\/a>\n<\/li>\n\n\n\n<li class=\"wp-block-manifesto-gutenberg-list-rotator-item\">\n<a href=\"\/ca\/serveis\/agencia-de-disseny-grafic-i-branding-a-tarragona\/publicitat-exterior\/\">Disseny de <em> cartelleria<\/em\n<\/a>\n<\/li>\n\n\n\n<li class=\"wp-block-manifesto-gutenberg-list-rotator-item\">\n<a href=\"\/servicios\/agencia-de-diseno-grafico-y-branding-en-tarragona\/diseno-de-folletos-y-flyers\/\">Disseny de <em>Fullets i flyers<\/em><\/a>\n<\/li>\n\n\n\n<li class=\"wp-block-manifesto-gutenberg-list-rotator-item\">\n<a href=\"\/ca\/serveis\/agencia-de-disseny-grafic-i-branding-a-tarragona\/disseny-editorial\/\">Disseny <em>Editorial<\/em><\/a>\n<\/li>\n\n\n\n<li class=\"wp-block-manifesto-gutenberg-list-rotator-item\">\n<a href=\"\/ca\/serveis\/agencia-de-disseny-grafic-i-branding-a-tarragona\/estrategia-de-branding\/\">Estrat\u00e8gia de <em>branding<\/em><\/a>\n<\/li>\n<\/ul><\/div><\/div><\/div>\n<\/div>\n","protected":false},"excerpt":{"rendered":"","protected":false},"author":3,"featured_media":0,"parent":3649,"menu_order":0,"comment_status":"closed","ping_status":"closed","template":"","meta":{"_acf_changed":false,"_joinchat":[],"footnotes":""},"class_list":["post-3785","page","type-page","status-publish","hentry"],"acf":[],"yoast_head":"<!-- This site is optimized with the Yoast SEO plugin v25.4 - https:\/\/yoast.com\/wordpress\/plugins\/seo\/ -->\n<title>Identitat corporativa | Olalon<\/title>\n<meta name=\"description\" content=\"Dissenyem la teva identitat corporativa des de zero: logotip, colors, tipografia i to visual per a una marca coherent i professional.\" \/>\n<meta name=\"robots\" content=\"index, follow, max-snippet:-1, max-image-preview:large, max-video-preview:-1\" \/>\n<link rel=\"canonical\" href=\"https:\/\/olalon.com\/ca\/serveis\/agencia-de-disseny-grafic-i-branding-a-tarragona\/identitat-corporativa\/\" \/>\n<meta property=\"og:locale\" content=\"ca_ES\" \/>\n<meta property=\"og:type\" content=\"article\" \/>\n<meta property=\"og:title\" content=\"Identitat corporativa | Olalon\" \/>\n<meta property=\"og:description\" content=\"Dissenyem la teva identitat corporativa des de zero: logotip, colors, tipografia i to visual per a una marca coherent i professional.\" \/>\n<meta property=\"og:url\" content=\"https:\/\/olalon.com\/ca\/serveis\/agencia-de-disseny-grafic-i-branding-a-tarragona\/identitat-corporativa\/\" \/>\n<meta property=\"og:site_name\" content=\"Olalon\" \/>\n<meta property=\"article:modified_time\" content=\"2025-07-19T06:12:50+00:00\" \/>\n<meta property=\"og:image\" content=\"https:\/\/olalon.com\/wp-content\/uploads\/2024\/12\/Diseno-sin-titulo-6.jpg\" \/>\n<meta name=\"twitter:card\" content=\"summary_large_image\" \/>\n<meta name=\"twitter:label1\" content=\"Temps estimat de lectura\" \/>\n\t<meta name=\"twitter:data1\" content=\"2 minuts\" \/>\n<script type=\"application\/ld+json\" class=\"yoast-schema-graph\">{\"@context\":\"https:\/\/schema.org\",\"@graph\":[{\"@type\":\"WebPage\",\"@id\":\"https:\/\/olalon.com\/ca\/serveis\/agencia-de-disseny-grafic-i-branding-a-tarragona\/identitat-corporativa\/\",\"url\":\"https:\/\/olalon.com\/ca\/serveis\/agencia-de-disseny-grafic-i-branding-a-tarragona\/identitat-corporativa\/\",\"name\":\"Identitat corporativa | Olalon\",\"isPartOf\":{\"@id\":\"https:\/\/olalon.com\/ca\/#website\"},\"primaryImageOfPage\":{\"@id\":\"https:\/\/olalon.com\/ca\/serveis\/agencia-de-disseny-grafic-i-branding-a-tarragona\/identitat-corporativa\/#primaryimage\"},\"image\":{\"@id\":\"https:\/\/olalon.com\/ca\/serveis\/agencia-de-disseny-grafic-i-branding-a-tarragona\/identitat-corporativa\/#primaryimage\"},\"thumbnailUrl\":\"https:\/\/olalon.com\/wp-content\/uploads\/2024\/12\/Diseno-sin-titulo-6.jpg\",\"datePublished\":\"2024-12-02T17:03:35+00:00\",\"dateModified\":\"2025-07-19T06:12:50+00:00\",\"description\":\"Dissenyem la teva identitat corporativa des de zero: logotip, colors, tipografia i to visual per a una marca coherent i professional.\",\"breadcrumb\":{\"@id\":\"https:\/\/olalon.com\/ca\/serveis\/agencia-de-disseny-grafic-i-branding-a-tarragona\/identitat-corporativa\/#breadcrumb\"},\"inLanguage\":\"ca\",\"potentialAction\":[{\"@type\":\"ReadAction\",\"target\":[\"https:\/\/olalon.com\/ca\/serveis\/agencia-de-disseny-grafic-i-branding-a-tarragona\/identitat-corporativa\/\"]}]},{\"@type\":\"ImageObject\",\"inLanguage\":\"ca\",\"@id\":\"https:\/\/olalon.com\/ca\/serveis\/agencia-de-disseny-grafic-i-branding-a-tarragona\/identitat-corporativa\/#primaryimage\",\"url\":\"https:\/\/olalon.com\/wp-content\/uploads\/2024\/12\/Diseno-sin-titulo-6.jpg\",\"contentUrl\":\"https:\/\/olalon.com\/wp-content\/uploads\/2024\/12\/Diseno-sin-titulo-6.jpg\"},{\"@type\":\"BreadcrumbList\",\"@id\":\"https:\/\/olalon.com\/ca\/serveis\/agencia-de-disseny-grafic-i-branding-a-tarragona\/identitat-corporativa\/#breadcrumb\",\"itemListElement\":[{\"@type\":\"ListItem\",\"position\":1,\"name\":\"Portada\",\"item\":\"https:\/\/olalon.com\/ca\/servicios\/diseno-y-desarrollo-web\/desarrollo-software-a-medida\/\"},{\"@type\":\"ListItem\",\"position\":2,\"name\":\"Serveis\",\"item\":\"https:\/\/olalon.com\/ca\/servicios\/diseno-y-desarrollo-web\/desarrollo-software-a-medida\/\"},{\"@type\":\"ListItem\",\"position\":3,\"name\":\"Ag\u00e8ncia de Disseny Gr\u00e0fic i Branding a Tarragona\",\"item\":\"https:\/\/olalon.com\/ca\/servicios\/diseno-y-desarrollo-web\/desarrollo-software-a-medida\/\"},{\"@type\":\"ListItem\",\"position\":4,\"name\":\"Identitat corporativa\"}]},{\"@type\":\"WebSite\",\"@id\":\"https:\/\/olalon.com\/ca\/#website\",\"url\":\"https:\/\/olalon.com\/ca\/\",\"name\":\"Olalon\",\"description\":\"Agencia de Publicidad, Dise\u00f1o y Marketing Online\",\"publisher\":{\"@id\":\"https:\/\/olalon.com\/ca\/#organization\"},\"potentialAction\":[{\"@type\":\"SearchAction\",\"target\":{\"@type\":\"EntryPoint\",\"urlTemplate\":\"https:\/\/olalon.com\/ca\/?s={search_term_string}\"},\"query-input\":{\"@type\":\"PropertyValueSpecification\",\"valueRequired\":true,\"valueName\":\"search_term_string\"}}],\"inLanguage\":\"ca\"},{\"@type\":\"Organization\",\"@id\":\"https:\/\/olalon.com\/ca\/#organization\",\"name\":\"Olalon\",\"url\":\"https:\/\/olalon.com\/ca\/\",\"logo\":{\"@type\":\"ImageObject\",\"inLanguage\":\"ca\",\"@id\":\"https:\/\/olalon.com\/ca\/#\/schema\/logo\/image\/\",\"url\":\"https:\/\/olalon.com\/wp-content\/uploads\/2025\/02\/Logo_Olalon-01.png\",\"contentUrl\":\"https:\/\/olalon.com\/wp-content\/uploads\/2025\/02\/Logo_Olalon-01.png\",\"width\":2249,\"height\":989,\"caption\":\"Olalon\"},\"image\":{\"@id\":\"https:\/\/olalon.com\/ca\/#\/schema\/logo\/image\/\"},\"sameAs\":[\"https:\/\/www.instagram.com\/olalonstudio\/\",\"https:\/\/www.youtube.com\/c\/olalonstudio\",\"https:\/\/www.tiktok.com\/@olalonstudio\"]}]}<\/script>\n<!-- \/ Yoast SEO plugin. -->","yoast_head_json":{"title":"Identitat corporativa | Olalon","description":"Dissenyem la teva identitat corporativa des de zero: logotip, colors, tipografia i to visual per a una marca coherent i professional.","robots":{"index":"index","follow":"follow","max-snippet":"max-snippet:-1","max-image-preview":"max-image-preview:large","max-video-preview":"max-video-preview:-1"},"canonical":"https:\/\/olalon.com\/ca\/serveis\/agencia-de-disseny-grafic-i-branding-a-tarragona\/identitat-corporativa\/","og_locale":"ca_ES","og_type":"article","og_title":"Identitat corporativa | Olalon","og_description":"Dissenyem la teva identitat corporativa des de zero: logotip, colors, tipografia i to visual per a una marca coherent i professional.","og_url":"https:\/\/olalon.com\/ca\/serveis\/agencia-de-disseny-grafic-i-branding-a-tarragona\/identitat-corporativa\/","og_site_name":"Olalon","article_modified_time":"2025-07-19T06:12:50+00:00","og_image":[{"url":"https:\/\/olalon.com\/wp-content\/uploads\/2024\/12\/Diseno-sin-titulo-6.jpg","type":"","width":"","height":""}],"twitter_card":"summary_large_image","twitter_misc":{"Temps estimat de lectura":"2 minuts"},"schema":{"@context":"https:\/\/schema.org","@graph":[{"@type":"WebPage","@id":"https:\/\/olalon.com\/ca\/serveis\/agencia-de-disseny-grafic-i-branding-a-tarragona\/identitat-corporativa\/","url":"https:\/\/olalon.com\/ca\/serveis\/agencia-de-disseny-grafic-i-branding-a-tarragona\/identitat-corporativa\/","name":"Identitat corporativa | Olalon","isPartOf":{"@id":"https:\/\/olalon.com\/ca\/#website"},"primaryImageOfPage":{"@id":"https:\/\/olalon.com\/ca\/serveis\/agencia-de-disseny-grafic-i-branding-a-tarragona\/identitat-corporativa\/#primaryimage"},"image":{"@id":"https:\/\/olalon.com\/ca\/serveis\/agencia-de-disseny-grafic-i-branding-a-tarragona\/identitat-corporativa\/#primaryimage"},"thumbnailUrl":"https:\/\/olalon.com\/wp-content\/uploads\/2024\/12\/Diseno-sin-titulo-6.jpg","datePublished":"2024-12-02T17:03:35+00:00","dateModified":"2025-07-19T06:12:50+00:00","description":"Dissenyem la teva identitat corporativa des de zero: logotip, colors, tipografia i to visual per a una marca coherent i professional.","breadcrumb":{"@id":"https:\/\/olalon.com\/ca\/serveis\/agencia-de-disseny-grafic-i-branding-a-tarragona\/identitat-corporativa\/#breadcrumb"},"inLanguage":"ca","potentialAction":[{"@type":"ReadAction","target":["https:\/\/olalon.com\/ca\/serveis\/agencia-de-disseny-grafic-i-branding-a-tarragona\/identitat-corporativa\/"]}]},{"@type":"ImageObject","inLanguage":"ca","@id":"https:\/\/olalon.com\/ca\/serveis\/agencia-de-disseny-grafic-i-branding-a-tarragona\/identitat-corporativa\/#primaryimage","url":"https:\/\/olalon.com\/wp-content\/uploads\/2024\/12\/Diseno-sin-titulo-6.jpg","contentUrl":"https:\/\/olalon.com\/wp-content\/uploads\/2024\/12\/Diseno-sin-titulo-6.jpg"},{"@type":"BreadcrumbList","@id":"https:\/\/olalon.com\/ca\/serveis\/agencia-de-disseny-grafic-i-branding-a-tarragona\/identitat-corporativa\/#breadcrumb","itemListElement":[{"@type":"ListItem","position":1,"name":"Portada","item":"https:\/\/olalon.com\/ca\/servicios\/diseno-y-desarrollo-web\/desarrollo-software-a-medida\/"},{"@type":"ListItem","position":2,"name":"Serveis","item":"https:\/\/olalon.com\/ca\/servicios\/diseno-y-desarrollo-web\/desarrollo-software-a-medida\/"},{"@type":"ListItem","position":3,"name":"Ag\u00e8ncia de Disseny Gr\u00e0fic i Branding a Tarragona","item":"https:\/\/olalon.com\/ca\/servicios\/diseno-y-desarrollo-web\/desarrollo-software-a-medida\/"},{"@type":"ListItem","position":4,"name":"Identitat corporativa"}]},{"@type":"WebSite","@id":"https:\/\/olalon.com\/ca\/#website","url":"https:\/\/olalon.com\/ca\/","name":"Olalon","description":"Agencia de Publicidad, Dise\u00f1o y Marketing Online","publisher":{"@id":"https:\/\/olalon.com\/ca\/#organization"},"potentialAction":[{"@type":"SearchAction","target":{"@type":"EntryPoint","urlTemplate":"https:\/\/olalon.com\/ca\/?s={search_term_string}"},"query-input":{"@type":"PropertyValueSpecification","valueRequired":true,"valueName":"search_term_string"}}],"inLanguage":"ca"},{"@type":"Organization","@id":"https:\/\/olalon.com\/ca\/#organization","name":"Olalon","url":"https:\/\/olalon.com\/ca\/","logo":{"@type":"ImageObject","inLanguage":"ca","@id":"https:\/\/olalon.com\/ca\/#\/schema\/logo\/image\/","url":"https:\/\/olalon.com\/wp-content\/uploads\/2025\/02\/Logo_Olalon-01.png","contentUrl":"https:\/\/olalon.com\/wp-content\/uploads\/2025\/02\/Logo_Olalon-01.png","width":2249,"height":989,"caption":"Olalon"},"image":{"@id":"https:\/\/olalon.com\/ca\/#\/schema\/logo\/image\/"},"sameAs":["https:\/\/www.instagram.com\/olalonstudio\/","https:\/\/www.youtube.com\/c\/olalonstudio","https:\/\/www.tiktok.com\/@olalonstudio"]}]}},"_links":{"self":[{"href":"https:\/\/olalon.com\/ca\/wp-json\/wp\/v2\/pages\/3785","targetHints":{"allow":["GET"]}}],"collection":[{"href":"https:\/\/olalon.com\/ca\/wp-json\/wp\/v2\/pages"}],"about":[{"href":"https:\/\/olalon.com\/ca\/wp-json\/wp\/v2\/types\/page"}],"author":[{"embeddable":true,"href":"https:\/\/olalon.com\/ca\/wp-json\/wp\/v2\/users\/3"}],"replies":[{"embeddable":true,"href":"https:\/\/olalon.com\/ca\/wp-json\/wp\/v2\/comments?post=3785"}],"version-history":[{"count":2,"href":"https:\/\/olalon.com\/ca\/wp-json\/wp\/v2\/pages\/3785\/revisions"}],"predecessor-version":[{"id":4019,"href":"https:\/\/olalon.com\/ca\/wp-json\/wp\/v2\/pages\/3785\/revisions\/4019"}],"up":[{"embeddable":true,"href":"https:\/\/olalon.com\/ca\/wp-json\/wp\/v2\/pages\/3649"}],"wp:attachment":[{"href":"https:\/\/olalon.com\/ca\/wp-json\/wp\/v2\/media?parent=3785"}],"curies":[{"name":"wp","href":"https:\/\/api.w.org\/{rel}","templated":true}]}}