{"id":3787,"date":"2024-12-09T14:09:45","date_gmt":"2024-12-09T13:09:45","guid":{"rendered":"https:\/\/olalon.com\/serveis\/agencia-de-disseny-grafic-i-branding-a-tarragona\/publicitat-exterior\/"},"modified":"2025-07-19T08:16:54","modified_gmt":"2025-07-19T06:16:54","slug":"publicitat-exterior","status":"publish","type":"page","link":"https:\/\/olalon.com\/ca\/serveis\/agencia-de-disseny-grafic-i-branding-a-tarragona\/publicitat-exterior\/","title":{"rendered":"Publicitat exterior"},"content":{"rendered":"\n<div class=\"wp-block-manifesto-gutenberg-container content-row dark-section normal\" data-bgcolor=\"#000000\" style=\"text-align:left\">\n<div class=\"wp-block-manifesto-gutenberg-clipped-image clipped-image-wrapper\"><div class=\"clipped-image-pin\"><div class=\"clipped-image\"><img decoding=\"async\" src=\"https:\/\/olalon.com\/wp-content\/uploads\/2024\/12\/MSV-Mupi-11_resultat.webp\" alt=\"\"\/><div class=\"clipped-image-gradient\"><\/div><\/div><\/div><div class=\"clipped-image-content content-full-width\">\n<div class=\"wp-block-manifesto-gutenberg-marquee-content marquee-text-wrapper\"><h2 class=\"marquee-text no-margins fw big-title\">\nPUBLICITAT <em>EXTERIOR<\/em>\n<\/h2><\/div>\n<\/div><\/div>\n<\/div>\n\n\n\n<div class=\"wp-block-manifesto-gutenberg-container content-row light-section normal row_padding_top row_padding_bottom change-header-color\" data-bgcolor=\"#ffffff\" style=\"text-align:left\">\n<div class=\"wp-block-columns pinned-section is-layout-flex wp-container-core-columns-is-layout-1 wp-block-columns-is-layout-flex\">\n<div class=\"wp-block-column scrolling-element left is-layout-flow wp-block-column-is-layout-flow\">\n<figure class=\" \"><a class=\"image-link\" href=\"https:\/\/olalon.com\/wp-content\/uploads\/2024\/12\/mupi-body.webp\"><img decoding=\"async\" src=\"https:\/\/olalon.com\/wp-content\/uploads\/2024\/12\/mupi-body.webp\" alt=\"body viu cartel publicidad exterior\" \/><\/a><figcaption><\/figcaption><\/figure>\n<\/div>\n\n\n\n<div class=\"wp-block-column pinned-element right is-layout-flow wp-block-column-is-layout-flow\">\n<h4 class=\"wp-block-heading\">Veure<\/h4>\n\n\n\n<p class=\"has-opacity\">La visibilitat s\u2019aconsegueix amb el pla de mitjans. Fer un estudi de on volem fer la campanya per comprar els mitjans que aconsegueixen impactar el nostre p\u00fablic (mupis, marquesines, autobusos, tanques publicit\u00e0ries). Aix\u00f2 ens garantir\u00e0 un nombre determinat d\u2019impactes o, dit d\u2019una altra manera, que un nombre determinat de persones ens veur\u00e0.  <\/p>\n<\/div>\n<\/div>\n\n\n\n<div class=\"wp-block-columns is-layout-flex wp-container-core-columns-is-layout-2 wp-block-columns-is-layout-flex\">\n<div class=\"wp-block-column is-layout-flow wp-block-column-is-layout-flow\"><\/div>\n<\/div>\n<\/div>\n\n\n\n<div class=\"wp-block-manifesto-gutenberg-container content-row light-section normal row_padding_top row_padding_bottom\" data-bgcolor=\"#000000\" style=\"text-align:left\">\n<h4 class=\"wp-block-heading has-white-color has-text-color has-link-color wp-elements-fc77f0d98709bca8a8a9bec9f66ba433\">Veure<\/h4>\n\n\n\n<p class=\"has-opacity has-white-color has-text-color has-link-color wp-elements-ba20ec1034f93654e83d9ad58744a6cc\">No importa el nombre de persones que vegin el nostre cartell si ni tan sols el miren. Captar una mirada pot ser f\u00e0cil, simplement posant el cartell en el camp visual del nostre p\u00fablic podem aconseguir-ho. Per\u00f2 en un m\u00f3n saturat d\u2019impactes publicitaris, \u00e9s molt probable que el nostre cervell anul\u00b7li directament l\u2019impacte sense ni tan sols processar-lo. Simplement, un cartell mereix la mateixa atenci\u00f3 que un b\u00fastia.   <\/p>\n\n\n\n<p class=\"has-opacity has-white-color has-text-color has-link-color wp-elements-8c15e6a2aa1dfb1a5d233ab430fc0094\">Un disseny impactant, estructurat, amb unes regles determinades i que sigui un captador d\u2019atenci\u00f3 ser\u00e0 clau per impactar el nostre p\u00fablic.<\/p>\n<\/div>\n\n\n\n<div class=\"wp-block-manifesto-gutenberg-container content-row light-section normal row_padding_top row_padding_bottom change-header-color\" data-bgcolor=\"#ffffff\" style=\"text-align:left\">\n<div class=\"wp-block-columns pinned-section is-layout-flex wp-container-core-columns-is-layout-3 wp-block-columns-is-layout-flex\">\n<div class=\"wp-block-column scrolling-element left is-layout-flow wp-block-column-is-layout-flow\">\n<h4 class=\"wp-block-heading\">Recordar<\/h4>\n\n\n\n<p class=\"has-opacity\">Originalitat i creativitat que desperti els teus sentits. Aix\u00f2 \u00e9s el que anomenem <a href=\"https:\/\/webold.olalon.com\/servicios\/agencia-marketing-online-tarragona\/agencia-de-publicidad-en-tarragona\/\">insight publicitari<\/a>. Si el missatge aporta alguna cosa, fa funcionar el nostre cervell i desperta alguna emoci\u00f3 en nosaltres, recordarem aquesta marca i aquest cartell.  <\/p>\n\n\n\n<p class=\"has-opacity\">Si invertim en una <strong>campanya exterior de mitjans<\/strong>, no t\u00e9 sentit estalviar en un disseny que la faci efectiva. Nom\u00e9s aix\u00ed aconseguirem que, a m\u00e9s de veure\u2019ns, ens mirin i ens recordin. <\/p>\n<\/div>\n\n\n\n<div class=\"wp-block-column pinned-element right is-layout-flow wp-block-column-is-layout-flow\">\n<figure class=\" \"><a class=\"image-link\" href=\"https:\/\/olalon.com\/wp-content\/uploads\/2024\/10\/CAmbrils2.webp\"><img decoding=\"async\" src=\"https:\/\/olalon.com\/wp-content\/uploads\/2024\/10\/CAmbrils2.webp\" alt=\"Cambrils publicidad exterior\" \/><\/a><figcaption><\/figcaption><\/figure>\n<\/div>\n<\/div>\n<\/div>\n\n\n\n<div class=\"wp-block-manifesto-gutenberg-container content-row light-section normal\" data-bgcolor=\"#ffffff\" style=\"text-align:left\">\n<div class=\"wp-block-manifesto-gutenberg-list-rotator list-rotator-wrapper\"><div class=\"list-rotator-title has-mask-fill\">Serveis de disseny gr\u00e0fic<\/div><div class=\"list-rotator-height\"><div class=\"list-rotator-pin\"><ul class=\"list-rotator\">\n<li class=\"wp-block-manifesto-gutenberg-list-rotator-item\">\n<a href=\"\/ca\/serveis\/agencia-de-disseny-grafic-i-branding-a-tarragona\/identitat-corporativa\/\">Identitat<em>Corporativa<\/em><\/a>\n<\/li>\n\n\n\n<li class=\"wp-block-manifesto-gutenberg-list-rotator-item\">\n<a href=\"\/ca\/serveis\/agencia-de-disseny-grafic-i-branding-a-tarragona\/disseny-de-packaging\/\">Disseny de <em>packaging<\/em><\/a>\n<\/li>\n\n\n\n<li class=\"wp-block-manifesto-gutenberg-list-rotator-item\">\n<a href=\"\/ca\/serveis\/agencia-de-disseny-grafic-i-branding-a-tarragona\/publicitat-exterior\/\">Disseny de <em> cartelleria<\/em\n<\/a>\n<\/li>\n\n\n\n<li class=\"wp-block-manifesto-gutenberg-list-rotator-item\">\n<a href=\"\/servicios\/agencia-de-diseno-grafico-y-branding-en-tarragona\/diseno-de-folletos-y-flyers\/\">Disseny de <em>Fullets i flyers<\/em><\/a>\n<\/li>\n\n\n\n<li class=\"wp-block-manifesto-gutenberg-list-rotator-item\">\n<a href=\"\/ca\/serveis\/agencia-de-disseny-grafic-i-branding-a-tarragona\/disseny-editorial\/\">Disseny <em>Editorial<\/em><\/a>\n<\/li>\n\n\n\n<li class=\"wp-block-manifesto-gutenberg-list-rotator-item\">\n<a href=\"\/ca\/serveis\/agencia-de-disseny-grafic-i-branding-a-tarragona\/estrategia-de-branding\/\">Estrat\u00e8gia de <em>branding<\/em><\/a>\n<\/li>\n<\/ul><\/div><\/div><\/div>\n<\/div>\n","protected":false},"excerpt":{"rendered":"","protected":false},"author":3,"featured_media":0,"parent":3649,"menu_order":0,"comment_status":"closed","ping_status":"closed","template":"","meta":{"_acf_changed":false,"_joinchat":[],"footnotes":""},"class_list":["post-3787","page","type-page","status-publish","hentry"],"acf":[],"yoast_head":"<!-- This site is optimized with the Yoast SEO plugin v25.4 - https:\/\/yoast.com\/wordpress\/plugins\/seo\/ -->\n<title>Conceptualitzaci\u00f3, disseny i gesti\u00f3 de campanyes de publicitat exterior en tanques o mobiliari urb\u00e0.<\/title>\n<meta name=\"description\" content=\"Dissenyem publicitat exterior impactant a Tarragona. Lones, tanques i creativitat estrat\u00e8gica per atreure totes les mirades.\" \/>\n<meta name=\"robots\" content=\"index, follow, max-snippet:-1, max-image-preview:large, max-video-preview:-1\" \/>\n<link rel=\"canonical\" href=\"https:\/\/olalon.com\/ca\/serveis\/agencia-de-disseny-grafic-i-branding-a-tarragona\/publicitat-exterior\/\" \/>\n<meta property=\"og:locale\" content=\"ca_ES\" \/>\n<meta property=\"og:type\" content=\"article\" \/>\n<meta property=\"og:title\" content=\"Conceptualitzaci\u00f3, disseny i gesti\u00f3 de campanyes de publicitat exterior en tanques o mobiliari urb\u00e0.\" \/>\n<meta property=\"og:description\" content=\"Dissenyem publicitat exterior impactant a Tarragona. Lones, tanques i creativitat estrat\u00e8gica per atreure totes les mirades.\" \/>\n<meta property=\"og:url\" content=\"https:\/\/olalon.com\/ca\/serveis\/agencia-de-disseny-grafic-i-branding-a-tarragona\/publicitat-exterior\/\" \/>\n<meta property=\"og:site_name\" content=\"Olalon\" \/>\n<meta property=\"article:modified_time\" content=\"2025-07-19T06:16:54+00:00\" \/>\n<meta property=\"og:image\" content=\"https:\/\/olalon.com\/wp-content\/uploads\/2024\/12\/MSV-Mupi-11_resultat.webp\" \/>\n<meta name=\"twitter:card\" content=\"summary_large_image\" \/>\n<meta name=\"twitter:label1\" content=\"Temps estimat de lectura\" \/>\n\t<meta name=\"twitter:data1\" content=\"2 minuts\" \/>\n<script type=\"application\/ld+json\" class=\"yoast-schema-graph\">{\"@context\":\"https:\/\/schema.org\",\"@graph\":[{\"@type\":\"WebPage\",\"@id\":\"https:\/\/olalon.com\/ca\/serveis\/agencia-de-disseny-grafic-i-branding-a-tarragona\/publicitat-exterior\/\",\"url\":\"https:\/\/olalon.com\/ca\/serveis\/agencia-de-disseny-grafic-i-branding-a-tarragona\/publicitat-exterior\/\",\"name\":\"Conceptualitzaci\u00f3, disseny i gesti\u00f3 de campanyes de publicitat exterior en tanques o mobiliari urb\u00e0.\",\"isPartOf\":{\"@id\":\"https:\/\/olalon.com\/ca\/#website\"},\"primaryImageOfPage\":{\"@id\":\"https:\/\/olalon.com\/ca\/serveis\/agencia-de-disseny-grafic-i-branding-a-tarragona\/publicitat-exterior\/#primaryimage\"},\"image\":{\"@id\":\"https:\/\/olalon.com\/ca\/serveis\/agencia-de-disseny-grafic-i-branding-a-tarragona\/publicitat-exterior\/#primaryimage\"},\"thumbnailUrl\":\"https:\/\/olalon.com\/wp-content\/uploads\/2024\/12\/MSV-Mupi-11_resultat.webp\",\"datePublished\":\"2024-12-09T13:09:45+00:00\",\"dateModified\":\"2025-07-19T06:16:54+00:00\",\"description\":\"Dissenyem publicitat exterior impactant a Tarragona. Lones, tanques i creativitat estrat\u00e8gica per atreure totes les mirades.\",\"breadcrumb\":{\"@id\":\"https:\/\/olalon.com\/ca\/serveis\/agencia-de-disseny-grafic-i-branding-a-tarragona\/publicitat-exterior\/#breadcrumb\"},\"inLanguage\":\"ca\",\"potentialAction\":[{\"@type\":\"ReadAction\",\"target\":[\"https:\/\/olalon.com\/ca\/serveis\/agencia-de-disseny-grafic-i-branding-a-tarragona\/publicitat-exterior\/\"]}]},{\"@type\":\"ImageObject\",\"inLanguage\":\"ca\",\"@id\":\"https:\/\/olalon.com\/ca\/serveis\/agencia-de-disseny-grafic-i-branding-a-tarragona\/publicitat-exterior\/#primaryimage\",\"url\":\"https:\/\/olalon.com\/wp-content\/uploads\/2024\/12\/MSV-Mupi-11_resultat.webp\",\"contentUrl\":\"https:\/\/olalon.com\/wp-content\/uploads\/2024\/12\/MSV-Mupi-11_resultat.webp\"},{\"@type\":\"BreadcrumbList\",\"@id\":\"https:\/\/olalon.com\/ca\/serveis\/agencia-de-disseny-grafic-i-branding-a-tarragona\/publicitat-exterior\/#breadcrumb\",\"itemListElement\":[{\"@type\":\"ListItem\",\"position\":1,\"name\":\"Portada\",\"item\":\"https:\/\/olalon.com\/ca\/servicios\/diseno-y-desarrollo-web\/desarrollo-software-a-medida\/\"},{\"@type\":\"ListItem\",\"position\":2,\"name\":\"Serveis\",\"item\":\"https:\/\/olalon.com\/ca\/servicios\/diseno-y-desarrollo-web\/desarrollo-software-a-medida\/\"},{\"@type\":\"ListItem\",\"position\":3,\"name\":\"Ag\u00e8ncia de Disseny Gr\u00e0fic i Branding a Tarragona\",\"item\":\"https:\/\/olalon.com\/ca\/servicios\/diseno-y-desarrollo-web\/desarrollo-software-a-medida\/\"},{\"@type\":\"ListItem\",\"position\":4,\"name\":\"Publicitat exterior\"}]},{\"@type\":\"WebSite\",\"@id\":\"https:\/\/olalon.com\/ca\/#website\",\"url\":\"https:\/\/olalon.com\/ca\/\",\"name\":\"Olalon\",\"description\":\"Agencia de Publicidad, Dise\u00f1o y Marketing Online\",\"publisher\":{\"@id\":\"https:\/\/olalon.com\/ca\/#organization\"},\"potentialAction\":[{\"@type\":\"SearchAction\",\"target\":{\"@type\":\"EntryPoint\",\"urlTemplate\":\"https:\/\/olalon.com\/ca\/?s={search_term_string}\"},\"query-input\":{\"@type\":\"PropertyValueSpecification\",\"valueRequired\":true,\"valueName\":\"search_term_string\"}}],\"inLanguage\":\"ca\"},{\"@type\":\"Organization\",\"@id\":\"https:\/\/olalon.com\/ca\/#organization\",\"name\":\"Olalon\",\"url\":\"https:\/\/olalon.com\/ca\/\",\"logo\":{\"@type\":\"ImageObject\",\"inLanguage\":\"ca\",\"@id\":\"https:\/\/olalon.com\/ca\/#\/schema\/logo\/image\/\",\"url\":\"https:\/\/olalon.com\/wp-content\/uploads\/2025\/02\/Logo_Olalon-01.png\",\"contentUrl\":\"https:\/\/olalon.com\/wp-content\/uploads\/2025\/02\/Logo_Olalon-01.png\",\"width\":2249,\"height\":989,\"caption\":\"Olalon\"},\"image\":{\"@id\":\"https:\/\/olalon.com\/ca\/#\/schema\/logo\/image\/\"},\"sameAs\":[\"https:\/\/www.instagram.com\/olalonstudio\/\",\"https:\/\/www.youtube.com\/c\/olalonstudio\",\"https:\/\/www.tiktok.com\/@olalonstudio\"]}]}<\/script>\n<!-- \/ Yoast SEO plugin. -->","yoast_head_json":{"title":"Conceptualitzaci\u00f3, disseny i gesti\u00f3 de campanyes de publicitat exterior en tanques o mobiliari urb\u00e0.","description":"Dissenyem publicitat exterior impactant a Tarragona. Lones, tanques i creativitat estrat\u00e8gica per atreure totes les mirades.","robots":{"index":"index","follow":"follow","max-snippet":"max-snippet:-1","max-image-preview":"max-image-preview:large","max-video-preview":"max-video-preview:-1"},"canonical":"https:\/\/olalon.com\/ca\/serveis\/agencia-de-disseny-grafic-i-branding-a-tarragona\/publicitat-exterior\/","og_locale":"ca_ES","og_type":"article","og_title":"Conceptualitzaci\u00f3, disseny i gesti\u00f3 de campanyes de publicitat exterior en tanques o mobiliari urb\u00e0.","og_description":"Dissenyem publicitat exterior impactant a Tarragona. Lones, tanques i creativitat estrat\u00e8gica per atreure totes les mirades.","og_url":"https:\/\/olalon.com\/ca\/serveis\/agencia-de-disseny-grafic-i-branding-a-tarragona\/publicitat-exterior\/","og_site_name":"Olalon","article_modified_time":"2025-07-19T06:16:54+00:00","og_image":[{"url":"https:\/\/olalon.com\/wp-content\/uploads\/2024\/12\/MSV-Mupi-11_resultat.webp","type":"","width":"","height":""}],"twitter_card":"summary_large_image","twitter_misc":{"Temps estimat de lectura":"2 minuts"},"schema":{"@context":"https:\/\/schema.org","@graph":[{"@type":"WebPage","@id":"https:\/\/olalon.com\/ca\/serveis\/agencia-de-disseny-grafic-i-branding-a-tarragona\/publicitat-exterior\/","url":"https:\/\/olalon.com\/ca\/serveis\/agencia-de-disseny-grafic-i-branding-a-tarragona\/publicitat-exterior\/","name":"Conceptualitzaci\u00f3, disseny i gesti\u00f3 de campanyes de publicitat exterior en tanques o mobiliari urb\u00e0.","isPartOf":{"@id":"https:\/\/olalon.com\/ca\/#website"},"primaryImageOfPage":{"@id":"https:\/\/olalon.com\/ca\/serveis\/agencia-de-disseny-grafic-i-branding-a-tarragona\/publicitat-exterior\/#primaryimage"},"image":{"@id":"https:\/\/olalon.com\/ca\/serveis\/agencia-de-disseny-grafic-i-branding-a-tarragona\/publicitat-exterior\/#primaryimage"},"thumbnailUrl":"https:\/\/olalon.com\/wp-content\/uploads\/2024\/12\/MSV-Mupi-11_resultat.webp","datePublished":"2024-12-09T13:09:45+00:00","dateModified":"2025-07-19T06:16:54+00:00","description":"Dissenyem publicitat exterior impactant a Tarragona. Lones, tanques i creativitat estrat\u00e8gica per atreure totes les mirades.","breadcrumb":{"@id":"https:\/\/olalon.com\/ca\/serveis\/agencia-de-disseny-grafic-i-branding-a-tarragona\/publicitat-exterior\/#breadcrumb"},"inLanguage":"ca","potentialAction":[{"@type":"ReadAction","target":["https:\/\/olalon.com\/ca\/serveis\/agencia-de-disseny-grafic-i-branding-a-tarragona\/publicitat-exterior\/"]}]},{"@type":"ImageObject","inLanguage":"ca","@id":"https:\/\/olalon.com\/ca\/serveis\/agencia-de-disseny-grafic-i-branding-a-tarragona\/publicitat-exterior\/#primaryimage","url":"https:\/\/olalon.com\/wp-content\/uploads\/2024\/12\/MSV-Mupi-11_resultat.webp","contentUrl":"https:\/\/olalon.com\/wp-content\/uploads\/2024\/12\/MSV-Mupi-11_resultat.webp"},{"@type":"BreadcrumbList","@id":"https:\/\/olalon.com\/ca\/serveis\/agencia-de-disseny-grafic-i-branding-a-tarragona\/publicitat-exterior\/#breadcrumb","itemListElement":[{"@type":"ListItem","position":1,"name":"Portada","item":"https:\/\/olalon.com\/ca\/servicios\/diseno-y-desarrollo-web\/desarrollo-software-a-medida\/"},{"@type":"ListItem","position":2,"name":"Serveis","item":"https:\/\/olalon.com\/ca\/servicios\/diseno-y-desarrollo-web\/desarrollo-software-a-medida\/"},{"@type":"ListItem","position":3,"name":"Ag\u00e8ncia de Disseny Gr\u00e0fic i Branding a Tarragona","item":"https:\/\/olalon.com\/ca\/servicios\/diseno-y-desarrollo-web\/desarrollo-software-a-medida\/"},{"@type":"ListItem","position":4,"name":"Publicitat exterior"}]},{"@type":"WebSite","@id":"https:\/\/olalon.com\/ca\/#website","url":"https:\/\/olalon.com\/ca\/","name":"Olalon","description":"Agencia de Publicidad, Dise\u00f1o y Marketing Online","publisher":{"@id":"https:\/\/olalon.com\/ca\/#organization"},"potentialAction":[{"@type":"SearchAction","target":{"@type":"EntryPoint","urlTemplate":"https:\/\/olalon.com\/ca\/?s={search_term_string}"},"query-input":{"@type":"PropertyValueSpecification","valueRequired":true,"valueName":"search_term_string"}}],"inLanguage":"ca"},{"@type":"Organization","@id":"https:\/\/olalon.com\/ca\/#organization","name":"Olalon","url":"https:\/\/olalon.com\/ca\/","logo":{"@type":"ImageObject","inLanguage":"ca","@id":"https:\/\/olalon.com\/ca\/#\/schema\/logo\/image\/","url":"https:\/\/olalon.com\/wp-content\/uploads\/2025\/02\/Logo_Olalon-01.png","contentUrl":"https:\/\/olalon.com\/wp-content\/uploads\/2025\/02\/Logo_Olalon-01.png","width":2249,"height":989,"caption":"Olalon"},"image":{"@id":"https:\/\/olalon.com\/ca\/#\/schema\/logo\/image\/"},"sameAs":["https:\/\/www.instagram.com\/olalonstudio\/","https:\/\/www.youtube.com\/c\/olalonstudio","https:\/\/www.tiktok.com\/@olalonstudio"]}]}},"_links":{"self":[{"href":"https:\/\/olalon.com\/ca\/wp-json\/wp\/v2\/pages\/3787","targetHints":{"allow":["GET"]}}],"collection":[{"href":"https:\/\/olalon.com\/ca\/wp-json\/wp\/v2\/pages"}],"about":[{"href":"https:\/\/olalon.com\/ca\/wp-json\/wp\/v2\/types\/page"}],"author":[{"embeddable":true,"href":"https:\/\/olalon.com\/ca\/wp-json\/wp\/v2\/users\/3"}],"replies":[{"embeddable":true,"href":"https:\/\/olalon.com\/ca\/wp-json\/wp\/v2\/comments?post=3787"}],"version-history":[{"count":2,"href":"https:\/\/olalon.com\/ca\/wp-json\/wp\/v2\/pages\/3787\/revisions"}],"predecessor-version":[{"id":4021,"href":"https:\/\/olalon.com\/ca\/wp-json\/wp\/v2\/pages\/3787\/revisions\/4021"}],"up":[{"embeddable":true,"href":"https:\/\/olalon.com\/ca\/wp-json\/wp\/v2\/pages\/3649"}],"wp:attachment":[{"href":"https:\/\/olalon.com\/ca\/wp-json\/wp\/v2\/media?parent=3787"}],"curies":[{"name":"wp","href":"https:\/\/api.w.org\/{rel}","templated":true}]}}