{"id":3795,"date":"2024-12-12T11:19:41","date_gmt":"2024-12-12T10:19:41","guid":{"rendered":"https:\/\/olalon.com\/serveis\/disseny-i-desenvolupament-web\/desenvolupament-de-software-a-mida\/"},"modified":"2025-07-19T09:17:44","modified_gmt":"2025-07-19T07:17:44","slug":"desenvolupament-programari-a-mida","status":"publish","type":"page","link":"https:\/\/olalon.com\/ca\/serveis\/disseny-i-desenvolupament-web\/desenvolupament-programari-a-mida\/","title":{"rendered":"Desenvolupament de programari a mida"},"content":{"rendered":"\n<div class=\"wp-block-manifesto-gutenberg-container content-row dark-section normal\" data-bgcolor=\"#000000\" style=\"text-align:left\">\n<div class=\"wp-block-manifesto-gutenberg-clipped-image clipped-image-wrapper\"><div class=\"clipped-image-pin\"><div class=\"clipped-image\"><img decoding=\"async\" src=\"https:\/\/olalon.com\/wp-content\/uploads\/2024\/12\/OLA-WEB-PORTADES-SERVEIS3.webp\" alt=\"desarrollo software a medida olalon\"\/><div class=\"clipped-image-gradient\"><\/div><\/div><\/div><div class=\"clipped-image-content content-full-width\">\n<div class=\"wp-block-manifesto-gutenberg-marquee-content marquee-text-wrapper\"><h1 class=\"marquee-text no-margins fw big-title\">\nDESENVOLUPAMENT DE <em>PROGRAMARI <\/em> DESENVOLUPAMENT DE<em> PROGRAMARI<\/em>\n<\/h1><\/div>\n<\/div><\/div>\n<\/div>\n\n\n\n<div class=\"wp-block-manifesto-gutenberg-container content-row light-section normal row_padding_top row_padding_bottom change-header-color\" data-bgcolor=\"#ffffff\" style=\"text-align:left\">\n<div class=\"wp-block-columns pinned-section is-layout-flex wp-container-core-columns-is-layout-1 wp-block-columns-is-layout-flex\">\n<div class=\"wp-block-column scrolling-element left is-layout-flow wp-block-column-is-layout-flow\">\n<figure class=\"wp-block-image size-large\"><img loading=\"lazy\" decoding=\"async\" width=\"718\" height=\"1024\" src=\"https:\/\/olalon.com\/wp-content\/uploads\/2024\/12\/olalon-asesoria-web-718x1024.webp\" alt=\"\" class=\"wp-image-2333\" srcset=\"https:\/\/olalon.com\/wp-content\/uploads\/2024\/12\/olalon-asesoria-web-718x1024.webp 718w, https:\/\/olalon.com\/wp-content\/uploads\/2024\/12\/olalon-asesoria-web-210x300.webp 210w, https:\/\/olalon.com\/wp-content\/uploads\/2024\/12\/olalon-asesoria-web-768x1095.webp 768w, https:\/\/olalon.com\/wp-content\/uploads\/2024\/12\/olalon-asesoria-web-1077x1536.webp 1077w, https:\/\/olalon.com\/wp-content\/uploads\/2024\/12\/olalon-asesoria-web.webp 1173w\" sizes=\"auto, (max-width: 718px) 100vw, 718px\" \/><\/figure>\n<\/div>\n\n\n\n<div class=\"wp-block-column pinned-element right is-layout-flow wp-block-column-is-layout-flow\">\n<h2 class=\"wp-block-heading\">No existeix l\u2019app que busques? La fem nosaltres. <\/h2>\n\n\n\n<p>Si no trobes una eina que faci el que necessites, o simplement vols una app a mida pel teu projecte, ets al lloc indicat. <\/p>\n\n\n\n<p>Amb el desenvolupament a mida convertim una idea en una eina digital que resolgui exactament el que el teu projecte necessita.<\/p>\n\n\n\n<p>Partint d\u2019un bon briefing, el nostre equip t\u2019assessora i acompanya en tot el proc\u00e9s de desenvolupament, des de la idea inicial, passant pel disseny de les interf\u00edcies, la programaci\u00f3 i estructuraci\u00f3 de dades, fins a la posada en marxa i el m\u00e0rqueting de la plataforma.<\/p>\n\n\n\n<p><\/p>\n\n\n\n<p><\/p>\n<\/div>\n<\/div>\n<\/div>\n\n\n\n<div class=\"wp-block-manifesto-gutenberg-container content-row dark-section normal row_padding_top row_padding_bottom change-header-color\" data-bgcolor=\"#000000\" style=\"text-align:left\">\n<h2 class=\"wp-block-heading\">El nostre proc\u00e9s de desenvolupament<\/h2>\n\n\n\n<p>En qualsevol desenvolupament, planificar i entendre l\u2019objectiu \u00e9s crucial per aconseguir el resultat desitjat. El nostre m\u00e8tode es divideix en 5 fases. <\/p>\n\n\n\n<dl class=\"wp-block-manifesto-gutenberg-accordion accordion small-acc has-animation\">\n<dt><span class=\"link\"><em>1<\/em> Briefing<\/span><div class=\"acc-icon-wrap parallax-wrap\"><div class=\"acc-button-icon parallax-element\"><i class=\"fa fa-arrow-right\"><\/i><\/div><\/div><\/dt><dd class=\"accordion-content\">Quin prop\u00f2sit t\u00e9 l\u2019eina? Com arribar\u00e0 el tr\u00e0nsit? Quin efecte ha de causar a l\u2019usuari que la faci servir? Quin ser\u00e0 el model de negoci per rendibilitzar-la? Com es gestionar\u00e0 l\u2019eina? Quines funcionalitats ha de tenir? Quines interf\u00edcies necessitem? Ens fem totes les preguntes necess\u00e0ries per entendre el projecte.        <\/dd>\n\n\n\n<dt><span class=\"link\"><em>2<\/em> Planificar i assessorar<\/span><div class=\"acc-icon-wrap parallax-wrap\"><div class=\"acc-button-icon parallax-element\"><i class=\"fa fa-arrow-right\"><\/i><\/div><\/div><\/dt><dd class=\"accordion-content\">Planifiquem i assessorem, recomanant la tecnologia m\u00e9s eficient per aconseguir que el teu aparador virtual sigui com t\u2019imagines i faci el que necessites. <\/dd>\n\n\n\n<dt><span class=\"link\"><em>3<\/em> Dissenyar <\/span><div class=\"acc-icon-wrap parallax-wrap\"><div class=\"acc-button-icon parallax-element\"><i class=\"fa fa-arrow-right\"><\/i><\/div><\/div><\/dt><dd class=\"accordion-content\">Un disseny funcional basat en un prop\u00f2sit i amb les prioritats ben ordenades. \u00c9s m\u00e9s important aconseguir un efecte wow o una navegaci\u00f3 senzilla i r\u00e0pida? Busquem una experi\u00e8ncia visual o un cam\u00ed r\u00e0pid cap a la conversi\u00f3? Tot \u00e9s possible, si l\u2019objectiu est\u00e0 clar.   <\/dd>\n\n\n\n<dt><span class=\"link\"><em>4<\/em> Configurar i programar<\/span><div class=\"acc-icon-wrap parallax-wrap\"><div class=\"acc-button-icon parallax-element\"><i class=\"fa fa-arrow-right\"><\/i><\/div><\/div><\/dt><dd class=\"accordion-content\">Configurem funcionalitats i integracions per assegurar que tot funcioni segons el previst i apliquem el disseny perqu\u00e8 llu\u00efsca perfecte.<\/dd>\n\n\n\n<dt><span class=\"link\"><em>5<\/em> Mantenir<\/span><div class=\"acc-icon-wrap parallax-wrap\"><div class=\"acc-button-icon parallax-element\"><i class=\"fa fa-arrow-right\"><\/i><\/div><\/div><\/dt><dd class=\"accordion-content\">Donem les claus per garantir el futur de la plataforma. El manteniment, el posicionament, l\u2019escalat del negoci.  <\/dd>\n<\/dl>\n<\/div>\n\n\n\n<div class=\"wp-block-manifesto-gutenberg-container content-row light-section normal row_padding_top row_padding_bottom row_padding_left row_padding_right change-header-color has-clip-path\" data-bgcolor=\"#ffffff\" style=\"text-align:left\">\n<h2 class=\"wp-block-heading\">Entrega a mida<\/h2>\n\n\n\n<p>El proc\u00e9s de creaci\u00f3 d\u2019una web tendeix a simplificar-se, per\u00f2 hi ha molts factors a tenir en compte que potser a priori passem per alt. L\u2019allotjament, el manteniment t\u00e8cnic, el domini, el posicionament, les adaptacions responsive, les actualitzacions de contingut o l\u2019escalat de la p\u00e0gina s\u00f3n algunes de les consideracions a valorar en una p\u00e0gina, m\u00e9s enll\u00e0 que \u2018es vegi bonica\u2019.<\/p>\n\n\n\n<p>A Olalon podem intervenir en la fase que necessitis, adaptant-nos a cada casu\u00edstica.<\/p>\n\n\n\n<p>Sigui que necessitis una gesti\u00f3 total del projecte amb una entrega de la teva p\u00e0gina a punt per utilitzar, o simplement un rentat de cara de la teva web o una revisi\u00f3 t\u00e8cnica, intervenim nom\u00e9s fins on se\u2019ns requereixi, utilitzant les eines t\u00e8cniques m\u00e9s adequades per al resultat desitjat.<\/p>\n<\/div>\n\n\n\n<div class=\"wp-block-manifesto-gutenberg-container content-row dark-section full row_padding_top row_padding_bottom\" data-bgcolor=\"transparent\" style=\"text-align:left\">\n<h2 class=\"wp-block-heading has-text-align-center\">Alguns projectes web<\/h2>\n\n\n\n<!-- Showcase List Holder --><div id=\"itemsWrapperLinks\"><!-- Showcase List --><div id=\"itemsWrapper\" class=\"webgl-fitthumbs fx-one\"><!-- ClaPat Portfolio --><div class=\"showcase-portfolio layout-three\"><div class=\"clapat-item marqueting-en-linia publicitat web proyectos-web \"><div class=\"slide-inner trigger-item\" data-centerLine=\"ABRIR\"><div class=\"img-mask\"><a class=\"slide-link\" data-type=\"page-transition\" href=\"https:\/\/olalon.com\/ca\/manifesto_portfolio\/pronautic-2\/\"><\/a><div class=\"section-image trigger-item-link\"><img decoding=\"async\" src=\"https:\/\/olalon.com\/wp-content\/uploads\/2025\/09\/NATU-Branding-2-42_resultat-scaled.webp\" class=\"item-image grid__item-img\" alt=\"\"><\/div><img decoding=\"async\" class=\"grid__item-img grid__item-img--large\" src=\"https:\/\/olalon.com\/wp-content\/uploads\/2025\/09\/NATU-Branding-2-42_resultat-scaled.webp\" alt=\"\" \/><\/div><div class=\"slide-caption trigger-item-link-secondary\"><div class=\"slide-title\"><span><em>Pronautic<\/em><\/span><\/div><div class=\"slide-date\"><span>2023<\/span><\/div><div class=\"slide-cat\"><span>M\u00e0rqueting en l\u00ednia, Publicitat, web, Web<\/span><\/div><div class=\"slide-icon\"><i class=\"arrow-icon-down\"><\/i><\/div><\/div><\/div><\/div><div class=\"clapat-item disseny web \"><div class=\"slide-inner trigger-item\" data-centerLine=\"ABRIR\"><div class=\"img-mask\"><a class=\"slide-link\" data-type=\"page-transition\" href=\"https:\/\/olalon.com\/ca\/manifesto_portfolio\/grafiques-beyco-3\/\"><\/a><div class=\"section-image trigger-item-link\"><img decoding=\"async\" src=\"https:\/\/olalon.com\/wp-content\/uploads\/2025\/09\/OLA-Branding-web-3.jpg\" class=\"item-image grid__item-img\" alt=\"\"><\/div><img decoding=\"async\" class=\"grid__item-img grid__item-img--large\" src=\"https:\/\/olalon.com\/wp-content\/uploads\/2025\/09\/OLA-Branding-web-3.jpg\" alt=\"\" \/><\/div><div class=\"slide-caption trigger-item-link-secondary\"><div class=\"slide-title\"><span>Gr\u00e0fiques <em>Beyco<\/em> <\/span><\/div><div class=\"slide-date\"><span>2024<\/span><\/div><div class=\"slide-cat\"><span>Disseny, web<\/span><\/div><div class=\"slide-icon\"><i class=\"arrow-icon-down\"><\/i><\/div><\/div><\/div><\/div><div class=\"clapat-item web \"><div class=\"slide-inner trigger-item\" data-centerLine=\"ABRIR\"><div class=\"img-mask\"><a class=\"slide-link\" data-type=\"page-transition\" href=\"https:\/\/olalon.com\/ca\/manifesto_portfolio\/laura-strada-web-i-video-2\/\"><\/a><div class=\"section-image trigger-item-link\"><img decoding=\"async\" src=\"https:\/\/olalon.com\/wp-content\/uploads\/2025\/09\/BALANA16_resultat.webp\" class=\"item-image grid__item-img\" alt=\"\"><\/div><img decoding=\"async\" class=\"grid__item-img grid__item-img--large\" src=\"https:\/\/olalon.com\/wp-content\/uploads\/2025\/09\/BALANA16_resultat.webp\" alt=\"\" \/><\/div><div class=\"slide-caption trigger-item-link-secondary\"><div class=\"slide-title\"><span>Laura <em>Strada<\/em> <\/span><\/div><div class=\"slide-date\"><span>2023<\/span><\/div><div class=\"slide-cat\"><span>web<\/span><\/div><div class=\"slide-icon\"><i class=\"arrow-icon-down\"><\/i><\/div><\/div><\/div><\/div><div class=\"clapat-item marqueting-en-linia web \"><div class=\"slide-inner trigger-item\" data-centerLine=\"ABRIR\"><div class=\"img-mask\"><a class=\"slide-link\" data-type=\"page-transition\" href=\"https:\/\/olalon.com\/ca\/manifesto_portfolio\/grafiques-beyco-2\/\"><\/a><div class=\"section-image trigger-item-link\"><img decoding=\"async\" src=\"https:\/\/olalon.com\/wp-content\/uploads\/2025\/08\/OLA-GRAFISMES-WEB-OLALON_resultat.webp\" class=\"item-image grid__item-img\" alt=\"finques segarra marketing de contenidos inmobiliaria\"><\/div><img decoding=\"async\" class=\"grid__item-img grid__item-img--large\" src=\"https:\/\/olalon.com\/wp-content\/uploads\/2025\/08\/OLA-GRAFISMES-WEB-OLALON_resultat.webp\" alt=\"finques segarra marketing de contenidos inmobiliaria\" \/><\/div><div class=\"slide-caption trigger-item-link-secondary\"><div class=\"slide-title\"><span>Gr\u00e0fiques <em>Beyco<\/em> <\/span><\/div><div class=\"slide-date\"><span>2024<\/span><\/div><div class=\"slide-cat\"><span>M\u00e0rqueting en l\u00ednia, web<\/span><\/div><div class=\"slide-icon\"><i class=\"arrow-icon-down\"><\/i><\/div><\/div><\/div><\/div><\/div><!--\/Clapat Portfolio--><\/div><!--\/Showcase List--><\/div><!--\/Showcase List Holder-->\n<\/div>\n\n\n\n<p><\/p>\n\n\n\n<div class=\"wp-block-manifesto-gutenberg-container content-row light-section normal row_padding_bottom change-header-color\" data-bgcolor=\"#ffffff\" style=\"text-align:left\">\n<div class=\"wp-block-manifesto-gutenberg-list-rotator list-rotator-wrapper\"><div class=\"list-rotator-title has-mask-fill\">Serveis de desenvolupament web<\/div><div class=\"list-rotator-height\"><div class=\"list-rotator-pin\"><ul class=\"list-rotator\">\n<li class=\"wp-block-manifesto-gutenberg-list-rotator-item\">\n<a href=\"\/ca\/serveis\/disseny-i-desenvolupament-web\/disseny-de-commerce-a-shopify\/\">Desenvolupament de<br>comer\u00e7 electr\u00f2nic<\/a>\n<\/li>\n\n\n\n<li class=\"wp-block-manifesto-gutenberg-list-rotator-item\">\n<a href=\"\/ca\/serveis\/disseny-i-desenvolupament-web\/disseny-web-a-wordpress\/\">Disseny de web a WordPress<\/a>\n<\/li>\n\n\n\n<li class=\"wp-block-manifesto-gutenberg-list-rotator-item\">\n<a href=\"\/ca\/serveis\/disseny-i-desenvolupament-web\/consultoria-de-desenvolupament-web\/\">Consultoria de<br>desenvolupament web<\/a>\n<\/li>\n\n\n\n<li class=\"wp-block-manifesto-gutenberg-list-rotator-item\">\n<a href=\"\/ca\/serveis\/disseny-i-desenvolupament-web\/desenvolupament-programari-a-mida\/\">Desenvolupament programari<br>a mida<\/a>\n<\/li>\n<\/ul><\/div><\/div><\/div>\n<\/div>\n","protected":false},"excerpt":{"rendered":"","protected":false},"author":3,"featured_media":0,"parent":3791,"menu_order":0,"comment_status":"closed","ping_status":"closed","template":"","meta":{"_acf_changed":false,"_joinchat":[],"footnotes":""},"class_list":["post-3795","page","type-page","status-publish","hentry"],"acf":[],"yoast_head":"<!-- This site is optimized with the Yoast SEO plugin v25.4 - https:\/\/yoast.com\/wordpress\/plugins\/seo\/ -->\n<title>Desenvolupament de programari a mida | Olalon<\/title>\n<meta name=\"description\" content=\"Desenvolupament de programari a mida: webs, apps i sistemes totalment a mida des de la conceptualitzaci\u00f3 fins al lliurament de la versi\u00f3 beta.\" \/>\n<meta name=\"robots\" content=\"index, follow, max-snippet:-1, max-image-preview:large, max-video-preview:-1\" \/>\n<link rel=\"canonical\" href=\"https:\/\/olalon.com\/ca\/serveis\/disseny-i-desenvolupament-web\/desenvolupament-programari-a-mida\/\" \/>\n<meta property=\"og:locale\" content=\"ca_ES\" \/>\n<meta property=\"og:type\" content=\"article\" \/>\n<meta property=\"og:title\" content=\"Desenvolupament de programari a mida | Olalon\" \/>\n<meta property=\"og:description\" content=\"Desenvolupament de programari a mida: webs, apps i sistemes totalment a mida des de la conceptualitzaci\u00f3 fins al lliurament de la versi\u00f3 beta.\" \/>\n<meta property=\"og:url\" content=\"https:\/\/olalon.com\/ca\/serveis\/disseny-i-desenvolupament-web\/desenvolupament-programari-a-mida\/\" \/>\n<meta property=\"og:site_name\" content=\"Olalon\" \/>\n<meta property=\"article:modified_time\" content=\"2025-07-19T07:17:44+00:00\" \/>\n<meta property=\"og:image\" content=\"https:\/\/olalon.com\/wp-content\/uploads\/2024\/12\/OLA-WEB-PORTADES-SERVEIS3.webp\" \/>\n<meta name=\"twitter:card\" content=\"summary_large_image\" \/>\n<meta name=\"twitter:label1\" content=\"Temps estimat de lectura\" \/>\n\t<meta name=\"twitter:data1\" content=\"3 minuts\" \/>\n<script type=\"application\/ld+json\" class=\"yoast-schema-graph\">{\"@context\":\"https:\/\/schema.org\",\"@graph\":[{\"@type\":\"WebPage\",\"@id\":\"https:\/\/olalon.com\/ca\/serveis\/disseny-i-desenvolupament-web\/desenvolupament-programari-a-mida\/\",\"url\":\"https:\/\/olalon.com\/ca\/serveis\/disseny-i-desenvolupament-web\/desenvolupament-programari-a-mida\/\",\"name\":\"Desenvolupament de programari a mida | Olalon\",\"isPartOf\":{\"@id\":\"https:\/\/olalon.com\/ca\/#website\"},\"primaryImageOfPage\":{\"@id\":\"https:\/\/olalon.com\/ca\/serveis\/disseny-i-desenvolupament-web\/desenvolupament-programari-a-mida\/#primaryimage\"},\"image\":{\"@id\":\"https:\/\/olalon.com\/ca\/serveis\/disseny-i-desenvolupament-web\/desenvolupament-programari-a-mida\/#primaryimage\"},\"thumbnailUrl\":\"https:\/\/olalon.com\/wp-content\/uploads\/2024\/12\/OLA-WEB-PORTADES-SERVEIS3.webp\",\"datePublished\":\"2024-12-12T10:19:41+00:00\",\"dateModified\":\"2025-07-19T07:17:44+00:00\",\"description\":\"Desenvolupament de programari a mida: webs, apps i sistemes totalment a mida des de la conceptualitzaci\u00f3 fins al lliurament de la versi\u00f3 beta.\",\"breadcrumb\":{\"@id\":\"https:\/\/olalon.com\/ca\/serveis\/disseny-i-desenvolupament-web\/desenvolupament-programari-a-mida\/#breadcrumb\"},\"inLanguage\":\"ca\",\"potentialAction\":[{\"@type\":\"ReadAction\",\"target\":[\"https:\/\/olalon.com\/ca\/serveis\/disseny-i-desenvolupament-web\/desenvolupament-programari-a-mida\/\"]}]},{\"@type\":\"ImageObject\",\"inLanguage\":\"ca\",\"@id\":\"https:\/\/olalon.com\/ca\/serveis\/disseny-i-desenvolupament-web\/desenvolupament-programari-a-mida\/#primaryimage\",\"url\":\"https:\/\/olalon.com\/wp-content\/uploads\/2024\/12\/OLA-WEB-PORTADES-SERVEIS3.webp\",\"contentUrl\":\"https:\/\/olalon.com\/wp-content\/uploads\/2024\/12\/OLA-WEB-PORTADES-SERVEIS3.webp\"},{\"@type\":\"BreadcrumbList\",\"@id\":\"https:\/\/olalon.com\/ca\/serveis\/disseny-i-desenvolupament-web\/desenvolupament-programari-a-mida\/#breadcrumb\",\"itemListElement\":[{\"@type\":\"ListItem\",\"position\":1,\"name\":\"Portada\",\"item\":\"https:\/\/olalon.com\/ca\/ugc-los-contenidos-reales-que-mejor-funcionan-en-redes\/\"},{\"@type\":\"ListItem\",\"position\":2,\"name\":\"Serveis\",\"item\":\"https:\/\/olalon.com\/ca\/ugc-los-contenidos-reales-que-mejor-funcionan-en-redes\/\"},{\"@type\":\"ListItem\",\"position\":3,\"name\":\"Disseny i desenvolupament web\",\"item\":\"https:\/\/olalon.com\/ca\/ugc-los-contenidos-reales-que-mejor-funcionan-en-redes\/\"},{\"@type\":\"ListItem\",\"position\":4,\"name\":\"Desenvolupament de programari a mida\"}]},{\"@type\":\"WebSite\",\"@id\":\"https:\/\/olalon.com\/ca\/#website\",\"url\":\"https:\/\/olalon.com\/ca\/\",\"name\":\"Olalon\",\"description\":\"Agencia de Publicidad, Dise\u00f1o y Marketing Online\",\"publisher\":{\"@id\":\"https:\/\/olalon.com\/ca\/#organization\"},\"potentialAction\":[{\"@type\":\"SearchAction\",\"target\":{\"@type\":\"EntryPoint\",\"urlTemplate\":\"https:\/\/olalon.com\/ca\/?s={search_term_string}\"},\"query-input\":{\"@type\":\"PropertyValueSpecification\",\"valueRequired\":true,\"valueName\":\"search_term_string\"}}],\"inLanguage\":\"ca\"},{\"@type\":\"Organization\",\"@id\":\"https:\/\/olalon.com\/ca\/#organization\",\"name\":\"Olalon\",\"url\":\"https:\/\/olalon.com\/ca\/\",\"logo\":{\"@type\":\"ImageObject\",\"inLanguage\":\"ca\",\"@id\":\"https:\/\/olalon.com\/ca\/#\/schema\/logo\/image\/\",\"url\":\"https:\/\/olalon.com\/wp-content\/uploads\/2025\/02\/Logo_Olalon-01.png\",\"contentUrl\":\"https:\/\/olalon.com\/wp-content\/uploads\/2025\/02\/Logo_Olalon-01.png\",\"width\":2249,\"height\":989,\"caption\":\"Olalon\"},\"image\":{\"@id\":\"https:\/\/olalon.com\/ca\/#\/schema\/logo\/image\/\"},\"sameAs\":[\"https:\/\/www.instagram.com\/olalonstudio\/\",\"https:\/\/www.youtube.com\/c\/olalonstudio\",\"https:\/\/www.tiktok.com\/@olalonstudio\"]}]}<\/script>\n<!-- \/ Yoast SEO plugin. -->","yoast_head_json":{"title":"Desenvolupament de programari a mida | Olalon","description":"Desenvolupament de programari a mida: webs, apps i sistemes totalment a mida des de la conceptualitzaci\u00f3 fins al lliurament de la versi\u00f3 beta.","robots":{"index":"index","follow":"follow","max-snippet":"max-snippet:-1","max-image-preview":"max-image-preview:large","max-video-preview":"max-video-preview:-1"},"canonical":"https:\/\/olalon.com\/ca\/serveis\/disseny-i-desenvolupament-web\/desenvolupament-programari-a-mida\/","og_locale":"ca_ES","og_type":"article","og_title":"Desenvolupament de programari a mida | Olalon","og_description":"Desenvolupament de programari a mida: webs, apps i sistemes totalment a mida des de la conceptualitzaci\u00f3 fins al lliurament de la versi\u00f3 beta.","og_url":"https:\/\/olalon.com\/ca\/serveis\/disseny-i-desenvolupament-web\/desenvolupament-programari-a-mida\/","og_site_name":"Olalon","article_modified_time":"2025-07-19T07:17:44+00:00","og_image":[{"url":"https:\/\/olalon.com\/wp-content\/uploads\/2024\/12\/OLA-WEB-PORTADES-SERVEIS3.webp","type":"","width":"","height":""}],"twitter_card":"summary_large_image","twitter_misc":{"Temps estimat de lectura":"3 minuts"},"schema":{"@context":"https:\/\/schema.org","@graph":[{"@type":"WebPage","@id":"https:\/\/olalon.com\/ca\/serveis\/disseny-i-desenvolupament-web\/desenvolupament-programari-a-mida\/","url":"https:\/\/olalon.com\/ca\/serveis\/disseny-i-desenvolupament-web\/desenvolupament-programari-a-mida\/","name":"Desenvolupament de programari a mida | Olalon","isPartOf":{"@id":"https:\/\/olalon.com\/ca\/#website"},"primaryImageOfPage":{"@id":"https:\/\/olalon.com\/ca\/serveis\/disseny-i-desenvolupament-web\/desenvolupament-programari-a-mida\/#primaryimage"},"image":{"@id":"https:\/\/olalon.com\/ca\/serveis\/disseny-i-desenvolupament-web\/desenvolupament-programari-a-mida\/#primaryimage"},"thumbnailUrl":"https:\/\/olalon.com\/wp-content\/uploads\/2024\/12\/OLA-WEB-PORTADES-SERVEIS3.webp","datePublished":"2024-12-12T10:19:41+00:00","dateModified":"2025-07-19T07:17:44+00:00","description":"Desenvolupament de programari a mida: webs, apps i sistemes totalment a mida des de la conceptualitzaci\u00f3 fins al lliurament de la versi\u00f3 beta.","breadcrumb":{"@id":"https:\/\/olalon.com\/ca\/serveis\/disseny-i-desenvolupament-web\/desenvolupament-programari-a-mida\/#breadcrumb"},"inLanguage":"ca","potentialAction":[{"@type":"ReadAction","target":["https:\/\/olalon.com\/ca\/serveis\/disseny-i-desenvolupament-web\/desenvolupament-programari-a-mida\/"]}]},{"@type":"ImageObject","inLanguage":"ca","@id":"https:\/\/olalon.com\/ca\/serveis\/disseny-i-desenvolupament-web\/desenvolupament-programari-a-mida\/#primaryimage","url":"https:\/\/olalon.com\/wp-content\/uploads\/2024\/12\/OLA-WEB-PORTADES-SERVEIS3.webp","contentUrl":"https:\/\/olalon.com\/wp-content\/uploads\/2024\/12\/OLA-WEB-PORTADES-SERVEIS3.webp"},{"@type":"BreadcrumbList","@id":"https:\/\/olalon.com\/ca\/serveis\/disseny-i-desenvolupament-web\/desenvolupament-programari-a-mida\/#breadcrumb","itemListElement":[{"@type":"ListItem","position":1,"name":"Portada","item":"https:\/\/olalon.com\/ca\/ugc-los-contenidos-reales-que-mejor-funcionan-en-redes\/"},{"@type":"ListItem","position":2,"name":"Serveis","item":"https:\/\/olalon.com\/ca\/ugc-los-contenidos-reales-que-mejor-funcionan-en-redes\/"},{"@type":"ListItem","position":3,"name":"Disseny i desenvolupament web","item":"https:\/\/olalon.com\/ca\/ugc-los-contenidos-reales-que-mejor-funcionan-en-redes\/"},{"@type":"ListItem","position":4,"name":"Desenvolupament de programari a mida"}]},{"@type":"WebSite","@id":"https:\/\/olalon.com\/ca\/#website","url":"https:\/\/olalon.com\/ca\/","name":"Olalon","description":"Agencia de Publicidad, Dise\u00f1o y Marketing Online","publisher":{"@id":"https:\/\/olalon.com\/ca\/#organization"},"potentialAction":[{"@type":"SearchAction","target":{"@type":"EntryPoint","urlTemplate":"https:\/\/olalon.com\/ca\/?s={search_term_string}"},"query-input":{"@type":"PropertyValueSpecification","valueRequired":true,"valueName":"search_term_string"}}],"inLanguage":"ca"},{"@type":"Organization","@id":"https:\/\/olalon.com\/ca\/#organization","name":"Olalon","url":"https:\/\/olalon.com\/ca\/","logo":{"@type":"ImageObject","inLanguage":"ca","@id":"https:\/\/olalon.com\/ca\/#\/schema\/logo\/image\/","url":"https:\/\/olalon.com\/wp-content\/uploads\/2025\/02\/Logo_Olalon-01.png","contentUrl":"https:\/\/olalon.com\/wp-content\/uploads\/2025\/02\/Logo_Olalon-01.png","width":2249,"height":989,"caption":"Olalon"},"image":{"@id":"https:\/\/olalon.com\/ca\/#\/schema\/logo\/image\/"},"sameAs":["https:\/\/www.instagram.com\/olalonstudio\/","https:\/\/www.youtube.com\/c\/olalonstudio","https:\/\/www.tiktok.com\/@olalonstudio"]}]}},"_links":{"self":[{"href":"https:\/\/olalon.com\/ca\/wp-json\/wp\/v2\/pages\/3795","targetHints":{"allow":["GET"]}}],"collection":[{"href":"https:\/\/olalon.com\/ca\/wp-json\/wp\/v2\/pages"}],"about":[{"href":"https:\/\/olalon.com\/ca\/wp-json\/wp\/v2\/types\/page"}],"author":[{"embeddable":true,"href":"https:\/\/olalon.com\/ca\/wp-json\/wp\/v2\/users\/3"}],"replies":[{"embeddable":true,"href":"https:\/\/olalon.com\/ca\/wp-json\/wp\/v2\/comments?post=3795"}],"version-history":[{"count":4,"href":"https:\/\/olalon.com\/ca\/wp-json\/wp\/v2\/pages\/3795\/revisions"}],"predecessor-version":[{"id":4040,"href":"https:\/\/olalon.com\/ca\/wp-json\/wp\/v2\/pages\/3795\/revisions\/4040"}],"up":[{"embeddable":true,"href":"https:\/\/olalon.com\/ca\/wp-json\/wp\/v2\/pages\/3791"}],"wp:attachment":[{"href":"https:\/\/olalon.com\/ca\/wp-json\/wp\/v2\/media?parent=3795"}],"curies":[{"name":"wp","href":"https:\/\/api.w.org\/{rel}","templated":true}]}}