{"id":3799,"date":"2024-12-18T15:31:34","date_gmt":"2024-12-18T14:31:34","guid":{"rendered":"https:\/\/olalon.com\/serveis\/disseny-i-desenvolupament-web\/disseny-de-landing-page\/"},"modified":"2025-07-04T00:52:54","modified_gmt":"2025-07-03T22:52:54","slug":"disseny-de-landing-page","status":"publish","type":"page","link":"https:\/\/olalon.com\/ca\/serveis\/disseny-i-desenvolupament-web\/disseny-de-landing-page\/","title":{"rendered":"Disseny de landing page"},"content":{"rendered":"\n<div class=\"wp-block-manifesto-gutenberg-container content-row dark-section normal\" data-bgcolor=\"#000000\" style=\"text-align:left\">\n<div class=\"wp-block-manifesto-gutenberg-clipped-image clipped-image-wrapper\"><div class=\"clipped-image-pin\"><div class=\"clipped-image\"><img decoding=\"async\" src=\"https:\/\/olalon.com\/wp-content\/uploads\/2024\/12\/prestashop.webp\" alt=\"dise\u00f1o web prestashop\"\/><div class=\"clipped-image-gradient\"><\/div><\/div><\/div><div class=\"clipped-image-content content-full-width\">\n<div class=\"wp-block-manifesto-gutenberg-marquee-content marquee-text-wrapper\"><h2 class=\"marquee-text no-margins fw big-title\">\nDISSENY <em>DE<\/em> LANDING PAGE <em>ECON\u00d2MICA<\/em>\n<\/h2><\/div>\n<\/div><\/div>\n<\/div>\n\n<div class=\"wp-block-manifesto-gutenberg-container content-row light-section normal row_padding_top row_padding_bottom row_padding_left row_padding_right change-header-color has-clip-path\" data-bgcolor=\"#ffffff\" style=\"text-align:left\">\n<h2 class=\"wp-block-heading\">Per a qu\u00e8 necessito una landing page si ja tinc la meva web? <\/h2>\n\n\n\n<p>Una landing page \u00e9s literalment una p\u00e0gina d\u2019aterratge. L\u2019objectiu de les landing pages \u00e9s recollir el tr\u00e0nsit generat per les campanyes. Una campanya pot tenir objectius diferents dels que t\u00e9 la teva web, com la captaci\u00f3 de leads, o simplement ampliar la informaci\u00f3 de la campanya. Fins i tot pot tenir una est\u00e8tica completament diferent. Les landing pages solen ser ef\u00edmeres i desapareixen quan les campanyes s\u2019acaben i ja han complert el seu objectiu. \u00c9s per aix\u00f2 que una landing page normalment es dissenya i programa de forma totalment independent de la web principal d\u2019una marca. Moltes vegades, fins i tot, amb un domini (o subdomini) espec\u00edfic.      <\/p>\n\n\n\n<p>Una gran manera d\u2019abordar la creaci\u00f3 d\u2019una landing page \u00e9s directament amb HTML. Una web en HTML \u00e9s molt lleugera, el seu manteniment \u00e9s zero i la maquetaci\u00f3 \u00e9s totalment lliure, sense les restriccions de cap CMS. Tot i que modificar els continguts en una web feta en HTML requereix dominar el llenguatge, una landing es caracteritza precisament per ser ef\u00edmera i est\u00e0tica, de manera que \u00e9s poc probable que es requereixi una gesti\u00f3 de continguts de la p\u00e0gina un cop la campanya est\u00e0 en marxa.  <\/p>\n\n\n\n<figure class=\"wp-block-image size-large\"><img loading=\"lazy\" decoding=\"async\" width=\"625\" height=\"1024\" src=\"https:\/\/olalon.com\/wp-content\/uploads\/2024\/12\/diseno-web-html-625x1024.webp\" alt=\"\" class=\"wp-image-2425\" srcset=\"https:\/\/olalon.com\/wp-content\/uploads\/2024\/12\/diseno-web-html-625x1024.webp 625w, https:\/\/olalon.com\/wp-content\/uploads\/2024\/12\/diseno-web-html-183x300.webp 183w, https:\/\/olalon.com\/wp-content\/uploads\/2024\/12\/diseno-web-html-768x1259.webp 768w, https:\/\/olalon.com\/wp-content\/uploads\/2024\/12\/diseno-web-html-937x1536.webp 937w, https:\/\/olalon.com\/wp-content\/uploads\/2024\/12\/diseno-web-html.webp 957w\" sizes=\"auto, (max-width: 625px) 100vw, 625px\" \/><\/figure>\n<\/div>\n\n<div class=\"wp-block-manifesto-gutenberg-container content-row light-section full row_padding_top row_padding_bottom\" data-bgcolor=\"transparent\" style=\"text-align:left\">\n<h2 class=\"wp-block-heading has-text-align-center has-white-color has-text-color has-link-color wp-elements-efa75e6e9b1410d9fbb6b6ecd3b4b158\">Alguns projectes web<\/h2>\n\n\n\n<!-- Showcase List Holder --><div id=\"itemsWrapperLinks\"><!-- Showcase List --><div id=\"itemsWrapper\" class=\"webgl-fitthumbs fx-one\"><!-- ClaPat Portfolio --><div class=\"showcase-portfolio layout-three\"><div class=\"clapat-item marqueting-en-linia publicitat proyectos-web web \"><div class=\"slide-inner trigger-item\" data-centerLine=\"ABRIR\"><div class=\"img-mask\"><a class=\"slide-link\" data-type=\"page-transition\" href=\"https:\/\/olalon.com\/ca\/manifesto_portfolio\/pronautic-2\/\"><\/a><div class=\"section-image trigger-item-link\"><img decoding=\"async\" src=\"https:\/\/olalon.com\/wp-content\/uploads\/2025\/09\/NATU-Branding-2-42_resultat-scaled.webp\" class=\"item-image grid__item-img\" alt=\"\"><\/div><img decoding=\"async\" class=\"grid__item-img grid__item-img--large\" src=\"https:\/\/olalon.com\/wp-content\/uploads\/2025\/09\/NATU-Branding-2-42_resultat-scaled.webp\" alt=\"\" \/><\/div><div class=\"slide-caption trigger-item-link-secondary\"><div class=\"slide-title\"><span><em>Pronautic<\/em><\/span><\/div><div class=\"slide-date\"><span>2023<\/span><\/div><div class=\"slide-cat\"><span>M\u00e0rqueting en l\u00ednia, Publicitat, Web, web<\/span><\/div><div class=\"slide-icon\"><i class=\"arrow-icon-down\"><\/i><\/div><\/div><\/div><\/div><div class=\"clapat-item disseny web \"><div class=\"slide-inner trigger-item\" data-centerLine=\"ABRIR\"><div class=\"img-mask\"><a class=\"slide-link\" data-type=\"page-transition\" href=\"https:\/\/olalon.com\/ca\/manifesto_portfolio\/grafiques-beyco-3\/\"><\/a><div class=\"section-image trigger-item-link\"><img decoding=\"async\" src=\"https:\/\/olalon.com\/wp-content\/uploads\/2025\/09\/OLA-Branding-web-3.jpg\" class=\"item-image grid__item-img\" alt=\"\"><\/div><img decoding=\"async\" class=\"grid__item-img grid__item-img--large\" src=\"https:\/\/olalon.com\/wp-content\/uploads\/2025\/09\/OLA-Branding-web-3.jpg\" alt=\"\" \/><\/div><div class=\"slide-caption trigger-item-link-secondary\"><div class=\"slide-title\"><span>Gr\u00e0fiques <em>Beyco<\/em> <\/span><\/div><div class=\"slide-date\"><span>2024<\/span><\/div><div class=\"slide-cat\"><span>Disseny, web<\/span><\/div><div class=\"slide-icon\"><i class=\"arrow-icon-down\"><\/i><\/div><\/div><\/div><\/div><div class=\"clapat-item web \"><div class=\"slide-inner trigger-item\" data-centerLine=\"ABRIR\"><div class=\"img-mask\"><a class=\"slide-link\" data-type=\"page-transition\" href=\"https:\/\/olalon.com\/ca\/manifesto_portfolio\/laura-strada-web-i-video-2\/\"><\/a><div class=\"section-image trigger-item-link\"><img decoding=\"async\" src=\"https:\/\/olalon.com\/wp-content\/uploads\/2025\/09\/BALANA16_resultat.webp\" class=\"item-image grid__item-img\" alt=\"\"><\/div><img decoding=\"async\" class=\"grid__item-img grid__item-img--large\" src=\"https:\/\/olalon.com\/wp-content\/uploads\/2025\/09\/BALANA16_resultat.webp\" alt=\"\" \/><\/div><div class=\"slide-caption trigger-item-link-secondary\"><div class=\"slide-title\"><span>Laura <em>Strada<\/em> <\/span><\/div><div class=\"slide-date\"><span>2023<\/span><\/div><div class=\"slide-cat\"><span>web<\/span><\/div><div class=\"slide-icon\"><i class=\"arrow-icon-down\"><\/i><\/div><\/div><\/div><\/div><div class=\"clapat-item marqueting-en-linia web \"><div class=\"slide-inner trigger-item\" data-centerLine=\"ABRIR\"><div class=\"img-mask\"><a class=\"slide-link\" data-type=\"page-transition\" href=\"https:\/\/olalon.com\/ca\/manifesto_portfolio\/grafiques-beyco-2\/\"><\/a><div class=\"section-image trigger-item-link\"><img decoding=\"async\" src=\"https:\/\/olalon.com\/wp-content\/uploads\/2025\/08\/OLA-GRAFISMES-WEB-OLALON_resultat.webp\" class=\"item-image grid__item-img\" alt=\"finques segarra marketing de contenidos inmobiliaria\"><\/div><img decoding=\"async\" class=\"grid__item-img grid__item-img--large\" src=\"https:\/\/olalon.com\/wp-content\/uploads\/2025\/08\/OLA-GRAFISMES-WEB-OLALON_resultat.webp\" alt=\"finques segarra marketing de contenidos inmobiliaria\" \/><\/div><div class=\"slide-caption trigger-item-link-secondary\"><div class=\"slide-title\"><span>Gr\u00e0fiques <em>Beyco<\/em> <\/span><\/div><div class=\"slide-date\"><span>2024<\/span><\/div><div class=\"slide-cat\"><span>M\u00e0rqueting en l\u00ednia, web<\/span><\/div><div class=\"slide-icon\"><i class=\"arrow-icon-down\"><\/i><\/div><\/div><\/div><\/div><\/div><!--\/Clapat Portfolio--><\/div><!--\/Showcase List--><\/div><!--\/Showcase List Holder-->\n<\/div>\n\n<div class=\"wp-block-manifesto-gutenberg-container content-row light-section normal row_padding_bottom change-header-color\" data-bgcolor=\"#ffffff\" style=\"text-align:left\">\n<div class=\"wp-block-manifesto-gutenberg-list-rotator list-rotator-wrapper\"><div class=\"list-rotator-title has-mask-fill\">Servicios de desarrollo web<\/div><div class=\"list-rotator-height\"><div class=\"list-rotator-pin\"><ul class=\"list-rotator\">\n<li class=\"wp-block-manifesto-gutenberg-list-rotator-item\">\n<a href=\"\/servicios\/diseno-y-desarrollo-web\/desarrollo-de-e-commerce\/\">Desarrollo de ecommerce<\/a>\n<\/li>\n\n\n\n<li class=\"wp-block-manifesto-gutenberg-list-rotator-item\">\n<a href=\"\/servicios\/diseno-y-desarrollo-web\/diseno-web-wordpress\/\">Dise\u00f1o de web en WordPress<\/a>\n<\/li>\n\n\n\n<li class=\"wp-block-manifesto-gutenberg-list-rotator-item\">\n<a href=\"\/servicios\/diseno-y-desarrollo-web\/consultoria-desarrollo-web\/\">Consultor\u00eda de desarrollo web<\/a>\n<\/li>\n\n\n\n<li class=\"wp-block-manifesto-gutenberg-list-rotator-item\">\n<a href=\"\/servicios\/diseno-y-desarrollo-web\/desarrollo-software-a-medida\/\">Desarrollo software a medida<\/a>\n<\/li>\n<\/ul><\/div><\/div><\/div>\n<\/div>\n","protected":false},"excerpt":{"rendered":"","protected":false},"author":3,"featured_media":0,"parent":3791,"menu_order":0,"comment_status":"closed","ping_status":"closed","template":"","meta":{"_acf_changed":false,"_joinchat":[],"footnotes":""},"class_list":["post-3799","page","type-page","status-publish","hentry"],"acf":[],"yoast_head":"<!-- This site is optimized with the Yoast SEO plugin v25.4 - https:\/\/yoast.com\/wordpress\/plugins\/seo\/ -->\n<title>Disseny de landing page o p\u00e0gina web one page econ\u00f2mica.<\/title>\n<meta name=\"description\" content=\"Landing pages efectives i econ\u00f2miques per captar clients. Disseny professional, r\u00e0pid i optimitzat per generar conversions.\" \/>\n<meta name=\"robots\" content=\"index, follow, max-snippet:-1, max-image-preview:large, max-video-preview:-1\" \/>\n<link rel=\"canonical\" href=\"https:\/\/olalon.com\/ca\/serveis\/disseny-i-desenvolupament-web\/disseny-de-landing-page\/\" \/>\n<meta property=\"og:locale\" content=\"ca_ES\" \/>\n<meta property=\"og:type\" content=\"article\" \/>\n<meta property=\"og:title\" content=\"Disseny de landing page o p\u00e0gina web one page econ\u00f2mica.\" \/>\n<meta property=\"og:description\" content=\"Landing pages efectives i econ\u00f2miques per captar clients. Disseny professional, r\u00e0pid i optimitzat per generar conversions.\" \/>\n<meta property=\"og:url\" content=\"https:\/\/olalon.com\/ca\/serveis\/disseny-i-desenvolupament-web\/disseny-de-landing-page\/\" \/>\n<meta property=\"og:site_name\" content=\"Olalon\" \/>\n<meta property=\"article:modified_time\" content=\"2025-07-03T22:52:54+00:00\" \/>\n<meta property=\"og:image\" content=\"https:\/\/olalon.com\/wp-content\/uploads\/2024\/12\/prestashop.webp\" \/>\n<meta name=\"twitter:card\" content=\"summary_large_image\" \/>\n<meta name=\"twitter:label1\" content=\"Temps estimat de lectura\" \/>\n\t<meta name=\"twitter:data1\" content=\"1 minut\" \/>\n<script type=\"application\/ld+json\" class=\"yoast-schema-graph\">{\"@context\":\"https:\/\/schema.org\",\"@graph\":[{\"@type\":\"WebPage\",\"@id\":\"https:\/\/olalon.com\/ca\/serveis\/disseny-i-desenvolupament-web\/disseny-de-landing-page\/\",\"url\":\"https:\/\/olalon.com\/ca\/serveis\/disseny-i-desenvolupament-web\/disseny-de-landing-page\/\",\"name\":\"Disseny de landing page o p\u00e0gina web one page econ\u00f2mica.\",\"isPartOf\":{\"@id\":\"https:\/\/olalon.com\/ca\/#website\"},\"primaryImageOfPage\":{\"@id\":\"https:\/\/olalon.com\/ca\/serveis\/disseny-i-desenvolupament-web\/disseny-de-landing-page\/#primaryimage\"},\"image\":{\"@id\":\"https:\/\/olalon.com\/ca\/serveis\/disseny-i-desenvolupament-web\/disseny-de-landing-page\/#primaryimage\"},\"thumbnailUrl\":\"https:\/\/olalon.com\/wp-content\/uploads\/2024\/12\/prestashop.webp\",\"datePublished\":\"2024-12-18T14:31:34+00:00\",\"dateModified\":\"2025-07-03T22:52:54+00:00\",\"description\":\"Landing pages efectives i econ\u00f2miques per captar clients. Disseny professional, r\u00e0pid i optimitzat per generar conversions.\",\"breadcrumb\":{\"@id\":\"https:\/\/olalon.com\/ca\/serveis\/disseny-i-desenvolupament-web\/disseny-de-landing-page\/#breadcrumb\"},\"inLanguage\":\"ca\",\"potentialAction\":[{\"@type\":\"ReadAction\",\"target\":[\"https:\/\/olalon.com\/ca\/serveis\/disseny-i-desenvolupament-web\/disseny-de-landing-page\/\"]}]},{\"@type\":\"ImageObject\",\"inLanguage\":\"ca\",\"@id\":\"https:\/\/olalon.com\/ca\/serveis\/disseny-i-desenvolupament-web\/disseny-de-landing-page\/#primaryimage\",\"url\":\"https:\/\/olalon.com\/wp-content\/uploads\/2024\/12\/prestashop.webp\",\"contentUrl\":\"https:\/\/olalon.com\/wp-content\/uploads\/2024\/12\/prestashop.webp\"},{\"@type\":\"BreadcrumbList\",\"@id\":\"https:\/\/olalon.com\/ca\/serveis\/disseny-i-desenvolupament-web\/disseny-de-landing-page\/#breadcrumb\",\"itemListElement\":[{\"@type\":\"ListItem\",\"position\":1,\"name\":\"Portada\",\"item\":\"https:\/\/olalon.com\/ca\/servicios\/diseno-y-desarrollo-web\/desarrollo-software-a-medida\/\"},{\"@type\":\"ListItem\",\"position\":2,\"name\":\"Serveis\",\"item\":\"https:\/\/olalon.com\/ca\/servicios\/diseno-y-desarrollo-web\/desarrollo-software-a-medida\/\"},{\"@type\":\"ListItem\",\"position\":3,\"name\":\"Disseny i desenvolupament web\",\"item\":\"https:\/\/olalon.com\/ca\/servicios\/diseno-y-desarrollo-web\/desarrollo-software-a-medida\/\"},{\"@type\":\"ListItem\",\"position\":4,\"name\":\"Disseny de landing page\"}]},{\"@type\":\"WebSite\",\"@id\":\"https:\/\/olalon.com\/ca\/#website\",\"url\":\"https:\/\/olalon.com\/ca\/\",\"name\":\"Olalon\",\"description\":\"Agencia de Publicidad, Dise\u00f1o y Marketing Online\",\"publisher\":{\"@id\":\"https:\/\/olalon.com\/ca\/#organization\"},\"potentialAction\":[{\"@type\":\"SearchAction\",\"target\":{\"@type\":\"EntryPoint\",\"urlTemplate\":\"https:\/\/olalon.com\/ca\/?s={search_term_string}\"},\"query-input\":{\"@type\":\"PropertyValueSpecification\",\"valueRequired\":true,\"valueName\":\"search_term_string\"}}],\"inLanguage\":\"ca\"},{\"@type\":\"Organization\",\"@id\":\"https:\/\/olalon.com\/ca\/#organization\",\"name\":\"Olalon\",\"url\":\"https:\/\/olalon.com\/ca\/\",\"logo\":{\"@type\":\"ImageObject\",\"inLanguage\":\"ca\",\"@id\":\"https:\/\/olalon.com\/ca\/#\/schema\/logo\/image\/\",\"url\":\"https:\/\/olalon.com\/wp-content\/uploads\/2025\/02\/Logo_Olalon-01.png\",\"contentUrl\":\"https:\/\/olalon.com\/wp-content\/uploads\/2025\/02\/Logo_Olalon-01.png\",\"width\":2249,\"height\":989,\"caption\":\"Olalon\"},\"image\":{\"@id\":\"https:\/\/olalon.com\/ca\/#\/schema\/logo\/image\/\"},\"sameAs\":[\"https:\/\/www.instagram.com\/olalonstudio\/\",\"https:\/\/www.youtube.com\/c\/olalonstudio\",\"https:\/\/www.tiktok.com\/@olalonstudio\"]}]}<\/script>\n<!-- \/ Yoast SEO plugin. -->","yoast_head_json":{"title":"Disseny de landing page o p\u00e0gina web one page econ\u00f2mica.","description":"Landing pages efectives i econ\u00f2miques per captar clients. Disseny professional, r\u00e0pid i optimitzat per generar conversions.","robots":{"index":"index","follow":"follow","max-snippet":"max-snippet:-1","max-image-preview":"max-image-preview:large","max-video-preview":"max-video-preview:-1"},"canonical":"https:\/\/olalon.com\/ca\/serveis\/disseny-i-desenvolupament-web\/disseny-de-landing-page\/","og_locale":"ca_ES","og_type":"article","og_title":"Disseny de landing page o p\u00e0gina web one page econ\u00f2mica.","og_description":"Landing pages efectives i econ\u00f2miques per captar clients. Disseny professional, r\u00e0pid i optimitzat per generar conversions.","og_url":"https:\/\/olalon.com\/ca\/serveis\/disseny-i-desenvolupament-web\/disseny-de-landing-page\/","og_site_name":"Olalon","article_modified_time":"2025-07-03T22:52:54+00:00","og_image":[{"url":"https:\/\/olalon.com\/wp-content\/uploads\/2024\/12\/prestashop.webp","type":"","width":"","height":""}],"twitter_card":"summary_large_image","twitter_misc":{"Temps estimat de lectura":"1 minut"},"schema":{"@context":"https:\/\/schema.org","@graph":[{"@type":"WebPage","@id":"https:\/\/olalon.com\/ca\/serveis\/disseny-i-desenvolupament-web\/disseny-de-landing-page\/","url":"https:\/\/olalon.com\/ca\/serveis\/disseny-i-desenvolupament-web\/disseny-de-landing-page\/","name":"Disseny de landing page o p\u00e0gina web one page econ\u00f2mica.","isPartOf":{"@id":"https:\/\/olalon.com\/ca\/#website"},"primaryImageOfPage":{"@id":"https:\/\/olalon.com\/ca\/serveis\/disseny-i-desenvolupament-web\/disseny-de-landing-page\/#primaryimage"},"image":{"@id":"https:\/\/olalon.com\/ca\/serveis\/disseny-i-desenvolupament-web\/disseny-de-landing-page\/#primaryimage"},"thumbnailUrl":"https:\/\/olalon.com\/wp-content\/uploads\/2024\/12\/prestashop.webp","datePublished":"2024-12-18T14:31:34+00:00","dateModified":"2025-07-03T22:52:54+00:00","description":"Landing pages efectives i econ\u00f2miques per captar clients. Disseny professional, r\u00e0pid i optimitzat per generar conversions.","breadcrumb":{"@id":"https:\/\/olalon.com\/ca\/serveis\/disseny-i-desenvolupament-web\/disseny-de-landing-page\/#breadcrumb"},"inLanguage":"ca","potentialAction":[{"@type":"ReadAction","target":["https:\/\/olalon.com\/ca\/serveis\/disseny-i-desenvolupament-web\/disseny-de-landing-page\/"]}]},{"@type":"ImageObject","inLanguage":"ca","@id":"https:\/\/olalon.com\/ca\/serveis\/disseny-i-desenvolupament-web\/disseny-de-landing-page\/#primaryimage","url":"https:\/\/olalon.com\/wp-content\/uploads\/2024\/12\/prestashop.webp","contentUrl":"https:\/\/olalon.com\/wp-content\/uploads\/2024\/12\/prestashop.webp"},{"@type":"BreadcrumbList","@id":"https:\/\/olalon.com\/ca\/serveis\/disseny-i-desenvolupament-web\/disseny-de-landing-page\/#breadcrumb","itemListElement":[{"@type":"ListItem","position":1,"name":"Portada","item":"https:\/\/olalon.com\/ca\/servicios\/diseno-y-desarrollo-web\/desarrollo-software-a-medida\/"},{"@type":"ListItem","position":2,"name":"Serveis","item":"https:\/\/olalon.com\/ca\/servicios\/diseno-y-desarrollo-web\/desarrollo-software-a-medida\/"},{"@type":"ListItem","position":3,"name":"Disseny i desenvolupament web","item":"https:\/\/olalon.com\/ca\/servicios\/diseno-y-desarrollo-web\/desarrollo-software-a-medida\/"},{"@type":"ListItem","position":4,"name":"Disseny de landing page"}]},{"@type":"WebSite","@id":"https:\/\/olalon.com\/ca\/#website","url":"https:\/\/olalon.com\/ca\/","name":"Olalon","description":"Agencia de Publicidad, Dise\u00f1o y Marketing Online","publisher":{"@id":"https:\/\/olalon.com\/ca\/#organization"},"potentialAction":[{"@type":"SearchAction","target":{"@type":"EntryPoint","urlTemplate":"https:\/\/olalon.com\/ca\/?s={search_term_string}"},"query-input":{"@type":"PropertyValueSpecification","valueRequired":true,"valueName":"search_term_string"}}],"inLanguage":"ca"},{"@type":"Organization","@id":"https:\/\/olalon.com\/ca\/#organization","name":"Olalon","url":"https:\/\/olalon.com\/ca\/","logo":{"@type":"ImageObject","inLanguage":"ca","@id":"https:\/\/olalon.com\/ca\/#\/schema\/logo\/image\/","url":"https:\/\/olalon.com\/wp-content\/uploads\/2025\/02\/Logo_Olalon-01.png","contentUrl":"https:\/\/olalon.com\/wp-content\/uploads\/2025\/02\/Logo_Olalon-01.png","width":2249,"height":989,"caption":"Olalon"},"image":{"@id":"https:\/\/olalon.com\/ca\/#\/schema\/logo\/image\/"},"sameAs":["https:\/\/www.instagram.com\/olalonstudio\/","https:\/\/www.youtube.com\/c\/olalonstudio","https:\/\/www.tiktok.com\/@olalonstudio"]}]}},"_links":{"self":[{"href":"https:\/\/olalon.com\/ca\/wp-json\/wp\/v2\/pages\/3799","targetHints":{"allow":["GET"]}}],"collection":[{"href":"https:\/\/olalon.com\/ca\/wp-json\/wp\/v2\/pages"}],"about":[{"href":"https:\/\/olalon.com\/ca\/wp-json\/wp\/v2\/types\/page"}],"author":[{"embeddable":true,"href":"https:\/\/olalon.com\/ca\/wp-json\/wp\/v2\/users\/3"}],"replies":[{"embeddable":true,"href":"https:\/\/olalon.com\/ca\/wp-json\/wp\/v2\/comments?post=3799"}],"version-history":[{"count":1,"href":"https:\/\/olalon.com\/ca\/wp-json\/wp\/v2\/pages\/3799\/revisions"}],"predecessor-version":[{"id":3801,"href":"https:\/\/olalon.com\/ca\/wp-json\/wp\/v2\/pages\/3799\/revisions\/3801"}],"up":[{"embeddable":true,"href":"https:\/\/olalon.com\/ca\/wp-json\/wp\/v2\/pages\/3791"}],"wp:attachment":[{"href":"https:\/\/olalon.com\/ca\/wp-json\/wp\/v2\/media?parent=3799"}],"curies":[{"name":"wp","href":"https:\/\/api.w.org\/{rel}","templated":true}]}}