{"id":3814,"date":"2024-12-03T17:15:03","date_gmt":"2024-12-03T16:15:03","guid":{"rendered":"https:\/\/olalon.com\/serveis\/marqueting-en-linia\/campanya-demail-marketing\/"},"modified":"2025-07-19T07:58:57","modified_gmt":"2025-07-19T05:58:57","slug":"campanya-demail-marketing","status":"publish","type":"page","link":"https:\/\/olalon.com\/ca\/serveis\/marqueting-online-tarragona\/campanya-demail-marketing\/","title":{"rendered":"Campanya d\u2019email marketing"},"content":{"rendered":"\n<div class=\"wp-block-manifesto-gutenberg-container content-row dark-section normal\" data-bgcolor=\"#000000\" style=\"text-align:left\">\n<div class=\"wp-block-manifesto-gutenberg-clipped-image clipped-image-wrapper\"><div class=\"clipped-image-pin\"><div class=\"clipped-image\"><img decoding=\"async\" src=\"https:\/\/olalon.com\/wp-content\/uploads\/2024\/12\/Diseno-sin-titulo-11.jpg\" alt=\"\"\/><div class=\"clipped-image-gradient\"><\/div><\/div><\/div><div class=\"clipped-image-content content-full-width\">\n<div class=\"wp-block-manifesto-gutenberg-marquee-content marquee-text-wrapper\"><h1 class=\"marquee-text no-margins fw big-title\">\nCAMPANYA <em>D\u2019EMAIL MARKETING<\/em>\n<\/h1><\/div>\n<\/div><\/div>\n<\/div>\n\n\n\n<div class=\"wp-block-manifesto-gutenberg-container content-row light-section normal row_padding_top row_padding_bottom\" data-bgcolor=\"#ffffff\" style=\"text-align:left\">\n<div class=\"wp-block-columns pinned-section is-layout-flex wp-container-core-columns-is-layout-1 wp-block-columns-is-layout-flex\">\n<div class=\"wp-block-column scrolling-element left is-layout-flow wp-block-column-is-layout-flow\">\n<figure class=\"wp-block-image size-full\"><img loading=\"lazy\" decoding=\"async\" width=\"1366\" height=\"2048\" src=\"https:\/\/olalon.com\/wp-content\/uploads\/2024\/12\/OLA-Cont-30.webp\" alt=\"\" class=\"wp-image-2115\" srcset=\"https:\/\/olalon.com\/wp-content\/uploads\/2024\/12\/OLA-Cont-30.webp 1366w, https:\/\/olalon.com\/wp-content\/uploads\/2024\/12\/OLA-Cont-30-200x300.webp 200w, https:\/\/olalon.com\/wp-content\/uploads\/2024\/12\/OLA-Cont-30-683x1024.webp 683w, https:\/\/olalon.com\/wp-content\/uploads\/2024\/12\/OLA-Cont-30-768x1151.webp 768w, https:\/\/olalon.com\/wp-content\/uploads\/2024\/12\/OLA-Cont-30-1025x1536.webp 1025w\" sizes=\"auto, (max-width: 1366px) 100vw, 1366px\" \/><\/figure>\n<\/div>\n\n\n\n<div class=\"wp-block-column pinned-element right is-layout-flow wp-block-column-is-layout-flow\">\n<h3 class=\"wp-block-heading has-black-color has-text-color has-link-color wp-elements-aac9c87057ff5301ce746f8774900c47\">Com utilitzar correctament l\u2019email marketing?<\/h3>\n\n\n\n<p>El primer \u00e9s tenir clars els objectius: <strong>qu\u00e8 volem aconseguir?<\/strong> Vendes, fidelitzaci\u00f3, remarketing, posicionament, notorietat\u2026<\/p>\n\n\n\n<p>La segona gran pregunta \u00e9s: <strong>a qui l\u2019enviarem?<\/strong><\/p>\n\n\n\n<p>Si ja disposem d\u2019una base de dades de clients que han autoritzat els enviaments comercials, podem comen\u00e7ar per aqu\u00ed. Si no tenim base de dades o volem ampliar-la (\u00e9s l\u00f2gic que el creixement sigui constant), primer haurem de plantejar-nos com aconseguir nous correus. <\/p>\n\n\n\n<p>Aix\u00f2 es diu <em><strong>captaci\u00f3 de leads.<\/strong><\/em> Un formulari a la web que ofereix un descompte com a ganxo \u00e9s la f\u00f3rmula m\u00e9s comuna en les ecommerce, per\u00f2 poden haver-n\u2019hi d\u2019altres, normalment sempre acompanyades d\u2019un reclam que faci que el nostre client s\u2019interessi a subscriure\u2019s a la nostra newsletter (continguts de valor, enviament d\u2019ofertes personalitzades, acc\u00e9s a continguts en prim\u00edcia, etc.). <\/p>\n<\/div>\n<\/div>\n<\/div>\n\n\n\n<div class=\"wp-block-manifesto-gutenberg-container content-row light-section normal row_padding_top row_padding_bottom change-header-color\" data-bgcolor=\"#171717\" style=\"text-align:left\">\n<h3 class=\"wp-block-heading has-white-color has-text-color has-link-color wp-elements-b45e86fded8806bba86d106e75bd3d24\">No tot l\u2019email marketing \u00e9s correu brossa.<\/h3>\n\n\n\n<p class=\"has-text-color has-link-color wp-elements-b9681c32c6ecdd8ef3ba1cb3933c2de4\" style=\"color:#ededed\">L\u2019email marketing t\u00e9 una connotaci\u00f3 negativa. La realitat \u00e9s que el buzoneig digital segueix molt vigent, i \u00e9s pesat i molest haver d\u2019alliberar constantment la nostra b\u00fastia d\u2019entrada de missatges brossa. Tot i aix\u00f2, l\u2019email \u00e9s un canal magn\u00edfic per rebre ofertes, informaci\u00f3, novetats o continguts de les marques que m\u00e9s ens interessen.  <\/p>\n\n\n\n<p class=\"has-text-color has-link-color wp-elements-ec5c71412ca236547a29c37e01273fa1\" style=\"color:#ededed\">Aqu\u00ed ve la primera gran clau de l\u2019email marketing: no insistiu a enviar correus a la gent que no vol rebre\u2019ls, o la reputaci\u00f3 de la vostra empresa es veur\u00e0 negativament afectada.<\/p>\n\n\n\n<p class=\"has-text-color has-link-color wp-elements-543baa0a5675aa1a1ede93ed148bc727\" style=\"color:#ededed\">La tercera gran pregunta: qu\u00e8 enviarem?<\/p>\n\n\n\n<p class=\"has-text-color has-link-color wp-elements-5a0540795591a18f727e9c637850ca5f\" style=\"color:#ededed\">Tenir una estrat\u00e8gia de continguts per saber com fer els enviaments \u00e9s potser la part m\u00e9s dif\u00edcil de l\u2019email marketing. Si no enviem continguts de valor, els nostres usuaris es donaran de baixa del nostre servei i perdrem el contacte. <\/p>\n\n\n\n<p class=\"has-text-color has-link-color wp-elements-ab1002e1441b531f02977d83e5ac1e15\" style=\"color:#ededed\">La quarta pregunta: quan ho enviarem?<\/p>\n\n\n\n<p class=\"has-text-color has-link-color wp-elements-c04e4576c2a47a056955258d84ab4f29\" style=\"color:#ededed\">La temporalitat \u00e9s important. No dependr\u00e0 nom\u00e9s del nostre pressupost, sin\u00f3 del que el nostre p\u00fablic espera. No s\u00f3n poques les marques que permeten a l\u2019usuari triar la freq\u00fc\u00e8ncia amb qu\u00e8 volen rebre les newsletters. La l\u00ednia sol ser fina, perqu\u00e8 encara que en un moment s\u2019hagin interessat pel nostre producte, si l\u2019enviament comercial \u00e9s massa insistent, ho consideraran molest i es donaran de baixa.   <strong><\/strong><\/p>\n\n\n\n<p class=\"has-text-color has-link-color wp-elements-b82b9aeb6ba721745fa5854526c08bc3\" style=\"color:#ededed\">L\u2019\u00faltima pregunta: com ho enviarem?<\/p>\n\n\n\n<p class=\"has-text-color has-link-color wp-elements-6acd37e961fe1c13367d4b362633694c\" style=\"color:#ededed\">El m\u00e9s com\u00fa \u00e9s utilitzar gestors de mailing o CRM amb m\u00faltiples funcionalitats que permeten gestionar la base de dades, generar informes de resultats, dissenyar les plantilles del nostre correu i fins i tot generar la landing page on volem que l\u2019usuari aterri en clicar els nostres enlla\u00e7os.<\/p>\n\n\n\n<p class=\"has-text-color has-link-color wp-elements-24dff65181c55a30ff3e9cee86f55a44\" style=\"color:#ededed\">N\u2019hi ha molts, com el conegut Mailchimp, Brevo o el popular Acumbamail, una alternativa espanyola.<\/p>\n<\/div>\n\n\n\n<div class=\"wp-block-manifesto-gutenberg-container content-row light-section normal row_padding_top row_padding_bottom change-header-color\" data-bgcolor=\"#ffffff\" style=\"text-align:left\">\n<div class=\"wp-block-columns is-layout-flex wp-container-core-columns-is-layout-2 wp-block-columns-is-layout-flex\">\n<div class=\"wp-block-column is-layout-flow wp-block-column-is-layout-flow\" style=\"flex-basis:100%\">\n<h2 class=\"wp-block-heading\">QU\u00c8 INCLOU EL SERVEI D\u2019EMAIL MARKETING?<\/h2>\n<\/div>\n<\/div>\n\n\n\n<ul class=\"wp-block-list\">\n<li><mark>Estrat\u00e8gia<\/mark> d\u2019email marketing: captaci\u00f3 de leads, gesti\u00f3 de base de dades, temporalitat dels enviaments<\/li>\n\n\n\n<li><mark>Disseny<\/mark> de plantilles de correu seguint la l\u00ednia corporativa<\/li>\n\n\n\n<li>Creaci\u00f3 de <mark>continguts de la newsletter <\/mark>segons l\u2019estrat\u00e8gia.<\/li>\n\n\n\n<li>Programaci\u00f3 <mark>d\u2019enviaments<\/mark><\/li>\n\n\n\n<li>Monitoritzaci\u00f3 de r<mark>esultats<\/mark><\/li>\n<\/ul>\n<\/div>\n\n\n\n<div class=\"wp-block-manifesto-gutenberg-container content-row light-section normal\" data-bgcolor=\"#ffffff\" style=\"text-align:left\">\n<div class=\"wp-block-manifesto-gutenberg-list-rotator list-rotator-wrapper\"><div class=\"list-rotator-title has-mask-fill\">T\u2019AJUDEM EN&#8230;<\/div><div class=\"list-rotator-height\"><div class=\"list-rotator-pin\"><ul class=\"list-rotator\">\n<li class=\"wp-block-manifesto-gutenberg-list-rotator-item\">\n<a href=\"https:\/\/olalon.com\/ca\/serveis\/marqueting-en-linia\/estrategia-de-seo\/\">SEO<\/a>\n<\/li>\n\n\n\n<li class=\"wp-block-manifesto-gutenberg-list-rotator-item\">\n<a href=\"https:\/\/olalon.com\/ca\/serveis\/marqueting-en-linia\/estrategia-de-xarxes-socials\/\">Social media<\/a>\n<\/li>\n\n\n\n<li class=\"wp-block-manifesto-gutenberg-list-rotator-item\">\n<a href=\"https:\/\/olalon.com\/ca\/serveis\/marqueting-en-linia\/marketing-de-continguts\/\">M\u00e0rqueting de continguts<\/a>\n<\/li>\n\n\n\n<li class=\"wp-block-manifesto-gutenberg-list-rotator-item\">\n<a href=\"https:\/\/olalon.com\/ca\/serveis\/marqueting-en-linia\/campanya-demail-marketing\/\">Email <em>m\u00e0rqueting<\/em><\/a>\n<\/li>\n\n\n\n<li class=\"wp-block-manifesto-gutenberg-list-rotator-item\">\n<a href=\"https:\/\/olalon.com\/ca\/serveis\/marqueting-en-linia\/consultoria-de-marqueting\/\">Consultoria <em>de m\u00e0rqueting<\/em><\/a>\n<\/li>\n\n\n\n<li class=\"wp-block-manifesto-gutenberg-list-rotator-item\">\n<a href=\"https:\/\/olalon.com\/ca\/serveis\/marqueting-en-linia\/copywriting\/\">Copywriting<\/a>\n<\/li>\n\n\n\n<li class=\"wp-block-manifesto-gutenberg-list-rotator-item\">\n<a href=\"https:\/\/olalon.com\/ca\/serveis\/outsourcing-de-marketing\">Outsourcing <em>de m\u00e0rqueting<\/em><\/a>\n<\/li>\n\n\n\n<li class=\"wp-block-manifesto-gutenberg-list-rotator-item\">\n<a href=\"https:\/\/olalon.com\/ca\/serveis\/marqueting-en-linia\/estrategia-de-marqueting-digital\/\">Estrat\u00e8gia <em>de m\u00e0rqueting digital<\/em><\/a>\n<\/li>\n\n\n\n<li class=\"wp-block-manifesto-gutenberg-list-rotator-item\">\n<a href=\"https:\/\/olalon.com\/ca\/serveis\/marqueting-en-linia\/campanya-demail-marketing\">Campanyes <em>de publicitat<\/em><\/a>\n<\/li>\n\n\n\n<li class=\"wp-block-manifesto-gutenberg-list-rotator-item\">\n<a href=\"https:\/\/olalon.com\/ca\/serveis\/marqueting-en-linia\/campanyes-de-google-ads\/\">Paid media <em>(Google Ads, Social Ads, etc.)<\/em><\/a>\n<\/li>\n<\/ul><\/div><\/div><\/div>\n<\/div>\n","protected":false},"excerpt":{"rendered":"","protected":false},"author":6,"featured_media":0,"parent":3659,"menu_order":0,"comment_status":"closed","ping_status":"closed","template":"","meta":{"_acf_changed":false,"_joinchat":[],"footnotes":""},"class_list":["post-3814","page","type-page","status-publish","hentry"],"acf":[],"yoast_head":"<!-- This site is optimized with the Yoast SEO plugin v25.4 - https:\/\/yoast.com\/wordpress\/plugins\/seo\/ -->\n<title>Campanyes d\u2019email marketing | Olalon<\/title>\n<meta name=\"description\" content=\"Les campanyes d\u2019email marketing continuen sent una de les estrat\u00e8gies de m\u00e0rqueting online amb m\u00e9s retorn de la inversi\u00f3.\" \/>\n<meta name=\"robots\" content=\"index, follow, max-snippet:-1, max-image-preview:large, max-video-preview:-1\" \/>\n<link rel=\"canonical\" href=\"https:\/\/olalon.com\/ca\/serveis\/marqueting-online-tarragona\/campanya-demail-marketing\/\" \/>\n<meta property=\"og:locale\" content=\"ca_ES\" \/>\n<meta property=\"og:type\" content=\"article\" \/>\n<meta property=\"og:title\" content=\"Campanyes d\u2019email marketing | Olalon\" \/>\n<meta property=\"og:description\" content=\"Les campanyes d\u2019email marketing continuen sent una de les estrat\u00e8gies de m\u00e0rqueting online amb m\u00e9s retorn de la inversi\u00f3.\" \/>\n<meta property=\"og:url\" content=\"https:\/\/olalon.com\/ca\/serveis\/marqueting-online-tarragona\/campanya-demail-marketing\/\" \/>\n<meta property=\"og:site_name\" content=\"Olalon\" \/>\n<meta property=\"article:modified_time\" content=\"2025-07-19T05:58:57+00:00\" \/>\n<meta property=\"og:image\" content=\"https:\/\/olalon.com\/wp-content\/uploads\/2024\/12\/Diseno-sin-titulo-11.jpg\" \/>\n<meta name=\"twitter:card\" content=\"summary_large_image\" \/>\n<meta name=\"twitter:label1\" content=\"Temps estimat de lectura\" \/>\n\t<meta name=\"twitter:data1\" content=\"5 minuts\" \/>\n<script type=\"application\/ld+json\" class=\"yoast-schema-graph\">{\"@context\":\"https:\/\/schema.org\",\"@graph\":[{\"@type\":\"WebPage\",\"@id\":\"https:\/\/olalon.com\/ca\/serveis\/marqueting-online-tarragona\/campanya-demail-marketing\/\",\"url\":\"https:\/\/olalon.com\/ca\/serveis\/marqueting-online-tarragona\/campanya-demail-marketing\/\",\"name\":\"Campanyes d\u2019email marketing | Olalon\",\"isPartOf\":{\"@id\":\"https:\/\/olalon.com\/ca\/#website\"},\"primaryImageOfPage\":{\"@id\":\"https:\/\/olalon.com\/ca\/serveis\/marqueting-online-tarragona\/campanya-demail-marketing\/#primaryimage\"},\"image\":{\"@id\":\"https:\/\/olalon.com\/ca\/serveis\/marqueting-online-tarragona\/campanya-demail-marketing\/#primaryimage\"},\"thumbnailUrl\":\"https:\/\/olalon.com\/wp-content\/uploads\/2024\/12\/Diseno-sin-titulo-11.jpg\",\"datePublished\":\"2024-12-03T16:15:03+00:00\",\"dateModified\":\"2025-07-19T05:58:57+00:00\",\"description\":\"Les campanyes d\u2019email marketing continuen sent una de les estrat\u00e8gies de m\u00e0rqueting online amb m\u00e9s retorn de la inversi\u00f3.\",\"breadcrumb\":{\"@id\":\"https:\/\/olalon.com\/ca\/serveis\/marqueting-online-tarragona\/campanya-demail-marketing\/#breadcrumb\"},\"inLanguage\":\"ca\",\"potentialAction\":[{\"@type\":\"ReadAction\",\"target\":[\"https:\/\/olalon.com\/ca\/serveis\/marqueting-online-tarragona\/campanya-demail-marketing\/\"]}]},{\"@type\":\"ImageObject\",\"inLanguage\":\"ca\",\"@id\":\"https:\/\/olalon.com\/ca\/serveis\/marqueting-online-tarragona\/campanya-demail-marketing\/#primaryimage\",\"url\":\"https:\/\/olalon.com\/wp-content\/uploads\/2024\/12\/Diseno-sin-titulo-11.jpg\",\"contentUrl\":\"https:\/\/olalon.com\/wp-content\/uploads\/2024\/12\/Diseno-sin-titulo-11.jpg\"},{\"@type\":\"BreadcrumbList\",\"@id\":\"https:\/\/olalon.com\/ca\/serveis\/marqueting-online-tarragona\/campanya-demail-marketing\/#breadcrumb\",\"itemListElement\":[{\"@type\":\"ListItem\",\"position\":1,\"name\":\"Portada\",\"item\":\"https:\/\/olalon.com\/ca\/ugc-los-contenidos-reales-que-mejor-funcionan-en-redes\/\"},{\"@type\":\"ListItem\",\"position\":2,\"name\":\"Serveis\",\"item\":\"https:\/\/olalon.com\/ca\/ugc-los-contenidos-reales-que-mejor-funcionan-en-redes\/\"},{\"@type\":\"ListItem\",\"position\":3,\"name\":\"M\u00e0rqueting online\",\"item\":\"https:\/\/olalon.com\/ca\/ugc-los-contenidos-reales-que-mejor-funcionan-en-redes\/\"},{\"@type\":\"ListItem\",\"position\":4,\"name\":\"Campanya d\u2019email marketing\"}]},{\"@type\":\"WebSite\",\"@id\":\"https:\/\/olalon.com\/ca\/#website\",\"url\":\"https:\/\/olalon.com\/ca\/\",\"name\":\"Olalon\",\"description\":\"Agencia de Publicidad, Dise\u00f1o y Marketing Online\",\"publisher\":{\"@id\":\"https:\/\/olalon.com\/ca\/#organization\"},\"potentialAction\":[{\"@type\":\"SearchAction\",\"target\":{\"@type\":\"EntryPoint\",\"urlTemplate\":\"https:\/\/olalon.com\/ca\/?s={search_term_string}\"},\"query-input\":{\"@type\":\"PropertyValueSpecification\",\"valueRequired\":true,\"valueName\":\"search_term_string\"}}],\"inLanguage\":\"ca\"},{\"@type\":\"Organization\",\"@id\":\"https:\/\/olalon.com\/ca\/#organization\",\"name\":\"Olalon\",\"url\":\"https:\/\/olalon.com\/ca\/\",\"logo\":{\"@type\":\"ImageObject\",\"inLanguage\":\"ca\",\"@id\":\"https:\/\/olalon.com\/ca\/#\/schema\/logo\/image\/\",\"url\":\"https:\/\/olalon.com\/wp-content\/uploads\/2025\/02\/Logo_Olalon-01.png\",\"contentUrl\":\"https:\/\/olalon.com\/wp-content\/uploads\/2025\/02\/Logo_Olalon-01.png\",\"width\":2249,\"height\":989,\"caption\":\"Olalon\"},\"image\":{\"@id\":\"https:\/\/olalon.com\/ca\/#\/schema\/logo\/image\/\"},\"sameAs\":[\"https:\/\/www.instagram.com\/olalonstudio\/\",\"https:\/\/www.youtube.com\/c\/olalonstudio\",\"https:\/\/www.tiktok.com\/@olalonstudio\"]}]}<\/script>\n<!-- \/ Yoast SEO plugin. -->","yoast_head_json":{"title":"Campanyes d\u2019email marketing | Olalon","description":"Les campanyes d\u2019email marketing continuen sent una de les estrat\u00e8gies de m\u00e0rqueting online amb m\u00e9s retorn de la inversi\u00f3.","robots":{"index":"index","follow":"follow","max-snippet":"max-snippet:-1","max-image-preview":"max-image-preview:large","max-video-preview":"max-video-preview:-1"},"canonical":"https:\/\/olalon.com\/ca\/serveis\/marqueting-online-tarragona\/campanya-demail-marketing\/","og_locale":"ca_ES","og_type":"article","og_title":"Campanyes d\u2019email marketing | Olalon","og_description":"Les campanyes d\u2019email marketing continuen sent una de les estrat\u00e8gies de m\u00e0rqueting online amb m\u00e9s retorn de la inversi\u00f3.","og_url":"https:\/\/olalon.com\/ca\/serveis\/marqueting-online-tarragona\/campanya-demail-marketing\/","og_site_name":"Olalon","article_modified_time":"2025-07-19T05:58:57+00:00","og_image":[{"url":"https:\/\/olalon.com\/wp-content\/uploads\/2024\/12\/Diseno-sin-titulo-11.jpg","type":"","width":"","height":""}],"twitter_card":"summary_large_image","twitter_misc":{"Temps estimat de lectura":"5 minuts"},"schema":{"@context":"https:\/\/schema.org","@graph":[{"@type":"WebPage","@id":"https:\/\/olalon.com\/ca\/serveis\/marqueting-online-tarragona\/campanya-demail-marketing\/","url":"https:\/\/olalon.com\/ca\/serveis\/marqueting-online-tarragona\/campanya-demail-marketing\/","name":"Campanyes d\u2019email marketing | Olalon","isPartOf":{"@id":"https:\/\/olalon.com\/ca\/#website"},"primaryImageOfPage":{"@id":"https:\/\/olalon.com\/ca\/serveis\/marqueting-online-tarragona\/campanya-demail-marketing\/#primaryimage"},"image":{"@id":"https:\/\/olalon.com\/ca\/serveis\/marqueting-online-tarragona\/campanya-demail-marketing\/#primaryimage"},"thumbnailUrl":"https:\/\/olalon.com\/wp-content\/uploads\/2024\/12\/Diseno-sin-titulo-11.jpg","datePublished":"2024-12-03T16:15:03+00:00","dateModified":"2025-07-19T05:58:57+00:00","description":"Les campanyes d\u2019email marketing continuen sent una de les estrat\u00e8gies de m\u00e0rqueting online amb m\u00e9s retorn de la inversi\u00f3.","breadcrumb":{"@id":"https:\/\/olalon.com\/ca\/serveis\/marqueting-online-tarragona\/campanya-demail-marketing\/#breadcrumb"},"inLanguage":"ca","potentialAction":[{"@type":"ReadAction","target":["https:\/\/olalon.com\/ca\/serveis\/marqueting-online-tarragona\/campanya-demail-marketing\/"]}]},{"@type":"ImageObject","inLanguage":"ca","@id":"https:\/\/olalon.com\/ca\/serveis\/marqueting-online-tarragona\/campanya-demail-marketing\/#primaryimage","url":"https:\/\/olalon.com\/wp-content\/uploads\/2024\/12\/Diseno-sin-titulo-11.jpg","contentUrl":"https:\/\/olalon.com\/wp-content\/uploads\/2024\/12\/Diseno-sin-titulo-11.jpg"},{"@type":"BreadcrumbList","@id":"https:\/\/olalon.com\/ca\/serveis\/marqueting-online-tarragona\/campanya-demail-marketing\/#breadcrumb","itemListElement":[{"@type":"ListItem","position":1,"name":"Portada","item":"https:\/\/olalon.com\/ca\/ugc-los-contenidos-reales-que-mejor-funcionan-en-redes\/"},{"@type":"ListItem","position":2,"name":"Serveis","item":"https:\/\/olalon.com\/ca\/ugc-los-contenidos-reales-que-mejor-funcionan-en-redes\/"},{"@type":"ListItem","position":3,"name":"M\u00e0rqueting online","item":"https:\/\/olalon.com\/ca\/ugc-los-contenidos-reales-que-mejor-funcionan-en-redes\/"},{"@type":"ListItem","position":4,"name":"Campanya d\u2019email marketing"}]},{"@type":"WebSite","@id":"https:\/\/olalon.com\/ca\/#website","url":"https:\/\/olalon.com\/ca\/","name":"Olalon","description":"Agencia de Publicidad, Dise\u00f1o y Marketing Online","publisher":{"@id":"https:\/\/olalon.com\/ca\/#organization"},"potentialAction":[{"@type":"SearchAction","target":{"@type":"EntryPoint","urlTemplate":"https:\/\/olalon.com\/ca\/?s={search_term_string}"},"query-input":{"@type":"PropertyValueSpecification","valueRequired":true,"valueName":"search_term_string"}}],"inLanguage":"ca"},{"@type":"Organization","@id":"https:\/\/olalon.com\/ca\/#organization","name":"Olalon","url":"https:\/\/olalon.com\/ca\/","logo":{"@type":"ImageObject","inLanguage":"ca","@id":"https:\/\/olalon.com\/ca\/#\/schema\/logo\/image\/","url":"https:\/\/olalon.com\/wp-content\/uploads\/2025\/02\/Logo_Olalon-01.png","contentUrl":"https:\/\/olalon.com\/wp-content\/uploads\/2025\/02\/Logo_Olalon-01.png","width":2249,"height":989,"caption":"Olalon"},"image":{"@id":"https:\/\/olalon.com\/ca\/#\/schema\/logo\/image\/"},"sameAs":["https:\/\/www.instagram.com\/olalonstudio\/","https:\/\/www.youtube.com\/c\/olalonstudio","https:\/\/www.tiktok.com\/@olalonstudio"]}]}},"_links":{"self":[{"href":"https:\/\/olalon.com\/ca\/wp-json\/wp\/v2\/pages\/3814","targetHints":{"allow":["GET"]}}],"collection":[{"href":"https:\/\/olalon.com\/ca\/wp-json\/wp\/v2\/pages"}],"about":[{"href":"https:\/\/olalon.com\/ca\/wp-json\/wp\/v2\/types\/page"}],"author":[{"embeddable":true,"href":"https:\/\/olalon.com\/ca\/wp-json\/wp\/v2\/users\/6"}],"replies":[{"embeddable":true,"href":"https:\/\/olalon.com\/ca\/wp-json\/wp\/v2\/comments?post=3814"}],"version-history":[{"count":2,"href":"https:\/\/olalon.com\/ca\/wp-json\/wp\/v2\/pages\/3814\/revisions"}],"predecessor-version":[{"id":3924,"href":"https:\/\/olalon.com\/ca\/wp-json\/wp\/v2\/pages\/3814\/revisions\/3924"}],"up":[{"embeddable":true,"href":"https:\/\/olalon.com\/ca\/wp-json\/wp\/v2\/pages\/3659"}],"wp:attachment":[{"href":"https:\/\/olalon.com\/ca\/wp-json\/wp\/v2\/media?parent=3814"}],"curies":[{"name":"wp","href":"https:\/\/api.w.org\/{rel}","templated":true}]}}