{"id":3816,"date":"2024-12-09T12:02:41","date_gmt":"2024-12-09T11:02:41","guid":{"rendered":"https:\/\/olalon.com\/serveis\/marqueting-en-linia\/campanyes-de-google-ads\/"},"modified":"2025-07-19T08:08:33","modified_gmt":"2025-07-19T06:08:33","slug":"campanyes-de-google-ads","status":"publish","type":"page","link":"https:\/\/olalon.com\/ca\/serveis\/marqueting-en-linia\/campanyes-de-google-ads\/","title":{"rendered":"Campanyes de Google Ads"},"content":{"rendered":"\n<div class=\"wp-block-manifesto-gutenberg-container content-row dark-section normal\" data-bgcolor=\"#000000\" style=\"text-align:left\">\n<div class=\"wp-block-manifesto-gutenberg-clipped-image clipped-image-wrapper\"><div class=\"clipped-image-pin\"><div class=\"clipped-image\"><img decoding=\"async\" src=\"https:\/\/olalon.com\/wp-content\/uploads\/2024\/12\/ola-baner-google-ads.webp\" alt=\"campa\u00f1a google ads\"\/><div class=\"clipped-image-gradient\"><\/div><\/div><\/div><div class=\"clipped-image-content content-full-width\">\n<div class=\"wp-block-manifesto-gutenberg-marquee-content marquee-text-wrapper\"><h1 class=\"marquee-text no-margins fw big-title\">\nCAMPANYES <em>GOOGLE ADS<\/em>\n<\/h1><\/div>\n<\/div><\/div>\n<\/div>\n\n\n\n<div class=\"wp-block-manifesto-gutenberg-container content-row light-section normal row_padding_top row_padding_bottom change-header-color\" data-bgcolor=\"#ffffff\" style=\"text-align:left\">\n<div class=\"wp-block-columns pinned-section is-layout-flex wp-container-core-columns-is-layout-1 wp-block-columns-is-layout-flex\">\n<div class=\"wp-block-column scrolling-element left is-layout-flow wp-block-column-is-layout-flow\">\n<h3 class=\"wp-block-heading has-black-color has-text-color has-link-color wp-elements-47a289995076cf719eb1456590b003a7\">Google Ads: una eina per generar tr\u00e0nsit web<\/h3>\n\n\n\n<p class=\"has-black-color has-text-color has-link-color wp-elements-7ae8be49d90c167009dfe097d78b3bd3\">Google Ads o SEM (Search Engine Marketing). Sigui com sigui el nom, \u00e9s el mateix: <strong>pagar a Google perqu\u00e8 el resultat de cerca de la nostra p\u00e0gina aparegui en les primeres posicions de les p\u00e0gines de resultats.<\/strong> <\/p>\n\n\n\n<p>La plataforma d\u2019anuncis de Google Ads ha anat canviant amb el temps, convertint-se en una eina molt completa per crear anuncis, segmentar audi\u00e8ncies i difondre publicitat amb infinites possibilitats.<\/p>\n\n\n\n<p class=\"has-black-color has-text-color has-link-color wp-elements-c930a19de28cceb54fc16cf53aeccec3\">Encara que la plataforma ofereix una opci\u00f3 \u2018express\u2019 per a usuaris m\u00e9s amateurs, la veritat \u00e9s que el nivell de personalitzaci\u00f3 ser\u00e0 molt menor, i l\u2019optimitzaci\u00f3 del pressupost estar\u00e0 molt menys controlada.<\/p>\n<\/div>\n\n\n\n<div class=\"wp-block-column pinned-element right is-layout-flow wp-block-column-is-layout-flow\">\n<figure class=\"wp-block-image size-large\"><img loading=\"lazy\" decoding=\"async\" width=\"718\" height=\"1024\" src=\"https:\/\/olalon.com\/wp-content\/uploads\/2024\/12\/paid-media-google-ads-718x1024.webp\" alt=\"\" class=\"wp-image-2257\" srcset=\"https:\/\/olalon.com\/wp-content\/uploads\/2024\/12\/paid-media-google-ads-718x1024.webp 718w, https:\/\/olalon.com\/wp-content\/uploads\/2024\/12\/paid-media-google-ads-210x300.webp 210w, https:\/\/olalon.com\/wp-content\/uploads\/2024\/12\/paid-media-google-ads-768x1095.webp 768w, https:\/\/olalon.com\/wp-content\/uploads\/2024\/12\/paid-media-google-ads-1077x1536.webp 1077w, https:\/\/olalon.com\/wp-content\/uploads\/2024\/12\/paid-media-google-ads.webp 1173w\" sizes=\"auto, (max-width: 718px) 100vw, 718px\" \/><\/figure>\n<\/div>\n<\/div>\n<\/div>\n\n\n\n<div class=\"wp-block-columns is-layout-flex wp-container-core-columns-is-layout-3 wp-block-columns-is-layout-flex\">\n<div class=\"wp-block-column is-layout-flow wp-block-column-is-layout-flow\" style=\"flex-basis:100%\">\n<div class=\"wp-block-manifesto-gutenberg-container content-row light-section normal row_padding_top row_padding_bottom\" data-bgcolor=\"#171717\" style=\"text-align:left\">\n<div class=\"wp-block-columns pinned-section is-layout-flex wp-container-core-columns-is-layout-2 wp-block-columns-is-layout-flex\">\n<div class=\"wp-block-column scrolling-element left is-layout-flow wp-block-column-is-layout-flow\" style=\"flex-basis:30%\">\n<iframe loading=\"lazy\" width=\"352\" height=\"627\" src=\"https:\/\/www.youtube.com\/embed\/FWYQn0I-cDc\" title=\"Estrat\u00e8gia de paid media per empresa de lloguer de vehicles | Olalon \u2757\ufe0f\" frameborder=\"0\" allow=\"accelerometer; autoplay; clipboard-write; encrypted-media; gyroscope; picture-in-picture; web-share\" referrerpolicy=\"strict-origin-when-cross-origin\" allowfullscreen=\"\"><\/iframe>\n<\/div>\n\n\n\n<div class=\"wp-block-column pinned-element right is-layout-flow wp-block-column-is-layout-flow\" style=\"flex-basis:70%\">\n<h3 class=\"wp-block-heading has-white-color has-text-color has-link-color wp-elements-a96949dc25e99a7a7bbe4ee7ae46a9b4\">Servei de campanyes de Google Ads<\/h3>\n\n\n\n<p class=\"has-text-color has-link-color wp-elements-6a51c5ccab2bfb2dae464a6ebdfcc016\" style=\"color:#ededed\">L\u2019objectiu gen\u00e8ric de les campanyes de Google Ads sol ser atraure tr\u00e0nsit al nostre lloc web que puguem convertir en vendes o oportunitats de venda.<\/p>\n\n\n\n<p class=\"has-text-color has-link-color wp-elements-94d530dc970399520678145f1b5af215\" style=\"color:#ededed\">Tanmateix, aquest \u00e9s l\u2019objectiu m\u00e9s gen\u00e8ric, que podr\u00edem desglossar en molts altres petits microobjectius i possibilitats.<\/p>\n\n\n\n<p class=\"has-text-color has-link-color wp-elements-1c7ec892b269a233222dfb9f4f23bdab\" style=\"color:#ededed\">Generar notorietat de marca, captar leads (correus electr\u00f2nics), aconseguir trucades telef\u00f2niques, divulgar una campanya de v\u00eddeo, divulgar una oferta concreta a trav\u00e9s de banners, fer remarketing per impactar usuaris que han estat al nostre web per\u00f2 no han arribat a comprar\u2026 Les possibilitats s\u00f3n infinites, i les eines de segmentaci\u00f3 d\u2019audi\u00e8ncia i an\u00e0lisi de la plataforma ens permeten extreure conclusions encertades sobre el rendiment de la nostra inversi\u00f3.<\/p>\n<\/div>\n<\/div>\n<\/div>\n<\/div>\n<\/div>\n\n\n\n<div class=\"wp-block-manifesto-gutenberg-container content-row light-section normal row_padding_top row_padding_bottom change-header-color\" data-bgcolor=\"#ffffff\" style=\"text-align:left\">\n<div class=\"wp-block-columns is-layout-flex wp-container-core-columns-is-layout-4 wp-block-columns-is-layout-flex\">\n<div class=\"wp-block-column is-layout-flow wp-block-column-is-layout-flow\" style=\"flex-basis:100%\">\n<h2 class=\"wp-block-heading\">QU\u00c8 INCLOU EL SERVEI DE CAMPANYES DE GOOGLE ADS?<\/h2>\n<\/div>\n<\/div>\n\n\n\n<ul class=\"wp-block-list\">\n<li><mark>Briefing inicial<\/mark> per determinar els objectius principals de la campanya<\/li>\n\n\n\n<li><mark>Set up<\/mark> de la campanya: segmentaci\u00f3 de l\u2019audi\u00e8ncia, estrat\u00e8gia de licitaci\u00f3, programaci\u00f3 d\u2019anuncis&#8230;<\/li>\n\n\n\n<li>Creaci\u00f3 de <mark>grups d\u2019anuncis i anuncis<\/mark><\/li>\n\n\n\n<li><mark>Seguiment, optimitzaci\u00f3<\/mark> i monitoritzaci\u00f3 de resultats<\/li>\n<\/ul>\n<\/div>\n\n\n\n<div class=\"wp-block-manifesto-gutenberg-container content-row light-section normal\" data-bgcolor=\"#ffffff\" style=\"text-align:left\">\n<div class=\"wp-block-manifesto-gutenberg-list-rotator list-rotator-wrapper\"><div class=\"list-rotator-title has-mask-fill\">T\u2019AJUDEM EN&#8230;<\/div><div class=\"list-rotator-height\"><div class=\"list-rotator-pin\"><ul class=\"list-rotator\">\n<li class=\"wp-block-manifesto-gutenberg-list-rotator-item\">\n<a href=\"https:\/\/olalon.com\/ca\/serveis\/marqueting-en-linia\/estrategia-de-seo\/\">SEO<\/a>\n<\/li>\n\n\n\n<li class=\"wp-block-manifesto-gutenberg-list-rotator-item\">\n<a href=\"https:\/\/olalon.com\/ca\/serveis\/marqueting-en-linia\/estrategia-de-xarxes-socials\/\">Social media<\/a>\n<\/li>\n\n\n\n<li class=\"wp-block-manifesto-gutenberg-list-rotator-item\">\n<a href=\"https:\/\/olalon.com\/ca\/serveis\/marqueting-en-linia\/marketing-de-continguts\/\">M\u00e0rqueting de continguts<\/a>\n<\/li>\n\n\n\n<li class=\"wp-block-manifesto-gutenberg-list-rotator-item\">\n<a href=\"https:\/\/olalon.com\/ca\/serveis\/marqueting-en-linia\/campanya-demail-marketing\/\">Email <em>m\u00e0rqueting<\/em><\/a>\n<\/li>\n\n\n\n<li class=\"wp-block-manifesto-gutenberg-list-rotator-item\">\n<a href=\"https:\/\/olalon.com\/ca\/serveis\/marqueting-en-linia\/consultoria-de-marqueting\/\">Consultoria <em>de m\u00e0rqueting<\/em><\/a>\n<\/li>\n\n\n\n<li class=\"wp-block-manifesto-gutenberg-list-rotator-item\">\n<a href=\"https:\/\/olalon.com\/ca\/serveis\/marqueting-en-linia\/copywriting\/\">Copywriting<\/a>\n<\/li>\n\n\n\n<li class=\"wp-block-manifesto-gutenberg-list-rotator-item\">\n<a href=\"https:\/\/olalon.com\/ca\/serveis\/outsourcing-de-marketing\">Outsourcing <em>de m\u00e0rqueting<\/em><\/a>\n<\/li>\n\n\n\n<li class=\"wp-block-manifesto-gutenberg-list-rotator-item\">\n<a href=\"https:\/\/olalon.com\/ca\/serveis\/marqueting-en-linia\/estrategia-de-marqueting-digital\/\">Estrat\u00e8gia <em>de m\u00e0rqueting digital<\/em><\/a>\n<\/li>\n\n\n\n<li class=\"wp-block-manifesto-gutenberg-list-rotator-item\">\n<a href=\"https:\/\/olalon.com\/ca\/serveis\/marqueting-en-linia\/campanya-demail-marketing\">Campanyes <em>de publicitat<\/em><\/a>\n<\/li>\n\n\n\n<li class=\"wp-block-manifesto-gutenberg-list-rotator-item\">\n<a href=\"https:\/\/olalon.com\/ca\/serveis\/marqueting-en-linia\/campanyes-de-google-ads\/\">Paid media <em>(Google Ads, Social Ads, etc.)<\/em><\/a>\n<\/li>\n<\/ul><\/div><\/div><\/div>\n<\/div>\n","protected":false},"excerpt":{"rendered":"","protected":false},"author":6,"featured_media":0,"parent":3659,"menu_order":0,"comment_status":"closed","ping_status":"closed","template":"","meta":{"_acf_changed":false,"_joinchat":[],"footnotes":""},"class_list":["post-3816","page","type-page","status-publish","hentry"],"acf":[],"yoast_head":"<!-- This site is optimized with the Yoast SEO plugin v25.4 - https:\/\/yoast.com\/wordpress\/plugins\/seo\/ -->\n<title>Gesti\u00f3 de campanyes a Google Ads | Olalon<\/title>\n<meta name=\"description\" content=\"Les campanyes a Google Ads i altres mitjans de pagament en l\u00ednia. Optimitzem les teves campanyes per maximitzar el ROI.\" \/>\n<meta name=\"robots\" content=\"index, follow, max-snippet:-1, max-image-preview:large, max-video-preview:-1\" \/>\n<link rel=\"canonical\" href=\"https:\/\/olalon.com\/ca\/serveis\/marqueting-en-linia\/campanyes-de-google-ads\/\" \/>\n<meta property=\"og:locale\" content=\"ca_ES\" \/>\n<meta property=\"og:type\" content=\"article\" \/>\n<meta property=\"og:title\" content=\"Gesti\u00f3 de campanyes a Google Ads | Olalon\" \/>\n<meta property=\"og:description\" content=\"Les campanyes a Google Ads i altres mitjans de pagament en l\u00ednia. Optimitzem les teves campanyes per maximitzar el ROI.\" \/>\n<meta property=\"og:url\" content=\"https:\/\/olalon.com\/ca\/serveis\/marqueting-en-linia\/campanyes-de-google-ads\/\" \/>\n<meta property=\"og:site_name\" content=\"Olalon\" \/>\n<meta property=\"article:modified_time\" content=\"2025-07-19T06:08:33+00:00\" \/>\n<meta property=\"og:image\" content=\"https:\/\/olalon.com\/wp-content\/uploads\/2024\/12\/ola-baner-google-ads.webp\" \/>\n<meta name=\"twitter:card\" content=\"summary_large_image\" \/>\n<meta name=\"twitter:label1\" content=\"Temps estimat de lectura\" \/>\n\t<meta name=\"twitter:data1\" content=\"2 minuts\" \/>\n<script type=\"application\/ld+json\" class=\"yoast-schema-graph\">{\"@context\":\"https:\/\/schema.org\",\"@graph\":[{\"@type\":\"WebPage\",\"@id\":\"https:\/\/olalon.com\/ca\/serveis\/marqueting-en-linia\/campanyes-de-google-ads\/\",\"url\":\"https:\/\/olalon.com\/ca\/serveis\/marqueting-en-linia\/campanyes-de-google-ads\/\",\"name\":\"Gesti\u00f3 de campanyes a Google Ads | Olalon\",\"isPartOf\":{\"@id\":\"https:\/\/olalon.com\/ca\/#website\"},\"primaryImageOfPage\":{\"@id\":\"https:\/\/olalon.com\/ca\/serveis\/marqueting-en-linia\/campanyes-de-google-ads\/#primaryimage\"},\"image\":{\"@id\":\"https:\/\/olalon.com\/ca\/serveis\/marqueting-en-linia\/campanyes-de-google-ads\/#primaryimage\"},\"thumbnailUrl\":\"https:\/\/olalon.com\/wp-content\/uploads\/2024\/12\/ola-baner-google-ads.webp\",\"datePublished\":\"2024-12-09T11:02:41+00:00\",\"dateModified\":\"2025-07-19T06:08:33+00:00\",\"description\":\"Les campanyes a Google Ads i altres mitjans de pagament en l\u00ednia. Optimitzem les teves campanyes per maximitzar el ROI.\",\"breadcrumb\":{\"@id\":\"https:\/\/olalon.com\/ca\/serveis\/marqueting-en-linia\/campanyes-de-google-ads\/#breadcrumb\"},\"inLanguage\":\"ca\",\"potentialAction\":[{\"@type\":\"ReadAction\",\"target\":[\"https:\/\/olalon.com\/ca\/serveis\/marqueting-en-linia\/campanyes-de-google-ads\/\"]}]},{\"@type\":\"ImageObject\",\"inLanguage\":\"ca\",\"@id\":\"https:\/\/olalon.com\/ca\/serveis\/marqueting-en-linia\/campanyes-de-google-ads\/#primaryimage\",\"url\":\"https:\/\/olalon.com\/wp-content\/uploads\/2024\/12\/ola-baner-google-ads.webp\",\"contentUrl\":\"https:\/\/olalon.com\/wp-content\/uploads\/2024\/12\/ola-baner-google-ads.webp\"},{\"@type\":\"BreadcrumbList\",\"@id\":\"https:\/\/olalon.com\/ca\/serveis\/marqueting-en-linia\/campanyes-de-google-ads\/#breadcrumb\",\"itemListElement\":[{\"@type\":\"ListItem\",\"position\":1,\"name\":\"Portada\",\"item\":\"https:\/\/olalon.com\/ca\/servicios\/diseno-y-desarrollo-web\/desarrollo-software-a-medida\/\"},{\"@type\":\"ListItem\",\"position\":2,\"name\":\"Serveis\",\"item\":\"https:\/\/olalon.com\/ca\/servicios\/diseno-y-desarrollo-web\/desarrollo-software-a-medida\/\"},{\"@type\":\"ListItem\",\"position\":3,\"name\":\"M\u00e0rqueting en l\u00ednia\",\"item\":\"https:\/\/olalon.com\/ca\/servicios\/diseno-y-desarrollo-web\/desarrollo-software-a-medida\/\"},{\"@type\":\"ListItem\",\"position\":4,\"name\":\"Campanyes de Google Ads\"}]},{\"@type\":\"WebSite\",\"@id\":\"https:\/\/olalon.com\/ca\/#website\",\"url\":\"https:\/\/olalon.com\/ca\/\",\"name\":\"Olalon\",\"description\":\"Agencia de Publicidad, Dise\u00f1o y Marketing Online\",\"publisher\":{\"@id\":\"https:\/\/olalon.com\/ca\/#organization\"},\"potentialAction\":[{\"@type\":\"SearchAction\",\"target\":{\"@type\":\"EntryPoint\",\"urlTemplate\":\"https:\/\/olalon.com\/ca\/?s={search_term_string}\"},\"query-input\":{\"@type\":\"PropertyValueSpecification\",\"valueRequired\":true,\"valueName\":\"search_term_string\"}}],\"inLanguage\":\"ca\"},{\"@type\":\"Organization\",\"@id\":\"https:\/\/olalon.com\/ca\/#organization\",\"name\":\"Olalon\",\"url\":\"https:\/\/olalon.com\/ca\/\",\"logo\":{\"@type\":\"ImageObject\",\"inLanguage\":\"ca\",\"@id\":\"https:\/\/olalon.com\/ca\/#\/schema\/logo\/image\/\",\"url\":\"https:\/\/olalon.com\/wp-content\/uploads\/2025\/02\/Logo_Olalon-01.png\",\"contentUrl\":\"https:\/\/olalon.com\/wp-content\/uploads\/2025\/02\/Logo_Olalon-01.png\",\"width\":2249,\"height\":989,\"caption\":\"Olalon\"},\"image\":{\"@id\":\"https:\/\/olalon.com\/ca\/#\/schema\/logo\/image\/\"},\"sameAs\":[\"https:\/\/www.instagram.com\/olalonstudio\/\",\"https:\/\/www.youtube.com\/c\/olalonstudio\",\"https:\/\/www.tiktok.com\/@olalonstudio\"]}]}<\/script>\n<!-- \/ Yoast SEO plugin. -->","yoast_head_json":{"title":"Gesti\u00f3 de campanyes a Google Ads | Olalon","description":"Les campanyes a Google Ads i altres mitjans de pagament en l\u00ednia. Optimitzem les teves campanyes per maximitzar el ROI.","robots":{"index":"index","follow":"follow","max-snippet":"max-snippet:-1","max-image-preview":"max-image-preview:large","max-video-preview":"max-video-preview:-1"},"canonical":"https:\/\/olalon.com\/ca\/serveis\/marqueting-en-linia\/campanyes-de-google-ads\/","og_locale":"ca_ES","og_type":"article","og_title":"Gesti\u00f3 de campanyes a Google Ads | Olalon","og_description":"Les campanyes a Google Ads i altres mitjans de pagament en l\u00ednia. Optimitzem les teves campanyes per maximitzar el ROI.","og_url":"https:\/\/olalon.com\/ca\/serveis\/marqueting-en-linia\/campanyes-de-google-ads\/","og_site_name":"Olalon","article_modified_time":"2025-07-19T06:08:33+00:00","og_image":[{"url":"https:\/\/olalon.com\/wp-content\/uploads\/2024\/12\/ola-baner-google-ads.webp","type":"","width":"","height":""}],"twitter_card":"summary_large_image","twitter_misc":{"Temps estimat de lectura":"2 minuts"},"schema":{"@context":"https:\/\/schema.org","@graph":[{"@type":"WebPage","@id":"https:\/\/olalon.com\/ca\/serveis\/marqueting-en-linia\/campanyes-de-google-ads\/","url":"https:\/\/olalon.com\/ca\/serveis\/marqueting-en-linia\/campanyes-de-google-ads\/","name":"Gesti\u00f3 de campanyes a Google Ads | Olalon","isPartOf":{"@id":"https:\/\/olalon.com\/ca\/#website"},"primaryImageOfPage":{"@id":"https:\/\/olalon.com\/ca\/serveis\/marqueting-en-linia\/campanyes-de-google-ads\/#primaryimage"},"image":{"@id":"https:\/\/olalon.com\/ca\/serveis\/marqueting-en-linia\/campanyes-de-google-ads\/#primaryimage"},"thumbnailUrl":"https:\/\/olalon.com\/wp-content\/uploads\/2024\/12\/ola-baner-google-ads.webp","datePublished":"2024-12-09T11:02:41+00:00","dateModified":"2025-07-19T06:08:33+00:00","description":"Les campanyes a Google Ads i altres mitjans de pagament en l\u00ednia. Optimitzem les teves campanyes per maximitzar el ROI.","breadcrumb":{"@id":"https:\/\/olalon.com\/ca\/serveis\/marqueting-en-linia\/campanyes-de-google-ads\/#breadcrumb"},"inLanguage":"ca","potentialAction":[{"@type":"ReadAction","target":["https:\/\/olalon.com\/ca\/serveis\/marqueting-en-linia\/campanyes-de-google-ads\/"]}]},{"@type":"ImageObject","inLanguage":"ca","@id":"https:\/\/olalon.com\/ca\/serveis\/marqueting-en-linia\/campanyes-de-google-ads\/#primaryimage","url":"https:\/\/olalon.com\/wp-content\/uploads\/2024\/12\/ola-baner-google-ads.webp","contentUrl":"https:\/\/olalon.com\/wp-content\/uploads\/2024\/12\/ola-baner-google-ads.webp"},{"@type":"BreadcrumbList","@id":"https:\/\/olalon.com\/ca\/serveis\/marqueting-en-linia\/campanyes-de-google-ads\/#breadcrumb","itemListElement":[{"@type":"ListItem","position":1,"name":"Portada","item":"https:\/\/olalon.com\/ca\/servicios\/diseno-y-desarrollo-web\/desarrollo-software-a-medida\/"},{"@type":"ListItem","position":2,"name":"Serveis","item":"https:\/\/olalon.com\/ca\/servicios\/diseno-y-desarrollo-web\/desarrollo-software-a-medida\/"},{"@type":"ListItem","position":3,"name":"M\u00e0rqueting en l\u00ednia","item":"https:\/\/olalon.com\/ca\/servicios\/diseno-y-desarrollo-web\/desarrollo-software-a-medida\/"},{"@type":"ListItem","position":4,"name":"Campanyes de Google Ads"}]},{"@type":"WebSite","@id":"https:\/\/olalon.com\/ca\/#website","url":"https:\/\/olalon.com\/ca\/","name":"Olalon","description":"Agencia de Publicidad, Dise\u00f1o y Marketing Online","publisher":{"@id":"https:\/\/olalon.com\/ca\/#organization"},"potentialAction":[{"@type":"SearchAction","target":{"@type":"EntryPoint","urlTemplate":"https:\/\/olalon.com\/ca\/?s={search_term_string}"},"query-input":{"@type":"PropertyValueSpecification","valueRequired":true,"valueName":"search_term_string"}}],"inLanguage":"ca"},{"@type":"Organization","@id":"https:\/\/olalon.com\/ca\/#organization","name":"Olalon","url":"https:\/\/olalon.com\/ca\/","logo":{"@type":"ImageObject","inLanguage":"ca","@id":"https:\/\/olalon.com\/ca\/#\/schema\/logo\/image\/","url":"https:\/\/olalon.com\/wp-content\/uploads\/2025\/02\/Logo_Olalon-01.png","contentUrl":"https:\/\/olalon.com\/wp-content\/uploads\/2025\/02\/Logo_Olalon-01.png","width":2249,"height":989,"caption":"Olalon"},"image":{"@id":"https:\/\/olalon.com\/ca\/#\/schema\/logo\/image\/"},"sameAs":["https:\/\/www.instagram.com\/olalonstudio\/","https:\/\/www.youtube.com\/c\/olalonstudio","https:\/\/www.tiktok.com\/@olalonstudio"]}]}},"_links":{"self":[{"href":"https:\/\/olalon.com\/ca\/wp-json\/wp\/v2\/pages\/3816","targetHints":{"allow":["GET"]}}],"collection":[{"href":"https:\/\/olalon.com\/ca\/wp-json\/wp\/v2\/pages"}],"about":[{"href":"https:\/\/olalon.com\/ca\/wp-json\/wp\/v2\/types\/page"}],"author":[{"embeddable":true,"href":"https:\/\/olalon.com\/ca\/wp-json\/wp\/v2\/users\/6"}],"replies":[{"embeddable":true,"href":"https:\/\/olalon.com\/ca\/wp-json\/wp\/v2\/comments?post=3816"}],"version-history":[{"count":2,"href":"https:\/\/olalon.com\/ca\/wp-json\/wp\/v2\/pages\/3816\/revisions"}],"predecessor-version":[{"id":3936,"href":"https:\/\/olalon.com\/ca\/wp-json\/wp\/v2\/pages\/3816\/revisions\/3936"}],"up":[{"embeddable":true,"href":"https:\/\/olalon.com\/ca\/wp-json\/wp\/v2\/pages\/3659"}],"wp:attachment":[{"href":"https:\/\/olalon.com\/ca\/wp-json\/wp\/v2\/media?parent=3816"}],"curies":[{"name":"wp","href":"https:\/\/api.w.org\/{rel}","templated":true}]}}