{"id":3818,"date":"2024-12-05T11:25:08","date_gmt":"2024-12-05T10:25:08","guid":{"rendered":"https:\/\/olalon.com\/serveis\/marqueting-en-linia\/consultoria-de-marqueting\/"},"modified":"2025-07-19T08:01:03","modified_gmt":"2025-07-19T06:01:03","slug":"consultoria-de-marqueting","status":"publish","type":"page","link":"https:\/\/olalon.com\/ca\/serveis\/marqueting-en-linia\/consultoria-de-marqueting\/","title":{"rendered":"Consultoria de m\u00e0rqueting"},"content":{"rendered":"\n<div class=\"wp-block-manifesto-gutenberg-container content-row dark-section normal\" data-bgcolor=\"#000000\" style=\"text-align:left\">\n<div class=\"wp-block-manifesto-gutenberg-clipped-image clipped-image-wrapper\"><div class=\"clipped-image-pin\"><div class=\"clipped-image\"><img decoding=\"async\" src=\"https:\/\/olalon.com\/wp-content\/uploads\/2024\/12\/CONSULTOR-DE-MARKETIGN.webp\" alt=\"\"\/><div class=\"clipped-image-gradient\"><\/div><\/div><\/div><div class=\"clipped-image-content content-full-width\">\n<div class=\"wp-block-manifesto-gutenberg-marquee-content marquee-text-wrapper\"><h2 class=\"marquee-text no-margins fw big-title\">\nCONSULTORS <em>DE M\u00c0RQUETING<\/em>\n<\/h2><\/div>\n<\/div><\/div>\n<\/div>\n\n\n\n<div class=\"wp-block-manifesto-gutenberg-container content-row light-section normal row_padding_top row_padding_bottom change-header-color\" data-bgcolor=\"#ffffff\" style=\"text-align:left\">\n<div class=\"wp-block-columns is-layout-flex wp-container-core-columns-is-layout-1 wp-block-columns-is-layout-flex\">\n<div class=\"wp-block-column is-layout-flow wp-block-column-is-layout-flow\" style=\"flex-basis:100%\">\n<h2 class=\"wp-block-heading\">Necessites un consultor de m\u00e0rqueting si&#8230;<\/h2>\n\n\n\n<ul class=\"wp-block-list\">\n<li>Fa temps que invertixes en m\u00e0rqueting per\u00f2 no obtens els resultats desitjats. <\/li>\n\n\n\n<li>La teva pres\u00e8ncia en l\u00ednia no est\u00e0 ordenada o no saps exactament qu\u00e8 t\u2019aporta.<\/li>\n\n\n\n<li>Tens la sensaci\u00f3 que podries aconseguir un millor retorn de la teva inversi\u00f3.<\/li>\n\n\n\n<li>Aconsegueixes molt de tr\u00e0nsit, visualitzacions o reproduccions per\u00f2 no es materialitzen en conversions.<\/li>\n\n\n\n<li>Sents que les teves campanyes s\u00f3n gen\u00e8riques i no impacten.<\/li>\n\n\n\n<li>Necessites idees renovades per reconnectar amb l\u2019audi\u00e8ncia.<\/li>\n\n\n\n<li>Veus que la comunicaci\u00f3 de la teva marca no s\u2019identifica amb els valors que la representen.<\/li>\n\n\n\n<li>Est\u00e0s conven\u00e7ut amb les teves accions en l\u00ednia per\u00f2 no saps com mesurar els resultats.<\/li>\n<\/ul>\n<\/div>\n<\/div>\n<\/div>\n\n\n\n<div class=\"wp-block-manifesto-gutenberg-container content-row dark-section normal row_padding_top row_padding_bottom\" data-bgcolor=\"#000000\" style=\"text-align:left\">\n<h2 class=\"wp-block-heading has-white-color has-text-color has-link-color wp-elements-4b2dc3ddccf1c400d7bfc7cdf23e993c\">Passos que seguim<\/h2>\n\n\n\n<div class=\"wp-block-columns is-layout-flex wp-container-core-columns-is-layout-2 wp-block-columns-is-layout-flex\">\n<div class=\"wp-block-column is-layout-flow wp-block-column-is-layout-flow\" style=\"flex-basis:66.66%\">\n<dl class=\"wp-block-manifesto-gutenberg-accordion accordion small-acc has-animation\">\n<dt><span class=\"link\">Escuchamos<\/span><div class=\"acc-icon-wrap parallax-wrap\"><div class=\"acc-button-icon parallax-element\"><i class=\"fa fa-arrow-right\"><\/i><\/div><\/div><\/dt><dd class=\"accordion-content\">Explica\u2019ns el teu cas amb detall. Qu\u00e8 has estat fent fins ara. Quant has invertit. Quins resultats obtens i quins resultats t\u2019agradaria obtenir. Qu\u00e8 \u00e9s el que t\u2019ha funcionat i el que no. Qu\u00e8 creus que es podria fer millor. <\/dd>\n\n\n\n<dt><span class=\"link\">Diagnostiquem<\/span><div class=\"acc-icon-wrap parallax-wrap\"><div class=\"acc-button-icon parallax-element\"><i class=\"fa fa-arrow-right\"><\/i><\/div><\/div><\/dt><dd class=\"accordion-content\">Analitzem el mercat, el p\u00fablic, l\u2019entorn i la teva compet\u00e8ncia i ho comparem amb detall amb la comunicaci\u00f3 de la teva marca per detectar els punts reals de millora.<\/dd>\n\n\n\n<dt><span class=\"link\">Proposem<\/span><div class=\"acc-icon-wrap parallax-wrap\"><div class=\"acc-button-icon parallax-element\"><i class=\"fa fa-arrow-right\"><\/i><\/div><\/div><\/dt><dd class=\"accordion-content\">Proposem idees noves que aporten resultats diferents. Busquem la manera de refrescar, innovar i posar la teva marca i el teu projecte de nou en el panorama.<\/dd>\n\n\n\n<dt><span class=\"link\">Coordinem<\/span><div class=\"acc-icon-wrap parallax-wrap\"><div class=\"acc-button-icon parallax-element\"><i class=\"fa fa-arrow-right\"><\/i><\/div><\/div><\/dt><dd class=\"accordion-content\">Coordinem i supervisem totes les accions que proposem per dur-les a terme amb la soluci\u00f3 que m\u00e9s s\u2019adapti al teu cas.<\/dd>\n\n\n\n<dt><span class=\"link\">Acompanyem<\/span><div class=\"acc-icon-wrap parallax-wrap\"><div class=\"acc-button-icon parallax-element\"><i class=\"fa fa-arrow-right\"><\/i><\/div><\/div><\/dt><dd class=\"accordion-content\">T\u2019acompanyem en el cam\u00ed cap al creixement, analitzant els resultats obtinguts i reorientant les accions fins a treure el m\u00e0xim potencial de la teva inversi\u00f3.<\/dd>\n<\/dl>\n<\/div>\n\n\n\n<div class=\"wp-block-column is-layout-flow wp-block-column-is-layout-flow\" style=\"flex-basis:33.33%\">\n<figure class=\"wp-block-image size-large\"><img loading=\"lazy\" decoding=\"async\" width=\"713\" height=\"1024\" src=\"https:\/\/olalon.com\/wp-content\/uploads\/2024\/12\/OLA-Rescursos-verticals-713x1024.jpg\" alt=\"\" class=\"wp-image-2086\" srcset=\"https:\/\/olalon.com\/wp-content\/uploads\/2024\/12\/OLA-Rescursos-verticals-713x1024.jpg 713w, https:\/\/olalon.com\/wp-content\/uploads\/2024\/12\/OLA-Rescursos-verticals-209x300.jpg 209w, https:\/\/olalon.com\/wp-content\/uploads\/2024\/12\/OLA-Rescursos-verticals-768x1102.jpg 768w, https:\/\/olalon.com\/wp-content\/uploads\/2024\/12\/OLA-Rescursos-verticals-1070x1536.jpg 1070w, https:\/\/olalon.com\/wp-content\/uploads\/2024\/12\/OLA-Rescursos-verticals.jpg 1080w\" sizes=\"auto, (max-width: 713px) 100vw, 713px\" \/><\/figure>\n<\/div>\n<\/div>\n<\/div>\n\n\n\n<div class=\"wp-block-manifesto-gutenberg-container content-row light-section normal\" data-bgcolor=\"#ffffff\" style=\"text-align:left\">\n<div class=\"wp-block-manifesto-gutenberg-list-rotator list-rotator-wrapper\"><div class=\"list-rotator-title has-mask-fill\">T\u2019AJUDEM EN&#8230;<\/div><div class=\"list-rotator-height\"><div class=\"list-rotator-pin\"><ul class=\"list-rotator\">\n<li class=\"wp-block-manifesto-gutenberg-list-rotator-item\">\n<a href=\"https:\/\/olalon.com\/ca\/serveis\/marqueting-en-linia\/estrategia-de-seo\/\">SEO<\/a>\n<\/li>\n\n\n\n<li class=\"wp-block-manifesto-gutenberg-list-rotator-item\">\n<a href=\"https:\/\/olalon.com\/ca\/serveis\/marqueting-en-linia\/estrategia-de-xarxes-socials\/\">Social media<\/a>\n<\/li>\n\n\n\n<li class=\"wp-block-manifesto-gutenberg-list-rotator-item\">\n<a href=\"https:\/\/olalon.com\/ca\/serveis\/marqueting-en-linia\/marketing-de-continguts\/\">M\u00e0rqueting de continguts<\/a>\n<\/li>\n\n\n\n<li class=\"wp-block-manifesto-gutenberg-list-rotator-item\">\n<a href=\"https:\/\/olalon.com\/ca\/serveis\/marqueting-en-linia\/campanya-demail-marketing\/\">Email <em>m\u00e0rqueting<\/em><\/a>\n<\/li>\n\n\n\n<li class=\"wp-block-manifesto-gutenberg-list-rotator-item\">\n<a href=\"https:\/\/olalon.com\/ca\/serveis\/marqueting-en-linia\/consultoria-de-marqueting\/\">Consultoria <em>de m\u00e0rqueting<\/em><\/a>\n<\/li>\n\n\n\n<li class=\"wp-block-manifesto-gutenberg-list-rotator-item\">\n<a href=\"https:\/\/olalon.com\/ca\/serveis\/marqueting-en-linia\/copywriting\/\">Copywriting<\/a>\n<\/li>\n\n\n\n<li class=\"wp-block-manifesto-gutenberg-list-rotator-item\">\n<a href=\"https:\/\/olalon.com\/ca\/serveis\/outsourcing-de-marketing\">Outsourcing <em>de m\u00e0rqueting<\/em><\/a>\n<\/li>\n\n\n\n<li class=\"wp-block-manifesto-gutenberg-list-rotator-item\">\n<a href=\"https:\/\/olalon.com\/ca\/serveis\/marqueting-en-linia\/estrategia-de-marqueting-digital\/\">Estrat\u00e8gia <em>de m\u00e0rqueting digital<\/em><\/a>\n<\/li>\n\n\n\n<li class=\"wp-block-manifesto-gutenberg-list-rotator-item\">\n<a href=\"https:\/\/olalon.com\/ca\/serveis\/marqueting-en-linia\/campanya-demail-marketing\">Campanyes <em>de publicitat<\/em><\/a>\n<\/li>\n\n\n\n<li class=\"wp-block-manifesto-gutenberg-list-rotator-item\">\n<a href=\"https:\/\/olalon.com\/ca\/serveis\/marqueting-en-linia\/campanyes-de-google-ads\/\">Paid media <em>(Google Ads, Social Ads, etc.)<\/em><\/a>\n<\/li>\n<\/ul><\/div><\/div><\/div>\n<\/div>\n","protected":false},"excerpt":{"rendered":"","protected":false},"author":3,"featured_media":0,"parent":3659,"menu_order":0,"comment_status":"closed","ping_status":"closed","template":"","meta":{"_acf_changed":false,"_joinchat":[],"footnotes":""},"class_list":["post-3818","page","type-page","status-publish","hentry"],"acf":[],"yoast_head":"<!-- This site is optimized with the Yoast SEO plugin v25.4 - https:\/\/yoast.com\/wordpress\/plugins\/seo\/ -->\n<title>Consultors de m\u00e0rqueting | Olalon<\/title>\n<meta name=\"description\" content=\"Consultoria de m\u00e0rqueting integral. Assessorament estrat\u00e8gic integral en m\u00e0rqueting i comunicaci\u00f3 per a empreses.\" \/>\n<meta name=\"robots\" content=\"index, follow, max-snippet:-1, max-image-preview:large, max-video-preview:-1\" \/>\n<link rel=\"canonical\" href=\"https:\/\/olalon.com\/ca\/serveis\/marqueting-en-linia\/consultoria-de-marqueting\/\" \/>\n<meta property=\"og:locale\" content=\"ca_ES\" \/>\n<meta property=\"og:type\" content=\"article\" \/>\n<meta property=\"og:title\" content=\"Consultors de m\u00e0rqueting | Olalon\" \/>\n<meta property=\"og:description\" content=\"Consultoria de m\u00e0rqueting integral. Assessorament estrat\u00e8gic integral en m\u00e0rqueting i comunicaci\u00f3 per a empreses.\" \/>\n<meta property=\"og:url\" content=\"https:\/\/olalon.com\/ca\/serveis\/marqueting-en-linia\/consultoria-de-marqueting\/\" \/>\n<meta property=\"og:site_name\" content=\"Olalon\" \/>\n<meta property=\"article:modified_time\" content=\"2025-07-19T06:01:03+00:00\" \/>\n<meta property=\"og:image\" content=\"https:\/\/olalon.com\/wp-content\/uploads\/2024\/12\/CONSULTOR-DE-MARKETIGN.webp\" \/>\n<meta name=\"twitter:card\" content=\"summary_large_image\" \/>\n<meta name=\"twitter:label1\" content=\"Temps estimat de lectura\" \/>\n\t<meta name=\"twitter:data1\" content=\"2 minuts\" \/>\n<script type=\"application\/ld+json\" class=\"yoast-schema-graph\">{\"@context\":\"https:\/\/schema.org\",\"@graph\":[{\"@type\":\"WebPage\",\"@id\":\"https:\/\/olalon.com\/ca\/serveis\/marqueting-en-linia\/consultoria-de-marqueting\/\",\"url\":\"https:\/\/olalon.com\/ca\/serveis\/marqueting-en-linia\/consultoria-de-marqueting\/\",\"name\":\"Consultors de m\u00e0rqueting | Olalon\",\"isPartOf\":{\"@id\":\"https:\/\/olalon.com\/ca\/#website\"},\"primaryImageOfPage\":{\"@id\":\"https:\/\/olalon.com\/ca\/serveis\/marqueting-en-linia\/consultoria-de-marqueting\/#primaryimage\"},\"image\":{\"@id\":\"https:\/\/olalon.com\/ca\/serveis\/marqueting-en-linia\/consultoria-de-marqueting\/#primaryimage\"},\"thumbnailUrl\":\"https:\/\/olalon.com\/wp-content\/uploads\/2024\/12\/CONSULTOR-DE-MARKETIGN.webp\",\"datePublished\":\"2024-12-05T10:25:08+00:00\",\"dateModified\":\"2025-07-19T06:01:03+00:00\",\"description\":\"Consultoria de m\u00e0rqueting integral. Assessorament estrat\u00e8gic integral en m\u00e0rqueting i comunicaci\u00f3 per a empreses.\",\"breadcrumb\":{\"@id\":\"https:\/\/olalon.com\/ca\/serveis\/marqueting-en-linia\/consultoria-de-marqueting\/#breadcrumb\"},\"inLanguage\":\"ca\",\"potentialAction\":[{\"@type\":\"ReadAction\",\"target\":[\"https:\/\/olalon.com\/ca\/serveis\/marqueting-en-linia\/consultoria-de-marqueting\/\"]}]},{\"@type\":\"ImageObject\",\"inLanguage\":\"ca\",\"@id\":\"https:\/\/olalon.com\/ca\/serveis\/marqueting-en-linia\/consultoria-de-marqueting\/#primaryimage\",\"url\":\"https:\/\/olalon.com\/wp-content\/uploads\/2024\/12\/CONSULTOR-DE-MARKETIGN.webp\",\"contentUrl\":\"https:\/\/olalon.com\/wp-content\/uploads\/2024\/12\/CONSULTOR-DE-MARKETIGN.webp\"},{\"@type\":\"BreadcrumbList\",\"@id\":\"https:\/\/olalon.com\/ca\/serveis\/marqueting-en-linia\/consultoria-de-marqueting\/#breadcrumb\",\"itemListElement\":[{\"@type\":\"ListItem\",\"position\":1,\"name\":\"Portada\",\"item\":\"https:\/\/olalon.com\/ca\/servicios\/diseno-y-desarrollo-web\/desarrollo-software-a-medida\/\"},{\"@type\":\"ListItem\",\"position\":2,\"name\":\"Serveis\",\"item\":\"https:\/\/olalon.com\/ca\/servicios\/diseno-y-desarrollo-web\/desarrollo-software-a-medida\/\"},{\"@type\":\"ListItem\",\"position\":3,\"name\":\"M\u00e0rqueting en l\u00ednia\",\"item\":\"https:\/\/olalon.com\/ca\/servicios\/diseno-y-desarrollo-web\/desarrollo-software-a-medida\/\"},{\"@type\":\"ListItem\",\"position\":4,\"name\":\"Consultoria de m\u00e0rqueting\"}]},{\"@type\":\"WebSite\",\"@id\":\"https:\/\/olalon.com\/ca\/#website\",\"url\":\"https:\/\/olalon.com\/ca\/\",\"name\":\"Olalon\",\"description\":\"Agencia de Publicidad, Dise\u00f1o y Marketing Online\",\"publisher\":{\"@id\":\"https:\/\/olalon.com\/ca\/#organization\"},\"potentialAction\":[{\"@type\":\"SearchAction\",\"target\":{\"@type\":\"EntryPoint\",\"urlTemplate\":\"https:\/\/olalon.com\/ca\/?s={search_term_string}\"},\"query-input\":{\"@type\":\"PropertyValueSpecification\",\"valueRequired\":true,\"valueName\":\"search_term_string\"}}],\"inLanguage\":\"ca\"},{\"@type\":\"Organization\",\"@id\":\"https:\/\/olalon.com\/ca\/#organization\",\"name\":\"Olalon\",\"url\":\"https:\/\/olalon.com\/ca\/\",\"logo\":{\"@type\":\"ImageObject\",\"inLanguage\":\"ca\",\"@id\":\"https:\/\/olalon.com\/ca\/#\/schema\/logo\/image\/\",\"url\":\"https:\/\/olalon.com\/wp-content\/uploads\/2025\/02\/Logo_Olalon-01.png\",\"contentUrl\":\"https:\/\/olalon.com\/wp-content\/uploads\/2025\/02\/Logo_Olalon-01.png\",\"width\":2249,\"height\":989,\"caption\":\"Olalon\"},\"image\":{\"@id\":\"https:\/\/olalon.com\/ca\/#\/schema\/logo\/image\/\"},\"sameAs\":[\"https:\/\/www.instagram.com\/olalonstudio\/\",\"https:\/\/www.youtube.com\/c\/olalonstudio\",\"https:\/\/www.tiktok.com\/@olalonstudio\"]}]}<\/script>\n<!-- \/ Yoast SEO plugin. -->","yoast_head_json":{"title":"Consultors de m\u00e0rqueting | Olalon","description":"Consultoria de m\u00e0rqueting integral. Assessorament estrat\u00e8gic integral en m\u00e0rqueting i comunicaci\u00f3 per a empreses.","robots":{"index":"index","follow":"follow","max-snippet":"max-snippet:-1","max-image-preview":"max-image-preview:large","max-video-preview":"max-video-preview:-1"},"canonical":"https:\/\/olalon.com\/ca\/serveis\/marqueting-en-linia\/consultoria-de-marqueting\/","og_locale":"ca_ES","og_type":"article","og_title":"Consultors de m\u00e0rqueting | Olalon","og_description":"Consultoria de m\u00e0rqueting integral. Assessorament estrat\u00e8gic integral en m\u00e0rqueting i comunicaci\u00f3 per a empreses.","og_url":"https:\/\/olalon.com\/ca\/serveis\/marqueting-en-linia\/consultoria-de-marqueting\/","og_site_name":"Olalon","article_modified_time":"2025-07-19T06:01:03+00:00","og_image":[{"url":"https:\/\/olalon.com\/wp-content\/uploads\/2024\/12\/CONSULTOR-DE-MARKETIGN.webp","type":"","width":"","height":""}],"twitter_card":"summary_large_image","twitter_misc":{"Temps estimat de lectura":"2 minuts"},"schema":{"@context":"https:\/\/schema.org","@graph":[{"@type":"WebPage","@id":"https:\/\/olalon.com\/ca\/serveis\/marqueting-en-linia\/consultoria-de-marqueting\/","url":"https:\/\/olalon.com\/ca\/serveis\/marqueting-en-linia\/consultoria-de-marqueting\/","name":"Consultors de m\u00e0rqueting | Olalon","isPartOf":{"@id":"https:\/\/olalon.com\/ca\/#website"},"primaryImageOfPage":{"@id":"https:\/\/olalon.com\/ca\/serveis\/marqueting-en-linia\/consultoria-de-marqueting\/#primaryimage"},"image":{"@id":"https:\/\/olalon.com\/ca\/serveis\/marqueting-en-linia\/consultoria-de-marqueting\/#primaryimage"},"thumbnailUrl":"https:\/\/olalon.com\/wp-content\/uploads\/2024\/12\/CONSULTOR-DE-MARKETIGN.webp","datePublished":"2024-12-05T10:25:08+00:00","dateModified":"2025-07-19T06:01:03+00:00","description":"Consultoria de m\u00e0rqueting integral. Assessorament estrat\u00e8gic integral en m\u00e0rqueting i comunicaci\u00f3 per a empreses.","breadcrumb":{"@id":"https:\/\/olalon.com\/ca\/serveis\/marqueting-en-linia\/consultoria-de-marqueting\/#breadcrumb"},"inLanguage":"ca","potentialAction":[{"@type":"ReadAction","target":["https:\/\/olalon.com\/ca\/serveis\/marqueting-en-linia\/consultoria-de-marqueting\/"]}]},{"@type":"ImageObject","inLanguage":"ca","@id":"https:\/\/olalon.com\/ca\/serveis\/marqueting-en-linia\/consultoria-de-marqueting\/#primaryimage","url":"https:\/\/olalon.com\/wp-content\/uploads\/2024\/12\/CONSULTOR-DE-MARKETIGN.webp","contentUrl":"https:\/\/olalon.com\/wp-content\/uploads\/2024\/12\/CONSULTOR-DE-MARKETIGN.webp"},{"@type":"BreadcrumbList","@id":"https:\/\/olalon.com\/ca\/serveis\/marqueting-en-linia\/consultoria-de-marqueting\/#breadcrumb","itemListElement":[{"@type":"ListItem","position":1,"name":"Portada","item":"https:\/\/olalon.com\/ca\/servicios\/diseno-y-desarrollo-web\/desarrollo-software-a-medida\/"},{"@type":"ListItem","position":2,"name":"Serveis","item":"https:\/\/olalon.com\/ca\/servicios\/diseno-y-desarrollo-web\/desarrollo-software-a-medida\/"},{"@type":"ListItem","position":3,"name":"M\u00e0rqueting en l\u00ednia","item":"https:\/\/olalon.com\/ca\/servicios\/diseno-y-desarrollo-web\/desarrollo-software-a-medida\/"},{"@type":"ListItem","position":4,"name":"Consultoria de m\u00e0rqueting"}]},{"@type":"WebSite","@id":"https:\/\/olalon.com\/ca\/#website","url":"https:\/\/olalon.com\/ca\/","name":"Olalon","description":"Agencia de Publicidad, Dise\u00f1o y Marketing Online","publisher":{"@id":"https:\/\/olalon.com\/ca\/#organization"},"potentialAction":[{"@type":"SearchAction","target":{"@type":"EntryPoint","urlTemplate":"https:\/\/olalon.com\/ca\/?s={search_term_string}"},"query-input":{"@type":"PropertyValueSpecification","valueRequired":true,"valueName":"search_term_string"}}],"inLanguage":"ca"},{"@type":"Organization","@id":"https:\/\/olalon.com\/ca\/#organization","name":"Olalon","url":"https:\/\/olalon.com\/ca\/","logo":{"@type":"ImageObject","inLanguage":"ca","@id":"https:\/\/olalon.com\/ca\/#\/schema\/logo\/image\/","url":"https:\/\/olalon.com\/wp-content\/uploads\/2025\/02\/Logo_Olalon-01.png","contentUrl":"https:\/\/olalon.com\/wp-content\/uploads\/2025\/02\/Logo_Olalon-01.png","width":2249,"height":989,"caption":"Olalon"},"image":{"@id":"https:\/\/olalon.com\/ca\/#\/schema\/logo\/image\/"},"sameAs":["https:\/\/www.instagram.com\/olalonstudio\/","https:\/\/www.youtube.com\/c\/olalonstudio","https:\/\/www.tiktok.com\/@olalonstudio"]}]}},"_links":{"self":[{"href":"https:\/\/olalon.com\/ca\/wp-json\/wp\/v2\/pages\/3818","targetHints":{"allow":["GET"]}}],"collection":[{"href":"https:\/\/olalon.com\/ca\/wp-json\/wp\/v2\/pages"}],"about":[{"href":"https:\/\/olalon.com\/ca\/wp-json\/wp\/v2\/types\/page"}],"author":[{"embeddable":true,"href":"https:\/\/olalon.com\/ca\/wp-json\/wp\/v2\/users\/3"}],"replies":[{"embeddable":true,"href":"https:\/\/olalon.com\/ca\/wp-json\/wp\/v2\/comments?post=3818"}],"version-history":[{"count":2,"href":"https:\/\/olalon.com\/ca\/wp-json\/wp\/v2\/pages\/3818\/revisions"}],"predecessor-version":[{"id":4015,"href":"https:\/\/olalon.com\/ca\/wp-json\/wp\/v2\/pages\/3818\/revisions\/4015"}],"up":[{"embeddable":true,"href":"https:\/\/olalon.com\/ca\/wp-json\/wp\/v2\/pages\/3659"}],"wp:attachment":[{"href":"https:\/\/olalon.com\/ca\/wp-json\/wp\/v2\/media?parent=3818"}],"curies":[{"name":"wp","href":"https:\/\/api.w.org\/{rel}","templated":true}]}}