{"id":3821,"date":"2024-12-09T12:20:30","date_gmt":"2024-12-09T11:20:30","guid":{"rendered":"https:\/\/olalon.com\/serveis\/marqueting-en-linia\/copywriting\/"},"modified":"2025-07-19T08:03:04","modified_gmt":"2025-07-19T06:03:04","slug":"copywriting","status":"publish","type":"page","link":"https:\/\/olalon.com\/ca\/serveis\/marqueting-online-tarragona\/copywriting\/","title":{"rendered":"Copywriting"},"content":{"rendered":"\n<div class=\"wp-block-manifesto-gutenberg-container content-row dark-section normal\" data-bgcolor=\"#000000\" style=\"text-align:left\">\n<div class=\"wp-block-manifesto-gutenberg-clipped-image clipped-image-wrapper\"><div class=\"clipped-image-pin\"><div class=\"clipped-image\"><img decoding=\"async\" src=\"https:\/\/olalon.com\/wp-content\/uploads\/2024\/12\/OLA-WEB-copywriting.webp\" alt=\"copywiritng banner olalon\"\/><div class=\"clipped-image-gradient\"><\/div><\/div><\/div><div class=\"clipped-image-content content-full-width\">\n<div class=\"wp-block-manifesto-gutenberg-marquee-content marquee-text-wrapper\"><h1 class=\"marquee-text no-margins fw big-title\">\nCOPYWRITING\n<\/h1><\/div>\n<\/div><\/div>\n<\/div>\n\n\n\n<div class=\"wp-block-manifesto-gutenberg-container content-row light-section normal row_padding_top row_padding_bottom\" data-bgcolor=\"#ffffff\" style=\"text-align:left\">\n<div class=\"wp-block-columns pinned-section is-layout-flex wp-container-core-columns-is-layout-1 wp-block-columns-is-layout-flex\">\n<div class=\"wp-block-column scrolling-element left is-layout-flow wp-block-column-is-layout-flow\">\n<figure class=\"wp-block-image size-full\"><img loading=\"lazy\" decoding=\"async\" width=\"945\" height=\"945\" src=\"https:\/\/olalon.com\/wp-content\/uploads\/2024\/11\/4.jpg\" alt=\"\" class=\"wp-image-1610\" srcset=\"https:\/\/olalon.com\/wp-content\/uploads\/2024\/11\/4.jpg 945w, https:\/\/olalon.com\/wp-content\/uploads\/2024\/11\/4-300x300.jpg 300w, https:\/\/olalon.com\/wp-content\/uploads\/2024\/11\/4-150x150.jpg 150w, https:\/\/olalon.com\/wp-content\/uploads\/2024\/11\/4-768x768.jpg 768w\" sizes=\"auto, (max-width: 945px) 100vw, 945px\" \/><\/figure>\n<\/div>\n\n\n\n<div class=\"wp-block-column pinned-element right is-layout-flow wp-block-column-is-layout-flow\">\n<h3 class=\"wp-block-heading\">El poder de les paraules<\/h3>\n\n\n\n<p class=\"has-black-color has-text-color has-link-color wp-elements-b9b9e9a6bdf17436415db0670e3f6f85\">Malgrat que existeix la creen\u00e7a generalitzada que les persones llegim de la mateixa manera, la realitat \u00e9s que no \u00e9s aix\u00ed. Llegim de forma molt diferent, per\u00f2 llegim molt m\u00e9s. Llegim missatges m\u00e9s curts i busquem r\u00e0pidament la informaci\u00f3 que ens interessa. Per aix\u00f2, el copywriting, la t\u00e8cnica de redacci\u00f3 de textos amb intenci\u00f3 publicit\u00e0ria, \u00e9s m\u00e9s essencial que mai. Donar a l\u2019usuari aquesta informaci\u00f3, adaptant-nos tamb\u00e9 al format, al to i a l\u2019extensi\u00f3 del canal on estem comunicant.    <\/p>\n\n\n\n<p><\/p>\n<\/div>\n<\/div>\n<\/div>\n\n\n\n<div class=\"wp-block-manifesto-gutenberg-container content-row dark-section full change-header-color\" data-bgcolor=\"#171717\" style=\"text-align:left\">\n<figure class=\"wp-block-manifesto-gutenberg-parallax-image has-parallax has-parallax-content\" data-delay=\"0\"><img decoding=\"async\" src=\"https:\/\/olalon.com\/wp-content\/uploads\/2024\/12\/OLA-copywriting-olalon-iman.webp\" alt=\"OLALON - copywriting olalon iman\"\/><div class=\"parallax-image-content content-full-width text-align-left\"><div class=\"outer\"><div class=\"inner\">\n<div class=\"wp-block-columns is-layout-flex wp-container-core-columns-is-layout-2 wp-block-columns-is-layout-flex\">\n<div class=\"wp-block-column is-layout-flow wp-block-column-is-layout-flow\"><\/div>\n\n\n\n<div class=\"wp-block-column is-layout-flow wp-block-column-is-layout-flow\">\n<h2 class=\"wp-block-heading has-mask-fill has-black-color has-text-color has-link-color wp-elements-822773c99e2a008463149413fbd3b7ec\">Segons estudis de Nielsen Norman Group, el 79 % dels usuaris llegeixen el contingut en diagonal i no paraula per paraula.<\/h2>\n<\/div>\n<\/div>\n<\/div><\/div><\/div><\/figure>\n<\/div>\n\n\n\n<div class=\"wp-block-columns is-layout-flex wp-container-core-columns-is-layout-4 wp-block-columns-is-layout-flex\">\n<div class=\"wp-block-column is-layout-flow wp-block-column-is-layout-flow\" style=\"flex-basis:100%\">\n<div class=\"wp-block-manifesto-gutenberg-container content-row light-section normal row_padding_top row_padding_bottom change-header-color\" data-bgcolor=\"#eeeeee\" style=\"text-align:left\">\n<div class=\"wp-block-columns pinned-section is-layout-flex wp-container-core-columns-is-layout-3 wp-block-columns-is-layout-flex\">\n<div class=\"wp-block-column pinned-element right is-layout-flow wp-block-column-is-layout-flow\">\n<h3 class=\"wp-block-heading has-black-color has-text-color has-link-color wp-elements-82334dbc318c9da0ded60cafd84835f2\">Tipus de Copywriting<\/h3>\n\n\n\n<p class=\"has-black-color has-text-color has-link-color wp-elements-b112f75eeddd6105b9cf555fdd066905\">La intenci\u00f3 o l\u2019objectiu del contingut que hem d\u2019optimitzar marcar\u00e0 molt l\u2019enfocament del copywriter. Cada text tindr\u00e0 una intencionalitat diferent, per\u00f2 en ess\u00e8ncia podem dir que hi ha <\/p>\n\n\n\n<ul style=\"color:#ededed\" class=\"wp-block-list has-text-color has-link-color wp-elements-472bac3fc0f29266e7442a6c5a49da11\">\n<li class=\"has-black-color has-text-color has-link-color wp-elements-262844041eea431aef5d7dd9e111b2a6\"><strong>Copywriting Persuasiu<\/strong>. Dissenyat per influir directament en les decisions del client, ja sigui per realitzar una compra, subscriure\u2019s a un servei o descarregar contingut. El seu enfocament est\u00e0 en els beneficis i en apel\u00b7lar a les emocions del p\u00fablic.  <\/li>\n\n\n\n<li class=\"has-black-color has-text-color has-link-color wp-elements-85bef6c345c190191170775360d828f7\"><strong>Copywriting SEO<\/strong>. Optimitza textos perqu\u00e8 els motors de cerca com Google els posicionin millor. Inclou paraules clau estrat\u00e8giques sense sacrificar la qualitat ni la flu\u00efdesa del missatge, atraient tant els algoritmes com les persones.  <\/li>\n\n\n\n<li class=\"has-black-color has-text-color has-link-color wp-elements-1ed65f0244531c5b909cf5ecc1ee1eb4\"><strong>Copywriting de Branding<\/strong>. Se centra a refor\u00e7ar la identitat d\u2019una marca, transmetent la seva veu, valors i personalitat. \u00c9s clau per construir una connexi\u00f3 emocional i diferenciar-se de la compet\u00e8ncia.  <\/li>\n\n\n\n<li class=\"has-black-color has-text-color has-link-color wp-elements-b5f9f7d2904909fcbe9c581077396cab\"><strong>Copywriting Publicitari<\/strong>. Textos breus i potents dissenyats per a anuncis, ja siguin digitals, impresos o audiovisuals. El seu objectiu \u00e9s captar l\u2019atenci\u00f3 r\u00e0pidament i motivar a l\u2019acci\u00f3.  <\/li>\n\n\n\n<li class=\"has-black-color has-text-color has-link-color wp-elements-8a2482e21f709d7a8206b431925bdf8b\"><strong>Copywriting T\u00e8cnic<\/strong>. Text per a productes o serveis complexos. Explica caracter\u00edstiques espec\u00edfiques en termes clars.  <\/li>\n\n\n\n<li class=\"has-black-color has-text-color has-link-color wp-elements-ab6600b63f07326ad196068694e16d57\"><strong>Copywriting per a Xarxes Socials<\/strong>. Adaptat a plataformes com Instagram, Twitter o LinkedIn, busca generar interaccions r\u00e0pides amb missatges breus, creatius i cridaners. <\/li>\n\n\n\n<li class=\"has-black-color has-text-color has-link-color wp-elements-cefd68b31a7dd17fddd4fe3981a299a5\"><strong>Email Copywriting<\/strong>. Creaci\u00f3 de textos per a campanyes d\u2019email marketing. El seu objectiu \u00e9s captar l\u2019atenci\u00f3 des de l\u2019assumpte, mantenir-la al cos del correu i acabar amb una crida a l\u2019acci\u00f3 (CTA) efectiva.  <\/li>\n\n\n\n<li class=\"has-black-color has-text-color has-link-color wp-elements-a8ad370afcda0985c4fc5a625eb4ced6\"><strong>Copywriting Directe.<\/strong> S\u2019utilitza en vendes directes, com cartes comercials o landing pages. \u00c9s directe, clar i altament enfocat a tancar una transacci\u00f3.  <\/li>\n\n\n\n<li class=\"has-black-color has-text-color has-link-color wp-elements-b16d2bf5604da2ed43e8a0c360b1e672\"><strong>Copywriting Educatiu o Informatiu.<\/strong> Orientat a transmetre coneixements, resoldre dubtes o informar el client, preparant el terreny per a una futura acci\u00f3 de compra. <\/li>\n\n\n\n<li class=\"has-black-color has-text-color has-link-color wp-elements-3dbdbad27158058ec60ca01222ee33b0\"><strong>Copywriting Narratiu (Storytelling).<\/strong> Combina creativitat i persuasi\u00f3 explicant hist\u00f2ries que connecten emocionalment amb el p\u00fablic, fent-les memorables. <\/li>\n<\/ul>\n<\/div>\n<\/div>\n<\/div>\n<\/div>\n<\/div>\n\n\n\n<div class=\"wp-block-manifesto-gutenberg-container content-row light-section normal\" data-bgcolor=\"#ffffff\" style=\"text-align:left\">\n<div class=\"wp-block-manifesto-gutenberg-list-rotator list-rotator-wrapper\"><div class=\"list-rotator-title has-mask-fill\">T\u2019AJUDEM EN&#8230;<\/div><div class=\"list-rotator-height\"><div class=\"list-rotator-pin\"><ul class=\"list-rotator\">\n<li class=\"wp-block-manifesto-gutenberg-list-rotator-item\">\n<a href=\"https:\/\/olalon.com\/ca\/serveis\/marqueting-en-linia\/estrategia-de-seo\/\">SEO<\/a>\n<\/li>\n\n\n\n<li class=\"wp-block-manifesto-gutenberg-list-rotator-item\">\n<a href=\"https:\/\/olalon.com\/ca\/serveis\/marqueting-en-linia\/estrategia-de-xarxes-socials\/\">Social media<\/a>\n<\/li>\n\n\n\n<li class=\"wp-block-manifesto-gutenberg-list-rotator-item\">\n<a href=\"https:\/\/olalon.com\/ca\/serveis\/marqueting-en-linia\/marketing-de-continguts\/\">M\u00e0rqueting de continguts<\/a>\n<\/li>\n\n\n\n<li class=\"wp-block-manifesto-gutenberg-list-rotator-item\">\n<a href=\"https:\/\/olalon.com\/ca\/serveis\/marqueting-en-linia\/campanya-demail-marketing\/\">Email <em>m\u00e0rqueting<\/em><\/a>\n<\/li>\n\n\n\n<li class=\"wp-block-manifesto-gutenberg-list-rotator-item\">\n<a href=\"https:\/\/olalon.com\/ca\/serveis\/marqueting-en-linia\/consultoria-de-marqueting\/\">Consultoria <em>de m\u00e0rqueting<\/em><\/a>\n<\/li>\n\n\n\n<li class=\"wp-block-manifesto-gutenberg-list-rotator-item\">\n<a href=\"https:\/\/olalon.com\/ca\/serveis\/marqueting-en-linia\/copywriting\/\">Copywriting<\/a>\n<\/li>\n\n\n\n<li class=\"wp-block-manifesto-gutenberg-list-rotator-item\">\n<a href=\"https:\/\/olalon.com\/ca\/serveis\/outsourcing-de-marketing\">Outsourcing <em>de m\u00e0rqueting<\/em><\/a>\n<\/li>\n\n\n\n<li class=\"wp-block-manifesto-gutenberg-list-rotator-item\">\n<a href=\"https:\/\/olalon.com\/ca\/serveis\/marqueting-en-linia\/estrategia-de-marqueting-digital\/\">Estrat\u00e8gia <em>de m\u00e0rqueting digital<\/em><\/a>\n<\/li>\n\n\n\n<li class=\"wp-block-manifesto-gutenberg-list-rotator-item\">\n<a href=\"https:\/\/olalon.com\/ca\/serveis\/marqueting-en-linia\/campanya-demail-marketing\">Campanyes <em>de publicitat<\/em><\/a>\n<\/li>\n\n\n\n<li class=\"wp-block-manifesto-gutenberg-list-rotator-item\">\n<a href=\"https:\/\/olalon.com\/ca\/serveis\/marqueting-en-linia\/campanyes-de-google-ads\/\">Paid media <em>(Google Ads, Social Ads, etc.)<\/em><\/a>\n<\/li>\n<\/ul><\/div><\/div><\/div>\n<\/div>\n","protected":false},"excerpt":{"rendered":"","protected":false},"author":3,"featured_media":0,"parent":3659,"menu_order":0,"comment_status":"closed","ping_status":"closed","template":"","meta":{"_acf_changed":false,"_joinchat":[],"footnotes":""},"class_list":["post-3821","page","type-page","status-publish","hentry"],"acf":[],"yoast_head":"<!-- This site is optimized with the Yoast SEO plugin v25.4 - https:\/\/yoast.com\/wordpress\/plugins\/seo\/ -->\n<title>Servei de copywriting | Olalon<\/title>\n<meta name=\"description\" content=\"Copywriting o l\u2019art de persuadir a trav\u00e9s del text. Descobreix com millorar el posicionament de la teva marca gr\u00e0cies al poder del copy.\" \/>\n<meta name=\"robots\" content=\"index, follow, max-snippet:-1, max-image-preview:large, max-video-preview:-1\" \/>\n<link rel=\"canonical\" href=\"https:\/\/olalon.com\/ca\/serveis\/marqueting-online-tarragona\/copywriting\/\" \/>\n<meta property=\"og:locale\" content=\"ca_ES\" \/>\n<meta property=\"og:type\" content=\"article\" \/>\n<meta property=\"og:title\" content=\"Servei de copywriting | Olalon\" \/>\n<meta property=\"og:description\" content=\"Copywriting o l\u2019art de persuadir a trav\u00e9s del text. Descobreix com millorar el posicionament de la teva marca gr\u00e0cies al poder del copy.\" \/>\n<meta property=\"og:url\" content=\"https:\/\/olalon.com\/ca\/serveis\/marqueting-online-tarragona\/copywriting\/\" \/>\n<meta property=\"og:site_name\" content=\"Olalon\" \/>\n<meta property=\"article:modified_time\" content=\"2025-07-19T06:03:04+00:00\" \/>\n<meta property=\"og:image\" content=\"https:\/\/olalon.com\/wp-content\/uploads\/2024\/12\/OLA-WEB-copywriting.webp\" \/>\n<meta name=\"twitter:card\" content=\"summary_large_image\" \/>\n<meta name=\"twitter:label1\" content=\"Temps estimat de lectura\" \/>\n\t<meta name=\"twitter:data1\" content=\"3 minuts\" \/>\n<script type=\"application\/ld+json\" class=\"yoast-schema-graph\">{\"@context\":\"https:\/\/schema.org\",\"@graph\":[{\"@type\":\"WebPage\",\"@id\":\"https:\/\/olalon.com\/ca\/serveis\/marqueting-online-tarragona\/copywriting\/\",\"url\":\"https:\/\/olalon.com\/ca\/serveis\/marqueting-online-tarragona\/copywriting\/\",\"name\":\"Servei de copywriting | Olalon\",\"isPartOf\":{\"@id\":\"https:\/\/olalon.com\/ca\/#website\"},\"primaryImageOfPage\":{\"@id\":\"https:\/\/olalon.com\/ca\/serveis\/marqueting-online-tarragona\/copywriting\/#primaryimage\"},\"image\":{\"@id\":\"https:\/\/olalon.com\/ca\/serveis\/marqueting-online-tarragona\/copywriting\/#primaryimage\"},\"thumbnailUrl\":\"https:\/\/olalon.com\/wp-content\/uploads\/2024\/12\/OLA-WEB-copywriting.webp\",\"datePublished\":\"2024-12-09T11:20:30+00:00\",\"dateModified\":\"2025-07-19T06:03:04+00:00\",\"description\":\"Copywriting o l\u2019art de persuadir a trav\u00e9s del text. Descobreix com millorar el posicionament de la teva marca gr\u00e0cies al poder del copy.\",\"breadcrumb\":{\"@id\":\"https:\/\/olalon.com\/ca\/serveis\/marqueting-online-tarragona\/copywriting\/#breadcrumb\"},\"inLanguage\":\"ca\",\"potentialAction\":[{\"@type\":\"ReadAction\",\"target\":[\"https:\/\/olalon.com\/ca\/serveis\/marqueting-online-tarragona\/copywriting\/\"]}]},{\"@type\":\"ImageObject\",\"inLanguage\":\"ca\",\"@id\":\"https:\/\/olalon.com\/ca\/serveis\/marqueting-online-tarragona\/copywriting\/#primaryimage\",\"url\":\"https:\/\/olalon.com\/wp-content\/uploads\/2024\/12\/OLA-WEB-copywriting.webp\",\"contentUrl\":\"https:\/\/olalon.com\/wp-content\/uploads\/2024\/12\/OLA-WEB-copywriting.webp\"},{\"@type\":\"BreadcrumbList\",\"@id\":\"https:\/\/olalon.com\/ca\/serveis\/marqueting-online-tarragona\/copywriting\/#breadcrumb\",\"itemListElement\":[{\"@type\":\"ListItem\",\"position\":1,\"name\":\"Portada\",\"item\":\"https:\/\/olalon.com\/ca\/ugc-los-contenidos-reales-que-mejor-funcionan-en-redes\/\"},{\"@type\":\"ListItem\",\"position\":2,\"name\":\"Serveis\",\"item\":\"https:\/\/olalon.com\/ca\/ugc-los-contenidos-reales-que-mejor-funcionan-en-redes\/\"},{\"@type\":\"ListItem\",\"position\":3,\"name\":\"M\u00e0rqueting online\",\"item\":\"https:\/\/olalon.com\/ca\/ugc-los-contenidos-reales-que-mejor-funcionan-en-redes\/\"},{\"@type\":\"ListItem\",\"position\":4,\"name\":\"Copywriting\"}]},{\"@type\":\"WebSite\",\"@id\":\"https:\/\/olalon.com\/ca\/#website\",\"url\":\"https:\/\/olalon.com\/ca\/\",\"name\":\"Olalon\",\"description\":\"Agencia de Publicidad, Dise\u00f1o y Marketing Online\",\"publisher\":{\"@id\":\"https:\/\/olalon.com\/ca\/#organization\"},\"potentialAction\":[{\"@type\":\"SearchAction\",\"target\":{\"@type\":\"EntryPoint\",\"urlTemplate\":\"https:\/\/olalon.com\/ca\/?s={search_term_string}\"},\"query-input\":{\"@type\":\"PropertyValueSpecification\",\"valueRequired\":true,\"valueName\":\"search_term_string\"}}],\"inLanguage\":\"ca\"},{\"@type\":\"Organization\",\"@id\":\"https:\/\/olalon.com\/ca\/#organization\",\"name\":\"Olalon\",\"url\":\"https:\/\/olalon.com\/ca\/\",\"logo\":{\"@type\":\"ImageObject\",\"inLanguage\":\"ca\",\"@id\":\"https:\/\/olalon.com\/ca\/#\/schema\/logo\/image\/\",\"url\":\"https:\/\/olalon.com\/wp-content\/uploads\/2025\/02\/Logo_Olalon-01.png\",\"contentUrl\":\"https:\/\/olalon.com\/wp-content\/uploads\/2025\/02\/Logo_Olalon-01.png\",\"width\":2249,\"height\":989,\"caption\":\"Olalon\"},\"image\":{\"@id\":\"https:\/\/olalon.com\/ca\/#\/schema\/logo\/image\/\"},\"sameAs\":[\"https:\/\/www.instagram.com\/olalonstudio\/\",\"https:\/\/www.youtube.com\/c\/olalonstudio\",\"https:\/\/www.tiktok.com\/@olalonstudio\"]}]}<\/script>\n<!-- \/ Yoast SEO plugin. -->","yoast_head_json":{"title":"Servei de copywriting | Olalon","description":"Copywriting o l\u2019art de persuadir a trav\u00e9s del text. Descobreix com millorar el posicionament de la teva marca gr\u00e0cies al poder del copy.","robots":{"index":"index","follow":"follow","max-snippet":"max-snippet:-1","max-image-preview":"max-image-preview:large","max-video-preview":"max-video-preview:-1"},"canonical":"https:\/\/olalon.com\/ca\/serveis\/marqueting-online-tarragona\/copywriting\/","og_locale":"ca_ES","og_type":"article","og_title":"Servei de copywriting | Olalon","og_description":"Copywriting o l\u2019art de persuadir a trav\u00e9s del text. Descobreix com millorar el posicionament de la teva marca gr\u00e0cies al poder del copy.","og_url":"https:\/\/olalon.com\/ca\/serveis\/marqueting-online-tarragona\/copywriting\/","og_site_name":"Olalon","article_modified_time":"2025-07-19T06:03:04+00:00","og_image":[{"url":"https:\/\/olalon.com\/wp-content\/uploads\/2024\/12\/OLA-WEB-copywriting.webp","type":"","width":"","height":""}],"twitter_card":"summary_large_image","twitter_misc":{"Temps estimat de lectura":"3 minuts"},"schema":{"@context":"https:\/\/schema.org","@graph":[{"@type":"WebPage","@id":"https:\/\/olalon.com\/ca\/serveis\/marqueting-online-tarragona\/copywriting\/","url":"https:\/\/olalon.com\/ca\/serveis\/marqueting-online-tarragona\/copywriting\/","name":"Servei de copywriting | Olalon","isPartOf":{"@id":"https:\/\/olalon.com\/ca\/#website"},"primaryImageOfPage":{"@id":"https:\/\/olalon.com\/ca\/serveis\/marqueting-online-tarragona\/copywriting\/#primaryimage"},"image":{"@id":"https:\/\/olalon.com\/ca\/serveis\/marqueting-online-tarragona\/copywriting\/#primaryimage"},"thumbnailUrl":"https:\/\/olalon.com\/wp-content\/uploads\/2024\/12\/OLA-WEB-copywriting.webp","datePublished":"2024-12-09T11:20:30+00:00","dateModified":"2025-07-19T06:03:04+00:00","description":"Copywriting o l\u2019art de persuadir a trav\u00e9s del text. Descobreix com millorar el posicionament de la teva marca gr\u00e0cies al poder del copy.","breadcrumb":{"@id":"https:\/\/olalon.com\/ca\/serveis\/marqueting-online-tarragona\/copywriting\/#breadcrumb"},"inLanguage":"ca","potentialAction":[{"@type":"ReadAction","target":["https:\/\/olalon.com\/ca\/serveis\/marqueting-online-tarragona\/copywriting\/"]}]},{"@type":"ImageObject","inLanguage":"ca","@id":"https:\/\/olalon.com\/ca\/serveis\/marqueting-online-tarragona\/copywriting\/#primaryimage","url":"https:\/\/olalon.com\/wp-content\/uploads\/2024\/12\/OLA-WEB-copywriting.webp","contentUrl":"https:\/\/olalon.com\/wp-content\/uploads\/2024\/12\/OLA-WEB-copywriting.webp"},{"@type":"BreadcrumbList","@id":"https:\/\/olalon.com\/ca\/serveis\/marqueting-online-tarragona\/copywriting\/#breadcrumb","itemListElement":[{"@type":"ListItem","position":1,"name":"Portada","item":"https:\/\/olalon.com\/ca\/ugc-los-contenidos-reales-que-mejor-funcionan-en-redes\/"},{"@type":"ListItem","position":2,"name":"Serveis","item":"https:\/\/olalon.com\/ca\/ugc-los-contenidos-reales-que-mejor-funcionan-en-redes\/"},{"@type":"ListItem","position":3,"name":"M\u00e0rqueting online","item":"https:\/\/olalon.com\/ca\/ugc-los-contenidos-reales-que-mejor-funcionan-en-redes\/"},{"@type":"ListItem","position":4,"name":"Copywriting"}]},{"@type":"WebSite","@id":"https:\/\/olalon.com\/ca\/#website","url":"https:\/\/olalon.com\/ca\/","name":"Olalon","description":"Agencia de Publicidad, Dise\u00f1o y Marketing Online","publisher":{"@id":"https:\/\/olalon.com\/ca\/#organization"},"potentialAction":[{"@type":"SearchAction","target":{"@type":"EntryPoint","urlTemplate":"https:\/\/olalon.com\/ca\/?s={search_term_string}"},"query-input":{"@type":"PropertyValueSpecification","valueRequired":true,"valueName":"search_term_string"}}],"inLanguage":"ca"},{"@type":"Organization","@id":"https:\/\/olalon.com\/ca\/#organization","name":"Olalon","url":"https:\/\/olalon.com\/ca\/","logo":{"@type":"ImageObject","inLanguage":"ca","@id":"https:\/\/olalon.com\/ca\/#\/schema\/logo\/image\/","url":"https:\/\/olalon.com\/wp-content\/uploads\/2025\/02\/Logo_Olalon-01.png","contentUrl":"https:\/\/olalon.com\/wp-content\/uploads\/2025\/02\/Logo_Olalon-01.png","width":2249,"height":989,"caption":"Olalon"},"image":{"@id":"https:\/\/olalon.com\/ca\/#\/schema\/logo\/image\/"},"sameAs":["https:\/\/www.instagram.com\/olalonstudio\/","https:\/\/www.youtube.com\/c\/olalonstudio","https:\/\/www.tiktok.com\/@olalonstudio"]}]}},"_links":{"self":[{"href":"https:\/\/olalon.com\/ca\/wp-json\/wp\/v2\/pages\/3821","targetHints":{"allow":["GET"]}}],"collection":[{"href":"https:\/\/olalon.com\/ca\/wp-json\/wp\/v2\/pages"}],"about":[{"href":"https:\/\/olalon.com\/ca\/wp-json\/wp\/v2\/types\/page"}],"author":[{"embeddable":true,"href":"https:\/\/olalon.com\/ca\/wp-json\/wp\/v2\/users\/3"}],"replies":[{"embeddable":true,"href":"https:\/\/olalon.com\/ca\/wp-json\/wp\/v2\/comments?post=3821"}],"version-history":[{"count":2,"href":"https:\/\/olalon.com\/ca\/wp-json\/wp\/v2\/pages\/3821\/revisions"}],"predecessor-version":[{"id":4016,"href":"https:\/\/olalon.com\/ca\/wp-json\/wp\/v2\/pages\/3821\/revisions\/4016"}],"up":[{"embeddable":true,"href":"https:\/\/olalon.com\/ca\/wp-json\/wp\/v2\/pages\/3659"}],"wp:attachment":[{"href":"https:\/\/olalon.com\/ca\/wp-json\/wp\/v2\/media?parent=3821"}],"curies":[{"name":"wp","href":"https:\/\/api.w.org\/{rel}","templated":true}]}}