{"id":3825,"date":"2024-12-05T07:56:45","date_gmt":"2024-12-05T06:56:45","guid":{"rendered":"https:\/\/olalon.com\/serveis\/marqueting-en-linia\/estrategia-de-xarxes-socials\/"},"modified":"2025-07-19T07:56:43","modified_gmt":"2025-07-19T05:56:43","slug":"estrategia-de-xarxes-socials","status":"publish","type":"page","link":"https:\/\/olalon.com\/ca\/serveis\/marqueting-en-linia\/estrategia-de-xarxes-socials\/","title":{"rendered":"Estrat\u00e8gia de xarxes socials"},"content":{"rendered":"\n<div class=\"wp-block-manifesto-gutenberg-container content-row dark-section normal\" data-bgcolor=\"#000000\" style=\"text-align:left\">\n<div class=\"wp-block-manifesto-gutenberg-clipped-image clipped-image-wrapper\"><div class=\"clipped-image-pin\"><div class=\"clipped-image\"><img decoding=\"async\" src=\"https:\/\/olalon.com\/wp-content\/uploads\/2024\/09\/recursos-web-_resultat.webp\" alt=\"\"\/><div class=\"clipped-image-gradient\"><\/div><\/div><\/div><div class=\"clipped-image-content content-full-width\">\n<div class=\"wp-block-manifesto-gutenberg-marquee-content marquee-text-wrapper\"><h1 class=\"marquee-text no-margins fw big-title\">\nESTRAT\u00c8GIA <em>XARXES SOCIALS<\/em>\n<\/h1><\/div>\n<\/div><\/div>\n<\/div>\n\n\n\n<div class=\"wp-block-manifesto-gutenberg-container content-row light-section normal row_padding_top row_padding_bottom change-header-color\" data-bgcolor=\"#ffffff\" style=\"text-align:left\">\n<div class=\"wp-block-columns pinned-section is-layout-flex wp-container-core-columns-is-layout-1 wp-block-columns-is-layout-flex\">\n<div class=\"wp-block-column scrolling-element left is-layout-flow wp-block-column-is-layout-flow\">\n<h3 class=\"wp-block-heading has-black-color has-text-color has-link-color wp-elements-dd2351dd53437b4e8947b1a96fc1ec06\">Qu\u00e8 \u00e9s una estrat\u00e8gia a xarxes socials?<\/h3>\n\n\n\n<p class=\"has-black-color has-text-color has-link-color wp-elements-b51b2b82dbb9f3ea693cb079f95f2b8b\">Obrir perfils a xarxes socials \u00e9s f\u00e0cil i totalment gratu\u00eft, per\u00f2 el simple fet de tenir-los no ens garanteix que tinguem visibilitat.<\/p>\n\n\n\n<p>Qualsevol pot publicar a Instagram, per\u00f2 aconseguir mantenir activa una comunitat de seguidors amb continguts de valor i aportar beneficis per a la nostra marca ja \u00e9s m\u00e9s complicat.<\/p>\n\n\n\n<p><strong>L\u2019estrat\u00e8gia Social Media \u00e9s una fulla de ruta de la nostra marca en canals socials.<\/strong><\/p>\n\n\n\n<p><em>Qui \u00e9s el nostre p\u00fablic? En quins canals es troba? Com ha de parlar la nostra marca a les xarxes socials? Quin tipus de continguts publicarem i amb quina finalitat?  <\/em><\/p>\n\n\n\n<p>Totes aquestes preguntes es responen amb una estrat\u00e8gia de xarxes socials.<\/p>\n<\/div>\n\n\n\n<div class=\"wp-block-column pinned-element right is-layout-flow wp-block-column-is-layout-flow\">\n<figure class=\"wp-block-image size-large\"><img loading=\"lazy\" decoding=\"async\" width=\"651\" height=\"1024\" src=\"https:\/\/olalon.com\/wp-content\/uploads\/2024\/12\/Diseno-sin-titulo-55_resultat-651x1024.webp\" alt=\"\" class=\"wp-image-2453\" srcset=\"https:\/\/olalon.com\/wp-content\/uploads\/2024\/12\/Diseno-sin-titulo-55_resultat-651x1024.webp 651w, https:\/\/olalon.com\/wp-content\/uploads\/2024\/12\/Diseno-sin-titulo-55_resultat-191x300.webp 191w, https:\/\/olalon.com\/wp-content\/uploads\/2024\/12\/Diseno-sin-titulo-55_resultat-768x1209.webp 768w, https:\/\/olalon.com\/wp-content\/uploads\/2024\/12\/Diseno-sin-titulo-55_resultat.webp 972w\" sizes=\"auto, (max-width: 651px) 100vw, 651px\" \/><\/figure>\n<\/div>\n<\/div>\n<\/div>\n\n\n\n<div class=\"wp-block-columns is-layout-flex wp-container-core-columns-is-layout-3 wp-block-columns-is-layout-flex\">\n<div class=\"wp-block-column is-layout-flow wp-block-column-is-layout-flow\" style=\"flex-basis:100%\">\n<div class=\"wp-block-manifesto-gutenberg-container content-row light-section normal row_padding_top row_padding_bottom\" data-bgcolor=\"#171717\" style=\"text-align:left\">\n<div class=\"wp-block-columns pinned-section is-layout-flex wp-container-core-columns-is-layout-2 wp-block-columns-is-layout-flex\">\n<div class=\"wp-block-column scrolling-element left is-layout-flow wp-block-column-is-layout-flow\" style=\"flex-basis:30%\">\n<iframe loading=\"lazy\" width=\"352\" height=\"627\" src=\"https:\/\/www.youtube.com\/embed\/t-uUfro_tcs\" title=\"Estrat\u00e8gia viral de TikTok per a hotel a Tarragona - #tiktok #estrat\u00e8gia #m\u00e0rqueting #ag\u00e8ncia #shorts\" frameborder=\"0\" allow=\"accelerometer; autoplay; clipboard-write; encrypted-media; gyroscope; picture-in-picture; web-share\" referrerpolicy=\"strict-origin-when-cross-origin\" allowfullscreen=\"\"><\/iframe>\n<\/div>\n\n\n\n<div class=\"wp-block-column pinned-element right is-layout-flow wp-block-column-is-layout-flow\" style=\"flex-basis:70%\">\n<h3 class=\"wp-block-heading has-white-color has-text-color has-link-color wp-elements-4983fec7c6d9ba74bdc5ce11d5cf88a8\">L\u2019estrat\u00e8gia per al community manager<\/h3>\n\n\n\n<p class=\"has-text-color has-link-color wp-elements-0bfa08566f095b2b603000ee8a308c53\" style=\"color:#ededed\"> Una part important de la feina del Community Management \u00e9s la publicaci\u00f3 de continguts de valor que aconsegueixin connectar amb els seguidors.<\/p>\n\n\n\n<p class=\"has-text-color has-link-color wp-elements-1b2b0706470206f9653249596548bf96\" style=\"color:#ededed\">Un CM que no est\u00e0 alineat amb els objectius comercials de la marca i no t\u00e9 clara la seva estrat\u00e8gia social media, per molt bo que sigui fent la seva feina, no podr\u00e0 garantir bons resultats, simplement perqu\u00e8 no sabr\u00e0 quins s\u00f3n els seus objectius. Qualsevol Community Manager hauria de tenir la resposta a les seg\u00fcents preguntes: <\/p>\n\n\n\n<ul class=\"wp-block-list\">\n<li class=\"has-text-color has-link-color wp-elements-77819f3c4d1a520ce5f0474ac014ba43\" style=\"color:#ededed\">Quins s\u00f3n els objectius de m\u00e0rqueting de la marca?<\/li>\n\n\n\n<li class=\"has-text-color has-link-color wp-elements-d789ae8b2472b92d50d27f6ef4975a6a\" style=\"color:#ededed\">Quin \u00e9s el paper de les xarxes socials dins d\u2019aquesta estrat\u00e8gia?<\/li>\n\n\n\n<li class=\"has-text-color has-link-color wp-elements-23e2c6017baba3cf3566eadcada8e0c2\" style=\"color:#ededed\">Amb quin mercat i n\u00ednxols d\u2019aquest pretenem connectar a trav\u00e9s dels canals socials?<\/li>\n\n\n\n<li class=\"has-text-color has-link-color wp-elements-19ab4c191038a393ad0274307131e408\" style=\"color:#ededed\">Quin to de veu t\u00e9 la nostra marca a les xarxes socials?<\/li>\n\n\n\n<li class=\"has-text-color has-link-color wp-elements-139660d3b331af50ce54dcd156754f31\" style=\"color:#ededed\">Quin pla de continguts tenim i quin objectiu t\u00e9 cada tipologia de contingut?<\/li>\n\n\n\n<li class=\"has-text-color has-link-color wp-elements-8d75f5e4191b2f4d38ff4aeae651d648\" style=\"color:#ededed\">Quins s\u00f3n les dades importants per mesurar l\u2019assoliment dels objectius?<\/li>\n\n\n\n<li class=\"has-text-color has-link-color wp-elements-9f593424aa4f8642b32f5ddb8d5291c0\" style=\"color:#ededed\">Quin pla de reputaci\u00f3 en l\u00ednia t\u00e9 la marca, especialment en cas de crisi de reputaci\u00f3?<\/li>\n<\/ul>\n\n\n\n<p class=\"has-text-color has-link-color wp-elements-cb599ad7593738d29c5990b6fe012056\" style=\"color:#ededed\">L\u00f2gicament es poden gestionar les xarxes socials sense comptar amb una estrat\u00e8gia, per\u00f2 sense una fulla de ruta, resulta molt m\u00e9s complicat arribar al teu dest\u00ed. M\u00e9s encara si ni tan sols ho tens clar. <\/p>\n<\/div>\n<\/div>\n<\/div>\n<\/div>\n<\/div>\n\n\n\n<div class=\"wp-block-manifesto-gutenberg-container content-row light-section normal\" data-bgcolor=\"#ffffff\" style=\"text-align:left\">\n<div class=\"wp-block-manifesto-gutenberg-list-rotator list-rotator-wrapper\"><div class=\"list-rotator-title has-mask-fill\">T\u2019AJUDEM EN&#8230;<\/div><div class=\"list-rotator-height\"><div class=\"list-rotator-pin\"><ul class=\"list-rotator\">\n<li class=\"wp-block-manifesto-gutenberg-list-rotator-item\">\n<a href=\"https:\/\/olalon.com\/ca\/serveis\/marqueting-en-linia\/estrategia-de-seo\/\">SEO<\/a>\n<\/li>\n\n\n\n<li class=\"wp-block-manifesto-gutenberg-list-rotator-item\">\n<a href=\"https:\/\/olalon.com\/ca\/serveis\/marqueting-en-linia\/estrategia-de-xarxes-socials\/\">Social media<\/a>\n<\/li>\n\n\n\n<li class=\"wp-block-manifesto-gutenberg-list-rotator-item\">\n<a href=\"https:\/\/olalon.com\/ca\/serveis\/marqueting-en-linia\/marketing-de-continguts\/\">M\u00e0rqueting de continguts<\/a>\n<\/li>\n\n\n\n<li class=\"wp-block-manifesto-gutenberg-list-rotator-item\">\n<a href=\"https:\/\/olalon.com\/ca\/serveis\/marqueting-en-linia\/campanya-demail-marketing\/\">Email <em>m\u00e0rqueting<\/em><\/a>\n<\/li>\n\n\n\n<li class=\"wp-block-manifesto-gutenberg-list-rotator-item\">\n<a href=\"https:\/\/olalon.com\/ca\/serveis\/marqueting-en-linia\/consultoria-de-marqueting\/\">Consultoria <em>de m\u00e0rqueting<\/em><\/a>\n<\/li>\n\n\n\n<li class=\"wp-block-manifesto-gutenberg-list-rotator-item\">\n<a href=\"https:\/\/olalon.com\/ca\/serveis\/marqueting-en-linia\/copywriting\/\">Copywriting<\/a>\n<\/li>\n\n\n\n<li class=\"wp-block-manifesto-gutenberg-list-rotator-item\">\n<a href=\"https:\/\/olalon.com\/ca\/serveis\/outsourcing-de-marketing\">Outsourcing <em>de m\u00e0rqueting<\/em><\/a>\n<\/li>\n\n\n\n<li class=\"wp-block-manifesto-gutenberg-list-rotator-item\">\n<a href=\"https:\/\/olalon.com\/ca\/serveis\/marqueting-en-linia\/estrategia-de-marqueting-digital\/\">Estrat\u00e8gia <em>de m\u00e0rqueting digital<\/em><\/a>\n<\/li>\n\n\n\n<li class=\"wp-block-manifesto-gutenberg-list-rotator-item\">\n<a href=\"https:\/\/olalon.com\/ca\/serveis\/marqueting-en-linia\/campanya-demail-marketing\">Campanyes <em>de publicitat<\/em><\/a>\n<\/li>\n\n\n\n<li class=\"wp-block-manifesto-gutenberg-list-rotator-item\">\n<a href=\"https:\/\/olalon.com\/ca\/serveis\/marqueting-en-linia\/campanyes-de-google-ads\/\">Paid media <em>(Google Ads, Social Ads, etc.)<\/em><\/a>\n<\/li>\n<\/ul><\/div><\/div><\/div>\n<\/div>\n","protected":false},"excerpt":{"rendered":"","protected":false},"author":6,"featured_media":0,"parent":3659,"menu_order":0,"comment_status":"closed","ping_status":"closed","template":"","meta":{"_acf_changed":false,"_joinchat":[],"footnotes":""},"class_list":["post-3825","page","type-page","status-publish","hentry"],"acf":[],"yoast_head":"<!-- This site is optimized with the Yoast SEO plugin v25.4 - https:\/\/yoast.com\/wordpress\/plugins\/seo\/ -->\n<title>estrat\u00e8gia per a xarxes socials | Olalon<\/title>\n<meta name=\"description\" content=\"Creem estrat\u00e8gies per a xarxes socials que augmenten la visibilitat, l\u2019engagement i les vendes. Contingut creatiu i alineat amb els teus objectius.\" \/>\n<meta name=\"robots\" content=\"index, follow, max-snippet:-1, max-image-preview:large, max-video-preview:-1\" \/>\n<link rel=\"canonical\" href=\"https:\/\/olalon.com\/ca\/serveis\/marqueting-en-linia\/estrategia-de-xarxes-socials\/\" \/>\n<meta property=\"og:locale\" content=\"ca_ES\" \/>\n<meta property=\"og:type\" content=\"article\" \/>\n<meta property=\"og:title\" content=\"estrat\u00e8gia per a xarxes socials | Olalon\" \/>\n<meta property=\"og:description\" content=\"Creem estrat\u00e8gies per a xarxes socials que augmenten la visibilitat, l\u2019engagement i les vendes. Contingut creatiu i alineat amb els teus objectius.\" \/>\n<meta property=\"og:url\" content=\"https:\/\/olalon.com\/ca\/serveis\/marqueting-en-linia\/estrategia-de-xarxes-socials\/\" \/>\n<meta property=\"og:site_name\" content=\"Olalon\" \/>\n<meta property=\"article:modified_time\" content=\"2025-07-19T05:56:43+00:00\" \/>\n<meta property=\"og:image\" content=\"https:\/\/olalon.com\/wp-content\/uploads\/2024\/09\/recursos-web-_resultat.webp\" \/>\n<meta name=\"twitter:card\" content=\"summary_large_image\" \/>\n<meta name=\"twitter:label1\" content=\"Temps estimat de lectura\" \/>\n\t<meta name=\"twitter:data1\" content=\"4 minuts\" \/>\n<script type=\"application\/ld+json\" class=\"yoast-schema-graph\">{\"@context\":\"https:\/\/schema.org\",\"@graph\":[{\"@type\":\"WebPage\",\"@id\":\"https:\/\/olalon.com\/ca\/serveis\/marqueting-en-linia\/estrategia-de-xarxes-socials\/\",\"url\":\"https:\/\/olalon.com\/ca\/serveis\/marqueting-en-linia\/estrategia-de-xarxes-socials\/\",\"name\":\"estrat\u00e8gia per a xarxes socials | Olalon\",\"isPartOf\":{\"@id\":\"https:\/\/olalon.com\/ca\/#website\"},\"primaryImageOfPage\":{\"@id\":\"https:\/\/olalon.com\/ca\/serveis\/marqueting-en-linia\/estrategia-de-xarxes-socials\/#primaryimage\"},\"image\":{\"@id\":\"https:\/\/olalon.com\/ca\/serveis\/marqueting-en-linia\/estrategia-de-xarxes-socials\/#primaryimage\"},\"thumbnailUrl\":\"https:\/\/olalon.com\/wp-content\/uploads\/2024\/09\/recursos-web-_resultat.webp\",\"datePublished\":\"2024-12-05T06:56:45+00:00\",\"dateModified\":\"2025-07-19T05:56:43+00:00\",\"description\":\"Creem estrat\u00e8gies per a xarxes socials que augmenten la visibilitat, l\u2019engagement i les vendes. Contingut creatiu i alineat amb els teus objectius.\",\"breadcrumb\":{\"@id\":\"https:\/\/olalon.com\/ca\/serveis\/marqueting-en-linia\/estrategia-de-xarxes-socials\/#breadcrumb\"},\"inLanguage\":\"ca\",\"potentialAction\":[{\"@type\":\"ReadAction\",\"target\":[\"https:\/\/olalon.com\/ca\/serveis\/marqueting-en-linia\/estrategia-de-xarxes-socials\/\"]}]},{\"@type\":\"ImageObject\",\"inLanguage\":\"ca\",\"@id\":\"https:\/\/olalon.com\/ca\/serveis\/marqueting-en-linia\/estrategia-de-xarxes-socials\/#primaryimage\",\"url\":\"https:\/\/olalon.com\/wp-content\/uploads\/2024\/09\/recursos-web-_resultat.webp\",\"contentUrl\":\"https:\/\/olalon.com\/wp-content\/uploads\/2024\/09\/recursos-web-_resultat.webp\"},{\"@type\":\"BreadcrumbList\",\"@id\":\"https:\/\/olalon.com\/ca\/serveis\/marqueting-en-linia\/estrategia-de-xarxes-socials\/#breadcrumb\",\"itemListElement\":[{\"@type\":\"ListItem\",\"position\":1,\"name\":\"Portada\",\"item\":\"https:\/\/olalon.com\/ca\/servicios\/diseno-y-desarrollo-web\/desarrollo-software-a-medida\/\"},{\"@type\":\"ListItem\",\"position\":2,\"name\":\"Serveis\",\"item\":\"https:\/\/olalon.com\/ca\/servicios\/diseno-y-desarrollo-web\/desarrollo-software-a-medida\/\"},{\"@type\":\"ListItem\",\"position\":3,\"name\":\"M\u00e0rqueting en l\u00ednia\",\"item\":\"https:\/\/olalon.com\/ca\/servicios\/diseno-y-desarrollo-web\/desarrollo-software-a-medida\/\"},{\"@type\":\"ListItem\",\"position\":4,\"name\":\"Estrat\u00e8gia de xarxes socials\"}]},{\"@type\":\"WebSite\",\"@id\":\"https:\/\/olalon.com\/ca\/#website\",\"url\":\"https:\/\/olalon.com\/ca\/\",\"name\":\"Olalon\",\"description\":\"Agencia de Publicidad, Dise\u00f1o y Marketing Online\",\"publisher\":{\"@id\":\"https:\/\/olalon.com\/ca\/#organization\"},\"potentialAction\":[{\"@type\":\"SearchAction\",\"target\":{\"@type\":\"EntryPoint\",\"urlTemplate\":\"https:\/\/olalon.com\/ca\/?s={search_term_string}\"},\"query-input\":{\"@type\":\"PropertyValueSpecification\",\"valueRequired\":true,\"valueName\":\"search_term_string\"}}],\"inLanguage\":\"ca\"},{\"@type\":\"Organization\",\"@id\":\"https:\/\/olalon.com\/ca\/#organization\",\"name\":\"Olalon\",\"url\":\"https:\/\/olalon.com\/ca\/\",\"logo\":{\"@type\":\"ImageObject\",\"inLanguage\":\"ca\",\"@id\":\"https:\/\/olalon.com\/ca\/#\/schema\/logo\/image\/\",\"url\":\"https:\/\/olalon.com\/wp-content\/uploads\/2025\/02\/Logo_Olalon-01.png\",\"contentUrl\":\"https:\/\/olalon.com\/wp-content\/uploads\/2025\/02\/Logo_Olalon-01.png\",\"width\":2249,\"height\":989,\"caption\":\"Olalon\"},\"image\":{\"@id\":\"https:\/\/olalon.com\/ca\/#\/schema\/logo\/image\/\"},\"sameAs\":[\"https:\/\/www.instagram.com\/olalonstudio\/\",\"https:\/\/www.youtube.com\/c\/olalonstudio\",\"https:\/\/www.tiktok.com\/@olalonstudio\"]}]}<\/script>\n<!-- \/ Yoast SEO plugin. -->","yoast_head_json":{"title":"estrat\u00e8gia per a xarxes socials | Olalon","description":"Creem estrat\u00e8gies per a xarxes socials que augmenten la visibilitat, l\u2019engagement i les vendes. Contingut creatiu i alineat amb els teus objectius.","robots":{"index":"index","follow":"follow","max-snippet":"max-snippet:-1","max-image-preview":"max-image-preview:large","max-video-preview":"max-video-preview:-1"},"canonical":"https:\/\/olalon.com\/ca\/serveis\/marqueting-en-linia\/estrategia-de-xarxes-socials\/","og_locale":"ca_ES","og_type":"article","og_title":"estrat\u00e8gia per a xarxes socials | Olalon","og_description":"Creem estrat\u00e8gies per a xarxes socials que augmenten la visibilitat, l\u2019engagement i les vendes. Contingut creatiu i alineat amb els teus objectius.","og_url":"https:\/\/olalon.com\/ca\/serveis\/marqueting-en-linia\/estrategia-de-xarxes-socials\/","og_site_name":"Olalon","article_modified_time":"2025-07-19T05:56:43+00:00","og_image":[{"url":"https:\/\/olalon.com\/wp-content\/uploads\/2024\/09\/recursos-web-_resultat.webp","type":"","width":"","height":""}],"twitter_card":"summary_large_image","twitter_misc":{"Temps estimat de lectura":"4 minuts"},"schema":{"@context":"https:\/\/schema.org","@graph":[{"@type":"WebPage","@id":"https:\/\/olalon.com\/ca\/serveis\/marqueting-en-linia\/estrategia-de-xarxes-socials\/","url":"https:\/\/olalon.com\/ca\/serveis\/marqueting-en-linia\/estrategia-de-xarxes-socials\/","name":"estrat\u00e8gia per a xarxes socials | Olalon","isPartOf":{"@id":"https:\/\/olalon.com\/ca\/#website"},"primaryImageOfPage":{"@id":"https:\/\/olalon.com\/ca\/serveis\/marqueting-en-linia\/estrategia-de-xarxes-socials\/#primaryimage"},"image":{"@id":"https:\/\/olalon.com\/ca\/serveis\/marqueting-en-linia\/estrategia-de-xarxes-socials\/#primaryimage"},"thumbnailUrl":"https:\/\/olalon.com\/wp-content\/uploads\/2024\/09\/recursos-web-_resultat.webp","datePublished":"2024-12-05T06:56:45+00:00","dateModified":"2025-07-19T05:56:43+00:00","description":"Creem estrat\u00e8gies per a xarxes socials que augmenten la visibilitat, l\u2019engagement i les vendes. Contingut creatiu i alineat amb els teus objectius.","breadcrumb":{"@id":"https:\/\/olalon.com\/ca\/serveis\/marqueting-en-linia\/estrategia-de-xarxes-socials\/#breadcrumb"},"inLanguage":"ca","potentialAction":[{"@type":"ReadAction","target":["https:\/\/olalon.com\/ca\/serveis\/marqueting-en-linia\/estrategia-de-xarxes-socials\/"]}]},{"@type":"ImageObject","inLanguage":"ca","@id":"https:\/\/olalon.com\/ca\/serveis\/marqueting-en-linia\/estrategia-de-xarxes-socials\/#primaryimage","url":"https:\/\/olalon.com\/wp-content\/uploads\/2024\/09\/recursos-web-_resultat.webp","contentUrl":"https:\/\/olalon.com\/wp-content\/uploads\/2024\/09\/recursos-web-_resultat.webp"},{"@type":"BreadcrumbList","@id":"https:\/\/olalon.com\/ca\/serveis\/marqueting-en-linia\/estrategia-de-xarxes-socials\/#breadcrumb","itemListElement":[{"@type":"ListItem","position":1,"name":"Portada","item":"https:\/\/olalon.com\/ca\/servicios\/diseno-y-desarrollo-web\/desarrollo-software-a-medida\/"},{"@type":"ListItem","position":2,"name":"Serveis","item":"https:\/\/olalon.com\/ca\/servicios\/diseno-y-desarrollo-web\/desarrollo-software-a-medida\/"},{"@type":"ListItem","position":3,"name":"M\u00e0rqueting en l\u00ednia","item":"https:\/\/olalon.com\/ca\/servicios\/diseno-y-desarrollo-web\/desarrollo-software-a-medida\/"},{"@type":"ListItem","position":4,"name":"Estrat\u00e8gia de xarxes socials"}]},{"@type":"WebSite","@id":"https:\/\/olalon.com\/ca\/#website","url":"https:\/\/olalon.com\/ca\/","name":"Olalon","description":"Agencia de Publicidad, Dise\u00f1o y Marketing Online","publisher":{"@id":"https:\/\/olalon.com\/ca\/#organization"},"potentialAction":[{"@type":"SearchAction","target":{"@type":"EntryPoint","urlTemplate":"https:\/\/olalon.com\/ca\/?s={search_term_string}"},"query-input":{"@type":"PropertyValueSpecification","valueRequired":true,"valueName":"search_term_string"}}],"inLanguage":"ca"},{"@type":"Organization","@id":"https:\/\/olalon.com\/ca\/#organization","name":"Olalon","url":"https:\/\/olalon.com\/ca\/","logo":{"@type":"ImageObject","inLanguage":"ca","@id":"https:\/\/olalon.com\/ca\/#\/schema\/logo\/image\/","url":"https:\/\/olalon.com\/wp-content\/uploads\/2025\/02\/Logo_Olalon-01.png","contentUrl":"https:\/\/olalon.com\/wp-content\/uploads\/2025\/02\/Logo_Olalon-01.png","width":2249,"height":989,"caption":"Olalon"},"image":{"@id":"https:\/\/olalon.com\/ca\/#\/schema\/logo\/image\/"},"sameAs":["https:\/\/www.instagram.com\/olalonstudio\/","https:\/\/www.youtube.com\/c\/olalonstudio","https:\/\/www.tiktok.com\/@olalonstudio"]}]}},"_links":{"self":[{"href":"https:\/\/olalon.com\/ca\/wp-json\/wp\/v2\/pages\/3825","targetHints":{"allow":["GET"]}}],"collection":[{"href":"https:\/\/olalon.com\/ca\/wp-json\/wp\/v2\/pages"}],"about":[{"href":"https:\/\/olalon.com\/ca\/wp-json\/wp\/v2\/types\/page"}],"author":[{"embeddable":true,"href":"https:\/\/olalon.com\/ca\/wp-json\/wp\/v2\/users\/6"}],"replies":[{"embeddable":true,"href":"https:\/\/olalon.com\/ca\/wp-json\/wp\/v2\/comments?post=3825"}],"version-history":[{"count":2,"href":"https:\/\/olalon.com\/ca\/wp-json\/wp\/v2\/pages\/3825\/revisions"}],"predecessor-version":[{"id":3921,"href":"https:\/\/olalon.com\/ca\/wp-json\/wp\/v2\/pages\/3825\/revisions\/3921"}],"up":[{"embeddable":true,"href":"https:\/\/olalon.com\/ca\/wp-json\/wp\/v2\/pages\/3659"}],"wp:attachment":[{"href":"https:\/\/olalon.com\/ca\/wp-json\/wp\/v2\/media?parent=3825"}],"curies":[{"name":"wp","href":"https:\/\/api.w.org\/{rel}","templated":true}]}}