{"id":3833,"date":"2024-09-25T14:45:13","date_gmt":"2024-09-25T12:45:13","guid":{"rendered":"https:\/\/olalon.com\/serveis\/outsourcing-de-marketing\/"},"modified":"2025-07-19T08:04:28","modified_gmt":"2025-07-19T06:04:28","slug":"outsourcing-de-marketing","status":"publish","type":"page","link":"https:\/\/olalon.com\/ca\/serveis\/outsourcing-de-marketing\/","title":{"rendered":"Outsourcing de marketing"},"content":{"rendered":"\n<div class=\"wp-block-manifesto-gutenberg-container content-row dark-section normal\" data-bgcolor=\"#000000\" style=\"text-align:left\">\n<div class=\"wp-block-manifesto-gutenberg-clipped-image clipped-image-wrapper\"><div class=\"clipped-image-pin\"><div class=\"clipped-image\"><img decoding=\"async\" src=\"https:\/\/olalon.com\/wp-content\/uploads\/2024\/09\/recursos-web-_resultat.webp\" alt=\"\"\/><div class=\"content-video-wrapper\"><video class=\"bgvid\" loop muted playsinline><source src=\"https:\/\/olalon.com\/wp-content\/uploads\/2024\/11\/OLA-Manifesto-Banner-3-Branding.webm\" type=\"video\/mp4\"\/><\/video><\/div><div class=\"clipped-image-gradient\"><\/div><\/div><\/div><div class=\"clipped-image-content content-full-width\">\n<div class=\"wp-block-manifesto-gutenberg-marquee-content marquee-text-wrapper\"><h2 class=\"marquee-text no-margins fw big-title\">\nOptimitzaci\u00f3, <em>an\u00e0lisi,<\/em> seguiment, <em>assessorament<\/em>, equip creatiu\n<\/h2><\/div>\n<\/div><\/div>\n<\/div>\n\n\n\n<div class=\"wp-block-manifesto-gutenberg-container content-row light-section normal row_padding_top row_padding_bottom change-header-color\" data-bgcolor=\"#ffffff\" style=\"text-align:left\">\n<div class=\"wp-block-columns is-layout-flex wp-container-core-columns-is-layout-1 wp-block-columns-is-layout-flex\">\n<div class=\"wp-block-column is-layout-flow wp-block-column-is-layout-flow\" style=\"flex-basis:100%\">\n<h2 class=\"wp-block-heading\">Qu\u00e8 \u00e9s outsourcing de marketing?<\/h2>\n\n\n\n<p class=\"has-opacity\">Per a algunes empreses la gesti\u00f3 d\u2019un departament de m\u00e0rqueting intern pot resultar insostenible. Tenir tota la gesti\u00f3 de comunicaci\u00f3 <em>in house<\/em> requereix perfils professionals especialitzats costosos i una direcci\u00f3 de m\u00e0rqueting. Un augment de costos fixos dif\u00edcil de rentabilitzar que en molts casos resulta directament insostenible. Fins i tot tenint un responsable de m\u00e0rqueting intern, s\u00f3n moltes les accions de comunicaci\u00f3 que requereixen perfils espec\u00edfics (v\u00eddeos i grafismes per a xarxes socials, SEO, gesti\u00f3 de la p\u00e0gina web, mitjans pagats, etc.)   <\/p>\n\n\n\n<p class=\"has-opacity\">Amb el servei <strong>d\u2019outsourcing de marketing<\/strong> aconsegueixes un aliat estrat\u00e8gic en la comunicaci\u00f3 de la teva empresa. Un departament de marketing extern pluridisciplinari alineat amb els teus objectius, amb un \u00fanic interlocutor, uns costos fixos molt m\u00e9s baixos, factures dedu\u00efbles i cap tipus de perman\u00e8ncia. <\/p>\n<\/div>\n<\/div>\n<\/div>\n\n\n\n<div class=\"wp-block-manifesto-gutenberg-container content-row dark-section normal row_padding_top row_padding_bottom\" data-bgcolor=\"#171717\" style=\"text-align:left\">\n<div class=\"wp-block-columns pinned-section is-layout-flex wp-container-core-columns-is-layout-2 wp-block-columns-is-layout-flex\">\n<div class=\"wp-block-column scrolling-element left is-layout-flow wp-block-column-is-layout-flow\">\n<iframe loading=\"lazy\" width=\"100%\" height=\"748\" src=\"https:\/\/www.youtube.com\/embed\/ImUjtMRBrx4\" title=\"Serveis - Outsourcing\" frameborder=\"0\" allow=\"accelerometer; autoplay; clipboard-write; encrypted-media; gyroscope; picture-in-picture; web-share\" referrerpolicy=\"strict-origin-when-cross-origin\" allowfullscreen=\"\"><\/iframe>\n<\/div>\n\n\n\n<div class=\"wp-block-column pinned-element right is-layout-flow wp-block-column-is-layout-flow\">\n<h3 class=\"wp-block-heading has-mask-fill block-title\">WIN-WIN<\/h3>\n\n\n\n<p class=\"has-opacity no-margins\">Amb la filosofia del win-win, ens aliniem amb els objectius de la teva empresa. <\/p>\n\n\n\n<p><\/p>\n\n\n\n<p class=\"has-opacity no-margins\"><strong>Establim un variable vinculat a uns KPIs estrat\u00e8gics. Si no els aconseguim, no els cobrem. <\/strong><\/p>\n\n\n\n<p><\/p>\n\n\n\n<p>Simple, rentable i just.<\/p>\n\n\n\n<p class=\"has-opacity no-margins\">Volem demostrar que el comprom\u00eds \u00e9s total. El teu \u00e8xit va lligat al nostre. Sense trampa ni cart\u00f3.  <\/p>\n<\/div>\n<\/div>\n<\/div>\n\n\n\n<div class=\"wp-block-manifesto-gutenberg-container content-row light-section normal row_padding_top row_padding_bottom change-header-color\" data-bgcolor=\"#ffffff\" style=\"text-align:left\">\n<h2 class=\"wp-block-heading\">PERFILS PROFESSIONALS<\/h2>\n\n\n\n<p>L\u2019outsourcing no est\u00e0 renyit amb tenir un departament intern. De fet, \u00e9s 100\u202f% complementari. Comptem amb un equip pluridisciplinari que es pot adaptar a les necessitats de la teva empresa, amb perfils professionals que poden completar el teu equip sense necessitat d\u2019augmentar la plantilla. Tenim in-house els perfils seg\u00fcents:   <\/p>\n\n\n\n<dl class=\"wp-block-manifesto-gutenberg-accordion accordion small-acc has-animation\">\n<dt><span class=\"link\"><em>Marketing<\/em> i estrat\u00e8gia<\/span><div class=\"acc-icon-wrap parallax-wrap\"><div class=\"acc-button-icon parallax-element\"><i class=\"fa fa-arrow-right\"><\/i><\/div><\/div><\/dt><dd class=\"accordion-content\">Estrat\u00e8gia i consultoria de marketing \nAnal\u00edtica \nSEO\/SEM \nSocial media manager<\/dd>\n\n\n\n<dt><span class=\"link\">Disseny<\/span><div class=\"acc-icon-wrap parallax-wrap\"><div class=\"acc-button-icon parallax-element\"><i class=\"fa fa-arrow-right\"><\/i><\/div><\/div><\/dt><dd class=\"accordion-content\">Direcci\u00f3 art\u00edstica \nBranding \nDisseny gr\u00e0fic \nDisseny audiovisual<\/dd>\n\n\n\n<dt><span class=\"link\">Multim\u00e8dia<\/span><div class=\"acc-icon-wrap parallax-wrap\"><div class=\"acc-button-icon parallax-element\"><i class=\"fa fa-arrow-right\"><\/i><\/div><\/div><\/dt><dd class=\"accordion-content\">Fotografia\nProducci\u00f3 audiovisual\nCreaci\u00f3 de continguts multim\u00e8dia<\/dd>\n\n\n\n<dt><span class=\"link\">Web<\/span><div class=\"acc-icon-wrap parallax-wrap\"><div class=\"acc-button-icon parallax-element\"><i class=\"fa fa-arrow-right\"><\/i><\/div><\/div><\/dt><dd class=\"accordion-content\">Disseny i desenvolupament web\nGesti\u00f3 i manteniment web<\/dd>\n<\/dl>\n<\/div>\n\n\n\n<div class=\"wp-block-manifesto-gutenberg-container content-row light-section normal row_padding_top row_padding_bottom change-header-color\" data-bgcolor=\"#eeeeee\" style=\"text-align:left\">\n<div class=\"wp-block-columns pinned-section is-layout-flex wp-container-core-columns-is-layout-3 wp-block-columns-is-layout-flex\">\n<div class=\"wp-block-column pinned-element left is-layout-flow wp-block-column-is-layout-flow\">\n<h3 class=\"wp-block-heading has-mask-fill block-title\">Un servei exclusiu<\/h3>\n\n\n\n<p class=\"has-opacity no-margins\">Perqu\u00e8 el creixement dels nostres clients no tingui l\u00edmits, nosaltres hem de con\u00e8ixer b\u00e9 els nostres. Oferim <em>partnership<\/em> de m\u00e0rqueting a 10 clients a la vegada per garantir la millor atenci\u00f3 i rapidesa de resposta sense sobrepassar la nostra capacitat.  <\/p>\n\n\n\n<p class=\"has-opacity no-margins\"><\/p>\n<\/div>\n\n\n\n<div class=\"wp-block-column scrolling-element right is-layout-flow wp-block-column-is-layout-flow\">\n<figure class=\" \"><a class=\"image-link\" href=\"https:\/\/olalon.com\/wp-content\/uploads\/2024\/11\/Exclusividad.png\"><img decoding=\"async\" src=\"https:\/\/olalon.com\/wp-content\/uploads\/2024\/11\/Exclusividad.png\" alt=\"\" \/><\/a><figcaption><\/figcaption><\/figure>\n<\/div>\n<\/div>\n<\/div>\n\n\n\n<div class=\"wp-block-manifesto-gutenberg-container content-row dark-section normal row_padding_top row_padding_bottom\" data-bgcolor=\"transparent\" style=\"text-align:left\">\n<h2 class=\"wp-block-heading has-text-align-center\">Alguns dels nostres \u00faltims projectes<\/h2>\n\n\n\n<!-- Showcase List Holder --><div id=\"itemsWrapperLinks\"><!-- Showcase List --><div id=\"itemsWrapper\" class=\"webgl-fitthumbs fx-one\"><!-- ClaPat Portfolio --><div class=\"showcase-portfolio layout-three\"><div class=\"clapat-item marqueting-en-linia publicitat web proyectos-web \"><div class=\"slide-inner trigger-item\" data-centerLine=\"ABRIR\"><div class=\"img-mask\"><a class=\"slide-link\" data-type=\"page-transition\" href=\"https:\/\/olalon.com\/ca\/manifesto_portfolio\/pronautic-2\/\"><\/a><div class=\"section-image trigger-item-link\"><img decoding=\"async\" src=\"https:\/\/olalon.com\/wp-content\/uploads\/2025\/09\/NATU-Branding-2-42_resultat-scaled.webp\" class=\"item-image grid__item-img\" alt=\"\"><\/div><img decoding=\"async\" class=\"grid__item-img grid__item-img--large\" src=\"https:\/\/olalon.com\/wp-content\/uploads\/2025\/09\/NATU-Branding-2-42_resultat-scaled.webp\" alt=\"\" \/><\/div><div class=\"slide-caption trigger-item-link-secondary\"><div class=\"slide-title\"><span><em>Pronautic<\/em><\/span><\/div><div class=\"slide-date\"><span>2023<\/span><\/div><div class=\"slide-cat\"><span>M\u00e0rqueting en l\u00ednia, Publicitat, web, Web<\/span><\/div><div class=\"slide-icon\"><i class=\"arrow-icon-down\"><\/i><\/div><\/div><\/div><\/div><div class=\"clapat-item marqueting-en-linia web \"><div class=\"slide-inner trigger-item\" data-centerLine=\"ABRIR\"><div class=\"img-mask\"><a class=\"slide-link\" data-type=\"page-transition\" href=\"https:\/\/olalon.com\/ca\/manifesto_portfolio\/grafiques-beyco-2\/\"><\/a><div class=\"section-image trigger-item-link\"><img decoding=\"async\" src=\"https:\/\/olalon.com\/wp-content\/uploads\/2025\/08\/OLA-GRAFISMES-WEB-OLALON_resultat.webp\" class=\"item-image grid__item-img\" alt=\"finques segarra marketing de contenidos inmobiliaria\"><\/div><img decoding=\"async\" class=\"grid__item-img grid__item-img--large\" src=\"https:\/\/olalon.com\/wp-content\/uploads\/2025\/08\/OLA-GRAFISMES-WEB-OLALON_resultat.webp\" alt=\"finques segarra marketing de contenidos inmobiliaria\" \/><\/div><div class=\"slide-caption trigger-item-link-secondary\"><div class=\"slide-title\"><span>Gr\u00e0fiques <em>Beyco<\/em> <\/span><\/div><div class=\"slide-date\"><span>2024<\/span><\/div><div class=\"slide-cat\"><span>M\u00e0rqueting en l\u00ednia, web<\/span><\/div><div class=\"slide-icon\"><i class=\"arrow-icon-down\"><\/i><\/div><\/div><\/div><\/div><div class=\"clapat-item marqueting-en-linia web \"><div class=\"slide-inner trigger-item\" data-centerLine=\"ABRIR\"><div class=\"img-mask\"><a class=\"slide-link\" data-type=\"page-transition\" href=\"https:\/\/olalon.com\/ca\/manifesto_portfolio\/continguts-xarxes-socials-clinica-estetica\/\"><\/a><div class=\"section-image trigger-item-link\"><img decoding=\"async\" src=\"https:\/\/olalon.com\/wp-content\/uploads\/2025\/08\/Post-2-41_resultat.webp\" class=\"item-image grid__item-img\" alt=\"Consulta cl\u00ednica Rigo | Olalon\"><\/div><img decoding=\"async\" class=\"grid__item-img grid__item-img--large\" src=\"https:\/\/olalon.com\/wp-content\/uploads\/2025\/08\/Post-2-41_resultat.webp\" alt=\"Consulta cl\u00ednica Rigo | Olalon\" \/><\/div><div class=\"slide-caption trigger-item-link-secondary\"><div class=\"slide-title\"><span><em>Cl\u00ednica<\/em> Rigo<\/span><\/div><div class=\"slide-date\"><span>2025<\/span><\/div><div class=\"slide-cat\"><span>M\u00e0rqueting en l\u00ednia, web<\/span><\/div><div class=\"slide-icon\"><i class=\"arrow-icon-down\"><\/i><\/div><\/div><\/div><\/div><div class=\"clapat-item marqueting-en-linia web \"><div class=\"slide-inner trigger-item\" data-centerLine=\"ABRIR\"><div class=\"img-mask\"><a class=\"slide-link\" data-type=\"page-transition\" href=\"https:\/\/olalon.com\/ca\/manifesto_portfolio\/delfa-seguretat\/\"><\/a><div class=\"section-image trigger-item-link\"><img decoding=\"async\" src=\"https:\/\/olalon.com\/wp-content\/uploads\/2025\/04\/web-olalon-delfa_resultat.webp\" class=\"item-image grid__item-img\" alt=\"\"><\/div><img decoding=\"async\" class=\"grid__item-img grid__item-img--large\" src=\"https:\/\/olalon.com\/wp-content\/uploads\/2025\/04\/web-olalon-delfa_resultat.webp\" alt=\"\" \/><\/div><div class=\"slide-caption trigger-item-link-secondary\"><div class=\"slide-title\"><span><em>DELFA<\/em> SEGURETAT<\/span><\/div><div class=\"slide-date\"><span>2024<\/span><\/div><div class=\"slide-cat\"><span>M\u00e0rqueting en l\u00ednia, web<\/span><\/div><div class=\"slide-icon\"><i class=\"arrow-icon-down\"><\/i><\/div><\/div><\/div><\/div><\/div><!--\/Clapat Portfolio--><\/div><!--\/Showcase List--><\/div><!--\/Showcase List Holder-->\n<\/div>\n\n\n\n<div class=\"wp-block-manifesto-gutenberg-container content-row light-section normal\" data-bgcolor=\"#ffffff\" style=\"text-align:left\">\n<div class=\"wp-block-manifesto-gutenberg-list-rotator list-rotator-wrapper\"><div class=\"list-rotator-title has-mask-fill\">T\u2019AJUDEM EN&#8230;<\/div><div class=\"list-rotator-height\"><div class=\"list-rotator-pin\"><ul class=\"list-rotator\">\n<li class=\"wp-block-manifesto-gutenberg-list-rotator-item\">\n<a href=\"https:\/\/olalon.com\/ca\/serveis\/marqueting-en-linia\/estrategia-de-seo\/\">SEO<\/a>\n<\/li>\n\n\n\n<li class=\"wp-block-manifesto-gutenberg-list-rotator-item\">\n<a href=\"https:\/\/olalon.com\/ca\/serveis\/marqueting-en-linia\/estrategia-de-xarxes-socials\/\">Social media<\/a>\n<\/li>\n\n\n\n<li class=\"wp-block-manifesto-gutenberg-list-rotator-item\">\n<a href=\"https:\/\/olalon.com\/ca\/serveis\/marqueting-en-linia\/marketing-de-continguts\/\">M\u00e0rqueting de continguts<\/a>\n<\/li>\n\n\n\n<li class=\"wp-block-manifesto-gutenberg-list-rotator-item\">\n<a href=\"https:\/\/olalon.com\/ca\/serveis\/marqueting-en-linia\/campanya-demail-marketing\/\">Email <em>m\u00e0rqueting<\/em><\/a>\n<\/li>\n\n\n\n<li class=\"wp-block-manifesto-gutenberg-list-rotator-item\">\n<a href=\"https:\/\/olalon.com\/ca\/serveis\/marqueting-en-linia\/consultoria-de-marqueting\/\">Consultoria <em>de m\u00e0rqueting<\/em><\/a>\n<\/li>\n\n\n\n<li class=\"wp-block-manifesto-gutenberg-list-rotator-item\">\n<a href=\"https:\/\/olalon.com\/ca\/serveis\/marqueting-en-linia\/copywriting\/\">Copywriting<\/a>\n<\/li>\n\n\n\n<li class=\"wp-block-manifesto-gutenberg-list-rotator-item\">\n<a href=\"https:\/\/olalon.com\/ca\/serveis\/outsourcing-de-marketing\">Outsourcing <em>de m\u00e0rqueting<\/em><\/a>\n<\/li>\n\n\n\n<li class=\"wp-block-manifesto-gutenberg-list-rotator-item\">\n<a href=\"https:\/\/olalon.com\/ca\/serveis\/marqueting-en-linia\/estrategia-de-marqueting-digital\/\">Estrat\u00e8gia <em>de m\u00e0rqueting digital<\/em><\/a>\n<\/li>\n\n\n\n<li class=\"wp-block-manifesto-gutenberg-list-rotator-item\">\n<a href=\"https:\/\/olalon.com\/ca\/serveis\/marqueting-en-linia\/campanya-demail-marketing\">Campanyes <em>de publicitat<\/em><\/a>\n<\/li>\n\n\n\n<li class=\"wp-block-manifesto-gutenberg-list-rotator-item\">\n<a href=\"https:\/\/olalon.com\/ca\/serveis\/marqueting-en-linia\/campanyes-de-google-ads\/\">Paid media <em>(Google Ads, Social Ads, etc.)<\/em><\/a>\n<\/li>\n<\/ul><\/div><\/div><\/div>\n<\/div>\n","protected":false},"excerpt":{"rendered":"","protected":false},"author":3,"featured_media":0,"parent":3767,"menu_order":0,"comment_status":"closed","ping_status":"closed","template":"","meta":{"_acf_changed":false,"_joinchat":[],"footnotes":""},"class_list":["post-3833","page","type-page","status-publish","hentry"],"acf":[],"yoast_head":"<!-- This site is optimized with the Yoast SEO plugin v25.4 - https:\/\/yoast.com\/wordpress\/plugins\/seo\/ -->\n<title>L\u2019outsourcing de m\u00e0rqueting \u00e9s el servei d\u2019externalitzar el m\u00e0rqueting de la teva empresa. Ens convertim en el teu partner clau i ens alineem amb els teus objectius.<\/title>\n<meta name=\"robots\" content=\"index, follow, max-snippet:-1, max-image-preview:large, max-video-preview:-1\" \/>\n<link rel=\"canonical\" href=\"https:\/\/olalon.com\/ca\/serveis\/outsourcing-de-marketing\/\" \/>\n<meta property=\"og:locale\" content=\"ca_ES\" \/>\n<meta property=\"og:type\" content=\"article\" \/>\n<meta property=\"og:title\" content=\"L\u2019outsourcing de m\u00e0rqueting \u00e9s el servei d\u2019externalitzar el m\u00e0rqueting de la teva empresa. Ens convertim en el teu partner clau i ens alineem amb els teus objectius.\" \/>\n<meta property=\"og:url\" content=\"https:\/\/olalon.com\/ca\/serveis\/outsourcing-de-marketing\/\" \/>\n<meta property=\"og:site_name\" content=\"Olalon\" \/>\n<meta property=\"article:modified_time\" content=\"2025-07-19T06:04:28+00:00\" \/>\n<meta property=\"og:image\" content=\"https:\/\/olalon.com\/wp-content\/uploads\/2024\/09\/recursos-web-_resultat.webp\" \/>\n<meta name=\"twitter:card\" content=\"summary_large_image\" \/>\n<meta name=\"twitter:label1\" content=\"Temps estimat de lectura\" \/>\n\t<meta name=\"twitter:data1\" content=\"2 minuts\" \/>\n<script type=\"application\/ld+json\" class=\"yoast-schema-graph\">{\"@context\":\"https:\/\/schema.org\",\"@graph\":[{\"@type\":\"WebPage\",\"@id\":\"https:\/\/olalon.com\/ca\/serveis\/outsourcing-de-marketing\/\",\"url\":\"https:\/\/olalon.com\/ca\/serveis\/outsourcing-de-marketing\/\",\"name\":\"L\u2019outsourcing de m\u00e0rqueting \u00e9s el servei d\u2019externalitzar el m\u00e0rqueting de la teva empresa. Ens convertim en el teu partner clau i ens alineem amb els teus objectius.\",\"isPartOf\":{\"@id\":\"https:\/\/olalon.com\/ca\/#website\"},\"primaryImageOfPage\":{\"@id\":\"https:\/\/olalon.com\/ca\/serveis\/outsourcing-de-marketing\/#primaryimage\"},\"image\":{\"@id\":\"https:\/\/olalon.com\/ca\/serveis\/outsourcing-de-marketing\/#primaryimage\"},\"thumbnailUrl\":\"https:\/\/olalon.com\/wp-content\/uploads\/2024\/09\/recursos-web-_resultat.webp\",\"datePublished\":\"2024-09-25T12:45:13+00:00\",\"dateModified\":\"2025-07-19T06:04:28+00:00\",\"breadcrumb\":{\"@id\":\"https:\/\/olalon.com\/ca\/serveis\/outsourcing-de-marketing\/#breadcrumb\"},\"inLanguage\":\"ca\",\"potentialAction\":[{\"@type\":\"ReadAction\",\"target\":[\"https:\/\/olalon.com\/ca\/serveis\/outsourcing-de-marketing\/\"]}]},{\"@type\":\"ImageObject\",\"inLanguage\":\"ca\",\"@id\":\"https:\/\/olalon.com\/ca\/serveis\/outsourcing-de-marketing\/#primaryimage\",\"url\":\"https:\/\/olalon.com\/wp-content\/uploads\/2024\/09\/recursos-web-_resultat.webp\",\"contentUrl\":\"https:\/\/olalon.com\/wp-content\/uploads\/2024\/09\/recursos-web-_resultat.webp\"},{\"@type\":\"BreadcrumbList\",\"@id\":\"https:\/\/olalon.com\/ca\/serveis\/outsourcing-de-marketing\/#breadcrumb\",\"itemListElement\":[{\"@type\":\"ListItem\",\"position\":1,\"name\":\"Portada\",\"item\":\"https:\/\/olalon.com\/ca\/ugc-los-contenidos-reales-que-mejor-funcionan-en-redes\/\"},{\"@type\":\"ListItem\",\"position\":2,\"name\":\"Serveis\",\"item\":\"https:\/\/olalon.com\/ca\/ugc-los-contenidos-reales-que-mejor-funcionan-en-redes\/\"},{\"@type\":\"ListItem\",\"position\":3,\"name\":\"Outsourcing de marketing\"}]},{\"@type\":\"WebSite\",\"@id\":\"https:\/\/olalon.com\/ca\/#website\",\"url\":\"https:\/\/olalon.com\/ca\/\",\"name\":\"Olalon\",\"description\":\"Agencia de Publicidad, Dise\u00f1o y Marketing Online\",\"publisher\":{\"@id\":\"https:\/\/olalon.com\/ca\/#organization\"},\"potentialAction\":[{\"@type\":\"SearchAction\",\"target\":{\"@type\":\"EntryPoint\",\"urlTemplate\":\"https:\/\/olalon.com\/ca\/?s={search_term_string}\"},\"query-input\":{\"@type\":\"PropertyValueSpecification\",\"valueRequired\":true,\"valueName\":\"search_term_string\"}}],\"inLanguage\":\"ca\"},{\"@type\":\"Organization\",\"@id\":\"https:\/\/olalon.com\/ca\/#organization\",\"name\":\"Olalon\",\"url\":\"https:\/\/olalon.com\/ca\/\",\"logo\":{\"@type\":\"ImageObject\",\"inLanguage\":\"ca\",\"@id\":\"https:\/\/olalon.com\/ca\/#\/schema\/logo\/image\/\",\"url\":\"https:\/\/olalon.com\/wp-content\/uploads\/2025\/02\/Logo_Olalon-01.png\",\"contentUrl\":\"https:\/\/olalon.com\/wp-content\/uploads\/2025\/02\/Logo_Olalon-01.png\",\"width\":2249,\"height\":989,\"caption\":\"Olalon\"},\"image\":{\"@id\":\"https:\/\/olalon.com\/ca\/#\/schema\/logo\/image\/\"},\"sameAs\":[\"https:\/\/www.instagram.com\/olalonstudio\/\",\"https:\/\/www.youtube.com\/c\/olalonstudio\",\"https:\/\/www.tiktok.com\/@olalonstudio\"]}]}<\/script>\n<!-- \/ Yoast SEO plugin. -->","yoast_head_json":{"title":"L\u2019outsourcing de m\u00e0rqueting \u00e9s el servei d\u2019externalitzar el m\u00e0rqueting de la teva empresa. Ens convertim en el teu partner clau i ens alineem amb els teus objectius.","robots":{"index":"index","follow":"follow","max-snippet":"max-snippet:-1","max-image-preview":"max-image-preview:large","max-video-preview":"max-video-preview:-1"},"canonical":"https:\/\/olalon.com\/ca\/serveis\/outsourcing-de-marketing\/","og_locale":"ca_ES","og_type":"article","og_title":"L\u2019outsourcing de m\u00e0rqueting \u00e9s el servei d\u2019externalitzar el m\u00e0rqueting de la teva empresa. Ens convertim en el teu partner clau i ens alineem amb els teus objectius.","og_url":"https:\/\/olalon.com\/ca\/serveis\/outsourcing-de-marketing\/","og_site_name":"Olalon","article_modified_time":"2025-07-19T06:04:28+00:00","og_image":[{"url":"https:\/\/olalon.com\/wp-content\/uploads\/2024\/09\/recursos-web-_resultat.webp","type":"","width":"","height":""}],"twitter_card":"summary_large_image","twitter_misc":{"Temps estimat de lectura":"2 minuts"},"schema":{"@context":"https:\/\/schema.org","@graph":[{"@type":"WebPage","@id":"https:\/\/olalon.com\/ca\/serveis\/outsourcing-de-marketing\/","url":"https:\/\/olalon.com\/ca\/serveis\/outsourcing-de-marketing\/","name":"L\u2019outsourcing de m\u00e0rqueting \u00e9s el servei d\u2019externalitzar el m\u00e0rqueting de la teva empresa. Ens convertim en el teu partner clau i ens alineem amb els teus objectius.","isPartOf":{"@id":"https:\/\/olalon.com\/ca\/#website"},"primaryImageOfPage":{"@id":"https:\/\/olalon.com\/ca\/serveis\/outsourcing-de-marketing\/#primaryimage"},"image":{"@id":"https:\/\/olalon.com\/ca\/serveis\/outsourcing-de-marketing\/#primaryimage"},"thumbnailUrl":"https:\/\/olalon.com\/wp-content\/uploads\/2024\/09\/recursos-web-_resultat.webp","datePublished":"2024-09-25T12:45:13+00:00","dateModified":"2025-07-19T06:04:28+00:00","breadcrumb":{"@id":"https:\/\/olalon.com\/ca\/serveis\/outsourcing-de-marketing\/#breadcrumb"},"inLanguage":"ca","potentialAction":[{"@type":"ReadAction","target":["https:\/\/olalon.com\/ca\/serveis\/outsourcing-de-marketing\/"]}]},{"@type":"ImageObject","inLanguage":"ca","@id":"https:\/\/olalon.com\/ca\/serveis\/outsourcing-de-marketing\/#primaryimage","url":"https:\/\/olalon.com\/wp-content\/uploads\/2024\/09\/recursos-web-_resultat.webp","contentUrl":"https:\/\/olalon.com\/wp-content\/uploads\/2024\/09\/recursos-web-_resultat.webp"},{"@type":"BreadcrumbList","@id":"https:\/\/olalon.com\/ca\/serveis\/outsourcing-de-marketing\/#breadcrumb","itemListElement":[{"@type":"ListItem","position":1,"name":"Portada","item":"https:\/\/olalon.com\/ca\/ugc-los-contenidos-reales-que-mejor-funcionan-en-redes\/"},{"@type":"ListItem","position":2,"name":"Serveis","item":"https:\/\/olalon.com\/ca\/ugc-los-contenidos-reales-que-mejor-funcionan-en-redes\/"},{"@type":"ListItem","position":3,"name":"Outsourcing de marketing"}]},{"@type":"WebSite","@id":"https:\/\/olalon.com\/ca\/#website","url":"https:\/\/olalon.com\/ca\/","name":"Olalon","description":"Agencia de Publicidad, Dise\u00f1o y Marketing Online","publisher":{"@id":"https:\/\/olalon.com\/ca\/#organization"},"potentialAction":[{"@type":"SearchAction","target":{"@type":"EntryPoint","urlTemplate":"https:\/\/olalon.com\/ca\/?s={search_term_string}"},"query-input":{"@type":"PropertyValueSpecification","valueRequired":true,"valueName":"search_term_string"}}],"inLanguage":"ca"},{"@type":"Organization","@id":"https:\/\/olalon.com\/ca\/#organization","name":"Olalon","url":"https:\/\/olalon.com\/ca\/","logo":{"@type":"ImageObject","inLanguage":"ca","@id":"https:\/\/olalon.com\/ca\/#\/schema\/logo\/image\/","url":"https:\/\/olalon.com\/wp-content\/uploads\/2025\/02\/Logo_Olalon-01.png","contentUrl":"https:\/\/olalon.com\/wp-content\/uploads\/2025\/02\/Logo_Olalon-01.png","width":2249,"height":989,"caption":"Olalon"},"image":{"@id":"https:\/\/olalon.com\/ca\/#\/schema\/logo\/image\/"},"sameAs":["https:\/\/www.instagram.com\/olalonstudio\/","https:\/\/www.youtube.com\/c\/olalonstudio","https:\/\/www.tiktok.com\/@olalonstudio"]}]}},"_links":{"self":[{"href":"https:\/\/olalon.com\/ca\/wp-json\/wp\/v2\/pages\/3833","targetHints":{"allow":["GET"]}}],"collection":[{"href":"https:\/\/olalon.com\/ca\/wp-json\/wp\/v2\/pages"}],"about":[{"href":"https:\/\/olalon.com\/ca\/wp-json\/wp\/v2\/types\/page"}],"author":[{"embeddable":true,"href":"https:\/\/olalon.com\/ca\/wp-json\/wp\/v2\/users\/3"}],"replies":[{"embeddable":true,"href":"https:\/\/olalon.com\/ca\/wp-json\/wp\/v2\/comments?post=3833"}],"version-history":[{"count":2,"href":"https:\/\/olalon.com\/ca\/wp-json\/wp\/v2\/pages\/3833\/revisions"}],"predecessor-version":[{"id":4017,"href":"https:\/\/olalon.com\/ca\/wp-json\/wp\/v2\/pages\/3833\/revisions\/4017"}],"up":[{"embeddable":true,"href":"https:\/\/olalon.com\/ca\/wp-json\/wp\/v2\/pages\/3767"}],"wp:attachment":[{"href":"https:\/\/olalon.com\/ca\/wp-json\/wp\/v2\/media?parent=3833"}],"curies":[{"name":"wp","href":"https:\/\/api.w.org\/{rel}","templated":true}]}}