{"id":3844,"date":"2024-12-03T12:11:05","date_gmt":"2024-12-03T11:11:05","guid":{"rendered":"https:\/\/olalon.com\/serveis\/productora-audiovisual\/fotografia-de-producte\/"},"modified":"2025-07-04T06:21:35","modified_gmt":"2025-07-04T04:21:35","slug":"fotografia-de-producte","status":"publish","type":"page","link":"https:\/\/olalon.com\/ca\/serveis\/productora-audiovisual\/fotografia-de-producte\/","title":{"rendered":"Fotografia de producte"},"content":{"rendered":"\n<div class=\"wp-block-manifesto-gutenberg-container content-row dark-section normal\" data-bgcolor=\"#000000\" style=\"text-align:left\">\n<div class=\"wp-block-manifesto-gutenberg-clipped-image clipped-image-wrapper\"><div class=\"clipped-image-pin\"><div class=\"clipped-image\"><img decoding=\"async\" src=\"https:\/\/olalon.com\/wp-content\/uploads\/2024\/12\/PERINET-MonovarietalsRevelades-9.webp\" alt=\"Fotograf\u00eda de producto de botella de vino\"\/><div class=\"clipped-image-gradient\"><\/div><\/div><\/div><div class=\"clipped-image-content content-full-width\">\n<div class=\"wp-block-manifesto-gutenberg-marquee-content marquee-text-wrapper\"><h1 class=\"marquee-text no-margins fw big-title\">\nFOTOGRAFIA DE <em>PRODUCTE<\/em>\n<\/h1><\/div>\n<\/div><\/div>\n<\/div>\n\n<div class=\"wp-block-manifesto-gutenberg-container content-row dark-section normal row_padding_top row_padding_bottom\" data-bgcolor=\"#000000\" style=\"text-align:left\">\n<div class=\"wp-block-columns pinned-section is-layout-flex wp-container-core-columns-is-layout-1 wp-block-columns-is-layout-flex\">\n<div class=\"wp-block-column scrolling-element left is-layout-flow wp-block-column-is-layout-flow\">\n<iframe loading=\"lazy\" width=\"370\" height=\"658\" src=\"https:\/\/www.youtube.com\/embed\/twG7vUzIIsM\" title=\"Fotografia de producte creativa\" frameborder=\"0\" allow=\"accelerometer; autoplay; clipboard-write; encrypted-media; gyroscope; picture-in-picture; web-share\" referrerpolicy=\"strict-origin-when-cross-origin\" allowfullscreen=\"\">\n<\/iframe>\n<\/div>\n\n\n\n<div class=\"wp-block-column pinned-element right is-layout-flow wp-block-column-is-layout-flow\">\n<h2 class=\"wp-block-heading\">FOTOGRAFIA DE PRODUCTE CREATIVA<\/h2>\n\n\n\n<p class=\"has-opacity\">Et mostrem el nostre <strong>proc\u00e9s creatiu.<\/strong><\/p>\n\n\n\n<ul class=\"wp-block-list\">\n<li><strong>Briefing inicial: Connectem amb tu i la teva marca.<\/strong> Ens reunim per entendre qu\u00e8 vols transmetre i qu\u00e8 fa especial el teu producte.<\/li>\n\n\n\n<li><strong>Concepte visual: Creem una narrativa visual \u00fanica.<\/strong> Disseny de l\u2019escenari, elecci\u00f3 de fons, atrezzo, il\u00b7luminaci\u00f3&#8230; Tot compta.<\/li>\n\n\n\n<li><strong>Sessi\u00f3 fotogr\u00e0fica: La m\u00e0gia cobra vida.<\/strong> Capturem cada angle, textura i detall amb t\u00e8cniques professionals de fotografia.<\/li>\n\n\n\n<li><strong>Postproducci\u00f3: Elevem la imatge.<\/strong> Retocam cada fotografia per assegurar que el resultat final sigui perfecte i fidel a la teva marca.<\/li>\n<\/ul>\n\n\n\n<p class=\"has-opacity\"><em>Destacar la difer\u00e8ncia del teu producte \u00e9s la base de la diferenciaci\u00f3 amb la teva compet\u00e8ncia.<\/em><\/p>\n<\/div>\n<\/div>\n<\/div>\n\n<div class=\"wp-block-manifesto-gutenberg-container content-row light-section normal row_padding_top change-header-color\" data-bgcolor=\"#ffffff\" style=\"text-align:left\">\n<div class=\"wp-block-columns is-layout-flex wp-container-core-columns-is-layout-2 wp-block-columns-is-layout-flex\">\n<div class=\"wp-block-column is-layout-flow wp-block-column-is-layout-flow\">\n<h3 class=\"wp-block-heading has-mask-fill block-title\">Fotografia<\/h3>\n\n\n\n<p class=\"has-opacity\">Una imatge ben feta t\u00e9 el poder de comunicar all\u00f2 que les paraules no poden expressar. La nostra fotografia de producte i branding est\u00e0 dissenyada per <strong>mostrar l\u2019ess\u00e8ncia de la teva marca<\/strong> i real\u00e7ar els teus productes o serveis. Ens enfoquem en crear imatges impactants que destaquin en qualsevol plataforma, ja sigui un lloc web, xarxes socials o material publicitari.  <\/p>\n\n\n\n<p class=\"has-opacity\">Combinen t\u00e8cniques fotogr\u00e0fiques avan\u00e7ades amb un enfocament creatiu i personalitzat per garantir que cada fotografia <strong>expliqui una hist\u00f2ria aut\u00e8ntica<\/strong>, reflecteixi la identitat de la teva marca i atragui l\u2019atenci\u00f3 de la teva audi\u00e8ncia ideal.<\/p>\n\n\n\n<div style=\"height:41px\" aria-hidden=\"true\" class=\"wp-block-spacer\"><\/div>\n<\/div>\n<\/div>\n<\/div>\n\n<div class=\"wp-block-manifesto-gutenberg-container content-row light-section normal row_padding_bottom change-header-color\" data-bgcolor=\"#ffffff\" style=\"text-align:left\">\n<div class=\"reveal-gallery\"><div class=\"reveal-img\"><img decoding=\"async\" src=\"https:\/\/olalon.com\/wp-content\/uploads\/2024\/12\/MSV-Bodego-NEWS-59.webp\" alt=\"\" \/><\/div><div class=\"reveal-img-fixed\"><img decoding=\"async\" src=\"https:\/\/olalon.com\/wp-content\/uploads\/2024\/12\/CHIRIN-MKT-COLOR-141-2.webp\" alt=\"\" \/><\/div><div class=\"reveal-img\"><img decoding=\"async\" src=\"https:\/\/olalon.com\/wp-content\/uploads\/2024\/12\/GHOST_Marc_2-59.webp\" alt=\"Fotograf\u00eda de producto gastronomica\" \/><\/div><\/div>\n<\/div>\n\n<div class=\"wp-block-manifesto-gutenberg-container content-row light-section normal change-header-color\" data-bgcolor=\"#ffffff\" style=\"text-align:left\">\n<div class=\"wp-block-manifesto-gutenberg-pinned-gallery pinned-gallery\">\n<div class=\"pinned-image\"><img decoding=\"async\" src=\"https:\/\/olalon.com\/wp-content\/uploads\/2024\/12\/GEA-VENTULA-073.webp\" alt=\"Fotograf\u00eda de producto gastronomica\" \/><\/div>\n\n\n\n<div class=\"pinned-image\"><img decoding=\"async\" src=\"https:\/\/olalon.com\/wp-content\/uploads\/2024\/12\/NUT-Bodegons-23-76-1.webp\" alt=\"Fotograf\u00eda de producto gastronomica\" \/><\/div>\n\n\n\n<div class=\"pinned-image\"><img decoding=\"async\" src=\"https:\/\/olalon.com\/wp-content\/uploads\/2024\/09\/NUT-Anacardo-y-algarroba10.webp\" alt=\"Fotografia de producto alimentario\" \/><\/div>\n\n\n\n<div class=\"pinned-image\"><img decoding=\"async\" src=\"https:\/\/olalon.com\/wp-content\/uploads\/2024\/09\/NUT-Almendra-y-coco6.webp\" alt=\"Fotografia de producto alimentario\" \/><\/div>\n<\/div>\n<\/div>\n\n<div class=\"wp-block-manifesto-gutenberg-container content-row dark-section full row_padding_top\" data-bgcolor=\"#ffffff\" style=\"text-align:left\">\n<figure class=\"wp-block-manifesto-gutenberg-parallax-image has-parallax has-parallax-content\" data-delay=\"0\"><img decoding=\"async\" src=\"https:\/\/olalon.com\/wp-content\/uploads\/2024\/12\/FRESHLY-KIDS-PENDIENTES-3.webp\" alt=\"\"\/><div class=\"parallax-image-content content-full-width text-align-left\"><div class=\"outer\"><div class=\"inner\">\n<div class=\"wp-block-columns is-layout-flex wp-container-core-columns-is-layout-3 wp-block-columns-is-layout-flex\">\n<div class=\"wp-block-column is-layout-flow wp-block-column-is-layout-flow\"><\/div>\n\n\n\n<div class=\"wp-block-column is-layout-flow wp-block-column-is-layout-flow\">\n<h2 class=\"wp-block-heading has-mask-fill\"><strong><strong>Transforma els teus productes en imatges que inspiren.<\/strong><\/strong><\/h2>\n<\/div>\n<\/div>\n<\/div><\/div><\/div><\/figure>\n<\/div>\n\n<div class=\"wp-block-manifesto-gutenberg-container content-row dark-section full row_padding_top row_padding_bottom\" data-bgcolor=\"transparent\" style=\"text-align:left\">\n<h2 class=\"wp-block-heading has-text-align-center\">Alguns dels nostres projectes <\/h2>\n\n\n\n<!-- Showcase List Holder --><div id=\"itemsWrapperLinks\"><!-- Showcase List --><div id=\"itemsWrapper\" class=\"webgl-fitthumbs fx-seven\"><!-- ClaPat Portfolio --><div class=\"showcase-portfolio layout-three\"><div class=\"clapat-item disseny productora-audiovisual web \"><div class=\"slide-inner trigger-item\" data-centerLine=\"ABRIR\"><div class=\"img-mask\"><a class=\"slide-link\" data-type=\"page-transition\" href=\"https:\/\/olalon.com\/ca\/manifesto_portfolio\/mas-carpi\/\"><\/a><div class=\"section-image trigger-item-link\"><img decoding=\"async\" src=\"https:\/\/olalon.com\/wp-content\/uploads\/2025\/05\/MASCARPI_Revelades-74_resultat.webp\" class=\"item-image grid__item-img\" alt=\"\"><\/div><img decoding=\"async\" class=\"grid__item-img grid__item-img--large\" src=\"https:\/\/olalon.com\/wp-content\/uploads\/2025\/05\/MASCARPI_Revelades-74_resultat.webp\" alt=\"\" \/><\/div><div class=\"slide-caption trigger-item-link-secondary\"><div class=\"slide-title\"><span>Mas<em> Carpi<\/em> <\/span><\/div><div class=\"slide-date\"><span>2024<\/span><\/div><div class=\"slide-cat\"><span>Disseny, Productora audiovisual, web<\/span><\/div><div class=\"slide-icon\"><i class=\"arrow-icon-down\"><\/i><\/div><\/div><\/div><\/div><div class=\"clapat-item productora-audiovisual publicitat \"><div class=\"slide-inner trigger-item\" data-centerLine=\"ABRIR\"><div class=\"img-mask\"><a class=\"slide-link\" data-type=\"page-transition\" href=\"https:\/\/olalon.com\/ca\/manifesto_portfolio\/campanya-turisme-de-cambrils\/\"><\/a><div class=\"section-image trigger-item-link\"><img decoding=\"async\" src=\"https:\/\/olalon.com\/wp-content\/uploads\/2024\/10\/CMB-2_resultat.webp\" class=\"item-image grid__item-img\" alt=\"cambrils foto ni\u00f1a en la playa | olalon\"><\/div><img decoding=\"async\" class=\"grid__item-img grid__item-img--large\" src=\"https:\/\/olalon.com\/wp-content\/uploads\/2024\/10\/CMB-2_resultat.webp\" alt=\"cambrils foto ni\u00f1a en la playa | olalon\" \/><\/div><div class=\"slide-caption trigger-item-link-secondary\"><div class=\"slide-title\"><span><em>Cambrils<\/em> Turisme<\/span><\/div><div class=\"slide-date\"><span>2024<\/span><\/div><div class=\"slide-cat\"><span>Productora audiovisual, Publicitat<\/span><\/div><div class=\"slide-icon\"><i class=\"arrow-icon-down\"><\/i><\/div><\/div><\/div><\/div><div class=\"clapat-item marqueting-en-linia productora-audiovisual \"><div class=\"slide-inner trigger-item\" data-centerLine=\"ABRIR\"><div class=\"img-mask\"><a class=\"slide-link\" data-type=\"page-transition\" href=\"https:\/\/olalon.com\/ca\/manifesto_portfolio\/pintalis\/\"><\/a><div class=\"section-image trigger-item-link\"><img decoding=\"async\" src=\"https:\/\/olalon.com\/wp-content\/uploads\/2024\/10\/OLA-post-IDBIO-Cartel-762-\u00d7-61-cm-5_resultat.webp\" class=\"item-image grid__item-img\" alt=\"\"><\/div><img decoding=\"async\" class=\"grid__item-img grid__item-img--large\" src=\"https:\/\/olalon.com\/wp-content\/uploads\/2024\/10\/OLA-post-IDBIO-Cartel-762-\u00d7-61-cm-5_resultat.webp\" alt=\"\" \/><\/div><div class=\"slide-caption trigger-item-link-secondary\"><div class=\"slide-title\"><span><em>Pintalis<\/em> Mollet<\/span><\/div><div class=\"slide-date\"><span>2024<\/span><\/div><div class=\"slide-cat\"><span>M\u00e0rqueting en l\u00ednia, Productora audiovisual<\/span><\/div><div class=\"slide-icon\"><i class=\"arrow-icon-down\"><\/i><\/div><\/div><\/div><\/div><div class=\"clapat-item marqueting-en-linia productora-audiovisual \"><div class=\"slide-inner trigger-item\" data-centerLine=\"ABRIR\"><div class=\"img-mask\"><a class=\"slide-link\" data-type=\"page-transition\" href=\"https:\/\/olalon.com\/ca\/manifesto_portfolio\/mas-vicenc\/\"><\/a><div class=\"section-image trigger-item-link\"><img decoding=\"async\" src=\"https:\/\/olalon.com\/wp-content\/uploads\/2024\/12\/14_resultat.webp\" class=\"item-image grid__item-img\" alt=\"\"><\/div><img decoding=\"async\" class=\"grid__item-img grid__item-img--large\" src=\"https:\/\/olalon.com\/wp-content\/uploads\/2024\/12\/14_resultat.webp\" alt=\"\" \/><\/div><div class=\"slide-caption trigger-item-link-secondary\"><div class=\"slide-title\"><span>Mas <em>Vicen\u00e7<\/em><\/span><\/div><div class=\"slide-date\"><span>2024<\/span><\/div><div class=\"slide-cat\"><span>M\u00e0rqueting en l\u00ednia, Productora audiovisual<\/span><\/div><div class=\"slide-icon\"><i class=\"arrow-icon-down\"><\/i><\/div><\/div><\/div><\/div><\/div><!--\/Clapat Portfolio--><\/div><!--\/Showcase List--><\/div><!--\/Showcase List Holder-->\n<\/div>\n\n<div class=\"wp-block-manifesto-gutenberg-container content-row light-section normal row_padding_bottom change-header-color\" data-bgcolor=\"#ffffff\" style=\"text-align:left\">\n<div class=\"wp-block-manifesto-gutenberg-list-rotator list-rotator-wrapper\"><div class=\"list-rotator-title has-mask-fill\">Servicios de multimedia<\/div><div class=\"list-rotator-height\"><div class=\"list-rotator-pin\"><ul class=\"list-rotator\">\n<li class=\"wp-block-manifesto-gutenberg-list-rotator-item\">\n<a href=\"\/servicios\/productora-audiovisual\/fotografia-de-producto\">Fotografia de producto<\/a>\n<\/li>\n\n\n\n<li class=\"wp-block-manifesto-gutenberg-list-rotator-item\">\n<a href=\"\/servicios\/productora-audiovisual\/videos-corporativos\">Videos corporativos<\/a>\n<\/li>\n\n\n\n<li class=\"wp-block-manifesto-gutenberg-list-rotator-item\">\n<a href=\"\/servicios\/productora-audiovisual\/produccion-spots-publicitarios\">Spots publicitarios <\/a>\n<\/li>\n\n\n\n<li class=\"wp-block-manifesto-gutenberg-list-rotator-item\">\n<a href=\"\/servicios\/productora-audiovisual\/reportaje-de-eventos\">Reportaje de evento<\/a>\n<\/li>\n\n\n\n<li class=\"wp-block-manifesto-gutenberg-list-rotator-item\">\n<a href=\"\/servicios\/productora-audiovisual\/video-branded-content\">Video branded content<\/a>\n<\/li>\n\n\n\n<li class=\"wp-block-manifesto-gutenberg-list-rotator-item\">\n<a href=\"\/servicios\/productora-audiovisual\/produccion-video-con-drone\">Video con dron<\/a>\n<\/li>\n\n\n\n<li class=\"wp-block-manifesto-gutenberg-list-rotator-item\">\n<a href=\"\/servicios\/productora-audiovisual\/video-de-animacion\">Video animaci\u00f3n<\/a>\n<\/li>\n<\/ul><\/div><\/div><\/div>\n<\/div>\n","protected":false},"excerpt":{"rendered":"","protected":false},"author":4,"featured_media":0,"parent":3835,"menu_order":0,"comment_status":"closed","ping_status":"closed","template":"","meta":{"_acf_changed":false,"_joinchat":[],"footnotes":""},"class_list":["post-3844","page","type-page","status-publish","hentry"],"acf":[],"yoast_head":"<!-- This site is optimized with the Yoast SEO plugin v25.4 - https:\/\/yoast.com\/wordpress\/plugins\/seo\/ -->\n<title>Fotografia de producte | Olalon<\/title>\n<meta name=\"description\" content=\"Servei de fotografia i v\u00eddeo de producte. Imatges persuasius i impactants per donar vida als teus productes.\" \/>\n<meta name=\"robots\" content=\"index, follow, max-snippet:-1, max-image-preview:large, max-video-preview:-1\" \/>\n<link rel=\"canonical\" href=\"https:\/\/olalon.com\/ca\/serveis\/productora-audiovisual\/fotografia-de-producte\/\" \/>\n<meta property=\"og:locale\" content=\"ca_ES\" \/>\n<meta property=\"og:type\" content=\"article\" \/>\n<meta property=\"og:title\" content=\"Fotografia de producte | Olalon\" \/>\n<meta property=\"og:description\" content=\"Servei de fotografia i v\u00eddeo de producte. Imatges persuasius i impactants per donar vida als teus productes.\" \/>\n<meta property=\"og:url\" content=\"https:\/\/olalon.com\/ca\/serveis\/productora-audiovisual\/fotografia-de-producte\/\" \/>\n<meta property=\"og:site_name\" content=\"Olalon\" \/>\n<meta property=\"article:modified_time\" content=\"2025-07-04T04:21:35+00:00\" \/>\n<meta property=\"og:image\" content=\"https:\/\/olalon.com\/wp-content\/uploads\/2024\/12\/PERINET-MonovarietalsRevelades-9.webp\" \/>\n<meta name=\"twitter:card\" content=\"summary_large_image\" \/>\n<meta name=\"twitter:label1\" content=\"Temps estimat de lectura\" \/>\n\t<meta name=\"twitter:data1\" content=\"2 minuts\" \/>\n<script type=\"application\/ld+json\" class=\"yoast-schema-graph\">{\"@context\":\"https:\/\/schema.org\",\"@graph\":[{\"@type\":\"WebPage\",\"@id\":\"https:\/\/olalon.com\/ca\/serveis\/productora-audiovisual\/fotografia-de-producte\/\",\"url\":\"https:\/\/olalon.com\/ca\/serveis\/productora-audiovisual\/fotografia-de-producte\/\",\"name\":\"Fotografia de producte | Olalon\",\"isPartOf\":{\"@id\":\"https:\/\/olalon.com\/ca\/#website\"},\"primaryImageOfPage\":{\"@id\":\"https:\/\/olalon.com\/ca\/serveis\/productora-audiovisual\/fotografia-de-producte\/#primaryimage\"},\"image\":{\"@id\":\"https:\/\/olalon.com\/ca\/serveis\/productora-audiovisual\/fotografia-de-producte\/#primaryimage\"},\"thumbnailUrl\":\"https:\/\/olalon.com\/wp-content\/uploads\/2024\/12\/PERINET-MonovarietalsRevelades-9.webp\",\"datePublished\":\"2024-12-03T11:11:05+00:00\",\"dateModified\":\"2025-07-04T04:21:35+00:00\",\"description\":\"Servei de fotografia i v\u00eddeo de producte. Imatges persuasius i impactants per donar vida als teus productes.\",\"breadcrumb\":{\"@id\":\"https:\/\/olalon.com\/ca\/serveis\/productora-audiovisual\/fotografia-de-producte\/#breadcrumb\"},\"inLanguage\":\"ca\",\"potentialAction\":[{\"@type\":\"ReadAction\",\"target\":[\"https:\/\/olalon.com\/ca\/serveis\/productora-audiovisual\/fotografia-de-producte\/\"]}]},{\"@type\":\"ImageObject\",\"inLanguage\":\"ca\",\"@id\":\"https:\/\/olalon.com\/ca\/serveis\/productora-audiovisual\/fotografia-de-producte\/#primaryimage\",\"url\":\"https:\/\/olalon.com\/wp-content\/uploads\/2024\/12\/PERINET-MonovarietalsRevelades-9.webp\",\"contentUrl\":\"https:\/\/olalon.com\/wp-content\/uploads\/2024\/12\/PERINET-MonovarietalsRevelades-9.webp\"},{\"@type\":\"BreadcrumbList\",\"@id\":\"https:\/\/olalon.com\/ca\/serveis\/productora-audiovisual\/fotografia-de-producte\/#breadcrumb\",\"itemListElement\":[{\"@type\":\"ListItem\",\"position\":1,\"name\":\"Portada\",\"item\":\"https:\/\/olalon.com\/ca\/servicios\/diseno-y-desarrollo-web\/desarrollo-software-a-medida\/\"},{\"@type\":\"ListItem\",\"position\":2,\"name\":\"Serveis\",\"item\":\"https:\/\/olalon.com\/ca\/servicios\/diseno-y-desarrollo-web\/desarrollo-software-a-medida\/\"},{\"@type\":\"ListItem\",\"position\":3,\"name\":\"Productora audiovisual\",\"item\":\"https:\/\/olalon.com\/ca\/servicios\/diseno-y-desarrollo-web\/desarrollo-software-a-medida\/\"},{\"@type\":\"ListItem\",\"position\":4,\"name\":\"Fotografia de producte\"}]},{\"@type\":\"WebSite\",\"@id\":\"https:\/\/olalon.com\/ca\/#website\",\"url\":\"https:\/\/olalon.com\/ca\/\",\"name\":\"Olalon\",\"description\":\"Agencia de Publicidad, Dise\u00f1o y Marketing Online\",\"publisher\":{\"@id\":\"https:\/\/olalon.com\/ca\/#organization\"},\"potentialAction\":[{\"@type\":\"SearchAction\",\"target\":{\"@type\":\"EntryPoint\",\"urlTemplate\":\"https:\/\/olalon.com\/ca\/?s={search_term_string}\"},\"query-input\":{\"@type\":\"PropertyValueSpecification\",\"valueRequired\":true,\"valueName\":\"search_term_string\"}}],\"inLanguage\":\"ca\"},{\"@type\":\"Organization\",\"@id\":\"https:\/\/olalon.com\/ca\/#organization\",\"name\":\"Olalon\",\"url\":\"https:\/\/olalon.com\/ca\/\",\"logo\":{\"@type\":\"ImageObject\",\"inLanguage\":\"ca\",\"@id\":\"https:\/\/olalon.com\/ca\/#\/schema\/logo\/image\/\",\"url\":\"https:\/\/olalon.com\/wp-content\/uploads\/2025\/02\/Logo_Olalon-01.png\",\"contentUrl\":\"https:\/\/olalon.com\/wp-content\/uploads\/2025\/02\/Logo_Olalon-01.png\",\"width\":2249,\"height\":989,\"caption\":\"Olalon\"},\"image\":{\"@id\":\"https:\/\/olalon.com\/ca\/#\/schema\/logo\/image\/\"},\"sameAs\":[\"https:\/\/www.instagram.com\/olalonstudio\/\",\"https:\/\/www.youtube.com\/c\/olalonstudio\",\"https:\/\/www.tiktok.com\/@olalonstudio\"]}]}<\/script>\n<!-- \/ Yoast SEO plugin. -->","yoast_head_json":{"title":"Fotografia de producte | Olalon","description":"Servei de fotografia i v\u00eddeo de producte. Imatges persuasius i impactants per donar vida als teus productes.","robots":{"index":"index","follow":"follow","max-snippet":"max-snippet:-1","max-image-preview":"max-image-preview:large","max-video-preview":"max-video-preview:-1"},"canonical":"https:\/\/olalon.com\/ca\/serveis\/productora-audiovisual\/fotografia-de-producte\/","og_locale":"ca_ES","og_type":"article","og_title":"Fotografia de producte | Olalon","og_description":"Servei de fotografia i v\u00eddeo de producte. Imatges persuasius i impactants per donar vida als teus productes.","og_url":"https:\/\/olalon.com\/ca\/serveis\/productora-audiovisual\/fotografia-de-producte\/","og_site_name":"Olalon","article_modified_time":"2025-07-04T04:21:35+00:00","og_image":[{"url":"https:\/\/olalon.com\/wp-content\/uploads\/2024\/12\/PERINET-MonovarietalsRevelades-9.webp","type":"","width":"","height":""}],"twitter_card":"summary_large_image","twitter_misc":{"Temps estimat de lectura":"2 minuts"},"schema":{"@context":"https:\/\/schema.org","@graph":[{"@type":"WebPage","@id":"https:\/\/olalon.com\/ca\/serveis\/productora-audiovisual\/fotografia-de-producte\/","url":"https:\/\/olalon.com\/ca\/serveis\/productora-audiovisual\/fotografia-de-producte\/","name":"Fotografia de producte | Olalon","isPartOf":{"@id":"https:\/\/olalon.com\/ca\/#website"},"primaryImageOfPage":{"@id":"https:\/\/olalon.com\/ca\/serveis\/productora-audiovisual\/fotografia-de-producte\/#primaryimage"},"image":{"@id":"https:\/\/olalon.com\/ca\/serveis\/productora-audiovisual\/fotografia-de-producte\/#primaryimage"},"thumbnailUrl":"https:\/\/olalon.com\/wp-content\/uploads\/2024\/12\/PERINET-MonovarietalsRevelades-9.webp","datePublished":"2024-12-03T11:11:05+00:00","dateModified":"2025-07-04T04:21:35+00:00","description":"Servei de fotografia i v\u00eddeo de producte. Imatges persuasius i impactants per donar vida als teus productes.","breadcrumb":{"@id":"https:\/\/olalon.com\/ca\/serveis\/productora-audiovisual\/fotografia-de-producte\/#breadcrumb"},"inLanguage":"ca","potentialAction":[{"@type":"ReadAction","target":["https:\/\/olalon.com\/ca\/serveis\/productora-audiovisual\/fotografia-de-producte\/"]}]},{"@type":"ImageObject","inLanguage":"ca","@id":"https:\/\/olalon.com\/ca\/serveis\/productora-audiovisual\/fotografia-de-producte\/#primaryimage","url":"https:\/\/olalon.com\/wp-content\/uploads\/2024\/12\/PERINET-MonovarietalsRevelades-9.webp","contentUrl":"https:\/\/olalon.com\/wp-content\/uploads\/2024\/12\/PERINET-MonovarietalsRevelades-9.webp"},{"@type":"BreadcrumbList","@id":"https:\/\/olalon.com\/ca\/serveis\/productora-audiovisual\/fotografia-de-producte\/#breadcrumb","itemListElement":[{"@type":"ListItem","position":1,"name":"Portada","item":"https:\/\/olalon.com\/ca\/servicios\/diseno-y-desarrollo-web\/desarrollo-software-a-medida\/"},{"@type":"ListItem","position":2,"name":"Serveis","item":"https:\/\/olalon.com\/ca\/servicios\/diseno-y-desarrollo-web\/desarrollo-software-a-medida\/"},{"@type":"ListItem","position":3,"name":"Productora audiovisual","item":"https:\/\/olalon.com\/ca\/servicios\/diseno-y-desarrollo-web\/desarrollo-software-a-medida\/"},{"@type":"ListItem","position":4,"name":"Fotografia de producte"}]},{"@type":"WebSite","@id":"https:\/\/olalon.com\/ca\/#website","url":"https:\/\/olalon.com\/ca\/","name":"Olalon","description":"Agencia de Publicidad, Dise\u00f1o y Marketing Online","publisher":{"@id":"https:\/\/olalon.com\/ca\/#organization"},"potentialAction":[{"@type":"SearchAction","target":{"@type":"EntryPoint","urlTemplate":"https:\/\/olalon.com\/ca\/?s={search_term_string}"},"query-input":{"@type":"PropertyValueSpecification","valueRequired":true,"valueName":"search_term_string"}}],"inLanguage":"ca"},{"@type":"Organization","@id":"https:\/\/olalon.com\/ca\/#organization","name":"Olalon","url":"https:\/\/olalon.com\/ca\/","logo":{"@type":"ImageObject","inLanguage":"ca","@id":"https:\/\/olalon.com\/ca\/#\/schema\/logo\/image\/","url":"https:\/\/olalon.com\/wp-content\/uploads\/2025\/02\/Logo_Olalon-01.png","contentUrl":"https:\/\/olalon.com\/wp-content\/uploads\/2025\/02\/Logo_Olalon-01.png","width":2249,"height":989,"caption":"Olalon"},"image":{"@id":"https:\/\/olalon.com\/ca\/#\/schema\/logo\/image\/"},"sameAs":["https:\/\/www.instagram.com\/olalonstudio\/","https:\/\/www.youtube.com\/c\/olalonstudio","https:\/\/www.tiktok.com\/@olalonstudio"]}]}},"_links":{"self":[{"href":"https:\/\/olalon.com\/ca\/wp-json\/wp\/v2\/pages\/3844","targetHints":{"allow":["GET"]}}],"collection":[{"href":"https:\/\/olalon.com\/ca\/wp-json\/wp\/v2\/pages"}],"about":[{"href":"https:\/\/olalon.com\/ca\/wp-json\/wp\/v2\/types\/page"}],"author":[{"embeddable":true,"href":"https:\/\/olalon.com\/ca\/wp-json\/wp\/v2\/users\/4"}],"replies":[{"embeddable":true,"href":"https:\/\/olalon.com\/ca\/wp-json\/wp\/v2\/comments?post=3844"}],"version-history":[{"count":1,"href":"https:\/\/olalon.com\/ca\/wp-json\/wp\/v2\/pages\/3844\/revisions"}],"predecessor-version":[{"id":3845,"href":"https:\/\/olalon.com\/ca\/wp-json\/wp\/v2\/pages\/3844\/revisions\/3845"}],"up":[{"embeddable":true,"href":"https:\/\/olalon.com\/ca\/wp-json\/wp\/v2\/pages\/3835"}],"wp:attachment":[{"href":"https:\/\/olalon.com\/ca\/wp-json\/wp\/v2\/media?parent=3844"}],"curies":[{"name":"wp","href":"https:\/\/api.w.org\/{rel}","templated":true}]}}