{"id":3848,"date":"2024-12-04T07:27:07","date_gmt":"2024-12-04T06:27:07","guid":{"rendered":"https:\/\/olalon.com\/serveis\/productora-audiovisual\/productora-de-videos-corporatius\/"},"modified":"2025-07-19T17:45:46","modified_gmt":"2025-07-19T15:45:46","slug":"productora-de-videos-corporatius","status":"publish","type":"page","link":"https:\/\/olalon.com\/ca\/serveis\/productora-audiovisual\/productora-de-videos-corporatius\/","title":{"rendered":"Productora de v\u00eddeos corporatius"},"content":{"rendered":"\n<div class=\"wp-block-manifesto-gutenberg-container content-row dark-section normal\" data-bgcolor=\"#000000\" style=\"text-align:left\">\n<div class=\"wp-block-manifesto-gutenberg-clipped-image clipped-image-wrapper\"><div class=\"clipped-image-pin\"><div class=\"clipped-image\"><img decoding=\"async\" src=\"https:\/\/olalon.com\/wp-content\/uploads\/2024\/12\/VGL-LASEU-38.webp\" alt=\"Videos corporativos\"\/><div class=\"content-video-wrapper\"><video class=\"bgvid\" loop muted playsinline><source src=\"https:\/\/olalon.com\/wp-content\/uploads\/2024\/12\/banner-video-corporatiu.webm\" type=\"video\/mp4\"\/><\/video><\/div><div class=\"clipped-image-gradient\"><\/div><\/div><\/div><div class=\"clipped-image-content content-full-width\">\n<div class=\"wp-block-manifesto-gutenberg-marquee-content marquee-text-wrapper\"><h1 class=\"marquee-text no-margins fw big-title\">\nPRODUCTORA DE <em>V\u00cdDEOS CORPORATIUS<\/em>\n<\/h1><\/div>\n<\/div><\/div>\n<\/div>\n\n\n\n<div class=\"wp-block-manifesto-gutenberg-container content-row dark-section normal row_padding_top row_padding_bottom\" data-bgcolor=\"#000000\" style=\"text-align:left\">\n<div class=\"wp-block-columns pinned-section is-layout-flex wp-container-core-columns-is-layout-1 wp-block-columns-is-layout-flex\">\n<div class=\"wp-block-column scrolling-element left is-layout-flow wp-block-column-is-layout-flow\">\n<iframe loading=\"lazy\" width=\"500\" height=\"800\" src=\"https:\/\/www.youtube.com\/embed\/Lt5-Xo6Hx6U\" title=\"Edici\u00f3 de color\ud83c\udfa8 per al v\u00eddeo corporatiu de Vogelsang | Olalon\u2757\ufe0f\" frameborder=\"0\" allow=\"accelerometer; autoplay; clipboard-write; encrypted-media; gyroscope; picture-in-picture; web-share\" referrerpolicy=\"strict-origin-when-cross-origin\" allowfullscreen=\"\"><\/iframe>\n<\/div>\n\n\n\n<div class=\"wp-block-column pinned-element right is-layout-flow wp-block-column-is-layout-flow\">\n<h2 class=\"wp-block-heading has-medium-font-size\">PRODUCTORA DE V\u00cdDEOS CORPORATIUS<\/h2>\n\n\n\n<p class=\"has-opacity\">T\u2019expliquem tot el nostre proc\u00e9s de producci\u00f3 de <strong>v\u00eddeos corporatius.<\/strong><\/p>\n\n\n\n<ul class=\"wp-block-list\">\n<li><strong>Briefing i planificaci\u00f3.<\/strong> Ens reunim amb tu per entendre les teves necessitats, definir objectius i crear un concepte creatiu que encaixi amb la teva marca. <\/li>\n\n\n\n<li><strong>Gui\u00f3. <\/strong>Desenvolupem un gui\u00f3 que transmeti el teu missatge de manera clara i efectiva, cuidant cada detall narratiu. <\/li>\n\n\n\n<li><strong>Producci\u00f3. <\/strong>Gravem el v\u00eddeo amb un equip t\u00e8cnic professional, cuidant cada pla, il\u00b7luminaci\u00f3 i so per assegurar la m\u00e0xima qualitat. <\/li>\n\n\n\n<li><strong>Edici\u00f3 i postproducci\u00f3.<\/strong> Donem forma al teu v\u00eddeo amb edici\u00f3, etalonatge, motion graphics i m\u00fasica que potenci\u00ef l\u2019impacte visual. <\/li>\n\n\n\n<li><strong>Adaptaci\u00f3.<\/strong> Avui dia no n\u2019hi ha prou amb una sola exportaci\u00f3 del teu v\u00eddeo corporatiu. Necessitar\u00e0s diferents adaptacions per a les diverses plataformes en l\u00ednia.  <\/li>\n<\/ul>\n<\/div>\n<\/div>\n<\/div>\n\n\n\n<div class=\"wp-block-manifesto-gutenberg-container content-row light-section normal row_padding_top row_padding_bottom change-header-color\" data-bgcolor=\"#ffffff\" style=\"text-align:left\">\n<h3 class=\"wp-block-heading no-margins\">V\u00eddeo institucional<\/h3>\n\n\n\n<div style=\"height:50px\" aria-hidden=\"true\" class=\"wp-block-spacer\"><\/div>\n\n\n\n<div class=\"wp-block-columns is-layout-flex wp-container-core-columns-is-layout-2 wp-block-columns-is-layout-flex\">\n<div class=\"wp-block-column is-layout-flow wp-block-column-is-layout-flow\" style=\"flex-basis:33.33%\">\n<p class=\"has-mask-fill no-margins\">Qu\u00e8 ens fa diferents en la producci\u00f3 de v\u00eddeos corporatius o institucionals?<\/p>\n<\/div>\n\n\n\n<div class=\"wp-block-column is-layout-flow wp-block-column-is-layout-flow\" style=\"flex-basis:66.66%\">\n<p><strong>Creativitat l\u00edquida<\/strong><br>Adaptam cada projecte al mitj\u00e0 i a l\u2019audi\u00e8ncia, creant contingut vers\u00e0til i rellevant.<\/p>\n\n\n\n<p><strong>Qualitat cinematogr\u00e0fica<\/strong><br>Cada v\u00eddeo \u00e9s una pe\u00e7a visual cuidada al detall, amb una producci\u00f3 que eleva la imatge de la teva marca.<\/p>\n\n\n\n<p><strong>Treball personalitzat<\/strong><br>Ens impliquem en cada projecte com si fos propi, oferint un tracte proper i solucions a mida.<\/p>\n\n\n\n<p class=\"has-text-align-left\"><strong>Resultats mesurables<\/strong><br>Els nostres v\u00eddeos no nom\u00e9s impacten visualment, sin\u00f3 que tamb\u00e9 generen resultats tangibles: major visibilitat, engagement i conversi\u00f3.<\/p>\n<\/div>\n<\/div>\n<\/div>\n\n\n\n<div class=\"wp-block-manifesto-gutenberg-container content-row light-section full\" data-bgcolor=\"#171717\" style=\"text-align:left\">\n<figure class=\" \"><a class=\"video-link\" href=\"https:\/\/www.youtube.com\/watch?v=nMyc0j5e6Uk\"><img decoding=\"async\" src=\"https:\/\/olalon.com\/wp-content\/uploads\/2024\/12\/VGL-LASEU-38.webp\" alt=\"Videos corporativos\" \/><\/a><\/figure>\n<\/div>\n\n\n\n<div class=\"wp-block-manifesto-gutenberg-container content-row dark-section full\" data-bgcolor=\"#171717\" style=\"text-align:left\">\n<figure class=\"wp-block-manifesto-gutenberg-parallax-image has-parallax has-parallax-content\" data-delay=\"0\"><img decoding=\"async\" src=\"https:\/\/olalon.com\/wp-content\/uploads\/2024\/12\/CAM-Proba1-20.webp\" alt=\"Videos corporativos\"\/><div class=\"parallax-image-content content-full-width text-align-left\"><div class=\"outer\"><div class=\"inner\">\n<div class=\"wp-block-columns is-layout-flex wp-container-core-columns-is-layout-3 wp-block-columns-is-layout-flex\">\n<div class=\"wp-block-column is-layout-flow wp-block-column-is-layout-flow\"><\/div>\n\n\n\n<div class=\"wp-block-column is-layout-flow wp-block-column-is-layout-flow\">\n<h2 class=\"wp-block-heading has-mask-fill has-black-color has-text-color has-link-color wp-elements-16902b0db92aa11dfc5139a14bceeabb\">V\u00eddeos corporatius que parlen de marques<\/h2>\n<\/div>\n<\/div>\n<\/div><\/div><\/div><\/figure>\n<\/div>\n\n\n\n<div class=\"wp-block-manifesto-gutenberg-container content-row dark-section full row_padding_top row_padding_bottom\" data-bgcolor=\"transparent\" style=\"text-align:left\">\n<h2 class=\"wp-block-heading has-text-align-center\">Alguns dels nostres projectes <\/h2>\n\n\n\n<!-- Showcase List Holder --><div id=\"itemsWrapperLinks\"><!-- Showcase List --><div id=\"itemsWrapper\" class=\"webgl-fitthumbs fx-seven\"><!-- ClaPat Portfolio --><div class=\"showcase-portfolio layout-three\"><div class=\"clapat-item disseny productora-audiovisual web \"><div class=\"slide-inner trigger-item\" data-centerLine=\"ABRIR\"><div class=\"img-mask\"><a class=\"slide-link\" data-type=\"page-transition\" href=\"https:\/\/olalon.com\/ca\/manifesto_portfolio\/mas-carpi\/\"><\/a><div class=\"section-image trigger-item-link\"><img decoding=\"async\" src=\"https:\/\/olalon.com\/wp-content\/uploads\/2025\/05\/MASCARPI_Revelades-74_resultat.webp\" class=\"item-image grid__item-img\" alt=\"\"><\/div><img decoding=\"async\" class=\"grid__item-img grid__item-img--large\" src=\"https:\/\/olalon.com\/wp-content\/uploads\/2025\/05\/MASCARPI_Revelades-74_resultat.webp\" alt=\"\" \/><\/div><div class=\"slide-caption trigger-item-link-secondary\"><div class=\"slide-title\"><span>Mas<em> Carpi<\/em> <\/span><\/div><div class=\"slide-date\"><span>2024<\/span><\/div><div class=\"slide-cat\"><span>Disseny, Productora audiovisual, web<\/span><\/div><div class=\"slide-icon\"><i class=\"arrow-icon-down\"><\/i><\/div><\/div><\/div><\/div><div class=\"clapat-item productora-audiovisual publicitat \"><div class=\"slide-inner trigger-item\" data-centerLine=\"ABRIR\"><div class=\"img-mask\"><a class=\"slide-link\" data-type=\"page-transition\" href=\"https:\/\/olalon.com\/ca\/manifesto_portfolio\/campanya-turisme-de-cambrils\/\"><\/a><div class=\"section-image trigger-item-link\"><img decoding=\"async\" src=\"https:\/\/olalon.com\/wp-content\/uploads\/2024\/10\/CMB-2_resultat.webp\" class=\"item-image grid__item-img\" alt=\"cambrils foto ni\u00f1a en la playa | olalon\"><\/div><img decoding=\"async\" class=\"grid__item-img grid__item-img--large\" src=\"https:\/\/olalon.com\/wp-content\/uploads\/2024\/10\/CMB-2_resultat.webp\" alt=\"cambrils foto ni\u00f1a en la playa | olalon\" \/><\/div><div class=\"slide-caption trigger-item-link-secondary\"><div class=\"slide-title\"><span><em>Cambrils<\/em> Turisme<\/span><\/div><div class=\"slide-date\"><span>2024<\/span><\/div><div class=\"slide-cat\"><span>Productora audiovisual, Publicitat<\/span><\/div><div class=\"slide-icon\"><i class=\"arrow-icon-down\"><\/i><\/div><\/div><\/div><\/div><div class=\"clapat-item marqueting-en-linia productora-audiovisual \"><div class=\"slide-inner trigger-item\" data-centerLine=\"ABRIR\"><div class=\"img-mask\"><a class=\"slide-link\" data-type=\"page-transition\" href=\"https:\/\/olalon.com\/ca\/manifesto_portfolio\/pintalis\/\"><\/a><div class=\"section-image trigger-item-link\"><img decoding=\"async\" src=\"https:\/\/olalon.com\/wp-content\/uploads\/2024\/10\/OLA-post-IDBIO-Cartel-762-\u00d7-61-cm-5_resultat.webp\" class=\"item-image grid__item-img\" alt=\"\"><\/div><img decoding=\"async\" class=\"grid__item-img grid__item-img--large\" src=\"https:\/\/olalon.com\/wp-content\/uploads\/2024\/10\/OLA-post-IDBIO-Cartel-762-\u00d7-61-cm-5_resultat.webp\" alt=\"\" \/><\/div><div class=\"slide-caption trigger-item-link-secondary\"><div class=\"slide-title\"><span><em>Pintalis<\/em> Mollet<\/span><\/div><div class=\"slide-date\"><span>2024<\/span><\/div><div class=\"slide-cat\"><span>M\u00e0rqueting en l\u00ednia, Productora audiovisual<\/span><\/div><div class=\"slide-icon\"><i class=\"arrow-icon-down\"><\/i><\/div><\/div><\/div><\/div><div class=\"clapat-item marqueting-en-linia productora-audiovisual \"><div class=\"slide-inner trigger-item\" data-centerLine=\"ABRIR\"><div class=\"img-mask\"><a class=\"slide-link\" data-type=\"page-transition\" href=\"https:\/\/olalon.com\/ca\/manifesto_portfolio\/mas-vicenc\/\"><\/a><div class=\"section-image trigger-item-link\"><img decoding=\"async\" src=\"https:\/\/olalon.com\/wp-content\/uploads\/2024\/12\/14_resultat.webp\" class=\"item-image grid__item-img\" alt=\"\"><\/div><img decoding=\"async\" class=\"grid__item-img grid__item-img--large\" src=\"https:\/\/olalon.com\/wp-content\/uploads\/2024\/12\/14_resultat.webp\" alt=\"\" \/><\/div><div class=\"slide-caption trigger-item-link-secondary\"><div class=\"slide-title\"><span>Mas <em>Vicen\u00e7<\/em><\/span><\/div><div class=\"slide-date\"><span>2024<\/span><\/div><div class=\"slide-cat\"><span>M\u00e0rqueting en l\u00ednia, Productora audiovisual<\/span><\/div><div class=\"slide-icon\"><i class=\"arrow-icon-down\"><\/i><\/div><\/div><\/div><\/div><\/div><!--\/Clapat Portfolio--><\/div><!--\/Showcase List--><\/div><!--\/Showcase List Holder-->\n<\/div>\n\n\n\n<div class=\"wp-block-manifesto-gutenberg-container content-row light-section normal\" data-bgcolor=\"#ffffff\" style=\"text-align:left\">\n<div class=\"wp-block-manifesto-gutenberg-list-rotator list-rotator-wrapper\"><div class=\"list-rotator-title has-mask-fill\">Serveis de multim\u00e8dia<\/div><div class=\"list-rotator-height\"><div class=\"list-rotator-pin\"><ul class=\"list-rotator\">\n<li class=\"wp-block-manifesto-gutenberg-list-rotator-item\">\n<a href=\"\/ca\/serveis\/productora-audiovisual\/fotografia-de-producte\/\">Fotografia de producte<\/a>\n<\/li>\n\n\n\n<li class=\"wp-block-manifesto-gutenberg-list-rotator-item\">\n<a href=\"\/ca\/serveis\/productora-audiovisual\/productora-de-videos-corporatius\/\">V\u00eddeos corporatius<\/a>\n<\/li>\n\n\n\n<li class=\"wp-block-manifesto-gutenberg-list-rotator-item\">\n<a href=\"\/ca\/serveis\/productora-audiovisual\/produccio-danuncis-publicitaris\/\">Espots publicitaris <\/a>\n<\/li>\n\n\n\n<li class=\"wp-block-manifesto-gutenberg-list-rotator-item\">\n<a href=\"\/ca\/serveis\/productora-audiovisual\/reportatge-desdeveniments\/\">Reportatge d&#8217;esdeveniment<\/a>\n<\/li>\n\n\n\n<li class=\"wp-block-manifesto-gutenberg-list-rotator-item\">\n<a href=\"\/ca\/serveis\/productora-audiovisual\/branded-content\/\">Video branded content<\/a>\n<\/li>\n\n\n\n<li class=\"wp-block-manifesto-gutenberg-list-rotator-item\">\n<a href=\"\/ca\/serveis\/productora-audiovisual\/video-amb-dron\/\">V\u00eddeo amb dron<\/a>\n<\/li>\n\n\n\n<li class=\"wp-block-manifesto-gutenberg-list-rotator-item\">\n<a href=\"\/ca\/serveis\/productora-audiovisual\/video-danimacio\/\">V\u00eddeo animaci\u00f3<\/a>\n<\/li>\n<\/ul><\/div><\/div><\/div>\n<\/div>\n","protected":false},"excerpt":{"rendered":"","protected":false},"author":4,"featured_media":0,"parent":3835,"menu_order":0,"comment_status":"closed","ping_status":"closed","template":"","meta":{"_acf_changed":false,"_joinchat":[],"footnotes":""},"class_list":["post-3848","page","type-page","status-publish","hentry"],"acf":[],"yoast_head":"<!-- This site is optimized with the Yoast SEO plugin v25.4 - https:\/\/yoast.com\/wordpress\/plugins\/seo\/ -->\n<title>Producci\u00f3 integral de v\u00eddeos corporatius a Tarragona. Des de la conceptualitzaci\u00f3 fins al lliurament del master final.<\/title>\n<meta name=\"description\" content=\"Creem v\u00eddeos corporatius que comuniquen, inspiren i connecten amb la teva audi\u00e8ncia. Producci\u00f3 professional per a empreses que volen destacar.\" \/>\n<meta name=\"robots\" content=\"index, follow, max-snippet:-1, max-image-preview:large, max-video-preview:-1\" \/>\n<link rel=\"canonical\" href=\"https:\/\/olalon.com\/ca\/serveis\/productora-audiovisual\/productora-de-videos-corporatius\/\" \/>\n<meta property=\"og:locale\" content=\"ca_ES\" \/>\n<meta property=\"og:type\" content=\"article\" \/>\n<meta property=\"og:title\" content=\"Producci\u00f3 integral de v\u00eddeos corporatius a Tarragona. Des de la conceptualitzaci\u00f3 fins al lliurament del master final.\" \/>\n<meta property=\"og:description\" content=\"Creem v\u00eddeos corporatius que comuniquen, inspiren i connecten amb la teva audi\u00e8ncia. Producci\u00f3 professional per a empreses que volen destacar.\" \/>\n<meta property=\"og:url\" content=\"https:\/\/olalon.com\/ca\/serveis\/productora-audiovisual\/productora-de-videos-corporatius\/\" \/>\n<meta property=\"og:site_name\" content=\"Olalon\" \/>\n<meta property=\"article:modified_time\" content=\"2025-07-19T15:45:46+00:00\" \/>\n<meta property=\"og:image\" content=\"https:\/\/olalon.com\/wp-content\/uploads\/2024\/12\/VGL-LASEU-38.webp\" \/>\n<meta name=\"twitter:card\" content=\"summary_large_image\" \/>\n<meta name=\"twitter:label1\" content=\"Temps estimat de lectura\" \/>\n\t<meta name=\"twitter:data1\" content=\"2 minuts\" \/>\n<script type=\"application\/ld+json\" class=\"yoast-schema-graph\">{\"@context\":\"https:\/\/schema.org\",\"@graph\":[{\"@type\":\"WebPage\",\"@id\":\"https:\/\/olalon.com\/ca\/serveis\/productora-audiovisual\/productora-de-videos-corporatius\/\",\"url\":\"https:\/\/olalon.com\/ca\/serveis\/productora-audiovisual\/productora-de-videos-corporatius\/\",\"name\":\"Producci\u00f3 integral de v\u00eddeos corporatius a Tarragona. Des de la conceptualitzaci\u00f3 fins al lliurament del master final.\",\"isPartOf\":{\"@id\":\"https:\/\/olalon.com\/ca\/#website\"},\"primaryImageOfPage\":{\"@id\":\"https:\/\/olalon.com\/ca\/serveis\/productora-audiovisual\/productora-de-videos-corporatius\/#primaryimage\"},\"image\":{\"@id\":\"https:\/\/olalon.com\/ca\/serveis\/productora-audiovisual\/productora-de-videos-corporatius\/#primaryimage\"},\"thumbnailUrl\":\"https:\/\/olalon.com\/wp-content\/uploads\/2024\/12\/VGL-LASEU-38.webp\",\"datePublished\":\"2024-12-04T06:27:07+00:00\",\"dateModified\":\"2025-07-19T15:45:46+00:00\",\"description\":\"Creem v\u00eddeos corporatius que comuniquen, inspiren i connecten amb la teva audi\u00e8ncia. Producci\u00f3 professional per a empreses que volen destacar.\",\"breadcrumb\":{\"@id\":\"https:\/\/olalon.com\/ca\/serveis\/productora-audiovisual\/productora-de-videos-corporatius\/#breadcrumb\"},\"inLanguage\":\"ca\",\"potentialAction\":[{\"@type\":\"ReadAction\",\"target\":[\"https:\/\/olalon.com\/ca\/serveis\/productora-audiovisual\/productora-de-videos-corporatius\/\"]}]},{\"@type\":\"ImageObject\",\"inLanguage\":\"ca\",\"@id\":\"https:\/\/olalon.com\/ca\/serveis\/productora-audiovisual\/productora-de-videos-corporatius\/#primaryimage\",\"url\":\"https:\/\/olalon.com\/wp-content\/uploads\/2024\/12\/VGL-LASEU-38.webp\",\"contentUrl\":\"https:\/\/olalon.com\/wp-content\/uploads\/2024\/12\/VGL-LASEU-38.webp\"},{\"@type\":\"BreadcrumbList\",\"@id\":\"https:\/\/olalon.com\/ca\/serveis\/productora-audiovisual\/productora-de-videos-corporatius\/#breadcrumb\",\"itemListElement\":[{\"@type\":\"ListItem\",\"position\":1,\"name\":\"Portada\",\"item\":\"https:\/\/olalon.com\/ca\/servicios\/diseno-y-desarrollo-web\/desarrollo-software-a-medida\/\"},{\"@type\":\"ListItem\",\"position\":2,\"name\":\"Serveis\",\"item\":\"https:\/\/olalon.com\/ca\/servicios\/diseno-y-desarrollo-web\/desarrollo-software-a-medida\/\"},{\"@type\":\"ListItem\",\"position\":3,\"name\":\"Productora audiovisual\",\"item\":\"https:\/\/olalon.com\/ca\/servicios\/diseno-y-desarrollo-web\/desarrollo-software-a-medida\/\"},{\"@type\":\"ListItem\",\"position\":4,\"name\":\"Productora de v\u00eddeos corporatius\"}]},{\"@type\":\"WebSite\",\"@id\":\"https:\/\/olalon.com\/ca\/#website\",\"url\":\"https:\/\/olalon.com\/ca\/\",\"name\":\"Olalon\",\"description\":\"Agencia de Publicidad, Dise\u00f1o y Marketing Online\",\"publisher\":{\"@id\":\"https:\/\/olalon.com\/ca\/#organization\"},\"potentialAction\":[{\"@type\":\"SearchAction\",\"target\":{\"@type\":\"EntryPoint\",\"urlTemplate\":\"https:\/\/olalon.com\/ca\/?s={search_term_string}\"},\"query-input\":{\"@type\":\"PropertyValueSpecification\",\"valueRequired\":true,\"valueName\":\"search_term_string\"}}],\"inLanguage\":\"ca\"},{\"@type\":\"Organization\",\"@id\":\"https:\/\/olalon.com\/ca\/#organization\",\"name\":\"Olalon\",\"url\":\"https:\/\/olalon.com\/ca\/\",\"logo\":{\"@type\":\"ImageObject\",\"inLanguage\":\"ca\",\"@id\":\"https:\/\/olalon.com\/ca\/#\/schema\/logo\/image\/\",\"url\":\"https:\/\/olalon.com\/wp-content\/uploads\/2025\/02\/Logo_Olalon-01.png\",\"contentUrl\":\"https:\/\/olalon.com\/wp-content\/uploads\/2025\/02\/Logo_Olalon-01.png\",\"width\":2249,\"height\":989,\"caption\":\"Olalon\"},\"image\":{\"@id\":\"https:\/\/olalon.com\/ca\/#\/schema\/logo\/image\/\"},\"sameAs\":[\"https:\/\/www.instagram.com\/olalonstudio\/\",\"https:\/\/www.youtube.com\/c\/olalonstudio\",\"https:\/\/www.tiktok.com\/@olalonstudio\"]}]}<\/script>\n<!-- \/ Yoast SEO plugin. -->","yoast_head_json":{"title":"Producci\u00f3 integral de v\u00eddeos corporatius a Tarragona. Des de la conceptualitzaci\u00f3 fins al lliurament del master final.","description":"Creem v\u00eddeos corporatius que comuniquen, inspiren i connecten amb la teva audi\u00e8ncia. Producci\u00f3 professional per a empreses que volen destacar.","robots":{"index":"index","follow":"follow","max-snippet":"max-snippet:-1","max-image-preview":"max-image-preview:large","max-video-preview":"max-video-preview:-1"},"canonical":"https:\/\/olalon.com\/ca\/serveis\/productora-audiovisual\/productora-de-videos-corporatius\/","og_locale":"ca_ES","og_type":"article","og_title":"Producci\u00f3 integral de v\u00eddeos corporatius a Tarragona. Des de la conceptualitzaci\u00f3 fins al lliurament del master final.","og_description":"Creem v\u00eddeos corporatius que comuniquen, inspiren i connecten amb la teva audi\u00e8ncia. Producci\u00f3 professional per a empreses que volen destacar.","og_url":"https:\/\/olalon.com\/ca\/serveis\/productora-audiovisual\/productora-de-videos-corporatius\/","og_site_name":"Olalon","article_modified_time":"2025-07-19T15:45:46+00:00","og_image":[{"url":"https:\/\/olalon.com\/wp-content\/uploads\/2024\/12\/VGL-LASEU-38.webp","type":"","width":"","height":""}],"twitter_card":"summary_large_image","twitter_misc":{"Temps estimat de lectura":"2 minuts"},"schema":{"@context":"https:\/\/schema.org","@graph":[{"@type":"WebPage","@id":"https:\/\/olalon.com\/ca\/serveis\/productora-audiovisual\/productora-de-videos-corporatius\/","url":"https:\/\/olalon.com\/ca\/serveis\/productora-audiovisual\/productora-de-videos-corporatius\/","name":"Producci\u00f3 integral de v\u00eddeos corporatius a Tarragona. Des de la conceptualitzaci\u00f3 fins al lliurament del master final.","isPartOf":{"@id":"https:\/\/olalon.com\/ca\/#website"},"primaryImageOfPage":{"@id":"https:\/\/olalon.com\/ca\/serveis\/productora-audiovisual\/productora-de-videos-corporatius\/#primaryimage"},"image":{"@id":"https:\/\/olalon.com\/ca\/serveis\/productora-audiovisual\/productora-de-videos-corporatius\/#primaryimage"},"thumbnailUrl":"https:\/\/olalon.com\/wp-content\/uploads\/2024\/12\/VGL-LASEU-38.webp","datePublished":"2024-12-04T06:27:07+00:00","dateModified":"2025-07-19T15:45:46+00:00","description":"Creem v\u00eddeos corporatius que comuniquen, inspiren i connecten amb la teva audi\u00e8ncia. Producci\u00f3 professional per a empreses que volen destacar.","breadcrumb":{"@id":"https:\/\/olalon.com\/ca\/serveis\/productora-audiovisual\/productora-de-videos-corporatius\/#breadcrumb"},"inLanguage":"ca","potentialAction":[{"@type":"ReadAction","target":["https:\/\/olalon.com\/ca\/serveis\/productora-audiovisual\/productora-de-videos-corporatius\/"]}]},{"@type":"ImageObject","inLanguage":"ca","@id":"https:\/\/olalon.com\/ca\/serveis\/productora-audiovisual\/productora-de-videos-corporatius\/#primaryimage","url":"https:\/\/olalon.com\/wp-content\/uploads\/2024\/12\/VGL-LASEU-38.webp","contentUrl":"https:\/\/olalon.com\/wp-content\/uploads\/2024\/12\/VGL-LASEU-38.webp"},{"@type":"BreadcrumbList","@id":"https:\/\/olalon.com\/ca\/serveis\/productora-audiovisual\/productora-de-videos-corporatius\/#breadcrumb","itemListElement":[{"@type":"ListItem","position":1,"name":"Portada","item":"https:\/\/olalon.com\/ca\/servicios\/diseno-y-desarrollo-web\/desarrollo-software-a-medida\/"},{"@type":"ListItem","position":2,"name":"Serveis","item":"https:\/\/olalon.com\/ca\/servicios\/diseno-y-desarrollo-web\/desarrollo-software-a-medida\/"},{"@type":"ListItem","position":3,"name":"Productora audiovisual","item":"https:\/\/olalon.com\/ca\/servicios\/diseno-y-desarrollo-web\/desarrollo-software-a-medida\/"},{"@type":"ListItem","position":4,"name":"Productora de v\u00eddeos corporatius"}]},{"@type":"WebSite","@id":"https:\/\/olalon.com\/ca\/#website","url":"https:\/\/olalon.com\/ca\/","name":"Olalon","description":"Agencia de Publicidad, Dise\u00f1o y Marketing Online","publisher":{"@id":"https:\/\/olalon.com\/ca\/#organization"},"potentialAction":[{"@type":"SearchAction","target":{"@type":"EntryPoint","urlTemplate":"https:\/\/olalon.com\/ca\/?s={search_term_string}"},"query-input":{"@type":"PropertyValueSpecification","valueRequired":true,"valueName":"search_term_string"}}],"inLanguage":"ca"},{"@type":"Organization","@id":"https:\/\/olalon.com\/ca\/#organization","name":"Olalon","url":"https:\/\/olalon.com\/ca\/","logo":{"@type":"ImageObject","inLanguage":"ca","@id":"https:\/\/olalon.com\/ca\/#\/schema\/logo\/image\/","url":"https:\/\/olalon.com\/wp-content\/uploads\/2025\/02\/Logo_Olalon-01.png","contentUrl":"https:\/\/olalon.com\/wp-content\/uploads\/2025\/02\/Logo_Olalon-01.png","width":2249,"height":989,"caption":"Olalon"},"image":{"@id":"https:\/\/olalon.com\/ca\/#\/schema\/logo\/image\/"},"sameAs":["https:\/\/www.instagram.com\/olalonstudio\/","https:\/\/www.youtube.com\/c\/olalonstudio","https:\/\/www.tiktok.com\/@olalonstudio"]}]}},"_links":{"self":[{"href":"https:\/\/olalon.com\/ca\/wp-json\/wp\/v2\/pages\/3848","targetHints":{"allow":["GET"]}}],"collection":[{"href":"https:\/\/olalon.com\/ca\/wp-json\/wp\/v2\/pages"}],"about":[{"href":"https:\/\/olalon.com\/ca\/wp-json\/wp\/v2\/types\/page"}],"author":[{"embeddable":true,"href":"https:\/\/olalon.com\/ca\/wp-json\/wp\/v2\/users\/4"}],"replies":[{"embeddable":true,"href":"https:\/\/olalon.com\/ca\/wp-json\/wp\/v2\/comments?post=3848"}],"version-history":[{"count":2,"href":"https:\/\/olalon.com\/ca\/wp-json\/wp\/v2\/pages\/3848\/revisions"}],"predecessor-version":[{"id":4044,"href":"https:\/\/olalon.com\/ca\/wp-json\/wp\/v2\/pages\/3848\/revisions\/4044"}],"up":[{"embeddable":true,"href":"https:\/\/olalon.com\/ca\/wp-json\/wp\/v2\/pages\/3835"}],"wp:attachment":[{"href":"https:\/\/olalon.com\/ca\/wp-json\/wp\/v2\/media?parent=3848"}],"curies":[{"name":"wp","href":"https:\/\/api.w.org\/{rel}","templated":true}]}}