{"id":3851,"date":"2024-12-05T09:47:16","date_gmt":"2024-12-05T08:47:16","guid":{"rendered":"https:\/\/olalon.com\/serveis\/productora-audiovisual\/reportatge-desdeveniments\/"},"modified":"2025-07-19T17:59:05","modified_gmt":"2025-07-19T15:59:05","slug":"reportatge-desdeveniments","status":"publish","type":"page","link":"https:\/\/olalon.com\/ca\/serveis\/productora-audiovisual\/reportatge-desdeveniments\/","title":{"rendered":"Reportatge d\u2019esdeveniments"},"content":{"rendered":"\n<div class=\"wp-block-manifesto-gutenberg-container content-row dark-section normal\" data-bgcolor=\"#000000\" style=\"text-align:left\">\n<div class=\"wp-block-manifesto-gutenberg-clipped-image clipped-image-wrapper\"><div class=\"clipped-image-pin\"><div class=\"clipped-image\"><img decoding=\"async\" src=\"https:\/\/olalon.com\/wp-content\/uploads\/2024\/12\/Pintalis-48.webp\" alt=\"Evento corporativo\"\/><div class=\"content-video-wrapper\"><video class=\"bgvid\" loop muted playsinline><source src=\"https:\/\/olalon.com\/wp-content\/uploads\/2024\/12\/banner-eventos.webm\" type=\"video\/mp4\"\/><\/video><\/div><div class=\"clipped-image-gradient\"><\/div><\/div><\/div><div class=\"clipped-image-content content-full-width\">\n<div class=\"wp-block-manifesto-gutenberg-marquee-content marquee-text-wrapper\"><h1 class=\"marquee-text no-margins fw big-title\">\n<em>REPORTATGE<\/em> D\u2019ESDEVENIMENTS\n<\/h1><\/div>\n<\/div><\/div>\n<\/div>\n\n\n\n<div class=\"wp-block-manifesto-gutenberg-container content-row dark-section normal row_padding_top row_padding_bottom\" data-bgcolor=\"#000000\" style=\"text-align:left\">\n<div class=\"wp-block-columns pinned-section is-layout-flex wp-container-core-columns-is-layout-1 wp-block-columns-is-layout-flex\">\n<div class=\"wp-block-column scrolling-element left is-layout-flow wp-block-column-is-layout-flow\">\n<iframe loading=\"lazy\" width=\"500\" height=\"888,8\" src=\"https:\/\/www.youtube.com\/embed\/625dqm0VcbE\" title=\"Reel per a esdeveniment esportiu #marketing #reelsinstagram #esdeveniments\" frameborder=\"0\" allow=\"accelerometer; autoplay; clipboard-write; encrypted-media; gyroscope; picture-in-picture; web-share\" referrerpolicy=\"strict-origin-when-cross-origin\" allowfullscreen=\"\"><\/iframe>\n<\/div>\n\n\n\n<div class=\"wp-block-column pinned-element right is-layout-flow wp-block-column-is-layout-flow\">\n<h2 class=\"wp-block-heading has-medium-font-size\">COBERTURA D\u2019ESDEVENIMENTS CORPORATIUS<\/h2>\n\n\n\n<p class=\"has-opacity\">Qu\u00e8 oferim dins de la cobertura audiovisual d\u2019esdeveniments?<\/p>\n\n\n\n<ul class=\"wp-block-list\">\n<li><strong>Fotografia d\u2019alta qualitat: <\/strong>Des dels moments m\u00e9s espontanis fins als instants curosament planificats, ens assegurem que el teu esdeveniment quedi reflectit en imatges impecables i plenes de vida.<\/li>\n\n\n\n<li><strong>V\u00eddeo professional:<\/strong> Els nostres vide\u00f2grafs no nom\u00e9s graven, creen. Cada acci\u00f3, cada discurs i cada detall important queda immortalitzat en un v\u00eddeo \u00fanic. <\/li>\n\n\n\n<li><strong>Cobertura completa: <\/strong>Tant si \u00e9s un esdeveniment de dia o de nit, en interiors o exteriors, el nostre equip compta amb l\u2019experi\u00e8ncia i l\u2019equip necessari per adaptar-se a qualsevol tipus d\u2019entorn. <\/li>\n\n\n\n<li><strong>Edici\u00f3 personalitzada: <\/strong>Cada reportatge \u00e9s \u00fanic, i per aix\u00f2, les nostres edicions tamb\u00e9 ho s\u00f3n. Cada empresa \u00e9s diferent i adaptem la teva marca als v\u00eddeos, aix\u00ed com a les plataformes de difusi\u00f3 m\u00e9s adequades.  <\/li>\n<\/ul>\n<\/div>\n<\/div>\n<\/div>\n\n\n\n<div class=\"wp-block-manifesto-gutenberg-container content-row light-section normal row_padding_top row_padding_bottom change-header-color\" data-bgcolor=\"#ffffff\" style=\"text-align:left\">\n<h3 class=\"wp-block-heading no-margins\">Esdeveniment corporatiu<\/h3>\n\n\n\n<div style=\"height:50px\" aria-hidden=\"true\" class=\"wp-block-spacer\"><\/div>\n\n\n\n<div class=\"wp-block-columns is-layout-flex wp-container-core-columns-is-layout-2 wp-block-columns-is-layout-flex\">\n<div class=\"wp-block-column is-layout-flow wp-block-column-is-layout-flow\" style=\"flex-basis:33.33%\">\n<p class=\"has-mask-fill no-margins\"><strong>Est\u00e0s llest per immortalitzar el teu esdeveniment?<\/strong><\/p>\n<\/div>\n\n\n\n<div class=\"wp-block-column is-layout-flow wp-block-column-is-layout-flow\" style=\"flex-basis:66.66%\">\n<p>Cada esdeveniment \u00e9s \u00fanic, i la nostra missi\u00f3 \u00e9s explicar aquesta hist\u00f2ria a trav\u00e9s d\u2019imatges i v\u00eddeos que no nom\u00e9s documentin, sin\u00f3 que emocionin. A Olalon creiem que la fotografia i el v\u00eddeo s\u00f3n m\u00e9s que simples imatges; s\u00f3n el record corporatiu ideal. <\/p>\n<\/div>\n<\/div>\n<\/div>\n\n\n\n<div class=\"wp-block-manifesto-gutenberg-container content-row light-section full\" data-bgcolor=\"#171717\" style=\"text-align:left\">\n<figure class=\" \"><a class=\"video-link\" href=\"https:\/\/www.youtube.com\/watch?v=mggQX9_jFOI\"><img decoding=\"async\" src=\"https:\/\/olalon.com\/wp-content\/uploads\/2024\/12\/Pintalis-48.webp\" alt=\"Evento corporativo\" \/><\/a><\/figure>\n<\/div>\n\n\n\n<div class=\"wp-block-manifesto-gutenberg-container content-row light-section normal row_padding_top row_padding_bottom change-header-color\" data-bgcolor=\"#ffffff\" style=\"text-align:left\">\n<h3 class=\"wp-block-heading no-margins\">Captura el teu esdeveniment<\/h3>\n\n\n\n<div style=\"height:50px\" aria-hidden=\"true\" class=\"wp-block-spacer\"><\/div>\n\n\n\n<div class=\"wp-block-columns is-layout-flex wp-container-core-columns-is-layout-3 wp-block-columns-is-layout-flex\">\n<div class=\"wp-block-column is-layout-flow wp-block-column-is-layout-flow\" style=\"flex-basis:33.33%\">\n<p class=\"has-mask-fill no-margins\"><strong>Captura l\u2019\u00e8xit del teu esdeveniment.<\/strong><\/p>\n<\/div>\n\n\n\n<div class=\"wp-block-column is-layout-flow wp-block-column-is-layout-flow\" style=\"flex-basis:66.66%\">\n<p>Sigui una confer\u00e8ncia, una gala, un llan\u00e7ament o una convenci\u00f3, la nostra missi\u00f3 \u00e9s capturar l\u2019ess\u00e8ncia del teu esdeveniment amb imatges que transmetin la teva marca, la diferenciaci\u00f3 i els valors de la teva empresa.<\/p>\n<\/div>\n<\/div>\n<\/div>\n\n\n\n<div class=\"wp-block-manifesto-gutenberg-container content-row light-section normal row_padding_bottom change-header-color\" data-bgcolor=\"#ffffff\" style=\"text-align:left\">\n<div class=\"wp-block-manifesto-gutenberg-pinned-gallery pinned-gallery\">\n<div class=\"pinned-image\"><img decoding=\"async\" src=\"https:\/\/olalon.com\/wp-content\/uploads\/2024\/12\/BAU-Evento-059.webp\" alt=\"Cobertura fotografico de evento en Tarragona\" \/><\/div>\n\n\n\n<div class=\"pinned-image\"><img decoding=\"async\" src=\"https:\/\/olalon.com\/wp-content\/uploads\/2024\/12\/Fotos-Gala-Reconocimiento-24-139.webp\" alt=\"Cobertura fotografico de evento en Tarragona\" \/><\/div>\n\n\n\n<div class=\"pinned-image\"><img decoding=\"async\" src=\"https:\/\/olalon.com\/wp-content\/uploads\/2024\/12\/Vogelsang-Inauguracio-128.webp\" alt=\"Cobertura fotografico de evento en Tarragona\" \/><\/div>\n\n\n\n<div class=\"pinned-image\"><img decoding=\"async\" src=\"https:\/\/olalon.com\/wp-content\/uploads\/2024\/12\/SHOW-Brafim-51.webp\" alt=\"Cobertura fotografico de evento en Tarragona\" \/><\/div>\n<\/div>\n<\/div>\n\n\n\n<div class=\"wp-block-manifesto-gutenberg-container content-row dark-section full\" data-bgcolor=\"#171717\" style=\"text-align:left\">\n<figure class=\"wp-block-manifesto-gutenberg-parallax-image has-parallax has-parallax-content\" data-delay=\"0\"><img decoding=\"async\" src=\"https:\/\/olalon.com\/wp-content\/uploads\/2024\/12\/WEBCONGRES-BCN-060.webp\" alt=\"Cobertura fotografico de evento en Tarragona\"\/><div class=\"parallax-image-content content-full-width text-align-left\"><div class=\"outer\"><div class=\"inner\">\n<div class=\"wp-block-columns is-layout-flex wp-container-core-columns-is-layout-4 wp-block-columns-is-layout-flex\">\n<div class=\"wp-block-column is-layout-flow wp-block-column-is-layout-flow\"><\/div>\n\n\n\n<div class=\"wp-block-column is-layout-flow wp-block-column-is-layout-flow\">\n<h2 class=\"wp-block-heading has-mask-fill\">El vostre dia, la nostra missi\u00f3<\/h2>\n<\/div>\n<\/div>\n<\/div><\/div><\/div><\/figure>\n<\/div>\n\n\n\n<div class=\"wp-block-manifesto-gutenberg-container content-row dark-section full row_padding_top row_padding_bottom\" data-bgcolor=\"transparent\" style=\"text-align:left\">\n<h2 class=\"wp-block-heading has-text-align-center\">Alguns dels nostres projectes <\/h2>\n\n\n\n<!-- Showcase List Holder --><div id=\"itemsWrapperLinks\"><!-- Showcase List --><div id=\"itemsWrapper\" class=\"webgl-fitthumbs fx-seven\"><!-- ClaPat Portfolio --><div class=\"showcase-portfolio layout-three\"><div class=\"clapat-item disseny productora-audiovisual web \"><div class=\"slide-inner trigger-item\" data-centerLine=\"ABRIR\"><div class=\"img-mask\"><a class=\"slide-link\" data-type=\"page-transition\" href=\"https:\/\/olalon.com\/ca\/manifesto_portfolio\/mas-carpi\/\"><\/a><div class=\"section-image trigger-item-link\"><img decoding=\"async\" src=\"https:\/\/olalon.com\/wp-content\/uploads\/2025\/05\/MASCARPI_Revelades-74_resultat.webp\" class=\"item-image grid__item-img\" alt=\"\"><\/div><img decoding=\"async\" class=\"grid__item-img grid__item-img--large\" src=\"https:\/\/olalon.com\/wp-content\/uploads\/2025\/05\/MASCARPI_Revelades-74_resultat.webp\" alt=\"\" \/><\/div><div class=\"slide-caption trigger-item-link-secondary\"><div class=\"slide-title\"><span>Mas<em> Carpi<\/em> <\/span><\/div><div class=\"slide-date\"><span>2024<\/span><\/div><div class=\"slide-cat\"><span>Disseny, Productora audiovisual, web<\/span><\/div><div class=\"slide-icon\"><i class=\"arrow-icon-down\"><\/i><\/div><\/div><\/div><\/div><div class=\"clapat-item productora-audiovisual publicitat \"><div class=\"slide-inner trigger-item\" data-centerLine=\"ABRIR\"><div class=\"img-mask\"><a class=\"slide-link\" data-type=\"page-transition\" href=\"https:\/\/olalon.com\/ca\/manifesto_portfolio\/campanya-turisme-de-cambrils\/\"><\/a><div class=\"section-image trigger-item-link\"><img decoding=\"async\" src=\"https:\/\/olalon.com\/wp-content\/uploads\/2024\/10\/CMB-2_resultat.webp\" class=\"item-image grid__item-img\" alt=\"cambrils foto ni\u00f1a en la playa | olalon\"><\/div><img decoding=\"async\" class=\"grid__item-img grid__item-img--large\" src=\"https:\/\/olalon.com\/wp-content\/uploads\/2024\/10\/CMB-2_resultat.webp\" alt=\"cambrils foto ni\u00f1a en la playa | olalon\" \/><\/div><div class=\"slide-caption trigger-item-link-secondary\"><div class=\"slide-title\"><span><em>Cambrils<\/em> Turisme<\/span><\/div><div class=\"slide-date\"><span>2024<\/span><\/div><div class=\"slide-cat\"><span>Productora audiovisual, Publicitat<\/span><\/div><div class=\"slide-icon\"><i class=\"arrow-icon-down\"><\/i><\/div><\/div><\/div><\/div><div class=\"clapat-item marqueting-en-linia productora-audiovisual \"><div class=\"slide-inner trigger-item\" data-centerLine=\"ABRIR\"><div class=\"img-mask\"><a class=\"slide-link\" data-type=\"page-transition\" href=\"https:\/\/olalon.com\/ca\/manifesto_portfolio\/pintalis\/\"><\/a><div class=\"section-image trigger-item-link\"><img decoding=\"async\" src=\"https:\/\/olalon.com\/wp-content\/uploads\/2024\/10\/OLA-post-IDBIO-Cartel-762-\u00d7-61-cm-5_resultat.webp\" class=\"item-image grid__item-img\" alt=\"\"><\/div><img decoding=\"async\" class=\"grid__item-img grid__item-img--large\" src=\"https:\/\/olalon.com\/wp-content\/uploads\/2024\/10\/OLA-post-IDBIO-Cartel-762-\u00d7-61-cm-5_resultat.webp\" alt=\"\" \/><\/div><div class=\"slide-caption trigger-item-link-secondary\"><div class=\"slide-title\"><span><em>Pintalis<\/em> Mollet<\/span><\/div><div class=\"slide-date\"><span>2024<\/span><\/div><div class=\"slide-cat\"><span>M\u00e0rqueting en l\u00ednia, Productora audiovisual<\/span><\/div><div class=\"slide-icon\"><i class=\"arrow-icon-down\"><\/i><\/div><\/div><\/div><\/div><div class=\"clapat-item marqueting-en-linia productora-audiovisual \"><div class=\"slide-inner trigger-item\" data-centerLine=\"ABRIR\"><div class=\"img-mask\"><a class=\"slide-link\" data-type=\"page-transition\" href=\"https:\/\/olalon.com\/ca\/manifesto_portfolio\/mas-vicenc\/\"><\/a><div class=\"section-image trigger-item-link\"><img decoding=\"async\" src=\"https:\/\/olalon.com\/wp-content\/uploads\/2024\/12\/14_resultat.webp\" class=\"item-image grid__item-img\" alt=\"\"><\/div><img decoding=\"async\" class=\"grid__item-img grid__item-img--large\" src=\"https:\/\/olalon.com\/wp-content\/uploads\/2024\/12\/14_resultat.webp\" alt=\"\" \/><\/div><div class=\"slide-caption trigger-item-link-secondary\"><div class=\"slide-title\"><span>Mas <em>Vicen\u00e7<\/em><\/span><\/div><div class=\"slide-date\"><span>2024<\/span><\/div><div class=\"slide-cat\"><span>M\u00e0rqueting en l\u00ednia, Productora audiovisual<\/span><\/div><div class=\"slide-icon\"><i class=\"arrow-icon-down\"><\/i><\/div><\/div><\/div><\/div><\/div><!--\/Clapat Portfolio--><\/div><!--\/Showcase List--><\/div><!--\/Showcase List Holder-->\n<\/div>\n\n\n\n<div class=\"wp-block-manifesto-gutenberg-container content-row light-section normal\" data-bgcolor=\"#ffffff\" style=\"text-align:left\">\n<div class=\"wp-block-manifesto-gutenberg-list-rotator list-rotator-wrapper\"><div class=\"list-rotator-title has-mask-fill\">Serveis de multim\u00e8dia<\/div><div class=\"list-rotator-height\"><div class=\"list-rotator-pin\"><ul class=\"list-rotator\">\n<li class=\"wp-block-manifesto-gutenberg-list-rotator-item\">\n<a href=\"\/ca\/serveis\/productora-audiovisual\/fotografia-de-producte\/\">Fotografia de producte<\/a>\n<\/li>\n\n\n\n<li class=\"wp-block-manifesto-gutenberg-list-rotator-item\">\n<a href=\"\/ca\/serveis\/productora-audiovisual\/productora-de-videos-corporatius\/\">V\u00eddeos corporatius<\/a>\n<\/li>\n\n\n\n<li class=\"wp-block-manifesto-gutenberg-list-rotator-item\">\n<a href=\"\/ca\/serveis\/productora-audiovisual\/produccio-danuncis-publicitaris\/\">Espots publicitaris <\/a>\n<\/li>\n\n\n\n<li class=\"wp-block-manifesto-gutenberg-list-rotator-item\">\n<a href=\"\/ca\/serveis\/productora-audiovisual\/reportatge-desdeveniments\/\">Reportatge d&#8217;esdeveniment<\/a>\n<\/li>\n\n\n\n<li class=\"wp-block-manifesto-gutenberg-list-rotator-item\">\n<a href=\"\/ca\/serveis\/productora-audiovisual\/branded-content\/\">Video branded content<\/a>\n<\/li>\n\n\n\n<li class=\"wp-block-manifesto-gutenberg-list-rotator-item\">\n<a href=\"\/ca\/serveis\/productora-audiovisual\/video-amb-dron\/\">V\u00eddeo amb dron<\/a>\n<\/li>\n\n\n\n<li class=\"wp-block-manifesto-gutenberg-list-rotator-item\">\n<a href=\"\/ca\/serveis\/productora-audiovisual\/video-danimacio\/\">V\u00eddeo animaci\u00f3<\/a>\n<\/li>\n<\/ul><\/div><\/div><\/div>\n<\/div>\n","protected":false},"excerpt":{"rendered":"","protected":false},"author":4,"featured_media":0,"parent":3835,"menu_order":0,"comment_status":"closed","ping_status":"closed","template":"","meta":{"_acf_changed":false,"_joinchat":[],"footnotes":""},"class_list":["post-3851","page","type-page","status-publish","hentry"],"acf":[],"yoast_head":"<!-- This site is optimized with the Yoast SEO plugin v25.4 - https:\/\/yoast.com\/wordpress\/plugins\/seo\/ -->\n<title>Cobertura professional en v\u00eddeo i reportatges per a esdeveniments.<\/title>\n<meta name=\"description\" content=\"Capturem l\u2019ess\u00e8ncia del teu esdeveniment amb fotografia i v\u00eddeo professional. Reportatges d\u2019esdeveniments corporatius, socials i culturals.\" \/>\n<meta name=\"robots\" content=\"index, follow, max-snippet:-1, max-image-preview:large, max-video-preview:-1\" \/>\n<link rel=\"canonical\" href=\"https:\/\/olalon.com\/ca\/serveis\/productora-audiovisual\/reportatge-desdeveniments\/\" \/>\n<meta property=\"og:locale\" content=\"ca_ES\" \/>\n<meta property=\"og:type\" content=\"article\" \/>\n<meta property=\"og:title\" content=\"Cobertura professional en v\u00eddeo i reportatges per a esdeveniments.\" \/>\n<meta property=\"og:description\" content=\"Capturem l\u2019ess\u00e8ncia del teu esdeveniment amb fotografia i v\u00eddeo professional. Reportatges d\u2019esdeveniments corporatius, socials i culturals.\" \/>\n<meta property=\"og:url\" content=\"https:\/\/olalon.com\/ca\/serveis\/productora-audiovisual\/reportatge-desdeveniments\/\" \/>\n<meta property=\"og:site_name\" content=\"Olalon\" \/>\n<meta property=\"article:modified_time\" content=\"2025-07-19T15:59:05+00:00\" \/>\n<meta property=\"og:image\" content=\"https:\/\/olalon.com\/wp-content\/uploads\/2024\/12\/Pintalis-48.webp\" \/>\n<meta name=\"twitter:card\" content=\"summary_large_image\" \/>\n<meta name=\"twitter:label1\" content=\"Temps estimat de lectura\" \/>\n\t<meta name=\"twitter:data1\" content=\"2 minuts\" \/>\n<script type=\"application\/ld+json\" class=\"yoast-schema-graph\">{\"@context\":\"https:\/\/schema.org\",\"@graph\":[{\"@type\":\"WebPage\",\"@id\":\"https:\/\/olalon.com\/ca\/serveis\/productora-audiovisual\/reportatge-desdeveniments\/\",\"url\":\"https:\/\/olalon.com\/ca\/serveis\/productora-audiovisual\/reportatge-desdeveniments\/\",\"name\":\"Cobertura professional en v\u00eddeo i reportatges per a esdeveniments.\",\"isPartOf\":{\"@id\":\"https:\/\/olalon.com\/ca\/#website\"},\"primaryImageOfPage\":{\"@id\":\"https:\/\/olalon.com\/ca\/serveis\/productora-audiovisual\/reportatge-desdeveniments\/#primaryimage\"},\"image\":{\"@id\":\"https:\/\/olalon.com\/ca\/serveis\/productora-audiovisual\/reportatge-desdeveniments\/#primaryimage\"},\"thumbnailUrl\":\"https:\/\/olalon.com\/wp-content\/uploads\/2024\/12\/Pintalis-48.webp\",\"datePublished\":\"2024-12-05T08:47:16+00:00\",\"dateModified\":\"2025-07-19T15:59:05+00:00\",\"description\":\"Capturem l\u2019ess\u00e8ncia del teu esdeveniment amb fotografia i v\u00eddeo professional. Reportatges d\u2019esdeveniments corporatius, socials i culturals.\",\"breadcrumb\":{\"@id\":\"https:\/\/olalon.com\/ca\/serveis\/productora-audiovisual\/reportatge-desdeveniments\/#breadcrumb\"},\"inLanguage\":\"ca\",\"potentialAction\":[{\"@type\":\"ReadAction\",\"target\":[\"https:\/\/olalon.com\/ca\/serveis\/productora-audiovisual\/reportatge-desdeveniments\/\"]}]},{\"@type\":\"ImageObject\",\"inLanguage\":\"ca\",\"@id\":\"https:\/\/olalon.com\/ca\/serveis\/productora-audiovisual\/reportatge-desdeveniments\/#primaryimage\",\"url\":\"https:\/\/olalon.com\/wp-content\/uploads\/2024\/12\/Pintalis-48.webp\",\"contentUrl\":\"https:\/\/olalon.com\/wp-content\/uploads\/2024\/12\/Pintalis-48.webp\"},{\"@type\":\"BreadcrumbList\",\"@id\":\"https:\/\/olalon.com\/ca\/serveis\/productora-audiovisual\/reportatge-desdeveniments\/#breadcrumb\",\"itemListElement\":[{\"@type\":\"ListItem\",\"position\":1,\"name\":\"Portada\",\"item\":\"https:\/\/olalon.com\/ca\/servicios\/diseno-y-desarrollo-web\/desarrollo-software-a-medida\/\"},{\"@type\":\"ListItem\",\"position\":2,\"name\":\"Serveis\",\"item\":\"https:\/\/olalon.com\/ca\/servicios\/diseno-y-desarrollo-web\/desarrollo-software-a-medida\/\"},{\"@type\":\"ListItem\",\"position\":3,\"name\":\"Productora audiovisual\",\"item\":\"https:\/\/olalon.com\/ca\/servicios\/diseno-y-desarrollo-web\/desarrollo-software-a-medida\/\"},{\"@type\":\"ListItem\",\"position\":4,\"name\":\"Reportatge d\u2019esdeveniments\"}]},{\"@type\":\"WebSite\",\"@id\":\"https:\/\/olalon.com\/ca\/#website\",\"url\":\"https:\/\/olalon.com\/ca\/\",\"name\":\"Olalon\",\"description\":\"Agencia de Publicidad, Dise\u00f1o y Marketing Online\",\"publisher\":{\"@id\":\"https:\/\/olalon.com\/ca\/#organization\"},\"potentialAction\":[{\"@type\":\"SearchAction\",\"target\":{\"@type\":\"EntryPoint\",\"urlTemplate\":\"https:\/\/olalon.com\/ca\/?s={search_term_string}\"},\"query-input\":{\"@type\":\"PropertyValueSpecification\",\"valueRequired\":true,\"valueName\":\"search_term_string\"}}],\"inLanguage\":\"ca\"},{\"@type\":\"Organization\",\"@id\":\"https:\/\/olalon.com\/ca\/#organization\",\"name\":\"Olalon\",\"url\":\"https:\/\/olalon.com\/ca\/\",\"logo\":{\"@type\":\"ImageObject\",\"inLanguage\":\"ca\",\"@id\":\"https:\/\/olalon.com\/ca\/#\/schema\/logo\/image\/\",\"url\":\"https:\/\/olalon.com\/wp-content\/uploads\/2025\/02\/Logo_Olalon-01.png\",\"contentUrl\":\"https:\/\/olalon.com\/wp-content\/uploads\/2025\/02\/Logo_Olalon-01.png\",\"width\":2249,\"height\":989,\"caption\":\"Olalon\"},\"image\":{\"@id\":\"https:\/\/olalon.com\/ca\/#\/schema\/logo\/image\/\"},\"sameAs\":[\"https:\/\/www.instagram.com\/olalonstudio\/\",\"https:\/\/www.youtube.com\/c\/olalonstudio\",\"https:\/\/www.tiktok.com\/@olalonstudio\"]}]}<\/script>\n<!-- \/ Yoast SEO plugin. -->","yoast_head_json":{"title":"Cobertura professional en v\u00eddeo i reportatges per a esdeveniments.","description":"Capturem l\u2019ess\u00e8ncia del teu esdeveniment amb fotografia i v\u00eddeo professional. Reportatges d\u2019esdeveniments corporatius, socials i culturals.","robots":{"index":"index","follow":"follow","max-snippet":"max-snippet:-1","max-image-preview":"max-image-preview:large","max-video-preview":"max-video-preview:-1"},"canonical":"https:\/\/olalon.com\/ca\/serveis\/productora-audiovisual\/reportatge-desdeveniments\/","og_locale":"ca_ES","og_type":"article","og_title":"Cobertura professional en v\u00eddeo i reportatges per a esdeveniments.","og_description":"Capturem l\u2019ess\u00e8ncia del teu esdeveniment amb fotografia i v\u00eddeo professional. Reportatges d\u2019esdeveniments corporatius, socials i culturals.","og_url":"https:\/\/olalon.com\/ca\/serveis\/productora-audiovisual\/reportatge-desdeveniments\/","og_site_name":"Olalon","article_modified_time":"2025-07-19T15:59:05+00:00","og_image":[{"url":"https:\/\/olalon.com\/wp-content\/uploads\/2024\/12\/Pintalis-48.webp","type":"","width":"","height":""}],"twitter_card":"summary_large_image","twitter_misc":{"Temps estimat de lectura":"2 minuts"},"schema":{"@context":"https:\/\/schema.org","@graph":[{"@type":"WebPage","@id":"https:\/\/olalon.com\/ca\/serveis\/productora-audiovisual\/reportatge-desdeveniments\/","url":"https:\/\/olalon.com\/ca\/serveis\/productora-audiovisual\/reportatge-desdeveniments\/","name":"Cobertura professional en v\u00eddeo i reportatges per a esdeveniments.","isPartOf":{"@id":"https:\/\/olalon.com\/ca\/#website"},"primaryImageOfPage":{"@id":"https:\/\/olalon.com\/ca\/serveis\/productora-audiovisual\/reportatge-desdeveniments\/#primaryimage"},"image":{"@id":"https:\/\/olalon.com\/ca\/serveis\/productora-audiovisual\/reportatge-desdeveniments\/#primaryimage"},"thumbnailUrl":"https:\/\/olalon.com\/wp-content\/uploads\/2024\/12\/Pintalis-48.webp","datePublished":"2024-12-05T08:47:16+00:00","dateModified":"2025-07-19T15:59:05+00:00","description":"Capturem l\u2019ess\u00e8ncia del teu esdeveniment amb fotografia i v\u00eddeo professional. Reportatges d\u2019esdeveniments corporatius, socials i culturals.","breadcrumb":{"@id":"https:\/\/olalon.com\/ca\/serveis\/productora-audiovisual\/reportatge-desdeveniments\/#breadcrumb"},"inLanguage":"ca","potentialAction":[{"@type":"ReadAction","target":["https:\/\/olalon.com\/ca\/serveis\/productora-audiovisual\/reportatge-desdeveniments\/"]}]},{"@type":"ImageObject","inLanguage":"ca","@id":"https:\/\/olalon.com\/ca\/serveis\/productora-audiovisual\/reportatge-desdeveniments\/#primaryimage","url":"https:\/\/olalon.com\/wp-content\/uploads\/2024\/12\/Pintalis-48.webp","contentUrl":"https:\/\/olalon.com\/wp-content\/uploads\/2024\/12\/Pintalis-48.webp"},{"@type":"BreadcrumbList","@id":"https:\/\/olalon.com\/ca\/serveis\/productora-audiovisual\/reportatge-desdeveniments\/#breadcrumb","itemListElement":[{"@type":"ListItem","position":1,"name":"Portada","item":"https:\/\/olalon.com\/ca\/servicios\/diseno-y-desarrollo-web\/desarrollo-software-a-medida\/"},{"@type":"ListItem","position":2,"name":"Serveis","item":"https:\/\/olalon.com\/ca\/servicios\/diseno-y-desarrollo-web\/desarrollo-software-a-medida\/"},{"@type":"ListItem","position":3,"name":"Productora audiovisual","item":"https:\/\/olalon.com\/ca\/servicios\/diseno-y-desarrollo-web\/desarrollo-software-a-medida\/"},{"@type":"ListItem","position":4,"name":"Reportatge d\u2019esdeveniments"}]},{"@type":"WebSite","@id":"https:\/\/olalon.com\/ca\/#website","url":"https:\/\/olalon.com\/ca\/","name":"Olalon","description":"Agencia de Publicidad, Dise\u00f1o y Marketing Online","publisher":{"@id":"https:\/\/olalon.com\/ca\/#organization"},"potentialAction":[{"@type":"SearchAction","target":{"@type":"EntryPoint","urlTemplate":"https:\/\/olalon.com\/ca\/?s={search_term_string}"},"query-input":{"@type":"PropertyValueSpecification","valueRequired":true,"valueName":"search_term_string"}}],"inLanguage":"ca"},{"@type":"Organization","@id":"https:\/\/olalon.com\/ca\/#organization","name":"Olalon","url":"https:\/\/olalon.com\/ca\/","logo":{"@type":"ImageObject","inLanguage":"ca","@id":"https:\/\/olalon.com\/ca\/#\/schema\/logo\/image\/","url":"https:\/\/olalon.com\/wp-content\/uploads\/2025\/02\/Logo_Olalon-01.png","contentUrl":"https:\/\/olalon.com\/wp-content\/uploads\/2025\/02\/Logo_Olalon-01.png","width":2249,"height":989,"caption":"Olalon"},"image":{"@id":"https:\/\/olalon.com\/ca\/#\/schema\/logo\/image\/"},"sameAs":["https:\/\/www.instagram.com\/olalonstudio\/","https:\/\/www.youtube.com\/c\/olalonstudio","https:\/\/www.tiktok.com\/@olalonstudio"]}]}},"_links":{"self":[{"href":"https:\/\/olalon.com\/ca\/wp-json\/wp\/v2\/pages\/3851","targetHints":{"allow":["GET"]}}],"collection":[{"href":"https:\/\/olalon.com\/ca\/wp-json\/wp\/v2\/pages"}],"about":[{"href":"https:\/\/olalon.com\/ca\/wp-json\/wp\/v2\/types\/page"}],"author":[{"embeddable":true,"href":"https:\/\/olalon.com\/ca\/wp-json\/wp\/v2\/users\/4"}],"replies":[{"embeddable":true,"href":"https:\/\/olalon.com\/ca\/wp-json\/wp\/v2\/comments?post=3851"}],"version-history":[{"count":2,"href":"https:\/\/olalon.com\/ca\/wp-json\/wp\/v2\/pages\/3851\/revisions"}],"predecessor-version":[{"id":4049,"href":"https:\/\/olalon.com\/ca\/wp-json\/wp\/v2\/pages\/3851\/revisions\/4049"}],"up":[{"embeddable":true,"href":"https:\/\/olalon.com\/ca\/wp-json\/wp\/v2\/pages\/3835"}],"wp:attachment":[{"href":"https:\/\/olalon.com\/ca\/wp-json\/wp\/v2\/media?parent=3851"}],"curies":[{"name":"wp","href":"https:\/\/api.w.org\/{rel}","templated":true}]}}